{"id":9323,"date":"2018-12-13T21:30:51","date_gmt":"2018-12-14T04:30:51","guid":{"rendered":"http:\/\/www.4witness.org\/?page_id=9323"},"modified":"2018-12-13T21:30:51","modified_gmt":"2018-12-14T04:30:51","slug":"artigos","status":"publish","type":"page","link":"https:\/\/www.4witness.org\/pt-pt\/artigos\/","title":{"rendered":"Artigos"},"content":{"rendered":"<ul class=\"lcp_catlist\" id=\"lcp_instance_0\"><li><a href=\"https:\/\/www.4witness.org\/pt-pt\/o-que-e-a-trindade-de-onde-originou-se-esta-doutrina\/\">O que \u00e9 a Trindade?  De onde originou-se esta doutrina?<\/a><\/li><li><a href=\"https:\/\/www.4witness.org\/pt-pt\/testemunho-de-joao-11-todo-o-que-vive-e-cre-em-mim-nao-morrera-eternamente-voce-acredita-nisto\/\">Testemunho de Jo\u00e3o 11 \u2013 \u201cTodo o que vive e cr\u00ea em mim n\u00e3o morrer\u00e1, eternamente.\u201d Voc\u00ea acredita nisto?<\/a><\/li><li><a href=\"https:\/\/www.4witness.org\/pt-pt\/e-amoroso-derrubar-as-crencas-de-outros\/\">\u00c9 amoroso derrubar as cren\u00e7as de outros?<\/a><\/li><li><a href=\"https:\/\/www.4witness.org\/pt-pt\/quem-sou-eu-segundo-deus\/\">Quem Sou Eu? \u2026Segundo Deus<\/a><\/li><li><a href=\"https:\/\/www.4witness.org\/pt-pt\/o-que-e-uma-seita-factores-chave-que-voce-deve-saber-acerca-de-seitas-e-controle-mental\/\">O QUE \u00c9 UMA SEITA?\u2014 Factores-Chave que voc\u00ea deve saber acerca de Seitas e Controle Mental<\/a><\/li><li><a href=\"https:\/\/www.4witness.org\/pt-pt\/na-morte-os-iniquos-vao-para-a-punicao-eterna-ou-para-o-decepamento-eterno\/\">Na morte os in\u00edquos v\u00e3o para a \u201cpuni\u00e7\u00e3o eterna\u201d ou para o \u201cdecepamento eterno\u201d? &#8211; Mateus 25:46<\/a><\/li><li><a href=\"https:\/\/www.4witness.org\/pt-pt\/eu-orei-para-receber-jesus-e-agora\/\">Eu Orei Para Receber Jesus. E Agora?<\/a><\/li><li><a href=\"https:\/\/www.4witness.org\/pt-pt\/sao-as-testemunhas-de-jeova-e-os-mormons-seitas\/\">S\u00e3o As Testemunhas De Jeov\u00e1 e os M\u00f3rmons \u201cSeitas\u201d?<\/a><\/li><li><a href=\"https:\/\/www.4witness.org\/pt-pt\/salvacao-o-que-e-necessario-para-se-ter-vida-eterna\/\">SALVA\u00c7\u00c3O \u2013 O que \u00e9 necess\u00e1rio para se ter vida eterna?<\/a><\/li><li><a href=\"https:\/\/www.4witness.org\/pt-pt\/porque-mormones-e-as-testemunhas-de-jeova-nao-sao-cristaos\/\">Porque M\u00f3rmones e as Testemunhas de Jeov\u00e1 N\u00e3o S\u00e3o Crist\u00e3os<\/a><\/li><\/ul>\n","protected":false},"excerpt":{"rendered":"","protected":false},"author":2,"featured_media":0,"parent":0,"menu_order":0,"comment_status":"closed","ping_status":"closed","template":"","meta":{"footnotes":""},"class_list":["post-9323","page","type-page","status-publish","hentry"],"_links":{"self":[{"href":"https:\/\/www.4witness.org\/pt-pt\/wp-json\/wp\/v2\/pages\/9323","targetHints":{"allow":["GET"]}}],"collection":[{"href":"https:\/\/www.4witness.org\/pt-pt\/wp-json\/wp\/v2\/pages"}],"about":[{"href":"https:\/\/www.4witness.org\/pt-pt\/wp-json\/wp\/v2\/types\/page"}],"author":[{"embeddable":true,"href":"https:\/\/www.4witness.org\/pt-pt\/wp-json\/wp\/v2\/users\/2"}],"replies":[{"embeddable":true,"href":"https:\/\/www.4witness.org\/pt-pt\/wp-json\/wp\/v2\/comments?post=9323"}],"version-history":[{"count":1,"href":"https:\/\/www.4witness.org\/pt-pt\/wp-json\/wp\/v2\/pages\/9323\/revisions"}],"predecessor-version":[{"id":9324,"href":"https:\/\/www.4witness.org\/pt-pt\/wp-json\/wp\/v2\/pages\/9323\/revisions\/9324"}],"wp:attachment":[{"href":"https:\/\/www.4witness.org\/pt-pt\/wp-json\/wp\/v2\/media?parent=9323"}],"curies":[{"name":"wp","href":"https:\/\/api.w.org\/{rel}","templated":true}]}}