{"id":706,"date":"2013-02-15T19:24:31","date_gmt":"2013-02-15T19:24:31","guid":{"rendered":"http:\/\/www.4witness.org\/?page_id=706"},"modified":"2018-12-31T15:24:14","modified_gmt":"2018-12-31T22:24:14","slug":"ex-testemunhas-de-jeova","status":"publish","type":"page","link":"https:\/\/www.4witness.org\/pt-pt\/testemunhos\/ex-testemunhas-de-jeova\/","title":{"rendered":"Ex-testemunhas de Jeov\u00e1"},"content":{"rendered":"<h3><strong>.:AS EXPERI\u00caNCIAS DE EX-TESTEMUNHAS DE JEOV\u00c1<\/strong><\/h3>\n<figure style=\"width: 206px\" class=\"wp-caption alignnone\"><a href=\"https:\/\/www.4witness.org\/pt-pt\/testemunhos\/ex-testemunhas-de-jeova\/artigos-de-julie\/\"><img loading=\"lazy\" decoding=\"async\" src=\"https:\/\/www.witforjesus.org\/images\/jwstories\/trish.jpg\" alt=\"Trish's Corner\" width=\"206\" height=\"202\" \/><\/a><figcaption class=\"wp-caption-text\"><a title=\"Artigos de Julie\" href=\"https:\/\/www.4witness.org\/pt-pt\/testemunhos\/ex-testemunhas-de-jeova\/artigos-de-julie\/\"><strong>Os artigos de Julie<\/strong><\/a><\/figcaption><\/figure>\n<figure style=\"width: 205px\" class=\"wp-caption alignnone\"><a href=\"https:\/\/www.4witness.org\/pt-pt\/testemunhos\/ex-testemunhas-de-jeova\/artigos-de-trish\/\"><img loading=\"lazy\" decoding=\"async\" src=\"https:\/\/www.witforjesus.org\/images\/jwstories\/tammie.jpg\" alt=\"Tammie's Corner\" width=\"205\" height=\"238\" \/><\/a><figcaption class=\"wp-caption-text\"><a title=\"Artigos de Trish\" href=\"https:\/\/www.4witness.org\/pt-pt\/testemunhos\/ex-testemunhas-de-jeova\/artigos-de-trish\/\"><strong>Os artigos de Trish<\/strong><\/a><\/figcaption><\/figure>\n<figure style=\"width: 259px\" class=\"wp-caption alignnone\"><a href=\"https:\/\/www.4witness.org\/pt-pt\/testemunhos\/ex-testemunhas-de-jeova\/artigos-de-dan\/\"><img loading=\"lazy\" decoding=\"async\" src=\"https:\/\/www.witforjesus.org\/images\/jwstories\/dan_kaci.jpg\" alt=\"Dan and Kaci's Corner\" width=\"259\" height=\"196\" \/><\/a><figcaption class=\"wp-caption-text\"><a title=\"Artigos de Dan\" href=\"https:\/\/www.4witness.org\/pt-pt\/testemunhos\/ex-testemunhas-de-jeova\/artigos-de-dan\/\"><strong>Os artigos de Dan and Kaci<\/strong><\/a><\/figcaption><\/figure>\n<figure style=\"width: 243px\" class=\"wp-caption alignnone\"><a href=\"https:\/\/www.4witness.org\/pt-pt\/testemunhos\/ex-testemunhas-de-jeova\/artigos-de-beryl\/\"><img loading=\"lazy\" decoding=\"async\" src=\"https:\/\/www.witforjesus.org\/images\/jwstories\/beryl.jpg\" alt=\"Beryl's Corner\" width=\"243\" height=\"212\" \/><\/a><figcaption class=\"wp-caption-text\"><a title=\"Artigos de Beryl\" href=\"https:\/\/www.4witness.org\/pt-pt\/testemunhos\/ex-testemunhas-de-jeova\/artigos-de-beryl\/\"><strong>Os artigos de Beryl<\/strong><\/a><\/figcaption><\/figure>\n<p><a href=\"https:\/\/www.4witness.org\/pt-pt\/testemunhos\/ex-testemunhas-de-jeova\/artigos-de-gloria\/\"><img loading=\"lazy\" decoding=\"async\" class=\"alignnone\" src=\"https:\/\/www.witforjesus.org\/images\/jwstories\/gloria-horse.jpg\" alt=\"Gloria's Corner\" width=\"205\" height=\"256\" \/><\/a><\/p>\n<p><a title=\"Artigos de Gloria\" href=\"https:\/\/www.4witness.org\/pt-pt\/testemunhos\/ex-testemunhas-de-jeova\/artigos-de-gloria\/\"><strong>Os artigos de Gloria<\/strong><\/a><\/p>\n<figure style=\"width: 205px\" class=\"wp-caption alignnone\"><a href=\"https:\/\/www.4witness.org\/pt-pt\/testemunhos\/ex-testemunhas-de-jeova\/artigos-de-anne-marie\/\"><img loading=\"lazy\" decoding=\"async\" src=\"https:\/\/www.witforjesus.org\/images\/jwstories\/annemarie.jpg\" alt=\"Anne Marie's Corner\" width=\"205\" height=\"250\" \/><\/a><figcaption class=\"wp-caption-text\"><a title=\"Artigos de Anne Marie\" href=\"https:\/\/www.4witness.org\/pt-pt\/testemunhos\/ex-testemunhas-de-jeova\/artigos-de-anne-marie\/\"><strong>Os artigos de Anne Marie<\/strong><\/a><\/figcaption><\/figure>\n<figure style=\"width: 213px\" class=\"wp-caption alignnone\"><a href=\"https:\/\/www.4witness.org\/pt-pt\/testemunhos\/ex-testemunhas-de-jeova\/artigos-de-david\/\"><img loading=\"lazy\" decoding=\"async\" src=\"https:\/\/www.witforjesus.org\/images\/jwstories\/davidh.jpg\" alt=\"David's Corner\" width=\"213\" height=\"198\" \/><\/a><figcaption class=\"wp-caption-text\"><a title=\"Artigos de David\" href=\"https:\/\/www.4witness.org\/pt-pt\/testemunhos\/ex-testemunhas-de-jeova\/artigos-de-david\/\"><strong>Os artigos de David<\/strong><\/a><\/figcaption><\/figure>\n<figure style=\"width: 241px\" class=\"wp-caption alignnone\"><a href=\"https:\/\/www.4witness.org\/pt-pt\/testemunhos\/ex-testemunhas-de-jeova\/artigos-de-kevin\/\"><img loading=\"lazy\" decoding=\"async\" src=\"https:\/\/www.witforjesus.org\/images\/jwstories\/kevin.jpg\" alt=\"\" width=\"241\" height=\"245\" \/><\/a><figcaption class=\"wp-caption-text\"><a title=\"Artigos de Kevin\" href=\"https:\/\/www.4witness.org\/pt-pt\/testemunhos\/ex-testemunhas-de-jeova\/artigos-de-kevin\/\"><strong>Os artigos de Kevin<\/strong><\/a><\/figcaption><\/figure>\n<figure style=\"width: 202px\" class=\"wp-caption alignnone\"><a href=\"https:\/\/www.4witness.org\/pt-pt\/testemunhos\/ex-testemunhas-de-jeova\/artigos-de-betty\/\"><img loading=\"lazy\" decoding=\"async\" src=\"https:\/\/www.witforjesus.org\/images\/jwstories\/betty.jpg\" alt=\"Betty's Corner\" width=\"202\" height=\"256\" \/><\/a><figcaption class=\"wp-caption-text\"><a title=\"Artigos de Betty\" href=\"https:\/\/www.4witness.org\/pt-pt\/testemunhos\/ex-testemunhas-de-jeova\/artigos-de-betty\/\"><strong>Os artigos de Betty<\/strong><\/a><\/figcaption><\/figure>\n<figure style=\"width: 221px\" class=\"wp-caption alignnone\"><a href=\"https:\/\/www.4witness.org\/pt-pt\/testemunhos\/ex-testemunhas-de-jeova\/artigos-de-jason\/\"><img loading=\"lazy\" decoding=\"async\" src=\"https:\/\/www.witforjesus.org\/images\/jwstories\/jason.jpg\" alt=\"Jason's Corner\" width=\"221\" height=\"205\" \/><\/a><figcaption class=\"wp-caption-text\"><a title=\"Artigos de Jason\" href=\"https:\/\/www.4witness.org\/pt-pt\/testemunhos\/ex-testemunhas-de-jeova\/artigos-de-jason\/\"><strong>Os artigos de Jason<\/strong><\/a><\/figcaption><\/figure>\n<figure style=\"width: 203px\" class=\"wp-caption alignnone\"><a href=\"https:\/\/www.4witness.org\/pt-pt\/testemunhos\/ex-testemunhas-de-jeova\/artigos-de-tressa\/\"><img loading=\"lazy\" decoding=\"async\" src=\"https:\/\/www.witforjesus.org\/images\/jwstories\/tressa.jpg\" alt=\"Tressa's Corner\" width=\"203\" height=\"207\" \/><\/a><figcaption class=\"wp-caption-text\"><a title=\"Artigos de Tressa\" href=\"https:\/\/www.4witness.org\/pt-pt\/testemunhos\/ex-testemunhas-de-jeova\/artigos-de-tressa\/\"><strong>Os artigos de Tressa<\/strong><\/a><\/figcaption><\/figure>\n<figure style=\"width: 225px\" class=\"wp-caption alignnone\"><a href=\"https:\/\/www.4witness.org\/pt-pt\/testemunhos\/ex-testemunhas-de-jeova\/artigos-de-chris\/\"><img loading=\"lazy\" decoding=\"async\" src=\"https:\/\/www.witforjesus.org\/images\/jwstories\/chris.jpg\" alt=\"Chris' Corner\" width=\"225\" height=\"219\" \/><\/a><figcaption class=\"wp-caption-text\"><a title=\"Artigos de Chris\" href=\"https:\/\/www.4witness.org\/pt-pt\/testemunhos\/ex-testemunhas-de-jeova\/artigos-de-chris\/\"><strong>Os artigos de Chris<\/strong><\/a><\/figcaption><\/figure>\n<div class=\"mceTemp\"><\/div>\n<figure style=\"width: 590px\" class=\"wp-caption alignnone\"><a href=\"http:\/\/4jehovah.org\/pt-pt\/ex-testemunhas-de-jeova\/testemunhos-ex-testemunhas-de-jeova\/\"><img loading=\"lazy\" decoding=\"async\" src=\"https:\/\/www.witforjesus.org\/images\/jwstories\/jwstories-more.jpg\" alt=\"Leia mais hist\u00f3rias de Ex-Testemunhas de Jeov\u00e1\" width=\"590\" height=\"136\" \/><\/a><figcaption class=\"wp-caption-text\"><strong><a title=\"Leia mais hist\u00f3rias de Ex-Testemunhas de Jeov\u00e1\" href=\"http:\/\/4jehovah.org\/pt-pt\/ex-testemunhas-de-jeova\/testemunhos-ex-testemunhas-de-jeova\/\">Leia mais hist\u00f3rias de Ex-Testemunhas de Jeov\u00e1\u00a0<\/a>\u00a0<\/strong>(4Jehovah.org)<\/figcaption><\/figure>\n<p>&nbsp;<\/p>\n<p>&nbsp;<\/p>\n","protected":false},"excerpt":{"rendered":"<p>.:AS EXPERI\u00caNCIAS DE EX-TESTEMUNHAS DE JEOV\u00c1 Os artigos de Gloria &nbsp; &nbsp;<\/p>\n","protected":false},"author":2,"featured_media":0,"parent":2781,"menu_order":0,"comment_status":"closed","ping_status":"closed","template":"","meta":{"footnotes":""},"class_list":["post-706","page","type-page","status-publish","hentry"],"_links":{"self":[{"href":"https:\/\/www.4witness.org\/pt-pt\/wp-json\/wp\/v2\/pages\/706","targetHints":{"allow":["GET"]}}],"collection":[{"href":"https:\/\/www.4witness.org\/pt-pt\/wp-json\/wp\/v2\/pages"}],"about":[{"href":"https:\/\/www.4witness.org\/pt-pt\/wp-json\/wp\/v2\/types\/page"}],"author":[{"embeddable":true,"href":"https:\/\/www.4witness.org\/pt-pt\/wp-json\/wp\/v2\/users\/2"}],"replies":[{"embeddable":true,"href":"https:\/\/www.4witness.org\/pt-pt\/wp-json\/wp\/v2\/comments?post=706"}],"version-history":[{"count":31,"href":"https:\/\/www.4witness.org\/pt-pt\/wp-json\/wp\/v2\/pages\/706\/revisions"}],"predecessor-version":[{"id":9427,"href":"https:\/\/www.4witness.org\/pt-pt\/wp-json\/wp\/v2\/pages\/706\/revisions\/9427"}],"up":[{"embeddable":true,"href":"https:\/\/www.4witness.org\/pt-pt\/wp-json\/wp\/v2\/pages\/2781"}],"wp:attachment":[{"href":"https:\/\/www.4witness.org\/pt-pt\/wp-json\/wp\/v2\/media?parent=706"}],"curies":[{"name":"wp","href":"https:\/\/api.w.org\/{rel}","templated":true}]}}