{"id":6773,"date":"2015-09-17T15:05:55","date_gmt":"2015-09-17T21:05:55","guid":{"rendered":"http:\/\/www.4witness.org\/pt-pt\/?page_id=6773"},"modified":"2015-09-17T15:39:44","modified_gmt":"2015-09-17T21:39:44","slug":"comunidade-desperta","status":"publish","type":"page","link":"https:\/\/www.4witness.org\/pt-pt\/comunidade-desperta\/","title":{"rendered":"Comunidade Desperta"},"content":{"rendered":"<p><strong>Conhece alguma Testemunha de Jeov\u00e1 em crise de f\u00e9?<\/strong><\/p>\n<p>A &#8220;Comunidade Desperta&#8221; tem como objectivo ajudar membros em crise de f\u00e9, bem como ex-membros da Sociedade Torre de<br \/>\nVigia que n\u00e3o est\u00e3o mais ligados \u00e0s Testemunhas de Jeov\u00e1, mas que n\u00e3o se desligaram de Jeov\u00e1 Deus e dos ensinos de Jesus.<\/p>\n<figure style=\"width: 236px\" class=\"wp-caption alignnone\"><a href=\"http:\/\/www.extj.net\/\"><img loading=\"lazy\" decoding=\"async\" class=\"\" src=\"https:\/\/www.witforjesus.org\/images\/partners\/jw\/extj-net.jpg\" alt=\"\" width=\"236\" height=\"238\" \/><\/a><figcaption class=\"wp-caption-text\"><strong><a href=\"http:\/\/www.extj.net\/\">Aprender mais&#8230;<\/a><\/strong><\/figcaption><\/figure>\n","protected":false},"excerpt":{"rendered":"<p>Conhece alguma Testemunha de Jeov\u00e1 em crise de f\u00e9? A &#8220;Comunidade Desperta&#8221; tem como objectivo ajudar membros em crise de f\u00e9, bem como ex-membros da Sociedade Torre de Vigia que n\u00e3o est\u00e3o mais ligados \u00e0s Testemunhas de Jeov\u00e1, mas que n\u00e3o se desligaram de Jeov\u00e1 Deus e dos ensinos de Jesus.<\/p>\n","protected":false},"author":2,"featured_media":6775,"parent":0,"menu_order":0,"comment_status":"closed","ping_status":"closed","template":"","meta":{"footnotes":""},"class_list":["post-6773","page","type-page","status-publish","has-post-thumbnail","hentry"],"_links":{"self":[{"href":"https:\/\/www.4witness.org\/pt-pt\/wp-json\/wp\/v2\/pages\/6773","targetHints":{"allow":["GET"]}}],"collection":[{"href":"https:\/\/www.4witness.org\/pt-pt\/wp-json\/wp\/v2\/pages"}],"about":[{"href":"https:\/\/www.4witness.org\/pt-pt\/wp-json\/wp\/v2\/types\/page"}],"author":[{"embeddable":true,"href":"https:\/\/www.4witness.org\/pt-pt\/wp-json\/wp\/v2\/users\/2"}],"replies":[{"embeddable":true,"href":"https:\/\/www.4witness.org\/pt-pt\/wp-json\/wp\/v2\/comments?post=6773"}],"version-history":[{"count":4,"href":"https:\/\/www.4witness.org\/pt-pt\/wp-json\/wp\/v2\/pages\/6773\/revisions"}],"predecessor-version":[{"id":6783,"href":"https:\/\/www.4witness.org\/pt-pt\/wp-json\/wp\/v2\/pages\/6773\/revisions\/6783"}],"wp:featuredmedia":[{"embeddable":true,"href":"https:\/\/www.4witness.org\/pt-pt\/wp-json\/wp\/v2\/media\/6775"}],"wp:attachment":[{"href":"https:\/\/www.4witness.org\/pt-pt\/wp-json\/wp\/v2\/media?parent=6773"}],"curies":[{"name":"wp","href":"https:\/\/api.w.org\/{rel}","templated":true}]}}