{"id":525,"date":"2013-02-07T06:47:59","date_gmt":"2013-02-07T06:47:59","guid":{"rendered":"http:\/\/www.4witness.org\/?page_id=525"},"modified":"2014-03-28T03:44:39","modified_gmt":"2014-03-28T03:44:39","slug":"artigos-de-tammie","status":"publish","type":"page","link":"https:\/\/www.4witness.org\/pt-pt\/testemunhos\/ex-testemunhas-de-jeova\/artigos-de-tammie\/","title":{"rendered":"Artigos de Tammie"},"content":{"rendered":"<p><strong><img loading=\"lazy\" decoding=\"async\" class=\"alignleft\" style=\"margin: 10px;\" alt=\"tammie\" src=\"https:\/\/witforjesus.org\/images\/jwstories\/tammie.jpg\" width=\"205\" height=\"238\" \/><\/strong><\/p>\n<p>&nbsp;<\/p>\n<p><span style=\"font-size: medium;\"><strong>Tammie<\/strong> <\/span><\/p>\n<p><span style=\"font-size: medium;\">&#8211; Criada por pais Testemunhas de Jeov\u00e1 (seu pai era anci\u00e3o), Tammie estava confiante de que estava na \u00fanica religi\u00e3o verdadeira. Servindo como pioneira entre os 30 e os 40 anos (gastava pelo menos 90 horas por m\u00eas), ela relatava uma m\u00e9dia de 10 &#8220;estudos B\u00edblicos&#8221; e colocava 100 revistas e livros da Torre de Vigia mensalmente. Como era uma oradora h\u00e1bil, Tammie tinha frequentes &#8220;designa\u00e7\u00f5es&#8221; e &#8220;demonstra\u00e7\u00f5es&#8221; na Escola do Minist\u00e9rio Teocr\u00e1tico, desde a idade de 7 anos. Ela era considerada uma &#8220;Testemunha&#8221; modelo pela sua fam\u00edlia e amigos, at\u00e9 que o amor condicional que ela havia abra\u00e7ado falhou e tudo na sua vida se desmoronou. Apenas em Cristo, Tammie encontrou o que procurava. <a title=\"Leia a hist\u00f3ria de como Tammie deixou as Testemunhas de Jeov\u00e1.\" href=\"http:\/\/4jehovah.org\/pt-pt\/a-historia-da-saida-de-tammie-das-testemunhas-de-jeova\/\"><strong>Leia a hist\u00f3ria de como Tammie deixou as Testemunhas de Jeov\u00e1<\/strong>. <strong><strong><b><b><strong><strong><img loading=\"lazy\" decoding=\"async\" alt=\"bullets\" src=\"https:\/\/witforjesus.org\/images\/buttons\/read-more.jpg\" width=\"26\" height=\"12\" \/><\/strong><\/strong><\/b><\/b><\/strong><\/strong><\/a><br \/>\n<\/span><\/p>\n<p><img loading=\"lazy\" decoding=\"async\" alt=\"bullets\" src=\"https:\/\/witforjesus.org\/images\/bullets.jpg\" width=\"10\" height=\"9\" \/> <a title=\"Estou Magoado E Confuso Mas Tenho Receio De Sair...\" href=\"http:\/\/4jehovah.org\/pt-pt\/estou-magoado-e-confuso-mas-tenho-receio-de-sair\/\"><strong>Estou Magoado E Confuso Mas Tenho Receio De Sair&#8230;<\/strong><\/a> (4jehovah.org)<\/p>\n<p><img loading=\"lazy\" decoding=\"async\" alt=\"bullets\" src=\"https:\/\/witforjesus.org\/images\/bullets.jpg\" width=\"10\" height=\"9\" \/> <a title=\"Eu Quero Aprender Mais Da B\u00edblia, Ent\u00e3o Iniciei Um Estudo B\u00edblico Com As Testemunhas De Jeov\u00e1. Ser\u00e1 Que Fui Enganada?\" href=\"http:\/\/4jehovah.org\/pt-pt\/eu-quero-aprender-mais-da-biblia-entao-iniciei-um-estudo-biblico-com-as-testemunhas-de-jeova-sera-que-fui-enganada\/\"><strong>Eu Quero Aprender Mais Da B\u00edblia, Ent\u00e3o Iniciei Um Estudo B\u00edblico Com As Testemunhas De Jeov\u00e1. Ser\u00e1 Que Fui Enganada?<\/strong><\/a><\/p>\n<p><img loading=\"lazy\" decoding=\"async\" alt=\"bullets\" src=\"https:\/\/witforjesus.org\/images\/bullets.jpg\" width=\"10\" height=\"9\" \/> <a title=\"Veja artigos em Ingl\u00eas\" href=\"http:\/\/www.4witness.org\/testimonies\/ex-jehovahs-witnesses\/tammies-articles\/\"><strong>Veja artigos em Ingl\u00eas<\/strong><\/a><\/p>\n<p>&nbsp;<\/p>\n","protected":false},"excerpt":{"rendered":"<p>&nbsp; Tammie &#8211; Criada por pais Testemunhas de Jeov\u00e1 (seu pai era anci\u00e3o), Tammie estava confiante de que estava na \u00fanica religi\u00e3o verdadeira. Servindo como pioneira entre os 30 e os 40 anos (gastava pelo menos 90 horas por m\u00eas), ela relatava uma m\u00e9dia de 10 &#8220;estudos B\u00edblicos&#8221; e colocava 100 revistas e livros da&#8230;<\/p>\n","protected":false},"author":2,"featured_media":14809,"parent":706,"menu_order":0,"comment_status":"closed","ping_status":"closed","template":"","meta":{"footnotes":""},"class_list":["post-525","page","type-page","status-publish","has-post-thumbnail","hentry"],"_links":{"self":[{"href":"https:\/\/www.4witness.org\/pt-pt\/wp-json\/wp\/v2\/pages\/525","targetHints":{"allow":["GET"]}}],"collection":[{"href":"https:\/\/www.4witness.org\/pt-pt\/wp-json\/wp\/v2\/pages"}],"about":[{"href":"https:\/\/www.4witness.org\/pt-pt\/wp-json\/wp\/v2\/types\/page"}],"author":[{"embeddable":true,"href":"https:\/\/www.4witness.org\/pt-pt\/wp-json\/wp\/v2\/users\/2"}],"replies":[{"embeddable":true,"href":"https:\/\/www.4witness.org\/pt-pt\/wp-json\/wp\/v2\/comments?post=525"}],"version-history":[{"count":7,"href":"https:\/\/www.4witness.org\/pt-pt\/wp-json\/wp\/v2\/pages\/525\/revisions"}],"predecessor-version":[{"id":4953,"href":"https:\/\/www.4witness.org\/pt-pt\/wp-json\/wp\/v2\/pages\/525\/revisions\/4953"}],"up":[{"embeddable":true,"href":"https:\/\/www.4witness.org\/pt-pt\/wp-json\/wp\/v2\/pages\/706"}],"wp:featuredmedia":[{"embeddable":true,"href":"https:\/\/www.4witness.org\/pt-pt\/wp-json\/wp\/v2\/media\/14809"}],"wp:attachment":[{"href":"https:\/\/www.4witness.org\/pt-pt\/wp-json\/wp\/v2\/media?parent=525"}],"curies":[{"name":"wp","href":"https:\/\/api.w.org\/{rel}","templated":true}]}}