{"id":5034,"date":"2014-04-03T18:35:50","date_gmt":"2014-04-03T18:35:50","guid":{"rendered":"http:\/\/www.4witness.org\/?page_id=5034"},"modified":"2014-04-03T18:39:33","modified_gmt":"2014-04-03T18:39:33","slug":"artigos-de-chris","status":"publish","type":"page","link":"https:\/\/www.4witness.org\/pt-pt\/testemunhos\/ex-testemunhas-de-jeova\/artigos-de-chris\/","title":{"rendered":"Artigos de Chris"},"content":{"rendered":"<p><strong><strong><b><img loading=\"lazy\" decoding=\"async\" class=\"alignleft\" style=\"margin: 10px;\" alt=\"chris\" src=\"https:\/\/witforjesus.org\/images\/jwstories\/chris.jpg\" width=\"200\" height=\"203\" \/><\/b><\/strong><\/strong><\/p>\n<p><b>Chris<\/b>\u00a0\u2013 Crescendo como uma Testemunha de Jeov\u00e1, Chris aspirava servir na Filial das Testemunhas de Jeov\u00e1 no Canad\u00e1, mas de modo a solidificar a sua f\u00e9 como devota Testemunha de Jeov\u00e1, Chris pesquisou a hist\u00f3ria e as doutrinas da Torre de Vigia, apenas para descobrir enormes discrep\u00e2ncias entre as afirma\u00e7\u00f5es da Sociedade e a B\u00edblia. Perdendo a sua fam\u00edlia e os \u00fanicos amigos que tinha para a Torre de Vigia, para onde iria? Atrav\u00e9s da ajuda de VERDADEIROS amigos crist\u00e3os, Chris encontrou amor, aceita\u00e7\u00e3o e a garantia eterna em Cristo.\u00a0<a title=\"Chris\" href=\"http:\/\/4jehovah.org\/pt-pt\/a-historia-da-saida-de-chris-das-testemunhas-de-jeova\/\"><b>Leia a Hist\u00f3ria da Sa\u00edda de Chris das Testemunhas de Jeov\u00e1<\/b>. <strong><strong><strong><strong><strong><strong><b><b><strong><strong><img loading=\"lazy\" decoding=\"async\" alt=\"bullets\" src=\"https:\/\/witforjesus.org\/images\/buttons\/read-more.jpg\" width=\"26\" height=\"12\" \/><\/strong><\/strong><\/b><\/b><\/strong><\/strong><\/strong><\/strong><\/strong><\/strong><\/a><\/p>\n<p><img loading=\"lazy\" decoding=\"async\" alt=\"bullets\" src=\"https:\/\/witforjesus.org\/images\/bullets.jpg\" width=\"10\" height=\"9\" \/>\u00a0 <a href=\"http:\/\/www.4witness.org\/testimonies\/ex-jehovahs-witnesses\/chris-articles\/\"><strong>Veja artigos em Ingl\u00eas<\/strong><\/a><\/p>\n<p>&nbsp;<\/p>\n","protected":false},"excerpt":{"rendered":"<p>Chris\u00a0\u2013 Crescendo como uma Testemunha de Jeov\u00e1, Chris aspirava servir na Filial das Testemunhas de Jeov\u00e1 no Canad\u00e1, mas de modo a solidificar a sua f\u00e9 como devota Testemunha de Jeov\u00e1, Chris pesquisou a hist\u00f3ria e as doutrinas da Torre de Vigia, apenas para descobrir enormes discrep\u00e2ncias entre as afirma\u00e7\u00f5es da Sociedade e a B\u00edblia&#8230;.<\/p>\n","protected":false},"author":2,"featured_media":0,"parent":706,"menu_order":0,"comment_status":"closed","ping_status":"closed","template":"","meta":{"footnotes":""},"class_list":["post-5034","page","type-page","status-publish","hentry"],"_links":{"self":[{"href":"https:\/\/www.4witness.org\/pt-pt\/wp-json\/wp\/v2\/pages\/5034","targetHints":{"allow":["GET"]}}],"collection":[{"href":"https:\/\/www.4witness.org\/pt-pt\/wp-json\/wp\/v2\/pages"}],"about":[{"href":"https:\/\/www.4witness.org\/pt-pt\/wp-json\/wp\/v2\/types\/page"}],"author":[{"embeddable":true,"href":"https:\/\/www.4witness.org\/pt-pt\/wp-json\/wp\/v2\/users\/2"}],"replies":[{"embeddable":true,"href":"https:\/\/www.4witness.org\/pt-pt\/wp-json\/wp\/v2\/comments?post=5034"}],"version-history":[{"count":4,"href":"https:\/\/www.4witness.org\/pt-pt\/wp-json\/wp\/v2\/pages\/5034\/revisions"}],"predecessor-version":[{"id":5038,"href":"https:\/\/www.4witness.org\/pt-pt\/wp-json\/wp\/v2\/pages\/5034\/revisions\/5038"}],"up":[{"embeddable":true,"href":"https:\/\/www.4witness.org\/pt-pt\/wp-json\/wp\/v2\/pages\/706"}],"wp:attachment":[{"href":"https:\/\/www.4witness.org\/pt-pt\/wp-json\/wp\/v2\/media?parent=5034"}],"curies":[{"name":"wp","href":"https:\/\/api.w.org\/{rel}","templated":true}]}}