{"id":3853,"date":"2013-07-31T15:58:41","date_gmt":"2013-07-31T15:58:41","guid":{"rendered":"http:\/\/www.4witness.org\/?page_id=3853"},"modified":"2013-07-31T16:36:13","modified_gmt":"2013-07-31T16:36:13","slug":"audio-e-video","status":"publish","type":"page","link":"https:\/\/www.4witness.org\/pt-pt\/audio-e-video\/","title":{"rendered":"\u00c1udio e V\u00eddeo"},"content":{"rendered":"<p><a href=\"http:\/\/4jehovah.org\/carlene-ex-jehovahs-witness\/\"><img loading=\"lazy\" decoding=\"async\" alt=\"Carlene\" src=\"https:\/\/witforjesus.org\/images\/long\/4witness\/christy-teaching.png\" width=\"590\" height=\"264\" \/><\/a><\/p>\n<p><strong>\u00c1UDIO MP3 (Apenas dispon\u00edvel em Ingl\u00eas):<br \/>\n<\/strong><\/p>\n<p style=\"padding-left: 30px;\"><strong><img loading=\"lazy\" decoding=\"async\" alt=\"bullets\" src=\"https:\/\/witforjesus.org\/images\/bullets.jpg\" width=\"10\" height=\"9\" \/><\/strong>\u00a0\u00a0<a title=\"GOD the ONE and ONLY \u2013 Making Sense of the Trinity \u2013 3-Part Seminar\" href=\"https:\/\/www.4witness.org\/video-radio-media\/god-the-one-and-only\/\"><strong>DEUS O PRIMEIRO E \u00daNICO &#8211; Making Sense da Trindade: Respondendo as Testemunhas de Jeov\u00e1 e M\u00f3rmons<\/strong><\/a><\/p>\n<p style=\"padding-left: 30px;\"><strong><img loading=\"lazy\" decoding=\"async\" alt=\"bullets\" src=\"https:\/\/witforjesus.org\/images\/bullets.jpg\" width=\"10\" height=\"9\" \/><\/strong>\u00a0\u00a0<a title=\"The Cult Dynamic \u2013 What You Need to Know MP3\" href=\"https:\/\/www.4witness.org\/video-radio-media\/the-cult-dynamic-mp3\/\"><strong>THE CULT DIN\u00c2MICA &#8211; O Que Voc\u00ea Precisa Saber<\/strong><\/a><\/p>\n<p>\u00a0<strong>V\u00cdDEOS SOBRE O MORMONISMO<br \/>\n<\/strong><\/p>\n<p style=\"padding-left: 30px;\">\u00a0<strong><img loading=\"lazy\" decoding=\"async\" alt=\"bullets\" src=\"https:\/\/witforjesus.org\/images\/bullets.jpg\" width=\"10\" height=\"9\" \/><\/strong> <a title=\"L\u00edder m\u00f3rmon tem &quot;crise de f\u00e9&quot; ap\u00f3s acesso \u00e0 internet\" href=\"http:\/\/tvuol.tv\/blc8p2\"><strong>L\u00edder m\u00f3rmon tem &#8220;crise de f\u00e9&#8221; ap\u00f3s acesso \u00e0 internet &#8211; Hans Mattsson<\/strong><\/a><\/p>\n<div><object id=\"player_14611100\" width=\"457\" height=\"368\" classid=\"clsid:d27cdb6e-ae6d-11cf-96b8-444553540000\" codebase=\"http:\/\/download.macromedia.com\/pub\/shockwave\/cabs\/flash\/swflash.cab#version=6,0,40,0\"><param name=\"allowfullscreen\" value=\"true\" \/><param name=\"allowscriptaccess\" value=\"always\" \/><param name=\"wmode\" value=\"window\" \/><param name=\"src\" value=\"http:\/\/player.mais.uol.com.br\/embed_v2.swf?mediaId=14611100&amp;ver=3\" \/><embed id=\"player_14611100\" width=\"457\" height=\"368\" type=\"application\/x-shockwave-flash\" src=\"http:\/\/player.mais.uol.com.br\/embed_v2.swf?mediaId=14611100&amp;ver=3\" allowfullscreen=\"true\" allowscriptaccess=\"always\" wmode=\"window\" \/><\/object><a href=\"http:\/\/tvuol.uol.com.br\/assistir.htm?video=14611100\"><strong>L\u00edder m\u00f3rmon tem &#8220;crise de f\u00e9&#8221; ap\u00f3s acesso \u00e0 internet<\/strong><\/a> e outros v\u00eddeos &#8211; <a href=\"http:\/\/tvuol.uol.com.br\/\">TV UOL<\/a><\/div>\n<p>&nbsp;<\/p>\n","protected":false},"excerpt":{"rendered":"<p>\u00c1UDIO MP3 (Apenas dispon\u00edvel em Ingl\u00eas): \u00a0\u00a0DEUS O PRIMEIRO E \u00daNICO &#8211; Making Sense da Trindade: Respondendo as Testemunhas de Jeov\u00e1 e M\u00f3rmons \u00a0\u00a0THE CULT DIN\u00c2MICA &#8211; O Que Voc\u00ea Precisa Saber \u00a0V\u00cdDEOS SOBRE O MORMONISMO \u00a0 L\u00edder m\u00f3rmon tem &#8220;crise de f\u00e9&#8221; ap\u00f3s acesso \u00e0 internet &#8211; Hans Mattsson L\u00edder m\u00f3rmon tem &#8220;crise de&#8230;<\/p>\n","protected":false},"author":2,"featured_media":0,"parent":0,"menu_order":0,"comment_status":"closed","ping_status":"closed","template":"","meta":{"footnotes":""},"class_list":["post-3853","page","type-page","status-publish","hentry"],"_links":{"self":[{"href":"https:\/\/www.4witness.org\/pt-pt\/wp-json\/wp\/v2\/pages\/3853","targetHints":{"allow":["GET"]}}],"collection":[{"href":"https:\/\/www.4witness.org\/pt-pt\/wp-json\/wp\/v2\/pages"}],"about":[{"href":"https:\/\/www.4witness.org\/pt-pt\/wp-json\/wp\/v2\/types\/page"}],"author":[{"embeddable":true,"href":"https:\/\/www.4witness.org\/pt-pt\/wp-json\/wp\/v2\/users\/2"}],"replies":[{"embeddable":true,"href":"https:\/\/www.4witness.org\/pt-pt\/wp-json\/wp\/v2\/comments?post=3853"}],"version-history":[{"count":9,"href":"https:\/\/www.4witness.org\/pt-pt\/wp-json\/wp\/v2\/pages\/3853\/revisions"}],"predecessor-version":[{"id":4320,"href":"https:\/\/www.4witness.org\/pt-pt\/wp-json\/wp\/v2\/pages\/3853\/revisions\/4320"}],"wp:attachment":[{"href":"https:\/\/www.4witness.org\/pt-pt\/wp-json\/wp\/v2\/media?parent=3853"}],"curies":[{"name":"wp","href":"https:\/\/api.w.org\/{rel}","templated":true}]}}