{"id":3515,"date":"2013-07-19T22:12:27","date_gmt":"2013-07-19T22:12:27","guid":{"rendered":"http:\/\/www.4witness.org\/?page_id=3515"},"modified":"2017-09-07T12:56:58","modified_gmt":"2017-09-07T18:56:58","slug":"cristaos-testemunharem-as-testemunhas-de-jeova","status":"publish","type":"page","link":"https:\/\/www.4witness.org\/pt-pt\/o-que-oferecemos\/cristaos-testemunharem-as-testemunhas-de-jeova\/","title":{"rendered":"Crist\u00e3os testemunharem \u00e0s Testemunhas de Jeov\u00e1"},"content":{"rendered":"<p><img loading=\"lazy\" decoding=\"async\" src=\"https:\/\/witforjesus.org\/images\/long\/4jehovah\/training.png\" alt=\"Who We Are\" width=\"590\" height=\"265\" \/><\/p>\n<p><strong><strong>FERRAMENTAS DE TREINO DE EVANGELIZA\u00c7\u00c3O PARA CRIST\u00c3OS TESTEMUNHAREM \u00c0S TESTEMUNHAS DE JEOV\u00c1<\/strong><\/strong><\/p>\n<p><strong><img loading=\"lazy\" decoding=\"async\" src=\"https:\/\/witforjesus.org\/images\/bullets.jpg\" alt=\"Link\" width=\"10\" height=\"9\" \/> Por favor leia o <a href=\"https:\/\/www.4witness.org\/pt-pt\/principal\/politica-de-codigo-de-conduta-para-evangelismo\/\">NOSSO C\u00d3DIGO DE POL\u00cdTICA PARA EVANGELISMO<\/a> e A <a title=\"NOSSA POL\u00cdTICA DE DIREITOS DE AUTOR\" href=\"https:\/\/www.4witness.org\/pt-pt\/principal\/termos-e-condicoes\/nossa-politica-de-direitos-de-autor\/\">NOSSA POL\u00cdTICA DE DIREITOS DE AUTOR<\/a> antes de usar os nossos recursos.<\/strong><\/p>\n<p>&nbsp;<\/p>\n<p><a href=\"http:\/\/www.4jehovah.org\/pt-pt\/loja\/livros\/conversas-cristas-com-as-testemunhas-de-jeova\/\"><img loading=\"lazy\" decoding=\"async\" class=\"alignnone\" src=\"https:\/\/www.witforjesus.org\/images\/jwbooks\/ccjw-pt.jpg\" alt=\"\" width=\"386\" height=\"500\" \/><\/a><\/p>\n<p><a title=\"Conversas Crist\u00e3s com as Testemunhas de Jeov\u00e1 \u2014 Respostas B\u00edblicas a perguntas que as Testemunhas de Jeov\u00e1 fazem\" href=\"http:\/\/www.4jehovah.org\/pt-pt\/loja\/livros\/conversas-cristas-com-as-testemunhas-de-jeova\/\"><strong>Conversas Crist\u00e3s com as Testemunhas de Jeov\u00e1 \u2014 Respostas B\u00edblicas a perguntas que as Testemunhas de Jeov\u00e1 fazem<\/strong><\/a><\/p>\n<p><img loading=\"lazy\" decoding=\"async\" class=\"alignnone\" src=\"https:\/\/www.witforjesus.org\/images\/long\/4jehovah\/kingdom-hall.png\" alt=\"\" width=\"590\" height=\"268\" \/><\/p>\n<p><a title=\"Testemunhas de Jeov\u00e1 \u2013 Hist\u00f3ria e Doutrinas\" href=\"http:\/\/4jehovah.org\/pt-pt\/testemunhas-de-jeova-historia-e-doutrinas\/\"><strong>QUEM S\u00c3O AS TESTEMUNHAS DE JEOV\u00c1? \u2013 A sua Hist\u00f3ria, Doutrinas e Pr\u00e1ticas<\/strong><\/a><\/p>\n<p><a href=\"http:\/\/www.4jehovah.org\/pt-pt\/loja\/livros\/factos-documentados-que-a-sociedade-torre-de-vigia-nao-quer-que-voce-saiba\/\"><img loading=\"lazy\" decoding=\"async\" class=\"alignnone\" src=\"https:\/\/www.witforjesus.org\/images\/jwbooks\/jwfacts-pt.jpg\" alt=\"\" width=\"446\" height=\"660\" \/><\/a><\/p>\n<p><a title=\"Fatos Que A Torre De Vigia N\u00e3o Quer Que Voc\u00ea Conhe\u00e7a\" href=\"http:\/\/www.4jehovah.org\/pt-pt\/loja\/livros\/factos-documentados-que-a-sociedade-torre-de-vigia-nao-quer-que-voce-saiba\/\"><strong>Fatos Que A Torre De Vigia N\u00e3o Quer Que Voc\u00ea Conhe\u00e7a<\/strong><\/a><\/p>\n<p><img loading=\"lazy\" decoding=\"async\" class=\"alignnone\" src=\"https:\/\/www.witforjesus.org\/images\/long\/4witness\/wnfj.png\" alt=\"\" width=\"590\" height=\"250\" \/><\/p>\n<p><a title=\"Evangelizing Jehovah\u2019s Witnesses\" href=\"https:\/\/www.4witness.org\/ministry-network\/ministries-to-jehovahs-witnesses\/\"><strong>Nossos Parceiros Online \u2013 Minist\u00e9rios Crist\u00e3os para Testemunhas de Jeov\u00e1<\/strong><\/a><br \/>\n(Dispon\u00edvel apenas em Ingl\u00eas)<\/p>\n<p><img loading=\"lazy\" decoding=\"async\" class=\"alignnone\" src=\"https:\/\/www.witforjesus.org\/images\/long\/4witness\/exjw-support-picnic.png\" alt=\"\" width=\"590\" height=\"283\" \/><\/p>\n<p><strong><a title=\"Ex-Jehovah's Witness Online Support Group\" href=\"https:\/\/www.4witness.org\/pt-pt\/principal\/grupos-de-apoio\/\">Grupo de Suporte online de Encontro Mundial de Ex-Testemunhas de Jeov\u00e1<\/a><\/strong> (Apenas dispon\u00edvel em Ingl\u00eas)<\/p>\n<p><img loading=\"lazy\" decoding=\"async\" class=\"alignnone\" src=\"https:\/\/witforjesus.org\/images\/long\/4jehovah\/bible-answers.png\" alt=\"\" width=\"590\" height=\"241\" \/><\/p>\n<p><span style=\"font-size: large;\"><strong><a title=\"Respostas B\u00edblicas\" href=\"http:\/\/4jehovah.org\/pt-pt\/respostas-biblicas\/\">RESPOSTAS B\u00cdBLICAS<\/a><\/strong><\/span><\/p>\n<ul>\n<li><strong>Cren\u00e7as e Pr\u00e1ticas das Testemunhas de Jeov\u00e1<\/strong><\/li>\n<li><strong><strong>Hist\u00f3ria e Esc\u00e2ndalos da Organiza\u00e7\u00e3o Torre de Vigia<\/strong><\/strong><\/li>\n<\/ul>\n<p><img loading=\"lazy\" decoding=\"async\" class=\"alignnone\" src=\"https:\/\/witforjesus.org\/images\/long\/4jehovah\/evangelism.png\" alt=\"\" width=\"590\" height=\"265\" \/><\/p>\n<p><a title=\"Guias de Forma\u00e7\u00e3o \" href=\"http:\/\/4jehovah.org\/pt-pt\/pregando-o-reino-de-deus\/guias-de-formacao\/\"><span style=\"font-size: medium;\"><strong><span style=\"font-size: large;\">GUIAS DE FORMA\u00c7\u00c3O<\/span> <\/strong><\/span><\/a><\/p>\n<ul>\n<li><strong>O que voc\u00ea precisa saber para resgatar o seu ente querido<br \/>\n<\/strong><\/li>\n<li><strong>Como testemunhar eficazmente<\/strong><\/li>\n<li><strong>Perguntas para as Testemunhas de Jeov\u00e1<\/strong><\/li>\n<\/ul>\n<p><img loading=\"lazy\" decoding=\"async\" class=\"alignnone\" src=\"https:\/\/witforjesus.org\/images\/long\/4jehovah\/faq.png\" alt=\"\" width=\"590\" height=\"298\" \/><\/p>\n<p><span style=\"font-size: large;\"><strong><a title=\"Ex-Testemunhas de Jeov\u00e1\" href=\"http:\/\/4jehovah.org\/pt-pt\/ex-testemunhas-de-jeova\/\">AJUDA &#8211; Perguntas feitas frequentem<\/a><\/strong><\/span><\/p>\n<ul>\n<li><strong><strong><strong>Alcan\u00e7ando os Entes-Queridos<\/strong><\/strong><\/strong><\/li>\n<li><strong><strong><strong>Deixando a Torre de Vigia<\/strong><\/strong><\/strong><\/li>\n<li><strong><strong><strong>Namoro e Casamento<\/strong><\/strong><\/strong><\/li>\n<\/ul>\n<p><img loading=\"lazy\" decoding=\"async\" class=\"alignnone\" src=\"https:\/\/witforjesus.org\/images\/long\/4jehovah\/tracts.png\" alt=\"\" width=\"590\" height=\"276\" \/><\/p>\n<p><a title=\"Ferramentas de treino de evangeliza\u00e7\u00e3o\" href=\"http:\/\/4jehovah.org\/pt-pt\/pregando-o-reino-de-deus\/\"><span style=\"font-size: medium;\"><strong>FERRAMENTAS DE TREINO DE EVANGELIZA\u00c7\u00c3O<\/strong><\/span><\/a><\/p>\n<ul>\n<li><strong><strong>Quest\u00f5es para Testemunhas de Jeov\u00e1<\/strong><\/strong><\/li>\n<li><strong><strong>Cart\u00f5es para Testemunhas de Jeov\u00e1<\/strong><\/strong><\/li>\n<li><strong><strong>Tratados para Testemunhas de Jeov\u00e1<\/strong><\/strong><\/li>\n<\/ul>\n<p><span style=\"font-size: x-large;\"><a title=\"Ex-testemunhas de Jeov\u00e1\" href=\"https:\/\/www.4witness.org\/pt-pt\/testemunhos\/ex-testemunhas-de-jeova\/\"><strong>TESTEMUNHOS DE EX-TESTEMUNHAS DE JEOV\u00c1<\/strong><\/a><\/span><\/p>\n<p><a title=\"Ex-testemunhas de Jeov\u00e1\" href=\"https:\/\/www.4witness.org\/pt-pt\/testemunhos\/ex-testemunhas-de-jeova\/\"><img loading=\"lazy\" decoding=\"async\" src=\"https:\/\/witforjesus.org\/images\/jwstories\/jwstories.jpg\" alt=\"TRUE FREEDOM\" width=\"590\" height=\"156\" \/><\/a><\/p>\n<p>&nbsp;<\/p>\n<p>&nbsp;<\/p>\n","protected":false},"excerpt":{"rendered":"<p>FERRAMENTAS DE TREINO DE EVANGELIZA\u00c7\u00c3O PARA CRIST\u00c3OS TESTEMUNHAREM \u00c0S TESTEMUNHAS DE JEOV\u00c1 Por favor leia o NOSSO C\u00d3DIGO DE POL\u00cdTICA PARA EVANGELISMO e A NOSSA POL\u00cdTICA DE DIREITOS DE AUTOR antes de usar os nossos recursos. &nbsp; Conversas Crist\u00e3s com as Testemunhas de Jeov\u00e1 \u2014 Respostas B\u00edblicas a perguntas que as Testemunhas de Jeov\u00e1 fazem&#8230;<\/p>\n","protected":false},"author":2,"featured_media":0,"parent":3513,"menu_order":0,"comment_status":"closed","ping_status":"closed","template":"","meta":{"footnotes":""},"class_list":["post-3515","page","type-page","status-publish","hentry"],"_links":{"self":[{"href":"https:\/\/www.4witness.org\/pt-pt\/wp-json\/wp\/v2\/pages\/3515","targetHints":{"allow":["GET"]}}],"collection":[{"href":"https:\/\/www.4witness.org\/pt-pt\/wp-json\/wp\/v2\/pages"}],"about":[{"href":"https:\/\/www.4witness.org\/pt-pt\/wp-json\/wp\/v2\/types\/page"}],"author":[{"embeddable":true,"href":"https:\/\/www.4witness.org\/pt-pt\/wp-json\/wp\/v2\/users\/2"}],"replies":[{"embeddable":true,"href":"https:\/\/www.4witness.org\/pt-pt\/wp-json\/wp\/v2\/comments?post=3515"}],"version-history":[{"count":31,"href":"https:\/\/www.4witness.org\/pt-pt\/wp-json\/wp\/v2\/pages\/3515\/revisions"}],"predecessor-version":[{"id":8278,"href":"https:\/\/www.4witness.org\/pt-pt\/wp-json\/wp\/v2\/pages\/3515\/revisions\/8278"}],"up":[{"embeddable":true,"href":"https:\/\/www.4witness.org\/pt-pt\/wp-json\/wp\/v2\/pages\/3513"}],"wp:attachment":[{"href":"https:\/\/www.4witness.org\/pt-pt\/wp-json\/wp\/v2\/media?parent=3515"}],"curies":[{"name":"wp","href":"https:\/\/api.w.org\/{rel}","templated":true}]}}