{"id":3126,"date":"2013-07-07T02:26:53","date_gmt":"2013-07-07T02:26:53","guid":{"rendered":"http:\/\/www.4witness.org\/?page_id=3126"},"modified":"2016-02-09T12:33:34","modified_gmt":"2016-02-09T19:33:34","slug":"sobre-nos","status":"publish","type":"page","link":"https:\/\/www.4witness.org\/pt-pt\/principal\/sobre-nos\/","title":{"rendered":"Sobre N\u00f3s"},"content":{"rendered":"<p><span class=\"style1\"><img loading=\"lazy\" decoding=\"async\" src=\"https:\/\/witforjesus.org\/images\/long\/4witness\/our-team.png\" alt=\"Who We Are\" width=\"590\" height=\"117\" \/><\/span><\/p>\n<p><strong>QUEM N\u00d3S SOMOS \u2013 Crist\u00e3os Testemunhando \u00e0s Testemunhas de Jeov\u00e1 e M\u00f3rmons<\/strong><\/p>\n<p>A <i>Witnesses for Jesus, Inc.<\/i> \u00e9 um minist\u00e9rio crist\u00e3o n\u00e3o-lucrativo que se dedica a partilhar as boas novas da salva\u00e7\u00e3o eterna em Jesus Cristo com as Testemunhas de Jeov\u00e1 e os M\u00f3rmons (Santos dos \u00daltimos Dias ou SUD). Quer\u00a0 voc\u00ea esteja atualmente envolvido em um destes grupos ou tenha amigos ou parentes envolvidos, o nosso minist\u00e9rio \u00e9 para si!<\/p>\n<p>O nosso minist\u00e9rio <b>n\u00e3o \u00e9 uma religi\u00e3o<\/b>. Embora n\u00f3s creiamos nos ensinamentos da B\u00edblia e procuremos apresentar uma perspetiva b\u00edblica sobre os ensinos das Testemunhas de Jeov\u00e1 e M\u00f3rmons, n\u00f3s n\u00e3o endossamos nenhuma igreja espec\u00edfica, denomina\u00e7\u00e3o ou organiza\u00e7\u00e3o religiosa. N\u00f3s somos o que a maioria designaria como um minist\u00e9rio de contraculto evang\u00e9lico (focado no evangelho) que procura estar ao lado e apoiar o corpo mundial de crentes crist\u00e3os no mundo.<\/p>\n<p>Muitas das pessoas na equipa do nosso minist\u00e9rio volunt\u00e1rio atendem v\u00e1rias fraternidades crist\u00e3s crentes na B\u00edblia, tais como as congrega\u00e7\u00f5es <i>Calvary Chapel<\/i>, Baptista, Nazarena, Metodista e Presbiteriana. N\u00f3s n\u00e3o supervisionamos os passos individuais do crist\u00e3o, daqueles que servem nas nossas equipas do minist\u00e9rio. N\u00f3s apenas requeremos que cada pessoa em nosso minist\u00e9rio concorde com a nossa Declara\u00e7\u00e3o de F\u00e9, e <a href=\"https:\/\/www.4witness.org\/pt-pt\/principal\/politica-de-codigo-de-conduta-para-evangelismo\/\">Pol\u00edtica de C\u00f3digo de Conduta para Evangelismo<\/a> e seja ativo na sua congrega\u00e7\u00e3o crente na b\u00edblia ou grupo crist\u00e3o no lar. Este requerimento \u00e9 assim, de modo que, cada pessoa tenha um sistema de apoio de presta\u00e7\u00e3o de contas espiritual atrav\u00e9s do qual podem ter comunh\u00e3o dentro e fora do nosso minist\u00e9rio. Para mais informa\u00e7\u00f5es veja:<\/p>\n<p align=\"justify\"><strong><img loading=\"lazy\" decoding=\"async\" src=\"https:\/\/witforjesus.org\/images\/home\/lighthouse.jpg\" alt=\"ExJW Meetup\" width=\"200\" height=\"133\" \/><\/strong><\/p>\n<p align=\"justify\"><strong>NOSSA DECLARA\u00c7\u00c3O DE F\u00c9 \u2013 MISS\u00c3O, VIS\u00c3O E VALORES<\/strong><\/p>\n<p align=\"justify\"><strong><img loading=\"lazy\" decoding=\"async\" src=\"https:\/\/witforjesus.org\/images\/events\/exjw-support.jpg\" alt=\"ExJW Meetup\" width=\"200\" height=\"150\" \/><\/strong><\/p>\n<p align=\"justify\"><strong><a href=\"http:\/\/www.4witness.org\/home\/support-groups\/\">NOSSOS GRUPOS ONLINE PARA APOIO<\/a> (Apenas dispon\u00edvel em Ingl\u00eas)<\/strong><\/p>\n<p align=\"justify\"><strong><img loading=\"lazy\" decoding=\"async\" src=\"https:\/\/witforjesus.org\/images\/4warticles\/handing-tracts.jpg\" alt=\"ExJW Meetup\" width=\"200\" height=\"160\" \/><br \/>\n<\/strong><\/p>\n<p align=\"justify\"><a title=\"Como Ajudar Nos\" href=\"https:\/\/www.4witness.org\/pt-pt\/principal\/como-ajudar-nos\/\"><strong>COMO AJUDAR-NOS POR SE ENVOLVER COM O NOSSO MINIST\u00c9RIO<\/strong><\/a><\/p>\n<p align=\"justify\"><strong><img loading=\"lazy\" decoding=\"async\" src=\"https:\/\/witforjesus.org\/images\/home\/code-of-conduct-view.jpg\" alt=\"ExJW Meetup\" width=\"200\" height=\"160\" \/><\/strong><\/p>\n<p align=\"justify\"><a title=\"Pol\u00edtica de C\u00f3digo de Conduta para Evangelismo\" href=\"https:\/\/www.4witness.org\/pt-pt\/principal\/politica-de-codigo-de-conduta-para-evangelismo\/\"><strong>POL\u00cdTICA DE C\u00d3DIGO DE CONDUTA PARA EVANGELISMO<\/strong><\/a><\/p>\n<p align=\"justify\"><img loading=\"lazy\" decoding=\"async\" src=\"https:\/\/witforjesus.org\/images\/4warticles\/tear-down.jpg\" alt=\"TRUE FREEDOM\" width=\"200\" height=\"150\" \/><\/p>\n<p align=\"justify\"><strong><a title=\"\u00c9 AMOROSO DERRUBAR AS CREN\u00c7AS DE OUTROS?\u2013Uma Carta Aberta \u00c0queles que se Op\u00f5em ao Nosso Minist\u00e9rio\" href=\"https:\/\/www.4witness.org\/pt-pt\/e-amoroso-derrubar-as-crencas-de-outros\/\">\u00c9 AMOROSO DERRUBAR AS CREN\u00c7AS DE OUTROS?\u2013Uma Carta Aberta \u00c0queles que se Op\u00f5em ao Nosso Minist\u00e9rio<\/a><\/strong><\/p>\n<p align=\"justify\"><img loading=\"lazy\" decoding=\"async\" src=\"https:\/\/witforjesus.org\/images\/4warticles\/our-team.jpg\" alt=\"TRUE FREEDOM\" width=\"200\" height=\"200\" \/><\/p>\n<p align=\"justify\"><strong><a title=\"Newsletters\" href=\"https:\/\/www.4witness.org\/home\/newsletters\/\">NOSSAS NEWSLETTERS E DECLARA\u00c7\u00d5ES DE ELOGIO POR EMAIL<\/a> (em Ingl\u00eas apenas)<\/strong><\/p>\n<p align=\"justify\"><strong><img loading=\"lazy\" decoding=\"async\" src=\"https:\/\/witforjesus.org\/images\/4warticles\/christy-zion.jpg\" alt=\"Is it loving to tare down someone else's beliefs?\" width=\"200\" height=\"142\" \/><\/strong><\/p>\n<p align=\"justify\"><strong>COMO SE INICIOU ESTE MINIST\u00c9RIO<\/strong><\/p>\n<p align=\"justify\"><strong><img loading=\"lazy\" decoding=\"async\" src=\"https:\/\/witforjesus.org\/images\/home\/donate2.jpg\" alt=\"ExJW Meetup\" width=\"200\" height=\"150\" \/><\/strong><\/p>\n<p align=\"justify\"><strong>COMO ESTE MINIST\u00c9RIO \u00c9 FINANCIADO<\/strong><\/p>\n<p align=\"justify\"><strong><a title=\"What\u2019s New\" href=\"https:\/\/www.4witness.org\/pt-pt\/novo\/\"><img loading=\"lazy\" decoding=\"async\" src=\"https:\/\/witforjesus.org\/images\/home\/new.jpg\" alt=\"ExJW Meetup\" width=\"200\" height=\"150\" \/><\/a><\/strong><\/p>\n<p align=\"justify\"><a title=\"Novo\" href=\"https:\/\/www.4witness.org\/pt-pt\/novo\/\"><strong>O QUE \u00c9 NOVO NOS NOSSOS SITE<\/strong><\/a><\/p>\n<p align=\"justify\"><strong><img loading=\"lazy\" decoding=\"async\" src=\"https:\/\/witforjesus.org\/images\/4warticles\/privacy-policy.jpg\" alt=\"ExJW Meetup\" width=\"200\" height=\"150\" \/><\/strong><\/p>\n<p align=\"justify\"><strong><a title=\"Termos e condi\u00e7\u00f5es\" href=\"https:\/\/www.4witness.org\/pt-pt\/principal\/termos-e-condicoes\/\">NOSSOS TERMOS E CONDI\u00c7\u00d5ES<\/a><\/strong><\/p>\n<p align=\"justify\">\n","protected":false},"excerpt":{"rendered":"<p>QUEM N\u00d3S SOMOS \u2013 Crist\u00e3os Testemunhando \u00e0s Testemunhas de Jeov\u00e1 e M\u00f3rmons A Witnesses for Jesus, Inc. \u00e9 um minist\u00e9rio crist\u00e3o n\u00e3o-lucrativo que se dedica a partilhar as boas novas da salva\u00e7\u00e3o eterna em Jesus Cristo com as Testemunhas de Jeov\u00e1 e os M\u00f3rmons (Santos dos \u00daltimos Dias ou SUD). Quer\u00a0 voc\u00ea esteja atualmente envolvido&#8230;<\/p>\n","protected":false},"author":2,"featured_media":0,"parent":2203,"menu_order":0,"comment_status":"closed","ping_status":"closed","template":"","meta":{"footnotes":""},"class_list":["post-3126","page","type-page","status-publish","hentry"],"_links":{"self":[{"href":"https:\/\/www.4witness.org\/pt-pt\/wp-json\/wp\/v2\/pages\/3126","targetHints":{"allow":["GET"]}}],"collection":[{"href":"https:\/\/www.4witness.org\/pt-pt\/wp-json\/wp\/v2\/pages"}],"about":[{"href":"https:\/\/www.4witness.org\/pt-pt\/wp-json\/wp\/v2\/types\/page"}],"author":[{"embeddable":true,"href":"https:\/\/www.4witness.org\/pt-pt\/wp-json\/wp\/v2\/users\/2"}],"replies":[{"embeddable":true,"href":"https:\/\/www.4witness.org\/pt-pt\/wp-json\/wp\/v2\/comments?post=3126"}],"version-history":[{"count":15,"href":"https:\/\/www.4witness.org\/pt-pt\/wp-json\/wp\/v2\/pages\/3126\/revisions"}],"predecessor-version":[{"id":7218,"href":"https:\/\/www.4witness.org\/pt-pt\/wp-json\/wp\/v2\/pages\/3126\/revisions\/7218"}],"up":[{"embeddable":true,"href":"https:\/\/www.4witness.org\/pt-pt\/wp-json\/wp\/v2\/pages\/2203"}],"wp:attachment":[{"href":"https:\/\/www.4witness.org\/pt-pt\/wp-json\/wp\/v2\/media?parent=3126"}],"curies":[{"name":"wp","href":"https:\/\/api.w.org\/{rel}","templated":true}]}}