{"id":3020,"date":"2013-06-24T16:18:39","date_gmt":"2013-06-24T16:18:39","guid":{"rendered":"http:\/\/www.4witness.org\/?page_id=3020"},"modified":"2019-05-24T16:18:44","modified_gmt":"2019-05-24T22:18:44","slug":"artigos-de-rocky","status":"publish","type":"page","link":"https:\/\/www.4witness.org\/pt-pt\/testemunhos\/ex-mormons\/artigos-de-rocky\/","title":{"rendered":"Artigos de Rocky"},"content":{"rendered":"<p><strong><img loading=\"lazy\" decoding=\"async\" class=\"alignnone\" style=\"margin: 10px;\" title=\"Rocky and Helen\" src=\"https:\/\/witforjesus.org\/images\/ldsstories\/rocky-helen.jpg\" alt=\"Rocky and Helen\" width=\"268\" height=\"260\" \/><a title=\"When Salt Lake City Calls\" href=\"http:\/\/www.amazon.com\/When-Salt-Lake-City-Calls\/dp\/1604772204\"><span style=\"font-size: medium;\"><strong><img loading=\"lazy\" decoding=\"async\" class=\"alignright\" title=\"Rocky's Book - When Salt Lake City Calls\" src=\"https:\/\/witforjesus.org\/images\/ldsstories\/rocky-book.jpg\" alt=\"Rocky's Book - When Salt Lake City Calls\" width=\"194\" height=\"300\" \/><\/strong><\/span><\/a><\/strong><\/p>\n<p><strong><span style=\"font-size: medium;\">Rocky\u00a0 e Helen<\/span><br \/>\n<\/strong><\/p>\n<p><span style=\"font-size: medium;\">Eu gastei muitos anos em v\u00e1rias posi\u00e7\u00f5es de lideran\u00e7a na Igreja de Jesus Cristo dos Santos dos \u00daltimos Dias. Eu descobri muitos dos mais fundamentais ensinos da Igreja SUD como estando completamente em desarmonia com os ensinos do Senhor na B\u00edblia. Como anterior Bispo M\u00f3rmon e membro que serviu essa Igreja por mais de 32 anos e como algu\u00e9m que pesquisou e documentou o que aprendi, eu vim a conhecer o verdadeiro Senhor Jesus Cristo e Sua Gra\u00e7a.<strong><a href=\"https:\/\/www.4mormon.org\/rocky-ex-mormon\/\"> Leia a hist\u00f3ria da sa\u00edda de Lee do Mormonismo<\/a> (em ingl\u00eas) . <strong><strong><b><b><strong><strong><img loading=\"lazy\" decoding=\"async\" src=\"https:\/\/witforjesus.org\/images\/buttons\/read-more.jpg\" alt=\"bullets\" width=\"26\" height=\"12\" \/><\/strong><\/strong><\/b><\/b><\/strong><\/strong><br \/>\n<\/strong><\/span><\/p>\n<p><strong><img loading=\"lazy\" decoding=\"async\" src=\"https:\/\/witforjesus.org\/images\/bullets.jpg\" alt=\"bullets\" width=\"10\" height=\"9\" \/><\/strong>\u00a0\u00a0<a title=\"Veja artigos em Ingl\u00eas \" href=\"http:\/\/www.4witness.org\/testimonies\/ex-mormons\/rocky-and-helens-articles\/\"><strong>Veja artigos em Ingl\u00eas <\/strong><\/a><\/p>\n","protected":false},"excerpt":{"rendered":"<p>Rocky\u00a0 e Helen Eu gastei muitos anos em v\u00e1rias posi\u00e7\u00f5es de lideran\u00e7a na Igreja de Jesus Cristo dos Santos dos \u00daltimos Dias. Eu descobri muitos dos mais fundamentais ensinos da Igreja SUD como estando completamente em desarmonia com os ensinos do Senhor na B\u00edblia. Como anterior Bispo M\u00f3rmon e membro que serviu essa Igreja por&#8230;<\/p>\n","protected":false},"author":2,"featured_media":0,"parent":2998,"menu_order":0,"comment_status":"closed","ping_status":"closed","template":"","meta":{"footnotes":""},"class_list":["post-3020","page","type-page","status-publish","hentry"],"_links":{"self":[{"href":"https:\/\/www.4witness.org\/pt-pt\/wp-json\/wp\/v2\/pages\/3020","targetHints":{"allow":["GET"]}}],"collection":[{"href":"https:\/\/www.4witness.org\/pt-pt\/wp-json\/wp\/v2\/pages"}],"about":[{"href":"https:\/\/www.4witness.org\/pt-pt\/wp-json\/wp\/v2\/types\/page"}],"author":[{"embeddable":true,"href":"https:\/\/www.4witness.org\/pt-pt\/wp-json\/wp\/v2\/users\/2"}],"replies":[{"embeddable":true,"href":"https:\/\/www.4witness.org\/pt-pt\/wp-json\/wp\/v2\/comments?post=3020"}],"version-history":[{"count":5,"href":"https:\/\/www.4witness.org\/pt-pt\/wp-json\/wp\/v2\/pages\/3020\/revisions"}],"predecessor-version":[{"id":9898,"href":"https:\/\/www.4witness.org\/pt-pt\/wp-json\/wp\/v2\/pages\/3020\/revisions\/9898"}],"up":[{"embeddable":true,"href":"https:\/\/www.4witness.org\/pt-pt\/wp-json\/wp\/v2\/pages\/2998"}],"wp:attachment":[{"href":"https:\/\/www.4witness.org\/pt-pt\/wp-json\/wp\/v2\/media?parent=3020"}],"curies":[{"name":"wp","href":"https:\/\/api.w.org\/{rel}","templated":true}]}}