{"id":3012,"date":"2013-06-24T16:13:36","date_gmt":"2013-06-24T16:13:36","guid":{"rendered":"http:\/\/www.4witness.org\/?page_id=3012"},"modified":"2019-05-24T16:17:19","modified_gmt":"2019-05-24T22:17:19","slug":"artigos-de-rob","status":"publish","type":"page","link":"https:\/\/www.4witness.org\/pt-pt\/testemunhos\/ex-mormons\/artigos-de-rob\/","title":{"rendered":"Artigos de Rob"},"content":{"rendered":"<p><strong><strong><img loading=\"lazy\" decoding=\"async\" class=\"alignleft\" style=\"margin: 10px;\" src=\"https:\/\/witforjesus.org\/images\/ldsstories\/rob.jpg\" alt=\"rob\" width=\"215\" height=\"200\" \/><\/strong><span style=\"font-size: medium;\">Rob<\/span><\/strong><\/p>\n<p><span style=\"font-size: medium;\"> \u2013 Eu nasci num lar SUD e fui criado em Salt Lake City, Utah. Na minha adolesc\u00eancia, eu fiquei desiludido pelas inconsist\u00eancias que encontrei na Igreja SUD. Por muitos anos, eu acreditei que n\u00e3o precisava do amor de Deus em minha vida, mas ainda assim eu considerava-me M\u00f3rmon. Finalmente, a minha busca pela verdade sobre Deus e o que Ele tinha para oferecer, levou-me ao VERDADEIRO Jesus da B\u00edblia. Ap\u00f3s ter aceite o Senhor, eu fui capaz de ajudar Laura (minha futura esposa naquele tempo) a ir ao Senhor. <strong><a href=\"https:\/\/www.4mormon.org\/rob-ex-mormon\/\">Leia a hist\u00f3ria da sa\u00edda de Rob do Mormonismo<\/a><\/strong> (em ingl\u00eas). <strong><strong><b><b><strong><strong><img loading=\"lazy\" decoding=\"async\" src=\"https:\/\/witforjesus.org\/images\/buttons\/read-more.jpg\" alt=\"bullets\" width=\"26\" height=\"12\" \/><\/strong><\/strong><\/b><\/b><\/strong><\/strong><br \/>\n<\/span><\/p>\n<p style=\"text-align: center;\"><strong>DOUG E ROB EM UTAH<br \/>\n<\/strong><\/p>\n<p><strong><strong><img loading=\"lazy\" decoding=\"async\" src=\"https:\/\/witforjesus.org\/images\/long\/4witness\/rob-doug-manti.png\" alt=\"rob\" width=\"590\" height=\"422\" \/><\/strong><\/strong><\/p>\n<p><span style=\"font-size: medium;\"><img loading=\"lazy\" decoding=\"async\" src=\"https:\/\/witforjesus.org\/images\/bullets.jpg\" alt=\"bullets\" width=\"10\" height=\"9\" \/>\u00a0\u00a0<a title=\"View Rob's English Articles and Evangelism Reports\" href=\"http:\/\/www.4witness.org\/testimonies\/ex-mormons\/robs-articles\/\"><strong>Veja artigos em Ingl\u00eas<\/strong><\/a><\/span><\/p>\n","protected":false},"excerpt":{"rendered":"<p>Rob \u2013 Eu nasci num lar SUD e fui criado em Salt Lake City, Utah. Na minha adolesc\u00eancia, eu fiquei desiludido pelas inconsist\u00eancias que encontrei na Igreja SUD. Por muitos anos, eu acreditei que n\u00e3o precisava do amor de Deus em minha vida, mas ainda assim eu considerava-me M\u00f3rmon. Finalmente, a minha busca pela verdade&#8230;<\/p>\n","protected":false},"author":2,"featured_media":0,"parent":2998,"menu_order":0,"comment_status":"closed","ping_status":"closed","template":"","meta":{"footnotes":""},"class_list":["post-3012","page","type-page","status-publish","hentry"],"_links":{"self":[{"href":"https:\/\/www.4witness.org\/pt-pt\/wp-json\/wp\/v2\/pages\/3012","targetHints":{"allow":["GET"]}}],"collection":[{"href":"https:\/\/www.4witness.org\/pt-pt\/wp-json\/wp\/v2\/pages"}],"about":[{"href":"https:\/\/www.4witness.org\/pt-pt\/wp-json\/wp\/v2\/types\/page"}],"author":[{"embeddable":true,"href":"https:\/\/www.4witness.org\/pt-pt\/wp-json\/wp\/v2\/users\/2"}],"replies":[{"embeddable":true,"href":"https:\/\/www.4witness.org\/pt-pt\/wp-json\/wp\/v2\/comments?post=3012"}],"version-history":[{"count":11,"href":"https:\/\/www.4witness.org\/pt-pt\/wp-json\/wp\/v2\/pages\/3012\/revisions"}],"predecessor-version":[{"id":9897,"href":"https:\/\/www.4witness.org\/pt-pt\/wp-json\/wp\/v2\/pages\/3012\/revisions\/9897"}],"up":[{"embeddable":true,"href":"https:\/\/www.4witness.org\/pt-pt\/wp-json\/wp\/v2\/pages\/2998"}],"wp:attachment":[{"href":"https:\/\/www.4witness.org\/pt-pt\/wp-json\/wp\/v2\/media?parent=3012"}],"curies":[{"name":"wp","href":"https:\/\/api.w.org\/{rel}","templated":true}]}}