{"id":2998,"date":"2013-06-24T15:52:48","date_gmt":"2013-06-24T15:52:48","guid":{"rendered":"http:\/\/www.4witness.org\/?page_id=2998"},"modified":"2019-05-16T17:33:06","modified_gmt":"2019-05-16T23:33:06","slug":"ex-mormons","status":"publish","type":"page","link":"https:\/\/www.4witness.org\/pt-pt\/testemunhos\/ex-mormons\/","title":{"rendered":"Ex-M\u00f3rmons"},"content":{"rendered":"<p><strong><strong>.:TESTEMUNHOS DE ANTERIORES M\u00d3RMONS (Ex-Santos dos \u00daltimos Dias)<\/strong><\/strong><\/p>\n<p style=\"padding-left: 30px;\"><strong><strong><img loading=\"lazy\" decoding=\"async\" src=\"https:\/\/witforjesus.org\/images\/bullets.jpg\" alt=\"bullets\" width=\"10\" height=\"9\" \/><\/strong> <strong>Voc\u00ea quer conversar com Ex-M\u00f3rmons de todo o mundo? Ou \u00e9 voc\u00ea um Ex-M\u00f3rmon que deseja ajudar outros?\u00a0<\/strong>\u00a0<\/strong> <strong><strong><strong><a href=\"http:\/\/www.meetup.com\/exlds-worldwide\/\">Considere juntar-se ao nosso grupo de apoio de Internet Mundial<\/a> (Apenas para Ex-M\u00f3rmons que falem ingl\u00eas).<\/strong><\/strong><\/strong><\/p>\n<p style=\"text-align: center;\">\n<p style=\"text-align: center;\"><a href=\"https:\/\/www.4witness.org\/pt-pt\/testemunhos\/ex-mormons\/artigos-de-chuck\/\"><img loading=\"lazy\" decoding=\"async\" class=\"aligncenter\" src=\"https:\/\/witforjesus.org\/images\/ldsstories\/chuck.jpg\" alt=\"Chuck\" width=\"207\" height=\"180\" \/><\/a><\/p>\n<p style=\"text-align: center;\"><strong><a title=\"Artigos de Chuck\" href=\"https:\/\/www.4witness.org\/pt-pt\/testemunhos\/ex-mormons\/artigos-de-chuck\/\">Chuck<\/a><\/strong><\/p>\n<p style=\"text-align: center;\"><a href=\"https:\/\/www.4witness.org\/pt-pt\/testemunhos\/ex-mormons\/artigos-de-bev\/\"><img loading=\"lazy\" decoding=\"async\" class=\"aligncenter\" src=\"https:\/\/witforjesus.org\/images\/ldsstories\/bev.jpg\" alt=\"Bev\" width=\"204\" height=\"168\" \/><\/a><\/p>\n<p style=\"text-align: center;\"><strong><a title=\"Artigos de Bev\" href=\"https:\/\/www.4witness.org\/pt-pt\/testemunhos\/ex-mormons\/artigos-de-bev\/\">Bev<\/a><\/strong><\/p>\n<p style=\"text-align: center;\"><a href=\"https:\/\/www.4witness.org\/pt-pt\/testemunhos\/ex-mormons\/artigos-de-rob\/\"><img loading=\"lazy\" decoding=\"async\" class=\"aligncenter\" src=\"https:\/\/witforjesus.org\/images\/ldsstories\/rob.jpg\" alt=\"Rob\" width=\"219\" height=\"201\" \/><\/a><\/p>\n<p style=\"text-align: center;\"><a title=\"Artigos de Rob\" href=\"https:\/\/www.4witness.org\/pt-pt\/testemunhos\/ex-mormons\/artigos-de-rob\/\"><strong>Rob<\/strong><\/a><\/p>\n<p style=\"text-align: center;\"><a title=\"Rocky and Helen\u2019s Articles\" href=\"https:\/\/www.4witness.org\/pt-pt\/testemunhos\/ex-mormons\/artigos-de-rocky\/\"><img loading=\"lazy\" decoding=\"async\" class=\"aligncenter\" src=\"https:\/\/witforjesus.org\/images\/ldsstories\/rocky-helen.jpg\" alt=\"Rocky and Helen\" width=\"215\" height=\"223\" \/><\/a><\/p>\n<p style=\"text-align: center;\"><a title=\"Artigos de Rocky\" href=\"https:\/\/www.4witness.org\/pt-pt\/testemunhos\/ex-mormons\/artigos-de-rocky\/\"><strong>Rocky e Helen<\/strong><\/a><\/p>\n<p><a href=\"http:\/\/www.4mormon.org\/pt-pt\/ex-mormons\/testemunhos-de-ex-mormons\/\"><strong><img loading=\"lazy\" decoding=\"async\" class=\"aligncenter\" src=\"https:\/\/witforjesus.org\/images\/ldsstories\/ldsstories2.jpg\" alt=\"More Ex-Mormon Testimonies\" width=\"590\" height=\"153\" \/><\/strong><\/a><\/p>\n<h1 class=\"entry-title\" style=\"text-align: center;\"><a href=\"http:\/\/www.4mormon.org\/pt-pt\/ex-mormons\/testemunhos-de-ex-mormons\/\">TESTEMUNHOS DE EX-M\u00d3RMONS<\/a><\/h1>\n<blockquote><p><strong><strong><img loading=\"lazy\" decoding=\"async\" src=\"https:\/\/witforjesus.org\/images\/bullets.jpg\" alt=\"bullets\" width=\"10\" height=\"9\" \/><\/strong><\/strong> <a title=\"Ex-Mormon Testimony Videos\" href=\"\/?p=1062\"><strong>View Video Testimonies of Former Mormons<\/strong><\/a><\/p><\/blockquote>\n<p>&nbsp;<\/p>\n","protected":false},"excerpt":{"rendered":"<p>.:TESTEMUNHOS DE ANTERIORES M\u00d3RMONS (Ex-Santos dos \u00daltimos Dias) Voc\u00ea quer conversar com Ex-M\u00f3rmons de todo o mundo? Ou \u00e9 voc\u00ea um Ex-M\u00f3rmon que deseja ajudar outros?\u00a0\u00a0 Considere juntar-se ao nosso grupo de apoio de Internet Mundial (Apenas para Ex-M\u00f3rmons que falem ingl\u00eas). Chuck Bev Rob Rocky e Helen TESTEMUNHOS DE EX-M\u00d3RMONS View Video Testimonies of&#8230;<\/p>\n","protected":false},"author":2,"featured_media":0,"parent":2781,"menu_order":0,"comment_status":"closed","ping_status":"closed","template":"","meta":{"footnotes":""},"class_list":["post-2998","page","type-page","status-publish","hentry"],"_links":{"self":[{"href":"https:\/\/www.4witness.org\/pt-pt\/wp-json\/wp\/v2\/pages\/2998","targetHints":{"allow":["GET"]}}],"collection":[{"href":"https:\/\/www.4witness.org\/pt-pt\/wp-json\/wp\/v2\/pages"}],"about":[{"href":"https:\/\/www.4witness.org\/pt-pt\/wp-json\/wp\/v2\/types\/page"}],"author":[{"embeddable":true,"href":"https:\/\/www.4witness.org\/pt-pt\/wp-json\/wp\/v2\/users\/2"}],"replies":[{"embeddable":true,"href":"https:\/\/www.4witness.org\/pt-pt\/wp-json\/wp\/v2\/comments?post=2998"}],"version-history":[{"count":12,"href":"https:\/\/www.4witness.org\/pt-pt\/wp-json\/wp\/v2\/pages\/2998\/revisions"}],"predecessor-version":[{"id":9819,"href":"https:\/\/www.4witness.org\/pt-pt\/wp-json\/wp\/v2\/pages\/2998\/revisions\/9819"}],"up":[{"embeddable":true,"href":"https:\/\/www.4witness.org\/pt-pt\/wp-json\/wp\/v2\/pages\/2781"}],"wp:attachment":[{"href":"https:\/\/www.4witness.org\/pt-pt\/wp-json\/wp\/v2\/media?parent=2998"}],"curies":[{"name":"wp","href":"https:\/\/api.w.org\/{rel}","templated":true}]}}