{"id":2978,"date":"2013-06-24T15:40:35","date_gmt":"2013-06-24T15:40:35","guid":{"rendered":"http:\/\/www.4witness.org\/?page_id=2978"},"modified":"2019-05-24T16:16:25","modified_gmt":"2019-05-24T22:16:25","slug":"artigos-de-chuck","status":"publish","type":"page","link":"https:\/\/www.4witness.org\/pt-pt\/testemunhos\/ex-mormons\/artigos-de-chuck\/","title":{"rendered":"Artigos de Chuck"},"content":{"rendered":"<p><strong><img loading=\"lazy\" decoding=\"async\" class=\"alignleft\" style=\"margin: 10px;\" src=\"https:\/\/witforjesus.org\/images\/ldsstories\/chuck.jpg\" alt=\"chuck\" width=\"297\" height=\"250\" \/><\/strong><\/p>\n<p><strong><span style=\"font-size: medium;\"><br \/>\nChuck<\/span><\/strong><\/p>\n<p><span style=\"font-size: medium;\">&#8211; Minha esposa e eu fomos membros por uma vida inteira da Igreja SUD. N\u00f3s fomos selados no Templo de Seattle por todo o tempo e eternidade, como marido e esposa. N\u00e3o foi muito tempo depois que est\u00e1vamos vivendo a nossa vida, criando uma fam\u00edlia de 5 filhos. A salva\u00e7\u00e3o eterna da nossa fam\u00edlia dependia da nossa habilidade em cumprir e aplicar todas as obriga\u00e7\u00f5es requeridas e esperadas pela Igreja. Est\u00e1vamos todos debaixo de press\u00e3o, colocando a nossa cara de Domingo que escondia os verdadeiros sentimentos de desgaste, at\u00e9 mesmo esgotando-nos em chamadas para servir, usando tempo adicional que eventualmente conduziria \u00e0 insanidade mental. \u00c9 este o verdadeiro plano de Deus para a felicidade?<strong><a href=\"https:\/\/www.4mormon.org\/chuck-ex-mormon\/\"> Leia a hist\u00f3ria da sa\u00edda de Chuck do Mormonismo<\/a> (em ingl\u00eas). <strong><strong><b><b><strong><strong><img loading=\"lazy\" decoding=\"async\" src=\"https:\/\/witforjesus.org\/images\/buttons\/read-more.jpg\" alt=\"bullets\" width=\"26\" height=\"12\" \/><\/strong><\/strong><\/b><\/b><\/strong><\/strong><br \/>\n<\/strong><\/span><\/p>\n<p><img loading=\"lazy\" decoding=\"async\" src=\"https:\/\/witforjesus.org\/images\/bullets.jpg\" alt=\"bullets\" width=\"10\" height=\"9\" \/> <a title=\"Veja artigos em Ingl\u00eas\" href=\"http:\/\/www.4witness.org\/testimonies\/ex-mormons\/chucks-articles\/\"><strong>Veja artigos em Ingl\u00eas<\/strong><\/a><\/p>\n<p>&nbsp;<\/p>\n<p>&nbsp;<\/p>\n","protected":false},"excerpt":{"rendered":"<p>Chuck &#8211; Minha esposa e eu fomos membros por uma vida inteira da Igreja SUD. N\u00f3s fomos selados no Templo de Seattle por todo o tempo e eternidade, como marido e esposa. N\u00e3o foi muito tempo depois que est\u00e1vamos vivendo a nossa vida, criando uma fam\u00edlia de 5 filhos. A salva\u00e7\u00e3o eterna da nossa fam\u00edlia&#8230;<\/p>\n","protected":false},"author":2,"featured_media":0,"parent":2998,"menu_order":0,"comment_status":"closed","ping_status":"closed","template":"","meta":{"footnotes":""},"class_list":["post-2978","page","type-page","status-publish","hentry"],"_links":{"self":[{"href":"https:\/\/www.4witness.org\/pt-pt\/wp-json\/wp\/v2\/pages\/2978","targetHints":{"allow":["GET"]}}],"collection":[{"href":"https:\/\/www.4witness.org\/pt-pt\/wp-json\/wp\/v2\/pages"}],"about":[{"href":"https:\/\/www.4witness.org\/pt-pt\/wp-json\/wp\/v2\/types\/page"}],"author":[{"embeddable":true,"href":"https:\/\/www.4witness.org\/pt-pt\/wp-json\/wp\/v2\/users\/2"}],"replies":[{"embeddable":true,"href":"https:\/\/www.4witness.org\/pt-pt\/wp-json\/wp\/v2\/comments?post=2978"}],"version-history":[{"count":6,"href":"https:\/\/www.4witness.org\/pt-pt\/wp-json\/wp\/v2\/pages\/2978\/revisions"}],"predecessor-version":[{"id":9896,"href":"https:\/\/www.4witness.org\/pt-pt\/wp-json\/wp\/v2\/pages\/2978\/revisions\/9896"}],"up":[{"embeddable":true,"href":"https:\/\/www.4witness.org\/pt-pt\/wp-json\/wp\/v2\/pages\/2998"}],"wp:attachment":[{"href":"https:\/\/www.4witness.org\/pt-pt\/wp-json\/wp\/v2\/media?parent=2978"}],"curies":[{"name":"wp","href":"https:\/\/api.w.org\/{rel}","templated":true}]}}