{"id":2817,"date":"2013-06-24T03:10:41","date_gmt":"2013-06-24T03:10:41","guid":{"rendered":"http:\/\/www.4witness.org\/?page_id=2817"},"modified":"2014-05-08T17:50:14","modified_gmt":"2014-05-08T17:50:14","slug":"artigos-de-bev","status":"publish","type":"page","link":"https:\/\/www.4witness.org\/pt-pt\/testemunhos\/ex-mormons\/artigos-de-bev\/","title":{"rendered":"Artigos de Bev"},"content":{"rendered":"<p><strong><img loading=\"lazy\" decoding=\"async\" class=\"alignleft\" style=\"margin: 10px;\" src=\"https:\/\/witforjesus.org\/images\/ldsstories\/bev.jpg\" alt=\"bev\" width=\"198\" height=\"205\" \/><span style=\"font-size: medium;\"><strong>Bev<\/strong><\/span><\/strong><\/p>\n<p><span style=\"font-size: medium;\">&#8211; Eu nasci e fui criado SUD no estado de Idaho. A heran\u00e7a da minha fam\u00edlia remonta at\u00e9 ao profeta Joseph Smith. Por 40 anos, eu lutei para procurar respostas \u00e0s minhas perguntas espirituais\u2026 Ningu\u00e9m era capaz de responder \u00e0s minhas perguntas de modo a fazerem sentido, e foi-me dito pela Igreja M\u00f3rmon de que eu n\u00e3o tinha \u201cf\u00e9\u201d suficiente\u2026 A minha jornada espiritual \u00e9 espantosa! Ningu\u00e9m te pode agarrar pela m\u00e3o e mostrar-te o caminho, exceto Jesus. \u00c9 um Relacionamento \u2014 n\u00e3o uma Religi\u00e3o, n\u00e3o uma Igreja \u2014 mas um Relacionamento com o Senhor que \u00e9 o caminho para a vida eterna com Deus! <a title=\"Leia a hist\u00f3ria da sa\u00edda de Bev do Mormonismo\" href=\"http:\/\/4mormon.org\/pt-pt\/o-testemunho-de-bev\/\"><strong>Leia a hist\u00f3ria da sa\u00edda de Bev do Mormonismo. <strong><strong><b><b><strong><strong><img loading=\"lazy\" decoding=\"async\" src=\"https:\/\/witforjesus.org\/images\/buttons\/read-more.jpg\" alt=\"bullets\" width=\"26\" height=\"12\" \/><\/strong><\/strong><\/b><\/b><\/strong><\/strong><\/strong><\/a><\/span><\/p>\n<p><strong><strong><strong><strong><img loading=\"lazy\" decoding=\"async\" src=\"https:\/\/witforjesus.org\/images\/bullets.jpg\" alt=\"bullets\" width=\"10\" height=\"9\" \/><\/strong><\/strong><\/strong><\/strong>\u00a0<a title=\"Vea los art\u00edculos en ingl\u00e9s\" href=\"http:\/\/www.4witness.org\/testimonies\/ex-mormons\/bevs-articles\/\"><strong>Veja artigos em Ingl\u00eas<\/strong><\/a><\/p>\n","protected":false},"excerpt":{"rendered":"<p>Bev &#8211; Eu nasci e fui criado SUD no estado de Idaho. A heran\u00e7a da minha fam\u00edlia remonta at\u00e9 ao profeta Joseph Smith. Por 40 anos, eu lutei para procurar respostas \u00e0s minhas perguntas espirituais\u2026 Ningu\u00e9m era capaz de responder \u00e0s minhas perguntas de modo a fazerem sentido, e foi-me dito pela Igreja M\u00f3rmon de&#8230;<\/p>\n","protected":false},"author":2,"featured_media":0,"parent":2998,"menu_order":0,"comment_status":"closed","ping_status":"closed","template":"","meta":{"footnotes":""},"class_list":["post-2817","page","type-page","status-publish","hentry"],"_links":{"self":[{"href":"https:\/\/www.4witness.org\/pt-pt\/wp-json\/wp\/v2\/pages\/2817","targetHints":{"allow":["GET"]}}],"collection":[{"href":"https:\/\/www.4witness.org\/pt-pt\/wp-json\/wp\/v2\/pages"}],"about":[{"href":"https:\/\/www.4witness.org\/pt-pt\/wp-json\/wp\/v2\/types\/page"}],"author":[{"embeddable":true,"href":"https:\/\/www.4witness.org\/pt-pt\/wp-json\/wp\/v2\/users\/2"}],"replies":[{"embeddable":true,"href":"https:\/\/www.4witness.org\/pt-pt\/wp-json\/wp\/v2\/comments?post=2817"}],"version-history":[{"count":8,"href":"https:\/\/www.4witness.org\/pt-pt\/wp-json\/wp\/v2\/pages\/2817\/revisions"}],"predecessor-version":[{"id":5129,"href":"https:\/\/www.4witness.org\/pt-pt\/wp-json\/wp\/v2\/pages\/2817\/revisions\/5129"}],"up":[{"embeddable":true,"href":"https:\/\/www.4witness.org\/pt-pt\/wp-json\/wp\/v2\/pages\/2998"}],"wp:attachment":[{"href":"https:\/\/www.4witness.org\/pt-pt\/wp-json\/wp\/v2\/media?parent=2817"}],"curies":[{"name":"wp","href":"https:\/\/api.w.org\/{rel}","templated":true}]}}