{"id":2208,"date":"2013-05-10T08:13:36","date_gmt":"2013-05-10T08:13:36","guid":{"rendered":"http:\/\/www.4witness.org\/?page_id=2208"},"modified":"2016-10-21T23:16:42","modified_gmt":"2016-10-22T05:16:42","slug":"politica-de-codigo-de-conduta-para-evangelismo","status":"publish","type":"page","link":"https:\/\/www.4witness.org\/pt-pt\/principal\/politica-de-codigo-de-conduta-para-evangelismo\/","title":{"rendered":"Pol\u00edtica de C\u00f3digo de Conduta para Evangelismo"},"content":{"rendered":"<p><strong><img loading=\"lazy\" decoding=\"async\" src=\"https:\/\/witforjesus.org\/images\/long\/4witness\/code-of-conduct.png\" alt=\"Appropriate Sign\" width=\"590\" height=\"242\" \/><\/strong><\/p>\n<p><strong><b>POL\u00cdTICA DE C\u00d3DIGO DE CONDUTA PARA EVANGELISMO para Volunt\u00e1rios que usem a Literatura de Witnesses for Jesus Inc<\/b><\/strong><\/p>\n<p align=\"justify\">Visto que o nosso minist\u00e9rio crist\u00e3o \u00e9 n\u00e3o-lucrativo e caritativo, procurando combater as falsas cren\u00e7as das Testemunhas de Jeov\u00e1 e M\u00f3rmons, com a verdade do Evangelho B\u00edblico, n\u00f3s prepar\u00e1mos muitos tratados evangel\u00edsticos e brochuras para equipar crist\u00e3os a partilhar a verdade em amor com os membros destes falsos movimentos religiosos. Visto que a maioria do nosso trabalho \u00e9 feito por crist\u00e3os volunt\u00e1rios que integram os recursos que desenvolvemos nos seus estilos individuais de evangelismo, n\u00f3s desenvolvemos esta Pol\u00edtica de C\u00f3digo de Conduta de modo a declarar que m\u00e9todos de evangelismo s\u00e3o aceit\u00e1veis para a nossa miss\u00e3o, vis\u00e3o e valores.<!--more--><\/p>\n<p align=\"justify\"><strong><img loading=\"lazy\" decoding=\"async\" class=\"alignright\" style=\"margin: 10px;\" src=\"https:\/\/witforjesus.org\/images\/home\/conduct-sign.jpg\" alt=\"Appropriate Sign\" width=\"300\" height=\"423\" \/><b>1. EXIBINDO O NOSSO WEBSITE EM SINAIS, T-SHIRTS, ADESIVOS PARA CARROS, FACEBOOK E OUTROS SITES:<\/b><\/strong><\/p>\n<p align=\"justify\">Congratulamo-nos com a exibi\u00e7\u00e3o dos nossos sites em m\u00faltiplas plataformas de m\u00eddia, desde que o texto postado junto com o endere\u00e7o do site seja <b>respeitoso<\/b> e coerente com nosso texto <b>aprovado<\/b> dado no <a title=\"Ferramentas de treino de evangeliza\u00e7\u00e3o para Crist\u00e3os testemunharem os M\u00f3rmons e \u00e0s Testemunhas de Jeov\u00e1\" href=\"https:\/\/www.4witness.org\/pt-pt\/ferramentas-de-treino-de-evangelizacao-para-cristaos-testemunharem-os-mormons-e-as-testemunhas-de-jeova\/\"><strong>Banner do Website e nos Autocolantes, Cart\u00f5es ou Folhetos<\/strong><\/a>. <b>Qualquer outro texto colocado junto com o nosso website n\u00e3o \u00e9 aceit\u00e1vel<\/b>. Um bom exemplo daquilo que uma pessoa pode colocar num placar p\u00fablico, de um Cart\u00e3o de Perguntas para M\u00f3rmons \u00e9 este texto: <b>\u201c<a title=\"\u00c9 o Jesus m\u00f3rmon, o mesmo Jesus da B\u00edblia?\" href=\"http:\/\/4mormon.org\/pt-pt\/e-o-jesus-mormon-o-mesmo-que-o-jesus-da-biblia\/\">\u00c9 o Jesus m\u00f3rmon, o mesmo Jesus da B\u00edblia?<\/a>\u201d<\/b> Colocando esta quest\u00e3o a partir de um nossos cart\u00f5es \u00e9 um modo de alcan\u00e7ar os participantes M\u00f3rmons de um evento, fazendo-os pensar acerca das diferen\u00e7as de cren\u00e7as e aqueles que desejam estudar mais este t\u00f3pico, normalmente ir\u00e3o visitar o nosso website e\/ou falar com a pessoa portando o placar e que esteja a entregar os Cart\u00f5es de Perguntas \u00e0queles que os requisitam.<\/p>\n<p><strong><b>2.\u00a0 DISTRIBUINDO NOSSOS MATERIAIS EM P\u00daBLICO:<\/b><\/strong><\/p>\n<p align=\"justify\">Os volunt\u00e1rios s\u00e3o livres de distribuir nossos folhetos, cart\u00f5es e brochuras e portar cartazes do nosso website <b>APENAS em \u00e1reas p\u00fablicas<\/b>. N\u00f3s pedimos a todos os volunt\u00e1rios que respeitem as leis da liberdade de express\u00e3o do Pa\u00eds e evitem bloquear \u00e1reas de tr\u00e1fego p\u00fablico quando est\u00e3o entregando os nossos folhetos. Tamb\u00e9m pedimos a todos os volunt\u00e1rios que se refreiem de distribuir a nossa literatura em pr\u00e9dios com condom\u00ednios privados e parques de estacionamento. Esta proibi\u00e7\u00e3o inclui a distribui\u00e7\u00e3o dos nossos tratados em carros estacionados em parques de estacionamento privados, tais como em Sal\u00f5es do Reino das Testemunhas de Jeov\u00e1 e edif\u00edcios da Igreja M\u00f3rmon.<\/p>\n<p><strong><b>3.\u00a0 EVANGELIZANDO EM EVENTOS DOS M\u00d3RMONS E DAS TESTEMUNHAS DE JEOV\u00c1:<\/b><\/strong><\/p>\n<p align=\"justify\">Em nenhumas circunst\u00e2ncias o nosso minist\u00e9rio aprova a perturba\u00e7\u00e3o de um evento das Testemunhas de Jeov\u00e1 ou dos M\u00f3rmons. Se o evangelista\u00a0 desejar assistir ao evento, n\u00f3s pedimos que ele ou ela, tenham uma conduta respeitosa e n\u00e3o ridicularizem abertamente as atividades que est\u00e3o a ser realizadas. Se placares forem usados para fazer uma afirma\u00e7\u00e3o, pedimos que esses placares sejam exibidos na via p\u00fablica ou nas \u00e1reas p\u00fablicas fora do evento e que o som de \u00e1udio seja mantido o suficientemente baixo para n\u00e3o perturbar os servi\u00e7os que est\u00e3o sendo realizados dentro do evento das Testemunhas de Jeov\u00e1 ou dos M\u00f3rmons.<\/p>\n<p><strong><b>4.\u00a0 USANDO LINGUAGEM E TOM DE VOZ RESPEITOSOS:<\/b><\/strong><\/p>\n<p align=\"justify\">Visto que valorizamos a gra\u00e7a, a verdade e o amor b\u00edblicos, n\u00f3s n\u00e3o aprovamos a prega\u00e7\u00e3o de rua em eventos dos M\u00f3rmons e Testemunhas de Jeov\u00e1, <b>onde o evangelista tem que falar alto<\/b> <strong>ou tem de gritar<\/strong> para os participantes de modo a ter a sua aten\u00e7\u00e3o. Embora tenhamos amigos no minist\u00e9rio que utilizam este tipo de prega\u00e7\u00e3o na rua em seus esfor\u00e7os evangelistas, o nosso minist\u00e9rio n\u00e3o apoia esta atividade porque cria uma atmosfera ainda mais adversa e que dificulta a comunica\u00e7\u00e3o sincera.<\/p>\n<p align=\"justify\">\n","protected":false},"excerpt":{"rendered":"<p>POL\u00cdTICA DE C\u00d3DIGO DE CONDUTA PARA EVANGELISMO para Volunt\u00e1rios que usem a Literatura de Witnesses for Jesus Inc Visto que o nosso minist\u00e9rio crist\u00e3o \u00e9 n\u00e3o-lucrativo e caritativo, procurando combater as falsas cren\u00e7as das Testemunhas de Jeov\u00e1 e M\u00f3rmons, com a verdade do Evangelho B\u00edblico, n\u00f3s prepar\u00e1mos muitos tratados evangel\u00edsticos e brochuras para equipar crist\u00e3os&#8230;<\/p>\n","protected":false},"author":2,"featured_media":0,"parent":2203,"menu_order":0,"comment_status":"closed","ping_status":"closed","template":"","meta":{"footnotes":""},"class_list":["post-2208","page","type-page","status-publish","hentry"],"_links":{"self":[{"href":"https:\/\/www.4witness.org\/pt-pt\/wp-json\/wp\/v2\/pages\/2208","targetHints":{"allow":["GET"]}}],"collection":[{"href":"https:\/\/www.4witness.org\/pt-pt\/wp-json\/wp\/v2\/pages"}],"about":[{"href":"https:\/\/www.4witness.org\/pt-pt\/wp-json\/wp\/v2\/types\/page"}],"author":[{"embeddable":true,"href":"https:\/\/www.4witness.org\/pt-pt\/wp-json\/wp\/v2\/users\/2"}],"replies":[{"embeddable":true,"href":"https:\/\/www.4witness.org\/pt-pt\/wp-json\/wp\/v2\/comments?post=2208"}],"version-history":[{"count":9,"href":"https:\/\/www.4witness.org\/pt-pt\/wp-json\/wp\/v2\/pages\/2208\/revisions"}],"predecessor-version":[{"id":7748,"href":"https:\/\/www.4witness.org\/pt-pt\/wp-json\/wp\/v2\/pages\/2208\/revisions\/7748"}],"up":[{"embeddable":true,"href":"https:\/\/www.4witness.org\/pt-pt\/wp-json\/wp\/v2\/pages\/2203"}],"wp:attachment":[{"href":"https:\/\/www.4witness.org\/pt-pt\/wp-json\/wp\/v2\/media?parent=2208"}],"curies":[{"name":"wp","href":"https:\/\/api.w.org\/{rel}","templated":true}]}}