{"id":2203,"date":"2013-05-10T07:21:48","date_gmt":"2013-05-10T07:21:48","guid":{"rendered":"http:\/\/www.4witness.org\/?page_id=2203"},"modified":"2019-06-01T16:40:24","modified_gmt":"2019-06-01T22:40:24","slug":"principal","status":"publish","type":"page","link":"https:\/\/www.4witness.org\/pt-pt\/","title":{"rendered":"P\u00e1gina Principal"},"content":{"rendered":"<p><strong><span style=\"font-size: x-large;\">Bem-vindas Testemunhas Crist\u00e3s para Jesus<br \/>\n<\/span><\/strong><\/p>\n<p><strong><span style=\"font-size: medium;\"><img loading=\"lazy\" decoding=\"async\" src=\"https:\/\/witforjesus.org\/images\/bullets.jpg\" alt=\"bullets\" width=\"10\" height=\"9\" \/><\/span> <\/strong><a title=\"Sobre N\u00f3s\" href=\"https:\/\/www.4witness.org\/pt-pt\/principal\/sobre-nos\/\"><strong>QUEM N\u00d3S SOMOS \u2013 Testemunho de Crist\u00e3os a Testemunhas de Jeov\u00e1 e M\u00f3rmons<\/strong><\/a><\/p>\n<p>N\u00f3s somos um minist\u00e9rio Crist\u00e3o dedicado a partilhar as boas novas da salva\u00e7\u00e3o eterna em Jesus Cristo. A nossa \u00e1rea de atua\u00e7\u00e3o \u00e9 alcan\u00e7ar os cora\u00e7\u00f5es e as mentes de Testemunhas de Jeov\u00e1 e M\u00f3rmons ( Santos dos \u00daltimos Dias ou SUD). Independentemente de estar atualmente envolvido num desses grupos ou tenha amigos e parentes envolvidos, o nosso website \u00e9 para si! Saiba mais sobre n\u00f3s aqui. <a title=\"Sobre N\u00f3s\" href=\"https:\/\/www.4witness.org\/pt-pt\/principal\/sobre-nos\/\"><strong><strong><b><b><strong><strong><img loading=\"lazy\" decoding=\"async\" src=\"https:\/\/witforjesus.org\/images\/buttons\/read-more.jpg\" alt=\"bullets\" width=\"26\" height=\"12\" \/><\/strong><\/strong><\/b><\/b><\/strong><\/strong><\/a><\/p>\n<p><a title=\"Why Mormons and Jehovah\u2019s Witnesses are Not Christians\" href=\"https:\/\/www.4witness.org\/pt-pt\/porque-mormones-e-as-testemunhas-de-jeova-nao-sao-cristaos\/\"><img loading=\"lazy\" decoding=\"async\" class=\"alignnone\" src=\"https:\/\/witforjesus.org\/images\/long\/4witness\/jw-lds.png\" alt=\"\" width=\"489\" height=\"315\" \/><\/a><\/p>\n<p><strong><span style=\"font-size: medium;\"><img loading=\"lazy\" decoding=\"async\" src=\"https:\/\/witforjesus.org\/images\/bullets.jpg\" alt=\"bullets\" width=\"10\" height=\"9\" \/> <a title=\"Porque M\u00f3rmones e as Testemunhas de Jeov\u00e1 N\u00e3o S\u00e3o Crist\u00e3os\" href=\"https:\/\/www.4witness.org\/pt-pt\/porque-mormones-e-as-testemunhas-de-jeova-nao-sao-cristaos\/\">PORQUE OS M\u00d3RMONS E AS TESTEMUNHAS DE JEOV\u00c1 N\u00c3O S\u00c3O CRIST\u00c3OS <\/a><strong>Se eles \u201cacreditam em Jesus\u201d porque dizemos que eles n\u00e3o s\u00e3o crist\u00e3os? <\/strong><a title=\"Porque M\u00f3rmones e as Testemunhas de Jeov\u00e1 N\u00e3o S\u00e3o Crist\u00e3os\" href=\"https:\/\/www.4witness.org\/pt-pt\/porque-mormones-e-as-testemunhas-de-jeova-nao-sao-cristaos\/\"><strong><strong><b><b><strong><strong><img loading=\"lazy\" decoding=\"async\" src=\"https:\/\/witforjesus.org\/images\/buttons\/read-more.jpg\" alt=\"bullets\" width=\"26\" height=\"12\" \/><\/strong><\/strong><\/b><\/b><\/strong><\/strong><\/a><br \/>\n<\/span><\/strong><\/p>\n<p><img loading=\"lazy\" decoding=\"async\" src=\"https:\/\/witforjesus.org\/images\/home\/app-long.jpg\" alt=\"\" width=\"590\" height=\"332\" \/><\/p>\n<p>Aplica\u00e7\u00e3o de Witnesses for Jesus para celulares e tablets<\/p>\n<p><a href=\"https:\/\/www.4witness.org\/pt-pt\/o-que-oferecemos\/cristaos-testemunharem-as-testemunhas-de-jeova\/\"><img loading=\"lazy\" decoding=\"async\" class=\"alignnone\" src=\"https:\/\/witforjesus.org\/images\/long\/4jehovah\/evangelism.png\" alt=\"\" width=\"590\" height=\"265\" \/><\/a><\/p>\n<p><a title=\"Crist\u00e3os testemunharem \u00e0s Testemunhas de Jeov\u00e1\" href=\"https:\/\/www.4witness.org\/pt-pt\/o-que-oferecemos\/cristaos-testemunharem-as-testemunhas-de-jeova\/\"><span style=\"font-size: large;\"><strong><span class=\"style17\">FERRAMENTAS DE TREINO DE EVANGELIZA\u00c7\u00c3O PARA CRIST\u00c3OS TESTEMUNHAREM \u00c0S TESTEMUNHAS DE JEOV\u00c1<\/span><\/strong><\/span><\/a><\/p>\n<p><a href=\"https:\/\/www.4witness.org\/pt-pt\/o-que-oferecemos\/cristaos-testemunharem-os-mormons\/\"><img loading=\"lazy\" decoding=\"async\" class=\"alignnone\" src=\"https:\/\/witforjesus.org\/images\/long\/4mormon\/missionary-tools.png\" alt=\"\" width=\"590\" height=\"243\" \/><\/a><\/p>\n<p><a title=\"Crist\u00e3os testemunharem os M\u00f3rmons\" href=\"https:\/\/www.4witness.org\/pt-pt\/o-que-oferecemos\/cristaos-testemunharem-os-mormons\/\"><span style=\"font-size: large;\"><strong><span class=\"style17\">FERRAMENTAS DE TREINO DE EVANGELIZA\u00c7\u00c3O PARA CRIST\u00c3OS TESTEMUNHAREM OS M\u00d3RMONS<\/span><\/strong><\/span><\/a><\/p>\n<p><strong><span style=\"font-size: large;\"><a title=\"Grupos de Apoio\" href=\"https:\/\/www.4witness.org\/pt-pt\/principal\/grupos-de-apoio\/\">Juntar-se ao nosso grupos online de apoio para Ex-Testemunhas de Jeov\u00e1 <span id=\"result_box\" class=\"short_text\" lang=\"pt\"><span class=\"hps\">e<\/span> <span class=\"hps\">Ex-M\u00f3rmons<\/span><\/span>.<\/a><\/span><\/strong><\/p>\n<p><a href=\"https:\/\/www.4witness.org\/pt-pt\/salvacao-o-que-e-necessario-para-se-ter-vida-eterna\/\"><img loading=\"lazy\" decoding=\"async\" class=\"alignnone\" src=\"https:\/\/www.witforjesus.org\/images\/long\/4witness\/prayer-young.png\" alt=\"\" width=\"590\" height=\"333\" \/><\/a><\/p>\n<p><a title=\"SALVA\u00c7\u00c3O \u2013 O que \u00e9 necess\u00e1rio para se ter vida eterna?\" href=\"https:\/\/www.4witness.org\/pt-pt\/salvacao-o-que-e-necessario-para-se-ter-vida-eterna\/\"><strong><span style=\"font-size: large;\">SALVA\u00c7\u00c3O \u2013 O que \u00e9 necess\u00e1rio para ter a vida eterna?<\/span><\/strong><\/a><\/p>\n<p><a href=\"https:\/\/www.4witness.org\/pt-pt\/eu-orei-para-receber-jesus-e-agora\/\"><img loading=\"lazy\" decoding=\"async\" class=\"alignnone\" src=\"https:\/\/www.witforjesus.org\/images\/long\/4witness\/mountain-stream.png\" alt=\"\" width=\"590\" height=\"310\" \/><\/a><\/p>\n<p><a title=\"Eu Orei Para Receber Jesus. E Agora?\" href=\"https:\/\/www.4witness.org\/pt-pt\/eu-orei-para-receber-jesus-e-agora\/\"><strong><span style=\"font-size: large;\">EU OREI PARA RECEBER JESUS. E AGORA? Devo Juntar-me a uma Igreja? Se \u00e9 assim, como posso encontrar uma boa igreja?<\/span><\/strong><\/a><\/p>\n<p><a href=\"https:\/\/www.4witness.org\/pt-pt\/e-amoroso-derrubar-as-crencas-de-outros\/\"><img loading=\"lazy\" decoding=\"async\" class=\"alignnone\" src=\"https:\/\/www.witforjesus.org\/images\/long\/4witness\/tear-down.png\" alt=\"\" width=\"590\" height=\"243\" \/><\/a><\/p>\n<p><strong><a title=\"\u00c9 amoroso derrubar as cren\u00e7as de outros?\" href=\"https:\/\/www.4witness.org\/pt-pt\/e-amoroso-derrubar-as-crencas-de-outros\/\">\u00c9 AMOROSO DERRUBAR AS CREN\u00c7AS DE ALGU\u00c9M? \u2013 Uma Carta Aberta \u00c0queles que se Op\u00f5em ao Nosso Minist\u00e9rio<\/a>\u00a0<\/strong><\/p>\n<p><img loading=\"lazy\" decoding=\"async\" class=\"alignnone\" src=\"https:\/\/www.witforjesus.org\/images\/long\/4witness\/cave.png\" alt=\"\" width=\"590\" height=\"282\" \/><\/p>\n<p><a title=\"O QUE \u00c9 UMA SEITA?\u2014 Factores-Chave que voc\u00ea deve saber acerca de Seitas e Controle Mental\" href=\"https:\/\/www.4witness.org\/pt-pt\/o-que-e-uma-seita-factores-chave-que-voce-deve-saber-acerca-de-seitas-e-controle-mental\/\"><span style=\"font-size: large;\"><strong><span class=\"style16\">O QUE \u00c9 UMA SEITA? Factos Importantes que Voc\u00ea Deve Saber Acerca de Seitas e Controle Mental<\/span><\/strong><\/span><\/a><\/p>\n<p><img loading=\"lazy\" decoding=\"async\" class=\"alignnone\" src=\"https:\/\/www.witforjesus.org\/images\/long\/4witness\/resurrection.png\" alt=\"\" width=\"590\" height=\"300\" \/><\/p>\n<p><strong><span class=\"style17\"><a title=\"Testemunho de Jo\u00e3o 11 \u2013 \u201cTodo o que vive e cr\u00ea em mim n\u00e3o morrer\u00e1, eternamente.\u201d Voc\u00ea acredita nisto?\" href=\"https:\/\/www.4witness.org\/pt-pt\/testemunho-de-joao-11-todo-o-que-vive-e-cre-em-mim-nao-morrera-eternamente-voce-acredita-nisto\/\">\u201cTodo Aquele que Vive e Cr\u00ea em Mim Jamais Morrer\u00e1. Voc\u00ea acredita nisso? <b>\u2013 <\/b>Um Testemunho de Jo\u00e3o 11<\/a><\/span><\/strong><\/p>\n<p><span style=\"font-size: small;\"><span style=\"font-size: medium;\"><strong><img loading=\"lazy\" decoding=\"async\" class=\"alignleft\" src=\"https:\/\/www.witforjesus.org\/images\/ldsblogs\/rob\/rob-doug.jpg\" width=\"210\" height=\"158\" \/><a href=\"https:\/\/www.4witness.org\/pt-pt\/testemunhos\/ex-mormons\/artigos-de-rob\/\">Ol\u00e1 eu sou Rob<\/a>.<\/strong><\/span>\u00a0 Fui criado como M\u00f3rmon e, nesta foto, estou em p\u00e9 com meu amigo Doug, que foi criado como Testemunha de Jeov\u00e1. N\u00f3s dois crescemos em religi\u00f5es que ensinam um Jesus diferente daquele que a B\u00edblia proclama. Quando aprendemos a verdade sobre quem \u00e9 Jesus Cristo e o que Ele fez para nos salvar, deix\u00e1mos a religi\u00e3o para abra\u00e7ar um relacionamento pessoal com Cristo, confiando em Suas obras somente para a salva\u00e7\u00e3o. O evangelho b\u00edblico de Cristo \u00e9 simples. Tudo o que voc\u00ea precisa fazer \u00e9 colocar sua f\u00e9 em Jesus Cristo como Deus e Senhor de sua vida, aceitar Sua morte expiat\u00f3ria pelo pecado e abrir seu cora\u00e7\u00e3o para receber o dom do Seu Esp\u00edrito Santo que traz regenera\u00e7\u00e3o \u00e0 sua vida e faz voc\u00ea nascer de novo.<\/span><\/p>\n<p>&nbsp;<\/p>\n<p><span style=\"font-size: x-large;\"><strong><a title=\"Ex-M\u00f3rmons\" href=\"https:\/\/www.4witness.org\/pt-pt\/testemunhos\/ex-mormons\/\">MAIS TESTEMUNHOS DE EX-M\u00d3RMONS<\/a><br \/>\n<\/strong><\/span><\/p>\n<p><img decoding=\"async\" src=\"https:\/\/witforjesus.org\/images\/ldsstories\/ldsstories.jpg\" alt=\"TRUE FREEDOM\" \/><\/p>\n<p><span style=\"font-size: small;\"><a title=\"Artigos de Trish\" href=\"https:\/\/www.4witness.org\/pt-pt\/testemunhos\/ex-testemunhas-de-jeova\/artigos-de-trish\/\"><span style=\"font-size: medium;\"><strong><img loading=\"lazy\" decoding=\"async\" class=\" alignleft\" style=\"margin-right: 5px; margin-left: 5px;\" src=\"https:\/\/witforjesus.org\/images\/jwstories\/trish.jpg\" alt=\"Anne Marie\" width=\"150\" height=\"147\" \/>Ol\u00e1! Eu sou a Trish.<\/strong><\/span><\/a> Eu fui uma Testemunha de Jeov\u00e1 por 42 anos. Eu estava perdida e tinha fome e n\u00e3o sabia do qu\u00ea&#8230; at\u00e9 que descobri quem Cristo realmente \u00e9. Em todos esses anos, indo de porta em porta com a minha B\u00edblia, ningu\u00e9m partilhou Cristo comigo. Eu penso que eles n\u00e3o sabiam como. Eu penso que eles n\u00e3o sabiam que podiam ou que eles precisavam. Eu estou grata de que algu\u00e9m finalmente o fez.\u00a0 <a title=\"Artigos de Trish\" href=\"https:\/\/www.4witness.org\/pt-pt\/testemunhos\/ex-testemunhas-de-jeova\/artigos-de-trish\/\"><strong><b><img loading=\"lazy\" decoding=\"async\" src=\"https:\/\/witforjesus.org\/images\/buttons\/read-more.jpg\" alt=\"bullets\" width=\"26\" height=\"12\" \/><\/b><\/strong><\/a><\/span><\/p>\n<p>&nbsp;<\/p>\n<p>&nbsp;<\/p>\n<p>&nbsp;<\/p>\n<p><a href=\"https:\/\/www.4witness.org\/pt-pt\/testemunhos\/ex-testemunhas-de-jeova\/\"><span style=\"font-size: x-large;\"><strong>MAIS TESTEMUNHOS DE EX-TESTEMUNHAS DE JEOV\u00c1<\/strong><\/span><\/a><\/p>\n<p><a title=\"Ex-testemunhas de Jeov\u00e1\" href=\"https:\/\/www.4witness.org\/pt-pt\/testemunhos\/ex-testemunhas-de-jeova\/\"><img loading=\"lazy\" decoding=\"async\" src=\"https:\/\/witforjesus.org\/images\/jwstories\/jwstories.jpg\" alt=\"TRUE FREEDOM\" width=\"590\" height=\"156\" \/><\/a><\/p>\n<p>&nbsp;<\/p>\n","protected":false},"excerpt":{"rendered":"<p>Bem-vindas Testemunhas Crist\u00e3s para Jesus QUEM N\u00d3S SOMOS \u2013 Testemunho de Crist\u00e3os a Testemunhas de Jeov\u00e1 e M\u00f3rmons N\u00f3s somos um minist\u00e9rio Crist\u00e3o dedicado a partilhar as boas novas da salva\u00e7\u00e3o eterna em Jesus Cristo. A nossa \u00e1rea de atua\u00e7\u00e3o \u00e9 alcan\u00e7ar os cora\u00e7\u00f5es e as mentes de Testemunhas de Jeov\u00e1 e M\u00f3rmons ( Santos&#8230;<\/p>\n","protected":false},"author":2,"featured_media":0,"parent":0,"menu_order":0,"comment_status":"closed","ping_status":"closed","template":"","meta":{"footnotes":""},"class_list":["post-2203","page","type-page","status-publish","hentry"],"_links":{"self":[{"href":"https:\/\/www.4witness.org\/pt-pt\/wp-json\/wp\/v2\/pages\/2203","targetHints":{"allow":["GET"]}}],"collection":[{"href":"https:\/\/www.4witness.org\/pt-pt\/wp-json\/wp\/v2\/pages"}],"about":[{"href":"https:\/\/www.4witness.org\/pt-pt\/wp-json\/wp\/v2\/types\/page"}],"author":[{"embeddable":true,"href":"https:\/\/www.4witness.org\/pt-pt\/wp-json\/wp\/v2\/users\/2"}],"replies":[{"embeddable":true,"href":"https:\/\/www.4witness.org\/pt-pt\/wp-json\/wp\/v2\/comments?post=2203"}],"version-history":[{"count":40,"href":"https:\/\/www.4witness.org\/pt-pt\/wp-json\/wp\/v2\/pages\/2203\/revisions"}],"predecessor-version":[{"id":9946,"href":"https:\/\/www.4witness.org\/pt-pt\/wp-json\/wp\/v2\/pages\/2203\/revisions\/9946"}],"wp:attachment":[{"href":"https:\/\/www.4witness.org\/pt-pt\/wp-json\/wp\/v2\/media?parent=2203"}],"curies":[{"name":"wp","href":"https:\/\/api.w.org\/{rel}","templated":true}]}}