{"id":1403,"date":"2013-04-10T04:32:20","date_gmt":"2013-04-10T04:32:20","guid":{"rendered":"http:\/\/www.4witness.org\/?page_id=1403"},"modified":"2014-03-28T02:36:57","modified_gmt":"2014-03-28T02:36:57","slug":"artigos-de-david","status":"publish","type":"page","link":"https:\/\/www.4witness.org\/pt-pt\/testemunhos\/ex-testemunhas-de-jeova\/artigos-de-david\/","title":{"rendered":"Artigos de David"},"content":{"rendered":"<p><strong><img loading=\"lazy\" decoding=\"async\" class=\"alignleft\" style=\"margin: 10px;\" alt=\"jason_family\" src=\"https:\/\/witforjesus.org\/images\/jwstories\/davidh.jpg\" width=\"213\" height=\"198\" \/><\/strong><span style=\"font-size: medium;\"><strong>David <\/strong><\/span><\/p>\n<p><span style=\"font-size: medium;\">&#8211; Criada como Testemunha de Jeov\u00e1 em Inglaterra e gastando 49 anos como prisioneiros da Torre de Vigia, David e sua mulher Christine sa\u00edram para encontrar a verdadeira liberdade em Cristo. Indo para \u201conde a necessidade \u00e9 maior\u201d, David serviu em v\u00e1rias posi\u00e7\u00f5es de lideran\u00e7a dentro da organiza\u00e7\u00e3o, apenas para descobrir que os seus esfor\u00e7os foram recompensados com ostraciza\u00e7\u00e3o injustificada e uma genu\u00edna \u201cfalta de amor\u201d entre os \u201cirm\u00e3os\u201d e \u201cirm\u00e3s\u201d da congrega\u00e7\u00e3o. Apenas numa rela\u00e7\u00e3o pessoal com Jesus, eles encontraram o que haviam ansiado todas as suas vidas. <a href=\"http:\/\/4jehovah.org\/pt-pt\/a-historia-da-saida-de-david-das-testemunhas-de-jeova\/\"><strong>Leia a Hist\u00f3ria da Sa\u00edda de David das Testemunhas de Jeov\u00e1.<\/strong><\/a><strong>\u00a0 <\/strong><a href=\"http:\/\/4jehovah.org\/pt-pt\/a-historia-da-saida-de-david-das-testemunhas-de-jeova\/\"><strong><strong><strong><strong><strong><strong><strong><b><b><strong><strong><img loading=\"lazy\" decoding=\"async\" alt=\"bullets\" src=\"https:\/\/witforjesus.org\/images\/buttons\/read-more.jpg\" width=\"26\" height=\"12\" \/><\/strong><\/strong><\/b><\/b><\/strong><\/strong><\/strong><\/strong><\/strong><\/strong><\/strong><\/a><\/span><\/p>\n<p><strong><img loading=\"lazy\" decoding=\"async\" alt=\"bullets\" src=\"https:\/\/witforjesus.org\/images\/bullets.jpg\" width=\"10\" height=\"9\" \/>\u00a0<a title=\"Veja artigos em Ingl\u00eas\" href=\"http:\/\/www.4witness.org\/testimonies\/ex-jehovahs-witnesses\/davids-articles\/\">Veja artigos em Ingl\u00eas<\/a><\/strong><\/p>\n","protected":false},"excerpt":{"rendered":"<p>David &#8211; Criada como Testemunha de Jeov\u00e1 em Inglaterra e gastando 49 anos como prisioneiros da Torre de Vigia, David e sua mulher Christine sa\u00edram para encontrar a verdadeira liberdade em Cristo. Indo para \u201conde a necessidade \u00e9 maior\u201d, David serviu em v\u00e1rias posi\u00e7\u00f5es de lideran\u00e7a dentro da organiza\u00e7\u00e3o, apenas para descobrir que os seus&#8230;<\/p>\n","protected":false},"author":2,"featured_media":0,"parent":706,"menu_order":0,"comment_status":"closed","ping_status":"closed","template":"","meta":{"footnotes":""},"class_list":["post-1403","page","type-page","status-publish","hentry"],"_links":{"self":[{"href":"https:\/\/www.4witness.org\/pt-pt\/wp-json\/wp\/v2\/pages\/1403","targetHints":{"allow":["GET"]}}],"collection":[{"href":"https:\/\/www.4witness.org\/pt-pt\/wp-json\/wp\/v2\/pages"}],"about":[{"href":"https:\/\/www.4witness.org\/pt-pt\/wp-json\/wp\/v2\/types\/page"}],"author":[{"embeddable":true,"href":"https:\/\/www.4witness.org\/pt-pt\/wp-json\/wp\/v2\/users\/2"}],"replies":[{"embeddable":true,"href":"https:\/\/www.4witness.org\/pt-pt\/wp-json\/wp\/v2\/comments?post=1403"}],"version-history":[{"count":9,"href":"https:\/\/www.4witness.org\/pt-pt\/wp-json\/wp\/v2\/pages\/1403\/revisions"}],"predecessor-version":[{"id":4906,"href":"https:\/\/www.4witness.org\/pt-pt\/wp-json\/wp\/v2\/pages\/1403\/revisions\/4906"}],"up":[{"embeddable":true,"href":"https:\/\/www.4witness.org\/pt-pt\/wp-json\/wp\/v2\/pages\/706"}],"wp:attachment":[{"href":"https:\/\/www.4witness.org\/pt-pt\/wp-json\/wp\/v2\/media?parent=1403"}],"curies":[{"name":"wp","href":"https:\/\/api.w.org\/{rel}","templated":true}]}}