{"id":130,"date":"2013-02-01T05:52:07","date_gmt":"2013-02-01T05:52:07","guid":{"rendered":"http:\/\/www.4witness.org\/?page_id=130"},"modified":"2014-03-27T23:16:42","modified_gmt":"2014-03-27T23:16:42","slug":"artigos-de-anne-marie","status":"publish","type":"page","link":"https:\/\/www.4witness.org\/pt-pt\/testemunhos\/ex-testemunhas-de-jeova\/artigos-de-anne-marie\/","title":{"rendered":"Artigos de Anne Marie"},"content":{"rendered":"<div><strong><strong><img loading=\"lazy\" decoding=\"async\" class=\"alignleft\" style=\"margin: 10px;\" alt=\"annemarie\" src=\"https:\/\/witforjesus.org\/images\/jwstories\/annemarie.jpg\" width=\"209\" height=\"250\" \/><\/strong><\/strong><\/div>\n<div><span style=\"font-size: medium;\"><strong>\u00a0<\/strong><\/span><\/div>\n<div><strong><span style=\"font-size: medium;\">Anne Marie &#8211; Voc\u00ea pode t\u00ea-la visto no Sal\u00e3o do Reino. <\/span><\/strong><\/div>\n<div><\/div>\n<div><span style=\"font-size: medium;\">Voc\u00ea conhece aquela irm\u00e3 jovem e bonita, com \u201ctodos aqueles filhos.\u201d Aquela que lutou para criar os filhos \u201cna verdade\u201d sozinha. A que raramente foi considerada como \u201cposs\u00edvel esposa\u201d porque ela era \u201cmercadoria danificada.\u201d Dessassociada por ter sido violada, Anne Marie finalmente sentiu-se livre&#8230; Como podia ser isso? N\u00e3o tinha ela sido ensinada, desde os cinco anos de idade, que a organiza\u00e7\u00e3o Torre de Vigia era \u201ca verdade\u201d? Finalmente, ela descobriu a verdade real por detr\u00e1s de \u201ca verdade\u201d e encontrou a alegria em Cristo pela qual ansiara toda a sua vida. <a title=\"A Hist\u00f3ria da Sa\u00edda de Anne Marie das Testemunhas de Jeov\u00e1\" href=\"http:\/\/4jehovah.org\/pt-pt\/a-historia-da-saida-de-anne-marie-das-testemunhas-de-jeova\/\"><strong>Leia a Hist\u00f3ria da Sa\u00edda de Anne Marie das Testemunhas de Jeov\u00e1<strong><strong><b><b><strong><strong><b>.<\/b><\/strong><\/strong><\/b><\/b><\/strong><\/strong><\/strong><\/a><strong><strong><strong><b><b><strong><strong> <\/strong><\/strong><\/b><\/b><\/strong><\/strong><\/strong><a title=\"A Hist\u00f3ria da Sa\u00edda de Anne Marie das Testemunhas de Jeov\u00e1\" href=\"http:\/\/4jehovah.org\/pt-pt\/a-historia-da-saida-de-anne-marie-das-testemunhas-de-jeova\/\"><strong><strong><strong><b><b><strong><strong><img loading=\"lazy\" decoding=\"async\" alt=\"bullets\" src=\"https:\/\/witforjesus.org\/images\/buttons\/read-more.jpg\" width=\"26\" height=\"12\" \/><\/strong><\/strong><\/b><\/b><\/strong><\/strong><\/strong><\/a><b><\/b><\/span><\/div>\n<div><\/div>\n<div><img loading=\"lazy\" decoding=\"async\" alt=\"TRUE FREEDOM\" src=\"https:\/\/witforjesus.org\/images\/home\/space2.jpg\" width=\"103\" height=\"13\" \/><\/div>\n<div><img loading=\"lazy\" decoding=\"async\" alt=\"bullets\" src=\"https:\/\/witforjesus.org\/images\/bullets.jpg\" width=\"10\" height=\"9\" \/><a title=\"Eu Tenho Medo De Ser Destru\u00eddo No Armagedom\" href=\"http:\/\/4jehovah.org\/pt-pt\/eu-tenho-medo-de-ser-destruido-no-armagedom\/\"><strong> Eu Tenho Medo De Ser Destru\u00eddo No Armagedom <strong>\u2014 E se afinal as Testemunhas de Jeov\u00e1 est\u00e3o certas?<\/strong><\/strong><\/a><\/div>\n<div><img loading=\"lazy\" decoding=\"async\" alt=\"TRUE FREEDOM\" src=\"https:\/\/witforjesus.org\/images\/home\/space2.jpg\" width=\"103\" height=\"13\" \/><\/div>\n<div><img loading=\"lazy\" decoding=\"async\" alt=\"bullets\" src=\"https:\/\/witforjesus.org\/images\/bullets.jpg\" width=\"10\" height=\"9\" \/> <strong><a title=\"Veja artigos em Ingl\u00eas\" href=\"http:\/\/www.4witness.org\/testimonies\/ex-jehovahs-witnesses\/anne-maries-articles\/\">Veja mais artigos em Ingl\u00eas<\/a><br \/>\n<\/strong><\/div>\n","protected":false},"excerpt":{"rendered":"<p>\u00a0 Anne Marie &#8211; Voc\u00ea pode t\u00ea-la visto no Sal\u00e3o do Reino. Voc\u00ea conhece aquela irm\u00e3 jovem e bonita, com \u201ctodos aqueles filhos.\u201d Aquela que lutou para criar os filhos \u201cna verdade\u201d sozinha. A que raramente foi considerada como \u201cposs\u00edvel esposa\u201d porque ela era \u201cmercadoria danificada.\u201d Dessassociada por ter sido violada, Anne Marie finalmente sentiu-se&#8230;<\/p>\n","protected":false},"author":2,"featured_media":14909,"parent":706,"menu_order":0,"comment_status":"closed","ping_status":"closed","template":"","meta":{"footnotes":""},"class_list":["post-130","page","type-page","status-publish","has-post-thumbnail","hentry"],"_links":{"self":[{"href":"https:\/\/www.4witness.org\/pt-pt\/wp-json\/wp\/v2\/pages\/130","targetHints":{"allow":["GET"]}}],"collection":[{"href":"https:\/\/www.4witness.org\/pt-pt\/wp-json\/wp\/v2\/pages"}],"about":[{"href":"https:\/\/www.4witness.org\/pt-pt\/wp-json\/wp\/v2\/types\/page"}],"author":[{"embeddable":true,"href":"https:\/\/www.4witness.org\/pt-pt\/wp-json\/wp\/v2\/users\/2"}],"replies":[{"embeddable":true,"href":"https:\/\/www.4witness.org\/pt-pt\/wp-json\/wp\/v2\/comments?post=130"}],"version-history":[{"count":22,"href":"https:\/\/www.4witness.org\/pt-pt\/wp-json\/wp\/v2\/pages\/130\/revisions"}],"predecessor-version":[{"id":4832,"href":"https:\/\/www.4witness.org\/pt-pt\/wp-json\/wp\/v2\/pages\/130\/revisions\/4832"}],"up":[{"embeddable":true,"href":"https:\/\/www.4witness.org\/pt-pt\/wp-json\/wp\/v2\/pages\/706"}],"wp:featuredmedia":[{"embeddable":true,"href":"https:\/\/www.4witness.org\/pt-pt\/wp-json\/wp\/v2\/media\/14909"}],"wp:attachment":[{"href":"https:\/\/www.4witness.org\/pt-pt\/wp-json\/wp\/v2\/media?parent=130"}],"curies":[{"name":"wp","href":"https:\/\/api.w.org\/{rel}","templated":true}]}}