{"id":1222,"date":"2013-03-06T20:03:46","date_gmt":"2013-03-06T20:03:46","guid":{"rendered":"http:\/\/www.4witness.org\/?page_id=1222"},"modified":"2014-03-28T03:19:36","modified_gmt":"2014-03-28T03:19:36","slug":"artigos-de-trish","status":"publish","type":"page","link":"https:\/\/www.4witness.org\/pt-pt\/testemunhos\/ex-testemunhas-de-jeova\/artigos-de-trish\/","title":{"rendered":"Artigos de Trish"},"content":{"rendered":"<p><strong><strong><img loading=\"lazy\" decoding=\"async\" class=\"alignleft\" style=\"margin: 10px;\" alt=\"annemarie\" src=\"https:\/\/witforjesus.org\/images\/jwstories\/trish.jpg\" width=\"206\" height=\"202\" \/><span style=\"font-size: medium;\">Trish\u00a0<\/span><\/strong><\/strong><\/p>\n<p><span style=\"font-size: medium;\">\u2013 Nascida e criada como Testemunha de Jeov\u00e1 por 42 anos, ela experienciou em primeira m\u00e3o a hipocrisia que existe no ambiente legal\u00edstico da organiza\u00e7\u00e3o Torre de Vigia. Depois de sofrer anos de abuso no seu casamento Testemunha de Jeov\u00e1 e de falhar em viver \u00e0 altura das expectativas da Torre de Vigia, Trish divorciou-se do seu marido TJ , dizendo-lhe que ele podia ter a cust\u00f3dia da religi\u00e3o, mas que ela ficava com as crian\u00e7as! Vivendo num limbo sem nenhuma filia\u00e7\u00e3o religiosa com que se identificar, Deus na Sua miseric\u00f3rdia e gra\u00e7a abriu os olhos de Trish para a Verdade de Quem realmente Jesus \u00e9! Rendendo-se completamente a Ele, ela encontrou a paz e alegria que havia procurado toda a sua vida, e Ele at\u00e9 mesmo a aben\u00e7oou com um gentil e amoroso marido crist\u00e3o, para cuidar dela. <a title=\"Leia a Hist\u00f3ria da Sa\u00edda de Trish das Testemunhas de Jeov\u00e1.\" href=\"http:\/\/4jehovah.org\/pt-pt\/a-historia-da-saida-de-trish-das-testemunhas-de-jeova\/\"><b>Leia a Hist\u00f3ria da Sa\u00edda de Trish das Testemunhas de Jeov\u00e1<\/b><b>.<\/b><b> <\/b><b><strong><strong><b><b><strong><strong><img loading=\"lazy\" decoding=\"async\" alt=\"bullets\" src=\"https:\/\/witforjesus.org\/images\/buttons\/read-more.jpg\" width=\"26\" height=\"12\" \/><\/strong><\/strong><\/b><\/b><\/strong><\/strong><\/b><\/a><strong><strong><br \/>\n<\/strong><\/strong><\/span><\/p>\n<p><img loading=\"lazy\" decoding=\"async\" alt=\"bullets\" src=\"https:\/\/witforjesus.org\/images\/bullets.jpg\" width=\"10\" height=\"9\" \/> <a href=\"http:\/\/www.4witness.org\/testimonies\/ex-jehovahs-witnesses\/trishs-articles\/\"><strong>Veja artigos em Ingl\u00eas<\/strong><\/a><\/p>\n","protected":false},"excerpt":{"rendered":"<p>Trish\u00a0 \u2013 Nascida e criada como Testemunha de Jeov\u00e1 por 42 anos, ela experienciou em primeira m\u00e3o a hipocrisia que existe no ambiente legal\u00edstico da organiza\u00e7\u00e3o Torre de Vigia. Depois de sofrer anos de abuso no seu casamento Testemunha de Jeov\u00e1 e de falhar em viver \u00e0 altura das expectativas da Torre de Vigia, Trish&#8230;<\/p>\n","protected":false},"author":2,"featured_media":14804,"parent":706,"menu_order":0,"comment_status":"closed","ping_status":"closed","template":"","meta":{"footnotes":""},"class_list":["post-1222","page","type-page","status-publish","has-post-thumbnail","hentry"],"_links":{"self":[{"href":"https:\/\/www.4witness.org\/pt-pt\/wp-json\/wp\/v2\/pages\/1222","targetHints":{"allow":["GET"]}}],"collection":[{"href":"https:\/\/www.4witness.org\/pt-pt\/wp-json\/wp\/v2\/pages"}],"about":[{"href":"https:\/\/www.4witness.org\/pt-pt\/wp-json\/wp\/v2\/types\/page"}],"author":[{"embeddable":true,"href":"https:\/\/www.4witness.org\/pt-pt\/wp-json\/wp\/v2\/users\/2"}],"replies":[{"embeddable":true,"href":"https:\/\/www.4witness.org\/pt-pt\/wp-json\/wp\/v2\/comments?post=1222"}],"version-history":[{"count":6,"href":"https:\/\/www.4witness.org\/pt-pt\/wp-json\/wp\/v2\/pages\/1222\/revisions"}],"predecessor-version":[{"id":4942,"href":"https:\/\/www.4witness.org\/pt-pt\/wp-json\/wp\/v2\/pages\/1222\/revisions\/4942"}],"up":[{"embeddable":true,"href":"https:\/\/www.4witness.org\/pt-pt\/wp-json\/wp\/v2\/pages\/706"}],"wp:featuredmedia":[{"embeddable":true,"href":"https:\/\/www.4witness.org\/pt-pt\/wp-json\/wp\/v2\/media\/14804"}],"wp:attachment":[{"href":"https:\/\/www.4witness.org\/pt-pt\/wp-json\/wp\/v2\/media?parent=1222"}],"curies":[{"name":"wp","href":"https:\/\/api.w.org\/{rel}","templated":true}]}}