{"id":1220,"date":"2013-03-06T20:01:05","date_gmt":"2013-03-06T20:01:05","guid":{"rendered":"http:\/\/www.4witness.org\/?page_id=1220"},"modified":"2014-03-28T03:13:20","modified_gmt":"2014-03-28T03:13:20","slug":"artigos-de-tressa","status":"publish","type":"page","link":"https:\/\/www.4witness.org\/pt-pt\/testemunhos\/ex-testemunhas-de-jeova\/artigos-de-tressa\/","title":{"rendered":"Artigos de Tressa"},"content":{"rendered":"<p>&nbsp;<\/p>\n<div>\n<p><strong><img loading=\"lazy\" decoding=\"async\" class=\"alignleft\" style=\"margin: 10px;\" alt=\"tressa\" src=\"https:\/\/witforjesus.org\/images\/jwstories\/tressa.jpg\" width=\"203\" height=\"207\" \/><\/strong><\/p>\n<p>&nbsp;<\/p>\n<p><span style=\"font-size: medium;\"><strong>Tressa<\/strong> <\/span><\/p>\n<p><span style=\"font-size: medium;\">\u2013 Educada num lar cat\u00f3lico, tudo o que Tressa queria era algu\u00e9m que lhe ensinasse a B\u00edblia. Ent\u00e3o, quando as Testemunhas de Jeov\u00e1 bateram \u00e0 sua porta, ela pensou que era a resposta \u00e0s suas ora\u00e7\u00f5es e criou seus cinco filhos na organiza\u00e7\u00e3o. Desassociada por divorciar-se de seu marido abusador, Tressa trabalhava arduamente para ser readmitida, quando Jesus a encontrou! <a href=\"http:\/\/4jehovah.org\/pt-pt\/a-historia-da-saida-de-tressa-das-testemunhas-de-jeova\/\"><b>Leia a Hist\u00f3ria da Sa\u00edda de Tressa das Testemunhas de Jeov\u00e1<strong><strong><b><b><strong><strong><\/strong><\/strong><\/b><\/b><\/strong><\/strong><\/b><b><strong><b><b><strong><strong>.<\/strong><\/strong><\/b><\/b><\/strong><\/b><b><strong><strong><b><b><strong><strong> <\/strong><\/strong><\/b><\/b><\/strong><\/strong><\/b><b><strong><strong><b><b><strong><strong><img loading=\"lazy\" decoding=\"async\" alt=\"bullets\" src=\"https:\/\/witforjesus.org\/images\/buttons\/read-more.jpg\" width=\"26\" height=\"12\" \/><\/strong><\/strong><\/b><\/b><\/strong><\/strong><\/b><\/a><\/span><\/p>\n<p><strong><strong><strong><strong><img loading=\"lazy\" decoding=\"async\" alt=\"bullets\" src=\"https:\/\/witforjesus.org\/images\/bullets.jpg\" width=\"10\" height=\"9\" \/><\/strong><\/strong><\/strong>\u00a0<a title=\"Veja artigos em Ingl\u00eas\" href=\"http:\/\/www.4witness.org\/testimonies\/ex-jehovahs-witnesses\/tressas-articles\/\">Veja artigos em Ingl\u00eas<\/a><\/strong><\/p>\n<p>&nbsp;<\/p>\n<\/div>\n","protected":false},"excerpt":{"rendered":"<p>&nbsp; &nbsp; Tressa \u2013 Educada num lar cat\u00f3lico, tudo o que Tressa queria era algu\u00e9m que lhe ensinasse a B\u00edblia. Ent\u00e3o, quando as Testemunhas de Jeov\u00e1 bateram \u00e0 sua porta, ela pensou que era a resposta \u00e0s suas ora\u00e7\u00f5es e criou seus cinco filhos na organiza\u00e7\u00e3o. Desassociada por divorciar-se de seu marido abusador, Tressa trabalhava&#8230;<\/p>\n","protected":false},"author":2,"featured_media":0,"parent":706,"menu_order":0,"comment_status":"closed","ping_status":"closed","template":"","meta":{"footnotes":""},"class_list":["post-1220","page","type-page","status-publish","hentry"],"_links":{"self":[{"href":"https:\/\/www.4witness.org\/pt-pt\/wp-json\/wp\/v2\/pages\/1220","targetHints":{"allow":["GET"]}}],"collection":[{"href":"https:\/\/www.4witness.org\/pt-pt\/wp-json\/wp\/v2\/pages"}],"about":[{"href":"https:\/\/www.4witness.org\/pt-pt\/wp-json\/wp\/v2\/types\/page"}],"author":[{"embeddable":true,"href":"https:\/\/www.4witness.org\/pt-pt\/wp-json\/wp\/v2\/users\/2"}],"replies":[{"embeddable":true,"href":"https:\/\/www.4witness.org\/pt-pt\/wp-json\/wp\/v2\/comments?post=1220"}],"version-history":[{"count":6,"href":"https:\/\/www.4witness.org\/pt-pt\/wp-json\/wp\/v2\/pages\/1220\/revisions"}],"predecessor-version":[{"id":4937,"href":"https:\/\/www.4witness.org\/pt-pt\/wp-json\/wp\/v2\/pages\/1220\/revisions\/4937"}],"up":[{"embeddable":true,"href":"https:\/\/www.4witness.org\/pt-pt\/wp-json\/wp\/v2\/pages\/706"}],"wp:attachment":[{"href":"https:\/\/www.4witness.org\/pt-pt\/wp-json\/wp\/v2\/media?parent=1220"}],"curies":[{"name":"wp","href":"https:\/\/api.w.org\/{rel}","templated":true}]}}