{"id":1218,"date":"2013-03-06T19:58:31","date_gmt":"2013-03-06T19:58:31","guid":{"rendered":"http:\/\/www.4witness.org\/?page_id=1218"},"modified":"2014-03-28T03:06:05","modified_gmt":"2014-03-28T03:06:05","slug":"artigos-de-kevin","status":"publish","type":"page","link":"https:\/\/www.4witness.org\/pt-pt\/testemunhos\/ex-testemunhas-de-jeova\/artigos-de-kevin\/","title":{"rendered":"Artigos de Kevin"},"content":{"rendered":"<p><img loading=\"lazy\" decoding=\"async\" class=\"alignleft\" style=\"margin: 10px;\" alt=\"kevin\" src=\"https:\/\/witforjesus.org\/images\/jwstories\/kevin.jpg\" width=\"200\" height=\"204\" \/><span style=\"font-size: medium;\"><strong>Kevin<\/strong> <\/span><\/p>\n<p><span style=\"font-size: medium;\">&#8211; Em tenra idade, Kevin sabia que era diferente dos outros rapazes. Quando a sua m\u00e3e o chamou de um \u201cANIMAL\u201d e o tentou matar, os seus sentimentos de rejei\u00e7\u00e3o foram confirmados. \u201cDe onde v\u00eaem estes sentimentos homossexuais? Ser\u00e1 que nasci assim?\u201d perguntou Kevin. Procurando ajuda de um anci\u00e3o Testemunha de Jeov\u00e1, foi-lhe dado um livro da Torre de Vigia para ler de modo a \u201cconsertar\u201d seus sentimentos, mas nada resultou! Ap\u00f3s 15 anos de relacionamentos gay com mais de 100 homens, Kevin apelou a Deus por liberta\u00e7\u00e3o e experimentou o sobrenatural, transformador de vidas, perd\u00e3o de Jesus Cristo que o curou da homossexualidade e o libertou do engano da ideologia das Testemunhas de Jeov\u00e1. <a title=\"Kevin\" href=\"http:\/\/4jehovah.org\/pt-pt\/a-historia-da-saida-de-kevin-das-testemunhas-de-jeova-e-a-homosexualidade\/\"><b>Leia a Hist\u00f3ria da Sa\u00edda de Kevin das Testemunhas de Jeov\u00e1 e da Homossexualidade<strong><strong><b><b><strong><strong><\/strong><\/strong><\/b><\/b><\/strong><\/strong><\/b><b><strong><b><b><strong><strong>.<\/strong><\/strong><\/b><\/b><\/strong><\/b><b><strong><strong><b><b><strong><strong> <\/strong><\/strong><\/b><\/b><\/strong><\/strong><\/b><b><strong><strong><b><b><strong><strong><img loading=\"lazy\" decoding=\"async\" alt=\"bullets\" src=\"https:\/\/witforjesus.org\/images\/buttons\/read-more.jpg\" width=\"26\" height=\"12\" \/><\/strong><\/strong><\/b><\/b><\/strong><\/strong><\/b><\/a><\/span><\/p>\n<p><span style=\"font-size: medium;\"><img loading=\"lazy\" decoding=\"async\" alt=\"bullets\" src=\"https:\/\/witforjesus.org\/images\/bullets.jpg\" width=\"10\" height=\"9\" \/> <a title=\"Se Jeov\u00e1 Odeia Homossexuais, Porque Ele Me Criou Deste Modo?\" href=\"http:\/\/4jehovah.org\/pt-pt\/se-jeova-odeia-homossexuais-porque-ele-me-criou-deste-modo\/\"><strong>Se Jeov\u00e1 Odeia Homossexuais, Porque Ele Me Criou Deste Modo?<\/strong><\/a><\/span><\/p>\n","protected":false},"excerpt":{"rendered":"<p>Kevin &#8211; Em tenra idade, Kevin sabia que era diferente dos outros rapazes. Quando a sua m\u00e3e o chamou de um \u201cANIMAL\u201d e o tentou matar, os seus sentimentos de rejei\u00e7\u00e3o foram confirmados. \u201cDe onde v\u00eaem estes sentimentos homossexuais? Ser\u00e1 que nasci assim?\u201d perguntou Kevin. Procurando ajuda de um anci\u00e3o Testemunha de Jeov\u00e1, foi-lhe dado&#8230;<\/p>\n","protected":false},"author":2,"featured_media":0,"parent":706,"menu_order":0,"comment_status":"closed","ping_status":"closed","template":"","meta":{"footnotes":""},"class_list":["post-1218","page","type-page","status-publish","hentry"],"_links":{"self":[{"href":"https:\/\/www.4witness.org\/pt-pt\/wp-json\/wp\/v2\/pages\/1218","targetHints":{"allow":["GET"]}}],"collection":[{"href":"https:\/\/www.4witness.org\/pt-pt\/wp-json\/wp\/v2\/pages"}],"about":[{"href":"https:\/\/www.4witness.org\/pt-pt\/wp-json\/wp\/v2\/types\/page"}],"author":[{"embeddable":true,"href":"https:\/\/www.4witness.org\/pt-pt\/wp-json\/wp\/v2\/users\/2"}],"replies":[{"embeddable":true,"href":"https:\/\/www.4witness.org\/pt-pt\/wp-json\/wp\/v2\/comments?post=1218"}],"version-history":[{"count":6,"href":"https:\/\/www.4witness.org\/pt-pt\/wp-json\/wp\/v2\/pages\/1218\/revisions"}],"predecessor-version":[{"id":4931,"href":"https:\/\/www.4witness.org\/pt-pt\/wp-json\/wp\/v2\/pages\/1218\/revisions\/4931"}],"up":[{"embeddable":true,"href":"https:\/\/www.4witness.org\/pt-pt\/wp-json\/wp\/v2\/pages\/706"}],"wp:attachment":[{"href":"https:\/\/www.4witness.org\/pt-pt\/wp-json\/wp\/v2\/media?parent=1218"}],"curies":[{"name":"wp","href":"https:\/\/api.w.org\/{rel}","templated":true}]}}