{"id":1215,"date":"2013-03-06T19:53:58","date_gmt":"2013-03-06T19:53:58","guid":{"rendered":"http:\/\/www.4witness.org\/?page_id=1215"},"modified":"2014-03-28T02:57:11","modified_gmt":"2014-03-28T02:57:11","slug":"artigos-de-julie","status":"publish","type":"page","link":"https:\/\/www.4witness.org\/pt-pt\/testemunhos\/ex-testemunhas-de-jeova\/artigos-de-julie\/","title":{"rendered":"Artigos de Julie"},"content":{"rendered":"<p><strong><img loading=\"lazy\" decoding=\"async\" class=\"alignleft\" style=\"margin: 10px;\" alt=\"julie\" src=\"https:\/\/witforjesus.org\/images\/jwstories\/julie.jpg\" width=\"227\" height=\"331\" \/><\/strong><\/p>\n<p>&nbsp;<\/p>\n<p><span style=\"font-size: medium;\"><strong>Julie<\/strong>\u00a0<\/span><\/p>\n<p><span style=\"font-size: medium;\">&#8211; Como uma convertida \u00e0s Testemunhas de Jeov\u00e1, Julie acreditou que tinha encontrado \u201ca Verdade\u201d, mas quando ela foi ridicularizada por exp\u00f4r um \u201clobo\u201d em pele de ovelha na congrega\u00e7\u00e3o e dizerem-lhe que \u201cesses versos\u201d acerca de lobos eram \u201capenas para os crist\u00e3os do primeiro s\u00e9culo\u201d, n\u00e3o para a Organiza\u00e7\u00e3o de Jeov\u00e1 de hoje, ela soube que algo estava desesperadamente errado! Nesse momento, quando Julie viu a forma como os anci\u00e3os estavam treinados para encobrir as suas falhas e fazer parecer que a organiza\u00e7\u00e3o era boa, a sua f\u00e9 na Sociedade quebrou-se. Ela foi \u201cdesassociada\u201d por \u201capostasia\u201d quando ela se recusou a confiar mais na organiza\u00e7\u00e3o do que em Jesus como seu \u00daNICO mediador, e hoje em dia, Julie est\u00e1 servindo livremente o VERDADEIRO Jeov\u00e1 Deus em alegria e verdade! <a title=\"Julie\" href=\"http:\/\/4jehovah.org\/pt-pt\/a-historia-da-saida-de-julie-das-testemunhas-de-jeova\/\"><b>Leia a Hist\u00f3ria da Sa\u00edda de Julie das Testemunhas de Jeov\u00e1.<\/b><\/a><b>\u00a0 <\/b><a title=\"Julie\" href=\"http:\/\/4jehovah.org\/pt-pt\/a-historia-da-saida-de-julie-das-testemunhas-de-jeova\/\"><b><strong><strong><strong><strong><strong><strong><b><b><strong><strong><img loading=\"lazy\" decoding=\"async\" alt=\"bullets\" src=\"https:\/\/witforjesus.org\/images\/buttons\/read-more.jpg\" width=\"26\" height=\"12\" \/><\/strong><\/strong><\/b><\/b><\/strong><\/strong><\/strong><\/strong><\/strong><\/strong> <\/b><\/a><\/span><\/p>\n<p><img loading=\"lazy\" decoding=\"async\" alt=\"bullets\" src=\"https:\/\/witforjesus.org\/images\/bullets.jpg\" width=\"10\" height=\"9\" \/>\u00a0<a title=\"Veja artigos em Ingl\u00eas \" href=\"http:\/\/www.4witness.org\/testimonies\/ex-jehovahs-witnesses\/julies-articles\/\"><strong>Veja artigos em Ingl\u00eas <\/strong><\/a><\/p>\n","protected":false},"excerpt":{"rendered":"<p>&nbsp; Julie\u00a0 &#8211; Como uma convertida \u00e0s Testemunhas de Jeov\u00e1, Julie acreditou que tinha encontrado \u201ca Verdade\u201d, mas quando ela foi ridicularizada por exp\u00f4r um \u201clobo\u201d em pele de ovelha na congrega\u00e7\u00e3o e dizerem-lhe que \u201cesses versos\u201d acerca de lobos eram \u201capenas para os crist\u00e3os do primeiro s\u00e9culo\u201d, n\u00e3o para a Organiza\u00e7\u00e3o de Jeov\u00e1 de&#8230;<\/p>\n","protected":false},"author":2,"featured_media":14791,"parent":706,"menu_order":0,"comment_status":"closed","ping_status":"closed","template":"","meta":{"footnotes":""},"class_list":["post-1215","page","type-page","status-publish","has-post-thumbnail","hentry"],"_links":{"self":[{"href":"https:\/\/www.4witness.org\/pt-pt\/wp-json\/wp\/v2\/pages\/1215","targetHints":{"allow":["GET"]}}],"collection":[{"href":"https:\/\/www.4witness.org\/pt-pt\/wp-json\/wp\/v2\/pages"}],"about":[{"href":"https:\/\/www.4witness.org\/pt-pt\/wp-json\/wp\/v2\/types\/page"}],"author":[{"embeddable":true,"href":"https:\/\/www.4witness.org\/pt-pt\/wp-json\/wp\/v2\/users\/2"}],"replies":[{"embeddable":true,"href":"https:\/\/www.4witness.org\/pt-pt\/wp-json\/wp\/v2\/comments?post=1215"}],"version-history":[{"count":8,"href":"https:\/\/www.4witness.org\/pt-pt\/wp-json\/wp\/v2\/pages\/1215\/revisions"}],"predecessor-version":[{"id":4924,"href":"https:\/\/www.4witness.org\/pt-pt\/wp-json\/wp\/v2\/pages\/1215\/revisions\/4924"}],"up":[{"embeddable":true,"href":"https:\/\/www.4witness.org\/pt-pt\/wp-json\/wp\/v2\/pages\/706"}],"wp:featuredmedia":[{"embeddable":true,"href":"https:\/\/www.4witness.org\/pt-pt\/wp-json\/wp\/v2\/media\/14791"}],"wp:attachment":[{"href":"https:\/\/www.4witness.org\/pt-pt\/wp-json\/wp\/v2\/media?parent=1215"}],"curies":[{"name":"wp","href":"https:\/\/api.w.org\/{rel}","templated":true}]}}