{"id":1213,"date":"2013-03-06T19:46:09","date_gmt":"2013-03-06T19:46:09","guid":{"rendered":"http:\/\/www.4witness.org\/?page_id=1213"},"modified":"2014-03-28T02:54:26","modified_gmt":"2014-03-28T02:54:26","slug":"artigos-de-jason","status":"publish","type":"page","link":"https:\/\/www.4witness.org\/pt-pt\/testemunhos\/ex-testemunhas-de-jeova\/artigos-de-jason\/","title":{"rendered":"Artigos de Jason"},"content":{"rendered":"<p><strong><img loading=\"lazy\" decoding=\"async\" class=\"alignleft\" style=\"margin: 10px;\" alt=\"jason_family\" src=\"https:\/\/witforjesus.org\/images\/jwstories\/jason_family.jpg\" width=\"305\" height=\"263\" \/><span style=\"font-size: medium;\">Jason &#8211; Como Deus me Resgatou e \u00e0 Minha Fam\u00edlia <\/span><\/strong><\/p>\n<p><span style=\"font-size: medium;\">\u2013 A teologia da Torre de Vigia de viver para sempre na terra era muito atraente para Jason. Ele e a sua mulher Jenny foram batizados como Testemunhas de Jeov\u00e1 em 1994 e prosseguiram em criar seus quatro filhos na rotina estrita das atividades da Torre de Vigia. Testemunhando muitas injusti\u00e7as praticadas pelos anci\u00e3os para com membros da congrega\u00e7\u00e3o, Jason e Jenny come\u00e7aram a ver o controle absoluto da organiza\u00e7\u00e3o sobre seus membros. No meio dessa press\u00e3o, Jason ponderou nas palavras de Jesus em Mateus 11:28, e perguntou: \u201cO que est\u00e1 errado comigo? Eu n\u00e3o sinto este refrig\u00e9rio que Jesus prometeu\u201d. Procurando respostas, eles viraram-se para a B\u00edblia e o testemunho de ex-Testemunhas. Encontrando a verdadeira liberdade em Cristo, Jason, Jenny e seus quatro filhos s\u00e3o agora finalmente livres! <a title=\"Jason\" href=\"http:\/\/4jehovah.org\/pt-pt\/a-historia-da-saida-de-jason-das-testemunhas-de-jeova\/\"><b>Leia a Hist\u00f3ria da Sa\u00edda de Jason das Testemunhas de Jeov\u00e1<strong><strong><b><b><strong><strong><\/strong><\/strong><\/b><\/b><\/strong><\/strong><\/b><b><strong><b><b><strong><strong>.<\/strong><\/strong><\/b><\/b><\/strong><\/b><b><strong><strong><b><b><strong><strong> <\/strong><\/strong><\/b><\/b><\/strong><\/strong><\/b><b><strong><strong><b><b><strong><strong><img loading=\"lazy\" decoding=\"async\" alt=\"bullets\" src=\"https:\/\/witforjesus.org\/images\/buttons\/read-more.jpg\" width=\"26\" height=\"12\" \/><\/strong><\/strong><\/b><\/b><\/strong><\/strong><\/b><\/a><\/span><\/p>\n<p><img loading=\"lazy\" decoding=\"async\" alt=\"bullets\" src=\"https:\/\/witforjesus.org\/images\/bullets.jpg\" width=\"10\" height=\"9\" \/>\u00a0\u00a0<a title=\"Veja artigos em Ingl\u00eas\" href=\"http:\/\/www.4witness.org\/testimonies\/ex-jehovahs-witnesses\/jasons-articles\/\"><strong>Veja artigos em Ingl\u00eas<\/strong><\/a><\/p>\n","protected":false},"excerpt":{"rendered":"<p>Jason &#8211; Como Deus me Resgatou e \u00e0 Minha Fam\u00edlia \u2013 A teologia da Torre de Vigia de viver para sempre na terra era muito atraente para Jason. Ele e a sua mulher Jenny foram batizados como Testemunhas de Jeov\u00e1 em 1994 e prosseguiram em criar seus quatro filhos na rotina estrita das atividades da&#8230;<\/p>\n","protected":false},"author":2,"featured_media":0,"parent":706,"menu_order":0,"comment_status":"closed","ping_status":"closed","template":"","meta":{"footnotes":""},"class_list":["post-1213","page","type-page","status-publish","hentry"],"_links":{"self":[{"href":"https:\/\/www.4witness.org\/pt-pt\/wp-json\/wp\/v2\/pages\/1213","targetHints":{"allow":["GET"]}}],"collection":[{"href":"https:\/\/www.4witness.org\/pt-pt\/wp-json\/wp\/v2\/pages"}],"about":[{"href":"https:\/\/www.4witness.org\/pt-pt\/wp-json\/wp\/v2\/types\/page"}],"author":[{"embeddable":true,"href":"https:\/\/www.4witness.org\/pt-pt\/wp-json\/wp\/v2\/users\/2"}],"replies":[{"embeddable":true,"href":"https:\/\/www.4witness.org\/pt-pt\/wp-json\/wp\/v2\/comments?post=1213"}],"version-history":[{"count":6,"href":"https:\/\/www.4witness.org\/pt-pt\/wp-json\/wp\/v2\/pages\/1213\/revisions"}],"predecessor-version":[{"id":4921,"href":"https:\/\/www.4witness.org\/pt-pt\/wp-json\/wp\/v2\/pages\/1213\/revisions\/4921"}],"up":[{"embeddable":true,"href":"https:\/\/www.4witness.org\/pt-pt\/wp-json\/wp\/v2\/pages\/706"}],"wp:attachment":[{"href":"https:\/\/www.4witness.org\/pt-pt\/wp-json\/wp\/v2\/media?parent=1213"}],"curies":[{"name":"wp","href":"https:\/\/api.w.org\/{rel}","templated":true}]}}