{"id":1211,"date":"2013-03-06T19:40:56","date_gmt":"2013-03-06T19:40:56","guid":{"rendered":"http:\/\/www.4witness.org\/?page_id=1211"},"modified":"2014-03-28T02:49:12","modified_gmt":"2014-03-28T02:49:12","slug":"artigos-de-gloria","status":"publish","type":"page","link":"https:\/\/www.4witness.org\/pt-pt\/testemunhos\/ex-testemunhas-de-jeova\/artigos-de-gloria\/","title":{"rendered":"Artigos de Gloria"},"content":{"rendered":"<p><strong><\/strong><b><strong><strong><strong><strong><b><strong><strong><strong><strong><b><strong><img loading=\"lazy\" decoding=\"async\" class=\"alignleft\" style=\"margin: 10px;\" alt=\"Gloria's Horse Photography\" src=\"https:\/\/witforjesus.org\/images\/jwblogs\/gloria\/gloria-horse.jpg\" width=\"205\" height=\"256\" \/><\/strong><\/b><\/strong><\/strong><\/strong><\/strong><\/b><\/strong><\/strong><\/strong><\/strong><\/b><\/p>\n<p><span style=\"font-size: medium;\"><strong>.:GLORIA<\/strong><\/span><\/p>\n<p><span style=\"font-size: medium;\">Ela foi uma Testemunha de Jeov\u00e1 de quinta gera\u00e7\u00e3o. A sua hist\u00f3ria remonta mais de 100 anos, ao tempo da sua bisav\u00f3. A sua fam\u00edlia seguiu os ensinos de Russell e tornaram-se pioneiros especiais, gastando 150 horas por m\u00eas no minist\u00e9rio porta-a-porta, viajando de cidade em cidade no Midwest e mostrando o seu fotodrama da cria\u00e7\u00e3o. Gloria n\u00e3o deixou a Torre de Vigia porque ela descobriu que a organiza\u00e7\u00e3o estava errada. Ela deixou porque estava procurando pelo Jesus VERDADEIRO.<strong> <a title=\"Leia a Hist\u00f3ria da Sa\u00edda de Gl\u00f3ria das Testemunhas de Jeov\u00e1.\" href=\"http:\/\/4jehovah.org\/pt-pt\/gloria\/\"><b>Leia a Hist\u00f3ria da Sa\u00edda de Gl\u00f3ria das Testemunhas de Jeov\u00e1.<\/b>\u00a0<strong><strong><b><b><strong><strong><img loading=\"lazy\" decoding=\"async\" alt=\"bullets\" src=\"https:\/\/witforjesus.org\/images\/buttons\/read-more.jpg\" width=\"26\" height=\"12\" \/><\/strong><\/strong><\/b><\/b><\/strong><\/strong><\/a><br \/>\n<\/strong><\/span><\/p>\n<p><b><strong><strong><strong><strong><img loading=\"lazy\" decoding=\"async\" alt=\"bullets\" src=\"https:\/\/witforjesus.org\/images\/bullets.jpg\" width=\"10\" height=\"9\" \/><\/strong><\/strong><\/strong><\/strong>\u00a0\u00a0<a href=\"http:\/\/www.4witness.org\/testimonies\/ex-jehovahs-witnesses\/glorias-articles\/\"><strong>Veja artigos em Ingl\u00eas<\/strong><\/a><\/b><\/p>\n","protected":false},"excerpt":{"rendered":"<p>.:GLORIA Ela foi uma Testemunha de Jeov\u00e1 de quinta gera\u00e7\u00e3o. A sua hist\u00f3ria remonta mais de 100 anos, ao tempo da sua bisav\u00f3. A sua fam\u00edlia seguiu os ensinos de Russell e tornaram-se pioneiros especiais, gastando 150 horas por m\u00eas no minist\u00e9rio porta-a-porta, viajando de cidade em cidade no Midwest e mostrando o seu fotodrama&#8230;<\/p>\n","protected":false},"author":2,"featured_media":0,"parent":706,"menu_order":0,"comment_status":"closed","ping_status":"closed","template":"","meta":{"footnotes":""},"class_list":["post-1211","page","type-page","status-publish","hentry"],"_links":{"self":[{"href":"https:\/\/www.4witness.org\/pt-pt\/wp-json\/wp\/v2\/pages\/1211","targetHints":{"allow":["GET"]}}],"collection":[{"href":"https:\/\/www.4witness.org\/pt-pt\/wp-json\/wp\/v2\/pages"}],"about":[{"href":"https:\/\/www.4witness.org\/pt-pt\/wp-json\/wp\/v2\/types\/page"}],"author":[{"embeddable":true,"href":"https:\/\/www.4witness.org\/pt-pt\/wp-json\/wp\/v2\/users\/2"}],"replies":[{"embeddable":true,"href":"https:\/\/www.4witness.org\/pt-pt\/wp-json\/wp\/v2\/comments?post=1211"}],"version-history":[{"count":12,"href":"https:\/\/www.4witness.org\/pt-pt\/wp-json\/wp\/v2\/pages\/1211\/revisions"}],"predecessor-version":[{"id":4914,"href":"https:\/\/www.4witness.org\/pt-pt\/wp-json\/wp\/v2\/pages\/1211\/revisions\/4914"}],"up":[{"embeddable":true,"href":"https:\/\/www.4witness.org\/pt-pt\/wp-json\/wp\/v2\/pages\/706"}],"wp:attachment":[{"href":"https:\/\/www.4witness.org\/pt-pt\/wp-json\/wp\/v2\/media?parent=1211"}],"curies":[{"name":"wp","href":"https:\/\/api.w.org\/{rel}","templated":true}]}}