{"id":1209,"date":"2013-03-06T19:38:41","date_gmt":"2013-03-06T19:38:41","guid":{"rendered":"http:\/\/www.4witness.org\/?page_id=1209"},"modified":"2014-03-28T01:21:45","modified_gmt":"2014-03-28T01:21:45","slug":"artigos-de-dan","status":"publish","type":"page","link":"https:\/\/www.4witness.org\/pt-pt\/testemunhos\/ex-testemunhas-de-jeova\/artigos-de-dan\/","title":{"rendered":"Artigos de Dan"},"content":{"rendered":"<p><strong><strong><img loading=\"lazy\" decoding=\"async\" class=\"alignleft\" style=\"margin: 10px;\" alt=\"dan_kaci\" src=\"https:\/\/witforjesus.org\/images\/jwstories\/dan_kaci.jpg\" width=\"313\" height=\"272\" \/><\/strong><\/strong><\/p>\n<p>&nbsp;<\/p>\n<p><span style=\"font-size: medium;\"><strong>Dan <\/strong><\/span><\/p>\n<p><span style=\"font-size: medium;\">&#8211; Eu fui criado como Testemunha de Jeov\u00e1, mas nunca senti que me encaixava no Sal\u00e3o do Reino. Em 2008, \u00e0 medida que estava no processo de trabalhar para ganhar aceita\u00e7\u00e3o pelas Testemunhas de Jeov\u00e1, o meu irm\u00e3o e irm\u00e3 que haviam deixado as Testemunhas de Jeov\u00e1 antes de mim, come\u00e7aram a alcan\u00e7ar-me em amor, usando os recursos deste site. Eu rapidamente dei minha vida a Cristo e ent\u00e3o fui capaz de conduzir tamb\u00e9m minha mulher Kaci, a Cristo. Agora o meu caminhar com Cristo \u00e9 espetacular. Eu amo meu Salvador. <a href=\"http:\/\/4jehovah.org\/pt-pt\/a-historia-da-saida-de-dan-das-testemunhas-de-jeova\/\"><b>Leia a Hist\u00f3ria da Sa\u00edda de Dan das Testemunhas de Jeov\u00e1<strong><strong><b><b><strong><strong><\/strong><\/strong><\/b><\/b><\/strong><\/strong><\/b><b><strong><b><b><strong><strong>.<\/strong><\/strong><\/b><\/b><\/strong><\/b><b><strong><strong><b><b><strong><strong><\/strong><\/strong><\/b><\/b><\/strong><\/strong><\/b><b><strong><strong><b><b><strong><strong><img loading=\"lazy\" decoding=\"async\" alt=\"bullets\" src=\"https:\/\/witforjesus.org\/images\/buttons\/read-more.jpg\" width=\"26\" height=\"12\" \/><\/strong><\/strong><\/b><\/b><\/strong><\/strong><\/b><\/a><\/span><\/p>\n<div><img loading=\"lazy\" decoding=\"async\" alt=\"bullets\" src=\"https:\/\/witforjesus.org\/images\/bullets.jpg\" width=\"10\" height=\"9\" \/> <a href=\"http:\/\/www.4witness.org\/testimonies\/ex-jehovahs-witnesses\/dans-articles\/\"><strong>Veja artigos em Ingl\u00eas<\/strong><\/a><\/div>\n","protected":false},"excerpt":{"rendered":"<p>&nbsp; Dan &#8211; Eu fui criado como Testemunha de Jeov\u00e1, mas nunca senti que me encaixava no Sal\u00e3o do Reino. Em 2008, \u00e0 medida que estava no processo de trabalhar para ganhar aceita\u00e7\u00e3o pelas Testemunhas de Jeov\u00e1, o meu irm\u00e3o e irm\u00e3 que haviam deixado as Testemunhas de Jeov\u00e1 antes de mim, come\u00e7aram a alcan\u00e7ar-me&#8230;<\/p>\n","protected":false},"author":2,"featured_media":14816,"parent":706,"menu_order":0,"comment_status":"closed","ping_status":"closed","template":"","meta":{"footnotes":""},"class_list":["post-1209","page","type-page","status-publish","has-post-thumbnail","hentry"],"_links":{"self":[{"href":"https:\/\/www.4witness.org\/pt-pt\/wp-json\/wp\/v2\/pages\/1209","targetHints":{"allow":["GET"]}}],"collection":[{"href":"https:\/\/www.4witness.org\/pt-pt\/wp-json\/wp\/v2\/pages"}],"about":[{"href":"https:\/\/www.4witness.org\/pt-pt\/wp-json\/wp\/v2\/types\/page"}],"author":[{"embeddable":true,"href":"https:\/\/www.4witness.org\/pt-pt\/wp-json\/wp\/v2\/users\/2"}],"replies":[{"embeddable":true,"href":"https:\/\/www.4witness.org\/pt-pt\/wp-json\/wp\/v2\/comments?post=1209"}],"version-history":[{"count":7,"href":"https:\/\/www.4witness.org\/pt-pt\/wp-json\/wp\/v2\/pages\/1209\/revisions"}],"predecessor-version":[{"id":4845,"href":"https:\/\/www.4witness.org\/pt-pt\/wp-json\/wp\/v2\/pages\/1209\/revisions\/4845"}],"up":[{"embeddable":true,"href":"https:\/\/www.4witness.org\/pt-pt\/wp-json\/wp\/v2\/pages\/706"}],"wp:featuredmedia":[{"embeddable":true,"href":"https:\/\/www.4witness.org\/pt-pt\/wp-json\/wp\/v2\/media\/14816"}],"wp:attachment":[{"href":"https:\/\/www.4witness.org\/pt-pt\/wp-json\/wp\/v2\/media?parent=1209"}],"curies":[{"name":"wp","href":"https:\/\/api.w.org\/{rel}","templated":true}]}}