{"id":1206,"date":"2013-03-06T19:31:43","date_gmt":"2013-03-06T19:31:43","guid":{"rendered":"http:\/\/www.4witness.org\/?page_id=1206"},"modified":"2014-03-28T01:19:08","modified_gmt":"2014-03-28T01:19:08","slug":"artigos-de-betty","status":"publish","type":"page","link":"https:\/\/www.4witness.org\/pt-pt\/testemunhos\/ex-testemunhas-de-jeova\/artigos-de-betty\/","title":{"rendered":"Artigos de Betty"},"content":{"rendered":"<p><strong><img loading=\"lazy\" decoding=\"async\" class=\"alignleft\" style=\"margin: 10px;\" alt=\"betty\" src=\"https:\/\/witforjesus.org\/images\/jwstories\/betty.jpg\" width=\"141\" height=\"179\" \/><span style=\"font-size: medium;\">Betty<\/span><\/strong><span style=\"font-size: medium;\">\u00a0<\/span><\/p>\n<p><span style=\"font-size: medium;\">&#8211; Faminta por respostas espirituais quando Testemunhas de Jeov\u00e1 na sua extensa fam\u00edlia a convenceram que tinham \u201ca Verdade\u201d, ela estudou por quatro anos e foi batizada. Uma vez dentro da organiza\u00e7\u00e3o, ela come\u00e7ou a sentir-se desprezada e n\u00e3o aceite. Porqu\u00ea? Foi porque encontrou inconsist\u00eancias nas doutrinas das Testemunhas de Jeov\u00e1 e tinha quest\u00f5es que os anci\u00e3os n\u00e3o podiam responder? Porque estava toda a gente ignorando-a e ostracizando-a? Perdida, magoada, sozinha e confusa, ela questionou: \u201cPara onde irei? N\u00e3o existe outro s\u00edtio para onde ir!\u201d Servir a Deus sozinha N\u00c3O era uma op\u00e7\u00e3o! Finalmente, Betty voltou-se para Jeov\u00e1 e perguntou-Lhe para onde queria que ela fosse. Foi ent\u00e3o, com a certeza do Esp\u00edrito Santo e a ajuda de amigos crist\u00e3os, que Jeov\u00e1 a conduziu \u00e0 real VERDADE \u2013 o pr\u00f3prio Jesus. <a href=\"http:\/\/4jehovah.org\/pt-pt\/a-historia-da-saida-de-betty-das-testemunhas-de-jeova\/\"><b>Leia a Hist\u00f3ria da Sa\u00edda de Betty das Testemunhas de Jeov\u00e1.<\/b><b>\u00a0 <\/b><b><strong><strong><strong><strong><strong><strong><b><b><strong><strong><img loading=\"lazy\" decoding=\"async\" alt=\"bullets\" src=\"https:\/\/witforjesus.org\/images\/buttons\/read-more.jpg\" width=\"26\" height=\"12\" \/><\/strong><\/strong><\/b><\/b><\/strong><\/strong><\/strong><\/strong><\/strong><\/strong><\/b><\/a><\/span><\/p>\n<div><img loading=\"lazy\" decoding=\"async\" alt=\"bullets\" src=\"https:\/\/witforjesus.org\/images\/bullets.jpg\" width=\"10\" height=\"9\" \/>\u00a0\u00a0<a href=\"http:\/\/www.4witness.org\/testimonies\/ex-jehovahs-witnesses\/bettys-articles\/\"><strong>Veja artigos em Ingl\u00eas<\/strong><\/a><\/div>\n<p>&nbsp;<\/p>\n","protected":false},"excerpt":{"rendered":"<p>Betty\u00a0 &#8211; Faminta por respostas espirituais quando Testemunhas de Jeov\u00e1 na sua extensa fam\u00edlia a convenceram que tinham \u201ca Verdade\u201d, ela estudou por quatro anos e foi batizada. Uma vez dentro da organiza\u00e7\u00e3o, ela come\u00e7ou a sentir-se desprezada e n\u00e3o aceite. Porqu\u00ea? Foi porque encontrou inconsist\u00eancias nas doutrinas das Testemunhas de Jeov\u00e1 e tinha quest\u00f5es&#8230;<\/p>\n","protected":false},"author":2,"featured_media":0,"parent":706,"menu_order":0,"comment_status":"closed","ping_status":"closed","template":"","meta":{"footnotes":""},"class_list":["post-1206","page","type-page","status-publish","hentry"],"_links":{"self":[{"href":"https:\/\/www.4witness.org\/pt-pt\/wp-json\/wp\/v2\/pages\/1206","targetHints":{"allow":["GET"]}}],"collection":[{"href":"https:\/\/www.4witness.org\/pt-pt\/wp-json\/wp\/v2\/pages"}],"about":[{"href":"https:\/\/www.4witness.org\/pt-pt\/wp-json\/wp\/v2\/types\/page"}],"author":[{"embeddable":true,"href":"https:\/\/www.4witness.org\/pt-pt\/wp-json\/wp\/v2\/users\/2"}],"replies":[{"embeddable":true,"href":"https:\/\/www.4witness.org\/pt-pt\/wp-json\/wp\/v2\/comments?post=1206"}],"version-history":[{"count":6,"href":"https:\/\/www.4witness.org\/pt-pt\/wp-json\/wp\/v2\/pages\/1206\/revisions"}],"predecessor-version":[{"id":4842,"href":"https:\/\/www.4witness.org\/pt-pt\/wp-json\/wp\/v2\/pages\/1206\/revisions\/4842"}],"up":[{"embeddable":true,"href":"https:\/\/www.4witness.org\/pt-pt\/wp-json\/wp\/v2\/pages\/706"}],"wp:attachment":[{"href":"https:\/\/www.4witness.org\/pt-pt\/wp-json\/wp\/v2\/media?parent=1206"}],"curies":[{"name":"wp","href":"https:\/\/api.w.org\/{rel}","templated":true}]}}