{"id":1202,"date":"2013-03-06T19:27:59","date_gmt":"2013-03-06T19:27:59","guid":{"rendered":"http:\/\/www.4witness.org\/?page_id=1202"},"modified":"2014-05-09T00:13:39","modified_gmt":"2014-05-09T00:13:39","slug":"artigos-de-beryl","status":"publish","type":"page","link":"https:\/\/www.4witness.org\/pt-pt\/testemunhos\/ex-testemunhas-de-jeova\/artigos-de-beryl\/","title":{"rendered":"Artigos de Beryl"},"content":{"rendered":"<p><strong><img loading=\"lazy\" decoding=\"async\" class=\"alignleft\" style=\"margin: 10px;\" src=\"https:\/\/witforjesus.org\/images\/jwstories\/beryl.jpg\" alt=\"beryl\" width=\"356\" height=\"321\" \/><\/strong><\/p>\n<p>&nbsp;<\/p>\n<p><span style=\"font-size: medium;\"><strong>Beryl<\/strong> <\/span><\/p>\n<p><span style=\"font-size: medium;\">&#8211; Como sobrevivente de abuso f\u00edsico, espiritual e emocional nas Testemunhas de Jeov\u00e1, Beryl gastou uma grande parte da sua vida perguntando a Jeov\u00e1: \u201cPorque isto aconteceu? Como pudeste deixar que isto acontecesse?\u201d Ela \u00e9 t\u00e3o aben\u00e7oada por poder estar aqui diante de si e proclamar que \u00e9 um testemunho vivo de que a mais horr\u00edvel, cruel e devastadora experi\u00eancia na vida, pode-se tornar em bem, se dermos a Jeov\u00e1 uma chance. <b><a title=\"A Hist\u00f3ria da Sa\u00edda de Beryl das Testemunhas de Jeov\u00e1\" href=\"https:\/\/www.4witness.org\/pt-pt\/?p=3803\">Leia a Hist\u00f3ria da Sa\u00edda de Beryl das Testemunhas de Jeov\u00e1<strong><strong><b><b><strong><strong><b>.<\/b><\/strong><\/strong><\/b><\/b><\/strong><\/strong><\/a><a title=\"A Hist\u00f3ria da Sa\u00edda de Beryl das Testemunhas de Jeov\u00e1\" href=\"https:\/\/www.4witness.org\/pt-pt\/?p=3803\"><strong><strong><b><b><strong><strong><img loading=\"lazy\" decoding=\"async\" src=\"https:\/\/witforjesus.org\/images\/buttons\/read-more.jpg\" alt=\"bullets\" width=\"26\" height=\"12\" \/><\/strong><\/strong><\/b><\/b><\/strong><\/strong><\/a><\/b><\/span><\/p>\n<p><a href=\"http:\/\/www.amazon.com\/He-Showed-Me-Why-survivor\/dp\/1461036798\/\"><img loading=\"lazy\" decoding=\"async\" class=\"alignleft\" src=\"https:\/\/witforjesus.org\/images\/jwstories\/beryl-book.jpg\" alt=\"He Showed Me Why\" width=\"265\" height=\"382\" \/><\/a><\/p>\n<p><strong><strong><strong><strong><img loading=\"lazy\" decoding=\"async\" src=\"https:\/\/witforjesus.org\/images\/bullets.jpg\" alt=\"bullets\" width=\"10\" height=\"9\" \/> <\/strong><\/strong><\/strong><a title=\"Veja artigos em Ingl\u00eas\" href=\"http:\/\/www.4witness.org\/testimonies\/ex-jehovahs-witnesses\/beryls-articles\/\">Veja artigos em Ingl\u00eas<\/a><\/strong><\/p>\n","protected":false},"excerpt":{"rendered":"<p>&nbsp; Beryl &#8211; Como sobrevivente de abuso f\u00edsico, espiritual e emocional nas Testemunhas de Jeov\u00e1, Beryl gastou uma grande parte da sua vida perguntando a Jeov\u00e1: \u201cPorque isto aconteceu? Como pudeste deixar que isto acontecesse?\u201d Ela \u00e9 t\u00e3o aben\u00e7oada por poder estar aqui diante de si e proclamar que \u00e9 um testemunho vivo de que&#8230;<\/p>\n","protected":false},"author":2,"featured_media":0,"parent":706,"menu_order":0,"comment_status":"closed","ping_status":"closed","template":"","meta":{"footnotes":""},"class_list":["post-1202","page","type-page","status-publish","hentry"],"_links":{"self":[{"href":"https:\/\/www.4witness.org\/pt-pt\/wp-json\/wp\/v2\/pages\/1202","targetHints":{"allow":["GET"]}}],"collection":[{"href":"https:\/\/www.4witness.org\/pt-pt\/wp-json\/wp\/v2\/pages"}],"about":[{"href":"https:\/\/www.4witness.org\/pt-pt\/wp-json\/wp\/v2\/types\/page"}],"author":[{"embeddable":true,"href":"https:\/\/www.4witness.org\/pt-pt\/wp-json\/wp\/v2\/users\/2"}],"replies":[{"embeddable":true,"href":"https:\/\/www.4witness.org\/pt-pt\/wp-json\/wp\/v2\/comments?post=1202"}],"version-history":[{"count":7,"href":"https:\/\/www.4witness.org\/pt-pt\/wp-json\/wp\/v2\/pages\/1202\/revisions"}],"predecessor-version":[{"id":5135,"href":"https:\/\/www.4witness.org\/pt-pt\/wp-json\/wp\/v2\/pages\/1202\/revisions\/5135"}],"up":[{"embeddable":true,"href":"https:\/\/www.4witness.org\/pt-pt\/wp-json\/wp\/v2\/pages\/706"}],"wp:attachment":[{"href":"https:\/\/www.4witness.org\/pt-pt\/wp-json\/wp\/v2\/media?parent=1202"}],"curies":[{"name":"wp","href":"https:\/\/api.w.org\/{rel}","templated":true}]}}