{"id":9312,"date":"2018-12-11T13:00:52","date_gmt":"2018-12-11T20:00:52","guid":{"rendered":"http:\/\/www.4witness.org\/?page_id=9312"},"modified":"2018-12-11T13:01:59","modified_gmt":"2018-12-11T20:01:59","slug":"sectas","status":"publish","type":"page","link":"https:\/\/www.4witness.org\/es\/articulos\/sectas\/","title":{"rendered":"Sectas"},"content":{"rendered":"<ul class=\"lcp_catlist\" id=\"lcp_instance_0\"><li><a href=\"https:\/\/www.4witness.org\/es\/los-testigos-de-jehova-y-los-mormones-son-sectas\/\">Los testigos de Jehov\u00e1 y los mormones \u00bfSon \u201csectas\u201d?<\/a><\/li><li><a href=\"https:\/\/www.4witness.org\/es\/3-razones-por-las-cuales-la-gente-deja-las-sectas\/\">3 razones por las cuales la gente deja las sectas<\/a><\/li><li><a href=\"https:\/\/www.4witness.org\/es\/el-criticar-las-creencias-de-otra-persona-es-un-acto-amoroso\/\">El criticar las creencias de otra persona, \u00bfEs un acto amoroso?<\/a><\/li><li><a href=\"https:\/\/www.4witness.org\/es\/que-es-una-secta\/\">\u00bfQu\u00e9 es una secta?<\/a><\/li><li><a href=\"https:\/\/www.4witness.org\/es\/por-que-los-mormones-y-los-testigos-de-jehova-no-son-cristianos\/\">\u00bfPor qu\u00e9 los mormones y los testigos de Jehov\u00e1 no son cristianos?<\/a><\/li><\/ul>\n<div class=\"add_posts\"><a class=\"post-thumb alignleft\" style=\"float:left; margin-right:15px; clear:both;\" href=\"https:\/\/www.4witness.org\/es\/los-testigos-de-jehova-y-los-mormones-son-sectas\/ \"><img loading=\"lazy\" decoding=\"async\" width=\"64\" height=\"64\" src=\"https:\/\/www.4witness.org\/wp-content\/uploads\/2013\/04\/behavior-control-1k-1-100x100.jpg\" class=\"attachment-64x64 size-64x64 wp-post-image\" alt=\"\" srcset=\"https:\/\/www.4witness.org\/wp-content\/uploads\/2013\/04\/behavior-control-1k-1-100x100.jpg 100w, https:\/\/www.4witness.org\/wp-content\/uploads\/2013\/04\/behavior-control-1k-1-150x150.jpg 150w, https:\/\/www.4witness.org\/wp-content\/uploads\/2013\/04\/behavior-control-1k-1-480x480.jpg 480w\" sizes=\"auto, (max-width: 64px) 100vw, 64px\" data-wp-pid=\"14649\" \/><\/a><div class=\"add_posts_content\" style=\"clear:both;\"><h2 class=\"title\" style=\"clear: none;\"><a href=\"https:\/\/www.4witness.org\/es\/los-testigos-de-jehova-y-los-mormones-son-sectas\/\">Los testigos de Jehov\u00e1 y los mormones \u00bfSon \u201csectas\u201d?<\/a><\/h2><div class=\"post-content\" style=\"clear:both\";><p>&nbsp;<\/p>\n<p><strong><strong><img decoding=\"async\" alt=\"Prayer Group\" src=\"https:\/\/witforjesus.org\/images\/long\/4witness\/canyon.png\" \/><\/strong><\/strong><\/p>\n<p><strong><strong><strong><strong><strong><strong><strong><strong><strong><a href=\"https:\/\/witforjesus.org\/downloads\/spanish\/articles\/jw\/sjw-lds-cults.pdf\"><img loading=\"lazy\" decoding=\"async\" alt=\"PDF\" src=\"https:\/\/witforjesus.org\/images\/buttons\/pdf.jpg\" width=\"44\" height=\"21\" \/><\/a><\/strong><\/strong><\/strong><\/strong><\/strong><\/strong><\/strong><\/strong><\/strong><\/p>\n<p><strong>LOS TESTIGOS DE JEHOV\u00c1 (SEGUIDORES DE LA ORGANIZACI\u00d3N WATCHTOWER) Y LOS MORMONES (LOS SANTOS DE LOS \u00daLTIMOS D\u00cdAS) \u00bfSON \u201cSECTAS\u201d?<\/strong><\/p>\n<p><strong>\u00a0<\/strong>La palabra \u201csecta,\u201d evoca una variedad de ideas en la mente de las personas. Desde aquellos 80 individuos de la rama davidiana que segu\u00eda a David Koresh, con su tr\u00e1gica muerte en llamas en el complejo de Waco, Texas en 1993, hasta las 38 personas de \u201cLa Puerta del Cielo,\u201d seguidores de Marshall Applewhite, que bebieron veneno, suicid\u00e1ndose con la idea de ser llevados por una supuesta nave espacial con el cometa Hale-Bopp de 1993, la gente con frecuencia piensa en los miembros de las sectas como individuos extra\u00f1os que se a\u00edslan a s\u00ed mismos en complejos y comunidades, y que practican extra\u00f1as creencias. Pero no todos los individuos ni los grupos sectarios encajan con esta imagen estereotipada. <strong>Muchas de las sectas m\u00e1s mort\u00edferas son mucho m\u00e1s sutiles en sus t\u00e1cticas y presentan una imagen p\u00fablica respetable que con frecuencia atrae a miles, sino millones de miembros a sus filas.<\/p>\n <a href=\"https:\/\/www.4witness.org\/es\/los-testigos-de-jehova-y-los-mormones-son-sectas\/\" class=\"readmore\">Read more<\/a><\/div><hr style=\"margin:10px 0\"><\/div><a class=\"post-thumb alignleft\" style=\"float:left; margin-right:15px; clear:both;\" href=\"https:\/\/www.4witness.org\/es\/3-razones-por-las-cuales-la-gente-deja-las-sectas\/ \"><img loading=\"lazy\" decoding=\"async\" width=\"64\" height=\"64\" src=\"https:\/\/www.4witness.org\/wp-content\/uploads\/2013\/04\/black-butterfly1-1k-100x100.jpg\" class=\"attachment-64x64 size-64x64 wp-post-image\" alt=\"\" srcset=\"https:\/\/www.4witness.org\/wp-content\/uploads\/2013\/04\/black-butterfly1-1k-100x100.jpg 100w, https:\/\/www.4witness.org\/wp-content\/uploads\/2013\/04\/black-butterfly1-1k-150x150.jpg 150w, https:\/\/www.4witness.org\/wp-content\/uploads\/2013\/04\/black-butterfly1-1k-480x480.jpg 480w\" sizes=\"auto, (max-width: 64px) 100vw, 64px\" data-wp-pid=\"14664\" \/><\/a><div class=\"add_posts_content\" style=\"clear:both;\"><h2 class=\"title\" style=\"clear: none;\"><a href=\"https:\/\/www.4witness.org\/es\/3-razones-por-las-cuales-la-gente-deja-las-sectas\/\">3 razones por las cuales la gente deja las sectas<\/a><\/h2><div class=\"post-content\" style=\"clear:both\";><p><strong><strong><img loading=\"lazy\" decoding=\"async\" alt=\"Creek Valley\" src=\"https:\/\/witforjesus.org\/images\/long\/4witness\/creek-valley.png\" width=\"590\" height=\"237\" \/><\/strong><\/strong><\/p>\n<p><strong>3 RAZONES POR LAS CUALES LA GENTE DEJA LAS SECTAS\u00a0- Lo Que Usted Deber\u00eda Saber al Hablar con Ellos<\/strong><\/p>\n<p style=\"text-align: justify;\">\u00bfPor qu\u00e9 las personas abandonan las sectas? \u00bfPor qu\u00e9 algunos est\u00e1n dispuestos a buscar ayuda de ministerios que se oponen a las sectas mientras que otros rechazan cualquier forma de ayuda por parte de ex-miembros o asociados religiosos? \u00bfPor qu\u00e9 es com\u00fan que los ex-miembros de las sectas reaccionen a la defensiva frente a cualquier forma de cr\u00edtica hacia el grupo que dejaron? \u00bfPor qu\u00e9 los ex-miembros de las sectas permanecen leales a los ideales del grupo a pesar del sufrimiento mental y abuso emocional que sufrieron por parte del liderazgo de la secta? Para responder a estas preguntas, debemos estudiar los tres tipos de personas que abandonan las sectas:<\/p>\n <a href=\"https:\/\/www.4witness.org\/es\/3-razones-por-las-cuales-la-gente-deja-las-sectas\/\" class=\"readmore\">Read more<\/a><\/div><hr style=\"margin:10px 0\"><\/div><a class=\"post-thumb alignleft\" style=\"float:left; margin-right:15px; clear:both;\" href=\"https:\/\/www.4witness.org\/es\/el-criticar-las-creencias-de-otra-persona-es-un-acto-amoroso\/ \"><img loading=\"lazy\" decoding=\"async\" width=\"64\" height=\"64\" src=\"https:\/\/www.4witness.org\/wp-content\/uploads\/2013\/02\/Water-Dam-trees-1K-100x100.png\" class=\"attachment-64x64 size-64x64 wp-post-image\" alt=\"\" srcset=\"https:\/\/www.4witness.org\/wp-content\/uploads\/2013\/02\/Water-Dam-trees-1K-100x100.png 100w, https:\/\/www.4witness.org\/wp-content\/uploads\/2013\/02\/Water-Dam-trees-1K-150x150.png 150w, https:\/\/www.4witness.org\/wp-content\/uploads\/2013\/02\/Water-Dam-trees-1K-480x480.png 480w\" sizes=\"auto, (max-width: 64px) 100vw, 64px\" data-wp-pid=\"14637\" \/><\/a><div class=\"add_posts_content\" style=\"clear:both;\"><h2 class=\"title\" style=\"clear: none;\"><a href=\"https:\/\/www.4witness.org\/es\/el-criticar-las-creencias-de-otra-persona-es-un-acto-amoroso\/\">El criticar las creencias de otra persona, \u00bfEs un acto amoroso?<\/a><\/h2><div class=\"post-content\" style=\"clear:both\";><p><strong><img loading=\"lazy\" decoding=\"async\" src=\"https:\/\/witforjesus.org\/images\/long\/4witness\/tear-down.png\" alt=\"River dam\" width=\"590\" height=\"243\" \/><\/strong><\/p>\n<p><strong>EL CRITICAR LAS CREENCIAS DE OTRA PERSONA, \u00bfES UN ACTO AMOROSO?<\/strong> \u2013 Una carta abierta para aquellos que se oponen a nuestro ministerio<\/p>\n<p style=\"text-align: justify;\">\u00a0En la cultura de nuestros d\u00edas, el tomar una posici\u00f3n exclusiva con respecto a creencias espirituales, al afirmar que el conjunto de creencias de una persona en particular es \u201cverdadero,\u201d mientras califica las creencias opuestas como \u201cfalsas,\u201d se est\u00e1 volviendo cada vez m\u00e1s pol\u00edticamente incorrecto. Por causa de la \u201cpaz\u201d religiosa y el \u201camor al pr\u00f3jimo,\u201d no importando cu\u00e1l sea la creencia espiritual de una persona, su creencia debe ser \u201ctolerada\u201d y \u201caceptada\u201d como \u201cverdad para esa persona\u201d siempre y cuando no critique (i.e., \u201cataque\u201d) a los que se atengan a una opini\u00f3n alternativa.<\/p>\n <a href=\"https:\/\/www.4witness.org\/es\/el-criticar-las-creencias-de-otra-persona-es-un-acto-amoroso\/\" class=\"readmore\">Read more<\/a><\/div><hr style=\"margin:10px 0\"><\/div><a class=\"post-thumb alignleft\" style=\"float:left; margin-right:15px; clear:both;\" href=\"https:\/\/www.4witness.org\/es\/que-es-una-secta\/ \"><img loading=\"lazy\" decoding=\"async\" width=\"64\" height=\"64\" src=\"https:\/\/www.4witness.org\/wp-content\/uploads\/2013\/03\/man-presiding-over-group-1k-100x100.jpg\" class=\"attachment-64x64 size-64x64 wp-post-image\" alt=\"\" srcset=\"https:\/\/www.4witness.org\/wp-content\/uploads\/2013\/03\/man-presiding-over-group-1k-100x100.jpg 100w, https:\/\/www.4witness.org\/wp-content\/uploads\/2013\/03\/man-presiding-over-group-1k-150x150.jpg 150w, https:\/\/www.4witness.org\/wp-content\/uploads\/2013\/03\/man-presiding-over-group-1k-480x480.jpg 480w\" sizes=\"auto, (max-width: 64px) 100vw, 64px\" data-wp-pid=\"14668\" \/><\/a><div class=\"add_posts_content\" style=\"clear:both;\"><h2 class=\"title\" style=\"clear: none;\"><a href=\"https:\/\/www.4witness.org\/es\/que-es-una-secta\/\">\u00bfQu\u00e9 es una secta?<\/a><\/h2><div class=\"post-content\" style=\"clear:both\";><p><strong><strong><img decoding=\"async\" src=\"https:\/\/witforjesus.org\/images\/long\/4witness\/cave.png\" alt=\"Prayer Group\" \/><\/strong><\/strong><\/p>\n<p><strong><strong><strong><strong><strong><strong><strong><strong><strong><a href=\"https:\/\/witforjesus.org\/downloads\/spanish\/articles\/jw\/scult.pdf\"><img loading=\"lazy\" decoding=\"async\" src=\"https:\/\/witforjesus.org\/images\/buttons\/pdf.jpg\" alt=\"PDF\" width=\"44\" height=\"21\" \/><\/a><\/strong><\/strong><\/strong><\/strong><\/strong><\/strong><\/strong><\/strong><\/strong><\/p>\n<p><strong>\u00bfQU\u00c9 ES UNA SECTA?<\/strong> \u2013 Hechos Claves que Usted Deber\u00eda Saber Acerca de las Sectas y el Control Mental<\/p>\n<p>-Una definici\u00f3n concisa de una \u201csecta\u201d y \u201c8 Criteria of Cultic Mind Control\u201d <em>(8 Criterios de control c\u00faltico de la mente)<\/em> del Dr. Robert Liftoncon preguntas que usted puede hacer para poner a prueba a un grupo y ver si tiene tendencias culticas:<\/p>\n <a href=\"https:\/\/www.4witness.org\/es\/que-es-una-secta\/\" class=\"readmore\">Read more<\/a><\/div><hr style=\"margin:10px 0\"><\/div><a class=\"post-thumb alignleft\" style=\"float:left; margin-right:15px; clear:both;\" href=\"https:\/\/www.4witness.org\/es\/por-que-los-mormones-y-los-testigos-de-jehova-no-son-cristianos\/ \"><img loading=\"lazy\" decoding=\"async\" width=\"64\" height=\"64\" src=\"https:\/\/www.4witness.org\/wp-content\/uploads\/2013\/03\/2people-outdoors-cross-1k-100x100.jpg\" class=\"attachment-64x64 size-64x64 wp-post-image\" alt=\"\" srcset=\"https:\/\/www.4witness.org\/wp-content\/uploads\/2013\/03\/2people-outdoors-cross-1k-100x100.jpg 100w, https:\/\/www.4witness.org\/wp-content\/uploads\/2013\/03\/2people-outdoors-cross-1k-150x150.jpg 150w, https:\/\/www.4witness.org\/wp-content\/uploads\/2013\/03\/2people-outdoors-cross-1k-480x480.jpg 480w\" sizes=\"auto, (max-width: 64px) 100vw, 64px\" data-wp-pid=\"14555\" \/><\/a><div class=\"add_posts_content\" style=\"clear:both;\"><h2 class=\"title\" style=\"clear: none;\"><a href=\"https:\/\/www.4witness.org\/es\/por-que-los-mormones-y-los-testigos-de-jehova-no-son-cristianos\/\">\u00bfPor qu\u00e9 los mormones y los testigos de Jehov\u00e1 no son cristianos?<\/a><\/h2><div class=\"post-content\" style=\"clear:both\";><p><strong class=\"style1\"><strong><b><b><b><img loading=\"lazy\" decoding=\"async\" class=\"alignright\" style=\"margin: 10px;\" src=\"https:\/\/witforjesus.org\/images\/4warticles\/lds-temple.jpg\" alt=\"lds_temple\" width=\"250\" height=\"333\" \/><\/b><\/b><\/b><\/strong><\/strong><\/p>\n<p><strong><strong><strong><strong><strong><strong><strong><strong><strong><a href=\"https:\/\/witforjesus.org\/downloads\/spanish\/articles\/lds\/sldsjwchr.pdf\"><img loading=\"lazy\" decoding=\"async\" src=\"https:\/\/witforjesus.org\/images\/buttons\/pdf.jpg\" alt=\"PDF\" width=\"44\" height=\"21\" \/><\/a><\/strong><\/strong><\/strong><\/strong><\/strong><\/strong><\/strong><\/strong><\/strong><\/p>\n<p><strong class=\"style1\">\u00bfPOR QU\u00c9 ELLOS NO SON CRISTIANOS? - <\/strong>\u201cPero temo que\u2026vuestras mentes sean desviadas de la <strong>sencillez<\/strong> \u2026de la <em>devoci\u00f3n<\/em> a Cristo.\u201d \u20132 Corintios 11:3,<em> La Biblia de las Am\u00e9ricas<\/em><\/p>\n<p style=\"text-align: center;\"><strong class=\"style1\"> <strong>\u00bfPor qu\u00e9 dicen las personas que los mormones y los testigos de Jehov\u00e1\u00a0no son cristianos?<\/strong><\/strong><\/p>\n<p style=\"text-align: justify;\"><strong class=\"style1\">\u00a0<\/strong>Tanto la religi\u00f3n de los mormones (oficialmente conocida como la Iglesia de Jesucristo de los Santos de los \u00daltimos D\u00edas o SUD) como la organizaci\u00f3n de los testigos de Jehov\u00e1 (tambi\u00e9n conocido como la Watchtower <em>(La Atalaya)<\/em>) comparten una doctrina fundamental com\u00fan: ambos declaran que el cristianismo se volvi\u00f3 corrupto en el momento de la muerte de los ap\u00f3stoles del Nuevo Testamento. Ambos afirman que s\u00f3lo por medio de sus religiones, en estos \u00faltimos d\u00edas, Dios ha restaurado a los elementos perdidos y corruptos de la fe cristiana para que s\u00f3lo aquellos que practican su religi\u00f3n, posean la forma m\u00e1s pura del cristianismo.<\/p>\n <a href=\"https:\/\/www.4witness.org\/es\/por-que-los-mormones-y-los-testigos-de-jehova-no-son-cristianos\/\" class=\"readmore\">Read more<\/a><\/div><hr style=\"margin:10px 0\"><\/div><\/div><div style=\"clear: both;\"><\/div>\n","protected":false},"excerpt":{"rendered":"","protected":false},"author":2,"featured_media":0,"parent":9303,"menu_order":0,"comment_status":"closed","ping_status":"closed","template":"","meta":{"footnotes":""},"class_list":["post-9312","page","type-page","status-publish","hentry"],"_links":{"self":[{"href":"https:\/\/www.4witness.org\/es\/wp-json\/wp\/v2\/pages\/9312","targetHints":{"allow":["GET"]}}],"collection":[{"href":"https:\/\/www.4witness.org\/es\/wp-json\/wp\/v2\/pages"}],"about":[{"href":"https:\/\/www.4witness.org\/es\/wp-json\/wp\/v2\/types\/page"}],"author":[{"embeddable":true,"href":"https:\/\/www.4witness.org\/es\/wp-json\/wp\/v2\/users\/2"}],"replies":[{"embeddable":true,"href":"https:\/\/www.4witness.org\/es\/wp-json\/wp\/v2\/comments?post=9312"}],"version-history":[{"count":2,"href":"https:\/\/www.4witness.org\/es\/wp-json\/wp\/v2\/pages\/9312\/revisions"}],"predecessor-version":[{"id":9314,"href":"https:\/\/www.4witness.org\/es\/wp-json\/wp\/v2\/pages\/9312\/revisions\/9314"}],"up":[{"embeddable":true,"href":"https:\/\/www.4witness.org\/es\/wp-json\/wp\/v2\/pages\/9303"}],"wp:attachment":[{"href":"https:\/\/www.4witness.org\/es\/wp-json\/wp\/v2\/media?parent=9312"}],"curies":[{"name":"wp","href":"https:\/\/api.w.org\/{rel}","templated":true}]}}