{"id":9307,"date":"2018-12-11T12:47:03","date_gmt":"2018-12-11T19:47:03","guid":{"rendered":"http:\/\/www.4witness.org\/?page_id=9307"},"modified":"2018-12-11T12:56:04","modified_gmt":"2018-12-11T19:56:04","slug":"el-evangelio","status":"publish","type":"page","link":"https:\/\/www.4witness.org\/es\/articulos\/el-evangelio\/","title":{"rendered":"El Evangelio"},"content":{"rendered":"<ul class=\"lcp_catlist\" id=\"lcp_instance_0\"><li><a href=\"https:\/\/www.4witness.org\/es\/todo-aquel-que-vive-y-cree-en-mi-no-morira-eternamente-crees-esto-testimonio-de-juan-11\/\">\u201cTodo aquel que vive y cree en m\u00ed, no morir\u00e1 eternamente. \u00bfCrees esto?\u201d &#8211; Testimonio de Juan 11<\/a><\/li><li><a href=\"https:\/\/www.4witness.org\/es\/comprendiendo-la-gracia\/\">Comprendiendo la gracia<\/a><\/li><li><a href=\"https:\/\/www.4witness.org\/es\/quien-soy-yo-segun-dios\/\">\u00bfQui\u00e9n soy yo? \u2026Seg\u00fan Dios<\/a><\/li><li><a href=\"https:\/\/www.4witness.org\/es\/yo-ore-para-recibir-a-jesus-ahora-que\/\">Yo or\u00e9 para recibir a jes\u00fas. \u00bfAhora qu\u00e9?<\/a><\/li><li><a href=\"https:\/\/www.4witness.org\/es\/salvacion-que-se-necesita-para-tener-vida-eterna\/\">SALVACI\u00d3N &#8211; \u00bfQu\u00e9 se necesita para tener vida eterna?<\/a><\/li><li><a href=\"https:\/\/www.4witness.org\/es\/que-es-la-trinidad-de-donde-origino-esta-doctrina\/\">\u00bfQu\u00e9 es la Trinidad?  \u00bfDe d\u00f3nde origin\u00f3 esta doctrina?<\/a><\/li><\/ul>\n<div class=\"add_posts\"><a class=\"post-thumb alignleft\" style=\"float:left; margin-right:15px; clear:both;\" href=\"https:\/\/www.4witness.org\/es\/todo-aquel-que-vive-y-cree-en-mi-no-morira-eternamente-crees-esto-testimonio-de-juan-11\/ \"><img loading=\"lazy\" decoding=\"async\" width=\"64\" height=\"64\" src=\"https:\/\/www.4witness.org\/wp-content\/uploads\/2013\/03\/2people-outdoors-cross-1k-100x100.jpg\" class=\"attachment-64x64 size-64x64 wp-post-image\" alt=\"\" srcset=\"https:\/\/www.4witness.org\/wp-content\/uploads\/2013\/03\/2people-outdoors-cross-1k-100x100.jpg 100w, https:\/\/www.4witness.org\/wp-content\/uploads\/2013\/03\/2people-outdoors-cross-1k-150x150.jpg 150w, https:\/\/www.4witness.org\/wp-content\/uploads\/2013\/03\/2people-outdoors-cross-1k-480x480.jpg 480w\" sizes=\"auto, (max-width: 64px) 100vw, 64px\" data-wp-pid=\"14555\" \/><\/a><div class=\"add_posts_content\" style=\"clear:both;\"><h2 class=\"title\" style=\"clear: none;\"><a href=\"https:\/\/www.4witness.org\/es\/todo-aquel-que-vive-y-cree-en-mi-no-morira-eternamente-crees-esto-testimonio-de-juan-11\/\">\u201cTodo aquel que vive y cree en m\u00ed, no morir\u00e1 eternamente. \u00bfCrees esto?\u201d - Testimonio de Juan 11<\/a><\/h2><div class=\"post-content\" style=\"clear:both\";><p><strong><strong><b><b><strong><strong><img loading=\"lazy\" decoding=\"async\" alt=\"Whoever Lives and Believes in Me shall never die. Do you Believe this?\" src=\"https:\/\/witforjesus.org\/images\/long\/4witness\/resurrection.png\" width=\"590\" height=\"300\" \/><\/strong><\/strong><\/b><\/b><\/strong><\/strong><\/p>\n<p><strong><b>Testimonio de Juan 11 \u2013 \u201cTodo Aquel Que Vive y Cree en M\u00ed, No Morir\u00e1 Eternamente. \u00bfCrees Esto?\u201d<\/b><\/strong><\/p>\n<p><a title=\"Julie\u2019s Articles\" href=\"\/?page_id=759\"><strong><img loading=\"lazy\" decoding=\"async\" class=\"alignleft\" style=\"margin: 10px;\" alt=\"Julie\" src=\"https:\/\/witforjesus.org\/images\/jwstories\/julie.jpg\" width=\"134\" height=\"168\" \/><\/strong><\/a>El mes pasado, mientras le\u00eda la historia de L\u00e1zaro que se encuentra en Juan 11, obtuve algunas ideas acerca de oraciones no respondidas y las compart\u00ed en una publicaci\u00f3n en nuestro panel de Mensajes, en Colorado Springs y a Nivel Mundial, de Grupos de Encuentro de Ex-Testigos de Jehov\u00e1 (<a href=\"http:\/\/www.meetup.com\/exjw-worldwide\/\">http:\/\/www.meetup.com\/exjw-worldwide\/<\/a>). Surgi\u00f3 un debate, pero una de nuestras miembros termin\u00f3 d\u00e1ndonos un testimonio tan alentador dentro del hilo de la conversaci\u00f3n, \u00a1que tuve compartirlo aqu\u00ed! Esto es lo que ella escribi\u00f3:<\/p>\n<p><i><i>Por cierto, la historia de L\u00e1zaro tiene mucho significado para m\u00ed de manera personal.<\/i><\/i><\/p>\n<p>Cuando estaba en la organizaci\u00f3n de los testigos de Jehov\u00e1, me encontraba un d\u00eda afuera en el ministerio y la mujer con la que yo estaba utiliz\u00f3 Juan 11:25-26 con una persona a la que le est\u00e1bamos predicando. Ella tomo la parte donde Jes\u00fas dice, \u201c\u00bfCrees esto?\u201d Y le pregunto a la persona, \u00bfcrees esto? Fue como algo desconcertante para el ama de casa, pero las palabras permanecieron dando vueltas en mi mente.<\/p>\n <a href=\"https:\/\/www.4witness.org\/es\/todo-aquel-que-vive-y-cree-en-mi-no-morira-eternamente-crees-esto-testimonio-de-juan-11\/\" class=\"readmore\">Read more<\/a><\/div><hr style=\"margin:10px 0\"><\/div><a class=\"post-thumb alignleft\" style=\"float:left; margin-right:15px; clear:both;\" href=\"https:\/\/www.4witness.org\/es\/comprendiendo-la-gracia\/ \"><img loading=\"lazy\" decoding=\"async\" width=\"64\" height=\"64\" src=\"https:\/\/www.4witness.org\/wp-content\/uploads\/2013\/05\/white-butterfly-red-flower-1k-100x100.jpg\" class=\"attachment-64x64 size-64x64 wp-post-image\" alt=\"\" srcset=\"https:\/\/www.4witness.org\/wp-content\/uploads\/2013\/05\/white-butterfly-red-flower-1k-100x100.jpg 100w, https:\/\/www.4witness.org\/wp-content\/uploads\/2013\/05\/white-butterfly-red-flower-1k-150x150.jpg 150w, https:\/\/www.4witness.org\/wp-content\/uploads\/2013\/05\/white-butterfly-red-flower-1k-480x480.jpg 480w\" sizes=\"auto, (max-width: 64px) 100vw, 64px\" data-wp-pid=\"14573\" \/><\/a><div class=\"add_posts_content\" style=\"clear:both;\"><h2 class=\"title\" style=\"clear: none;\"><a href=\"https:\/\/www.4witness.org\/es\/comprendiendo-la-gracia\/\">Comprendiendo la gracia<\/a><\/h2><div class=\"post-content\" style=\"clear:both\";><p><img decoding=\"async\" alt=\"bullets\" src=\"https:\/\/witforjesus.org\/images\/long\/4witness\/grace.png\" \/><\/p>\n<p><strong>COMPRENDIENDO LA GRACIA \u2014 \u00bfDe qu\u00e9 se trata?<\/strong><\/p>\n<p align=\"justify\">Qu\u00e9 es la gracia? Leemos, discutimos e incluso cantamos acerca de ella; pero, \u00bfrealmente comprendemos lo que es y la aplicamos a nuestras vidas? Hebreos 12:15 dice que uno puede \u201c[dejar<strong>]<\/strong> de alcanzar la gracia de Dios,\u201d y el resultado de \u201cdejar de alcanzar\u201d conduce a una \u201cra\u00edz de amargura\u201d en el coraz\u00f3n. Por lo tanto, es sumamente importante que verdaderamente entendamos la profundidad de la gracia de Dios y aprendamos c\u00f3mo implementarla en nuestras vidas.\u00a0<\/p>\n <a href=\"https:\/\/www.4witness.org\/es\/comprendiendo-la-gracia\/\" class=\"readmore\">Read more<\/a><\/div><hr style=\"margin:10px 0\"><\/div><a class=\"post-thumb alignleft\" style=\"float:left; margin-right:15px; clear:both;\" href=\"https:\/\/www.4witness.org\/es\/quien-soy-yo-segun-dios\/ \"><img loading=\"lazy\" decoding=\"async\" width=\"64\" height=\"64\" src=\"https:\/\/www.4witness.org\/wp-content\/uploads\/2013\/05\/2women-with-Bibles-1k-100x100.jpg\" class=\"attachment-64x64 size-64x64 wp-post-image\" alt=\"\" srcset=\"https:\/\/www.4witness.org\/wp-content\/uploads\/2013\/05\/2women-with-Bibles-1k-100x100.jpg 100w, https:\/\/www.4witness.org\/wp-content\/uploads\/2013\/05\/2women-with-Bibles-1k-150x150.jpg 150w, https:\/\/www.4witness.org\/wp-content\/uploads\/2013\/05\/2women-with-Bibles-1k-480x480.jpg 480w\" sizes=\"auto, (max-width: 64px) 100vw, 64px\" data-wp-pid=\"14578\" \/><\/a><div class=\"add_posts_content\" style=\"clear:both;\"><h2 class=\"title\" style=\"clear: none;\"><a href=\"https:\/\/www.4witness.org\/es\/quien-soy-yo-segun-dios\/\">\u00bfQui\u00e9n soy yo? \u2026Seg\u00fan Dios<\/a><\/h2><div class=\"post-content\" style=\"clear:both\";><p>&nbsp;<\/p>\n<p><strong><strong><img decoding=\"async\" alt=\"bullets\" src=\"https:\/\/witforjesus.org\/images\/long\/4witness\/who-am-i.png\" \/> <\/strong><\/strong><strong><br \/>\n<\/strong><\/p>\n<p><strong>\u00bfQUI\u00c9N SOY YO? \u2026SEG\u00daN DIOS<\/strong><\/p>\n<p align=\"left\">Tu comportamiento es motivado por lo que crees. Una vez que adoptes tu verdadera identidad en Cristo al confiar en lo que Cristo hizo por ti y quien Dios dice que eres, tu comportamiento comenzar\u00e1 a reflejar tu nueva identidad. La siguiente lista es tomada de \u201cViviendo Libre en Cristo\u201d por Neil Anderson.<\/p>\n <a href=\"https:\/\/www.4witness.org\/es\/quien-soy-yo-segun-dios\/\" class=\"readmore\">Read more<\/a><\/div><hr style=\"margin:10px 0\"><\/div><a class=\"post-thumb alignleft\" style=\"float:left; margin-right:15px; clear:both;\" href=\"https:\/\/www.4witness.org\/es\/yo-ore-para-recibir-a-jesus-ahora-que\/ \"><img loading=\"lazy\" decoding=\"async\" width=\"64\" height=\"64\" src=\"https:\/\/www.4witness.org\/wp-content\/uploads\/2013\/02\/man-woman-church-path-1k-100x100.jpg\" class=\"attachment-64x64 size-64x64 wp-post-image\" alt=\"\" srcset=\"https:\/\/www.4witness.org\/wp-content\/uploads\/2013\/02\/man-woman-church-path-1k-100x100.jpg 100w, https:\/\/www.4witness.org\/wp-content\/uploads\/2013\/02\/man-woman-church-path-1k-150x150.jpg 150w, https:\/\/www.4witness.org\/wp-content\/uploads\/2013\/02\/man-woman-church-path-1k-480x480.jpg 480w\" sizes=\"auto, (max-width: 64px) 100vw, 64px\" data-wp-pid=\"14549\" \/><\/a><div class=\"add_posts_content\" style=\"clear:both;\"><h2 class=\"title\" style=\"clear: none;\"><a href=\"https:\/\/www.4witness.org\/es\/yo-ore-para-recibir-a-jesus-ahora-que\/\">Yo or\u00e9 para recibir a jes\u00fas. \u00bfAhora qu\u00e9?<\/a><\/h2><div class=\"post-content\" style=\"clear:both\";><p><img loading=\"lazy\" decoding=\"async\" alt=\"Mountain Stream\" src=\"https:\/\/witforjesus.org\/images\/long\/4witness\/mountain-stream.png\" width=\"590\" height=\"310\" \/><\/p>\n<p align=\"left\"><span class=\"style1\"><strong>YO OR\u00c9 PARA RECIBIR A JES\u00daS. \u00bfAHORA QU\u00c9? \u2014 \u00bfDeber\u00eda unirme a una iglesia? \u00bfC\u00f3mo puedo conocer la voluntad de Dios y evitar las decepciones de Satan\u00e1s?<\/strong><\/span><\/p>\n<blockquote>\n<p align=\"justify\">\u201cYo hice en mi coraz\u00f3n <a title=\"SALVACI\u00d3N \u2013 \u00bfQu\u00e9 Se Necesita Para Tener Vida Eterna?\" href=\"\/?p=1322\"><strong>la oraci\u00f3n para aceptar a Jes\u00fas<\/strong><\/a> que tienen como ejemplo en su sitio Web y ahora me pregunto, \u00bfqu\u00e9 es lo que se supone que debo hacer? \u00bf<strong>Importa a qu\u00e9 iglesia cristiana asista (metodista, luterana, pentecostal, etc.)?<\/strong> \u00bfImporta si elijo no asistir a ninguna y simplemente leer y estudiar la Biblia, y orar diariamente sin asistir a un servicio los domingos? <strong>\u00bfC\u00f3mo s\u00e9 si las respuestas a mis oraciones provienen de Dios o de Satan\u00e1s?<\/strong> <strong>\u00bfPuede Satan\u00e1s imitar sentimientos de paz?<\/strong> <strong>Tampoco sent\u00ed algo diferente despu\u00e9s de haber dicho la oraci\u00f3n sugerida en el sitio Web de ustedes<\/strong>. He recibido respuestas a oraciones donde he escuchado una respuesta exacta y luego tuve un sentimiento de paz y supe la respuesta que recib\u00ed. Por ejemplo, una vez estaba tratando de decidir si deber\u00eda quedarme donde estaba viviendo o mudarme y me sent\u00ed muy ansioso con respecto al asunto. Ore unos d\u00edas acerca de esto y despu\u00e9s de algunos d\u00edas escuch\u00e9 las palabras en mi mente \u2018deber\u00edas quedarte,\u2019 y luego sent\u00ed paz y ni siquiera fue una pregunta acerca de si yo deber\u00eda quedarme o irme: me iba a quedar. As\u00ed que, <strong>si creo en el poder de la oraci\u00f3n y si creo en Dios y en su Hijo Jesucristo<\/strong>. Creo que Cristo expi\u00f3 por nuestros pecados y creo que Dios nos ama mucho. Eso es lo que s\u00e9. Con respecto a todo lo dem\u00e1s, realmente estoy muy confundido.\u201d<\/p>\n <a href=\"https:\/\/www.4witness.org\/es\/yo-ore-para-recibir-a-jesus-ahora-que\/\" class=\"readmore\">Read more<\/a><\/div><hr style=\"margin:10px 0\"><\/div><a class=\"post-thumb alignleft\" style=\"float:left; margin-right:15px; clear:both;\" href=\"https:\/\/www.4witness.org\/es\/salvacion-que-se-necesita-para-tener-vida-eterna\/ \"><img loading=\"lazy\" decoding=\"async\" width=\"64\" height=\"64\" src=\"https:\/\/www.4witness.org\/wp-content\/uploads\/2013\/02\/2men-2Bibles-v1-500px-100x100.jpg\" class=\"attachment-64x64 size-64x64 wp-post-image\" alt=\"\" srcset=\"https:\/\/www.4witness.org\/wp-content\/uploads\/2013\/02\/2men-2Bibles-v1-500px-100x100.jpg 100w, https:\/\/www.4witness.org\/wp-content\/uploads\/2013\/02\/2men-2Bibles-v1-500px-150x150.jpg 150w\" sizes=\"auto, (max-width: 64px) 100vw, 64px\" data-wp-pid=\"14544\" \/><\/a><div class=\"add_posts_content\" style=\"clear:both;\"><h2 class=\"title\" style=\"clear: none;\"><a href=\"https:\/\/www.4witness.org\/es\/salvacion-que-se-necesita-para-tener-vida-eterna\/\">SALVACI\u00d3N - \u00bfQu\u00e9 se necesita para tener vida eterna?<\/a><\/h2><div class=\"post-content\" style=\"clear:both\";><p><img loading=\"lazy\" decoding=\"async\" src=\"https:\/\/witforjesus.org\/images\/long\/4witness\/mountain-clouds.png\" alt=\"Prayer\" width=\"590\" height=\"289\" \/><\/p>\n<p><strong>SALVACI\u00d3N - \u00bfQu\u00e9 se necesita para tener vida eterna? <\/strong><\/p>\n<p>\u00bfPor qu\u00e9 seguir viviendo en la incertidumbre de saber si ser\u00e1s aceptado por Dios cuando mueras? El mensaje del Evangelio de Jesucristo (Las Buenas Nuevas) es simple porque Dios te<em><strong> AMA<\/strong><\/em> y \u00c9l ha provisto una manera para que tu puedas pasar la eternidad con \u00c9l!<\/p>\n<p align=\"justify\">Pero antes de que puedas ser limpio para estar ante la presencia de Dios, debes enfrentar tus pecados (actitudes, acciones y pensamientos impuros).\u00a0 Si quieres ser \u201csalvo\u201d del castigo de tus pecados (tus actos injustos) y as\u00ed poder vivir para siempre con Dios, sigue estos cinco pasos para <strong><em>ARREPENTIRTE<\/em><\/strong> de tus pecados y recibir el <strong><em>PERD\u00d3N <\/em><\/strong>que Cristo ofrece cuando lo haces a \u00c9l Se\u00f1or de tu vida. Recuerda, que tu oraci\u00f3n de arrepentimiento es s\u00f3lo el comienzo de una <strong><em>NUEVA VIDA<\/em><\/strong> donde mueres a tus deseos pecaminosos y te levantas en el poder transformador de vidas de Su espiritu santo.<\/p>\n <a href=\"https:\/\/www.4witness.org\/es\/salvacion-que-se-necesita-para-tener-vida-eterna\/\" class=\"readmore\">Read more<\/a><\/div><hr style=\"margin:10px 0\"><\/div><a class=\"post-thumb alignleft\" style=\"float:left; margin-right:15px; clear:both;\" href=\"https:\/\/www.4witness.org\/es\/que-es-la-trinidad-de-donde-origino-esta-doctrina\/ \"><img loading=\"lazy\" decoding=\"async\" width=\"64\" height=\"64\" src=\"https:\/\/www.4witness.org\/wp-content\/uploads\/2013\/03\/2robed-men-and-dove2-1k-100x100.jpg\" class=\"attachment-64x64 size-64x64 wp-post-image\" alt=\"\" srcset=\"https:\/\/www.4witness.org\/wp-content\/uploads\/2013\/03\/2robed-men-and-dove2-1k-100x100.jpg 100w, https:\/\/www.4witness.org\/wp-content\/uploads\/2013\/03\/2robed-men-and-dove2-1k-150x150.jpg 150w, https:\/\/www.4witness.org\/wp-content\/uploads\/2013\/03\/2robed-men-and-dove2-1k-480x480.jpg 480w\" sizes=\"auto, (max-width: 64px) 100vw, 64px\" data-wp-pid=\"14567\" \/><\/a><div class=\"add_posts_content\" style=\"clear:both;\"><h2 class=\"title\" style=\"clear: none;\"><a href=\"https:\/\/www.4witness.org\/es\/que-es-la-trinidad-de-donde-origino-esta-doctrina\/\">\u00bfQu\u00e9 es la Trinidad?  \u00bfDe d\u00f3nde origin\u00f3 esta doctrina?<\/a><\/h2><div class=\"post-content\" style=\"clear:both\";><p><strong><strong><strong><img loading=\"lazy\" decoding=\"async\" class=\"alignleft\" style=\"margin: 10px;\" alt=\"The Trinity \" src=\"https:\/\/witforjesus.org\/images\/jwarticles\/jwtrinity.jpg\" width=\"252\" height=\"230\" \/><\/strong><\/strong><\/strong><\/p>\n<p><strong><strong><strong><strong><strong><strong><strong><strong><strong><a href=\"https:\/\/witforjesus.org\/downloads\/spanish\/articles\/jw\/swhat-is-trinity.pdf\"><img loading=\"lazy\" decoding=\"async\" alt=\"PDF\" src=\"https:\/\/witforjesus.org\/images\/buttons\/pdf.jpg\" width=\"44\" height=\"21\" \/><\/a><\/strong><\/strong><\/strong><\/strong><\/strong><\/strong><\/strong><\/strong><\/strong><\/p>\n<p><strong>\u00bfQU\u00c9 ES LA TRINIDAD?\u00a0 \u00bfDe d\u00f3nde origin\u00f3 esta doctrina?<\/strong><\/p>\n<p align=\"center\">La Doctrina de la Trinidad es la creencia de que las tres Personas Divinas mencionadas en la Biblia, el Padre, el Hijo (Jesucristo), y el Esp\u00edritu Santo, son un solo Dios. Son distintos en sus Personalidades, manteniendo sin embargo, unidad de sustancia como el \u00fanico Dios verdadero. La mejor definici\u00f3n de la Trinidad se puede encontrar en el Credo de Atanasio que fue codificado por la iglesia en el cuarto siglo.<\/p>\n<p>\u00a0 <strong>EL CREDO DE ATANASIO (Pasajes):\u00a0<\/strong><\/p>\n<p align=\"justify\">\u201c\u2026adoramos a un solo Dios en Trinidad, y Trinidad en Unidad<strong>, sin confundir las Personas, ni dividir la Sustancia. <\/strong>Porque es <strong>una la Persona del Padre, <span style=\"text-decoration: underline;\">otra<\/span> la del Hijo <\/strong>y<strong> <span style=\"text-decoration: underline;\">otra<\/span> la del Esp\u00edritu Santo; <\/strong>mas la Divinidad del Padre, del Hijo y del Esp\u00edritu es toda una, igual la Gloria, coeterna la Majestad. As\u00ed como es el Padre, as\u00ed el Hijo, as\u00ed el Esp\u00edritu Santo. Increado es el Padre, increado el Hijo, increado el Esp\u00edritu Santo. ...<strong>Eterno es el Padre, eterno el Hijo, eterno el Esp\u00edritu Santo<\/strong>. Y, sin embargo, <strong>no son tres eternos, sino un solo eterno<\/strong>; como tambi\u00e9n no son tres incomprensibles, ni tres increados, sino un solo increado y un solo incomprensible. Igualmente, Todopoderoso es el Padre, Todopoderoso el Hijo, Todopoderoso (tambi\u00e9n) el Esp\u00edritu Santo; <strong>y, sin embargo no son tres Todopoderosos, sino un solo Todopoderoso<\/strong>.<\/p>\n <a href=\"https:\/\/www.4witness.org\/es\/que-es-la-trinidad-de-donde-origino-esta-doctrina\/\" class=\"readmore\">Read more<\/a><\/div><hr style=\"margin:10px 0\"><\/div><\/div><div style=\"clear: both;\"><\/div>\n","protected":false},"excerpt":{"rendered":"","protected":false},"author":2,"featured_media":0,"parent":9303,"menu_order":0,"comment_status":"closed","ping_status":"closed","template":"","meta":{"footnotes":""},"class_list":["post-9307","page","type-page","status-publish","hentry"],"_links":{"self":[{"href":"https:\/\/www.4witness.org\/es\/wp-json\/wp\/v2\/pages\/9307","targetHints":{"allow":["GET"]}}],"collection":[{"href":"https:\/\/www.4witness.org\/es\/wp-json\/wp\/v2\/pages"}],"about":[{"href":"https:\/\/www.4witness.org\/es\/wp-json\/wp\/v2\/types\/page"}],"author":[{"embeddable":true,"href":"https:\/\/www.4witness.org\/es\/wp-json\/wp\/v2\/users\/2"}],"replies":[{"embeddable":true,"href":"https:\/\/www.4witness.org\/es\/wp-json\/wp\/v2\/comments?post=9307"}],"version-history":[{"count":2,"href":"https:\/\/www.4witness.org\/es\/wp-json\/wp\/v2\/pages\/9307\/revisions"}],"predecessor-version":[{"id":9309,"href":"https:\/\/www.4witness.org\/es\/wp-json\/wp\/v2\/pages\/9307\/revisions\/9309"}],"up":[{"embeddable":true,"href":"https:\/\/www.4witness.org\/es\/wp-json\/wp\/v2\/pages\/9303"}],"wp:attachment":[{"href":"https:\/\/www.4witness.org\/es\/wp-json\/wp\/v2\/media?parent=9307"}],"curies":[{"name":"wp","href":"https:\/\/api.w.org\/{rel}","templated":true}]}}