{"id":764,"date":"2013-02-16T00:10:21","date_gmt":"2013-02-16T00:10:21","guid":{"rendered":"http:\/\/www.4witness.org\/?page_id=764"},"modified":"2014-04-03T14:51:52","modified_gmt":"2014-04-03T14:51:52","slug":"los-articulos-de-tressa","status":"publish","type":"page","link":"https:\/\/www.4witness.org\/es\/testimonios\/ex-testigos-de-jehova\/los-articulos-de-tressa\/","title":{"rendered":"Los art\u00edculos de Tressa"},"content":{"rendered":"<p>&nbsp;<\/p>\n<div>\n<p><strong><img loading=\"lazy\" decoding=\"async\" class=\"alignleft\" style=\"margin: 10px;\" alt=\"tressa\" src=\"https:\/\/witforjesus.org\/images\/jwstories\/tressa.jpg\" width=\"203\" height=\"207\" \/><\/strong><\/p>\n<div>\n<p>&nbsp;<\/p>\n<p><span style=\"font-size: medium;\"><strong>Tressa<\/strong> <\/span><\/p>\n<p><span style=\"font-size: medium;\">&#8211; Habiendo crecido en un hogar cat\u00f3lico, lo \u00fanico que Tressa quer\u00eda era que alguien le ense\u00f1ara la Biblia. As\u00ed que, cuando los testigos de Jehov\u00e1 llamaron a su puerta, ella pens\u00f3 que era una respuesta a sus oraciones y cri\u00f3 a sus cinco hijos en la organizaci\u00f3n. Despu\u00e9s de ser excomulgada por divorciarse de su marido abusivo, Tressa estaba trabajando duro para ser reincorporada \u00a1cuando Jes\u00fas la encontr\u00f3!\u00a0<a title=\"Tressa\" href=\"http:\/\/4jehovah.org\/es\/el-testimonio-de-tressa\/\"><strong><strong>Lea la historia de la salida de Tressa de los testigos de Jehov\u00e1<strong><strong><b><b><strong><strong><\/strong><\/strong><\/b><\/b><\/strong><\/strong><\/strong><\/strong><\/a><strong><b><b><strong><strong><a title=\"Tressa\" href=\"http:\/\/4jehovah.org\/es\/el-testimonio-de-tressa\/\"><strong><strong><\/strong>.<\/strong><\/a><\/strong><\/strong><\/b><\/b><\/strong><strong><strong><strong><strong><b><b><strong><strong> <\/strong><\/strong><\/b><\/b><\/strong><\/strong><\/strong><\/strong><a title=\"Tressa\" href=\"http:\/\/4jehovah.org\/es\/el-testimonio-de-tressa\/\"><strong><strong><strong><strong><b><b><strong><strong><img loading=\"lazy\" decoding=\"async\" alt=\"bullets\" src=\"https:\/\/witforjesus.org\/images\/buttons\/read-more.jpg\" width=\"26\" height=\"12\" \/><\/strong><\/strong><\/b><\/b><\/strong><\/strong><\/strong><\/strong><\/a><\/span><\/p>\n<\/div>\n<p><strong><strong><strong><strong><img loading=\"lazy\" decoding=\"async\" alt=\"bullets\" src=\"https:\/\/witforjesus.org\/images\/bullets.jpg\" width=\"10\" height=\"9\" \/><\/strong><\/strong><\/strong>\u00a0<a title=\"\u00bfPor qu\u00e9 los cristianos enfatizan a Jes\u00fas en lugar de Jehov\u00e1?\" href=\"http:\/\/4jehovah.org\/es\/por-que-los-cristianos-enfatizan-a-jesus-en-lugar-de-jehova\/\"><strong>\u00bfPor qu\u00e9 los cristianos enfatizan a Jes\u00fas en lugar de Jehov\u00e1?<\/strong><\/a><strong> <\/strong><\/strong>(4jehovah.org)<\/p>\n<p>&nbsp;<\/p>\n<\/div>\n","protected":false},"excerpt":{"rendered":"<p>&nbsp; &nbsp; Tressa &#8211; Habiendo crecido en un hogar cat\u00f3lico, lo \u00fanico que Tressa quer\u00eda era que alguien le ense\u00f1ara la Biblia. As\u00ed que, cuando los testigos de Jehov\u00e1 llamaron a su puerta, ella pens\u00f3 que era una respuesta a sus oraciones y cri\u00f3 a sus cinco hijos en la organizaci\u00f3n. Despu\u00e9s de ser excomulgada&#8230;<\/p>\n","protected":false},"author":2,"featured_media":0,"parent":710,"menu_order":0,"comment_status":"closed","ping_status":"closed","template":"","meta":{"footnotes":""},"class_list":["post-764","page","type-page","status-publish","hentry"],"_links":{"self":[{"href":"https:\/\/www.4witness.org\/es\/wp-json\/wp\/v2\/pages\/764","targetHints":{"allow":["GET"]}}],"collection":[{"href":"https:\/\/www.4witness.org\/es\/wp-json\/wp\/v2\/pages"}],"about":[{"href":"https:\/\/www.4witness.org\/es\/wp-json\/wp\/v2\/types\/page"}],"author":[{"embeddable":true,"href":"https:\/\/www.4witness.org\/es\/wp-json\/wp\/v2\/users\/2"}],"replies":[{"embeddable":true,"href":"https:\/\/www.4witness.org\/es\/wp-json\/wp\/v2\/comments?post=764"}],"version-history":[{"count":10,"href":"https:\/\/www.4witness.org\/es\/wp-json\/wp\/v2\/pages\/764\/revisions"}],"predecessor-version":[{"id":5018,"href":"https:\/\/www.4witness.org\/es\/wp-json\/wp\/v2\/pages\/764\/revisions\/5018"}],"up":[{"embeddable":true,"href":"https:\/\/www.4witness.org\/es\/wp-json\/wp\/v2\/pages\/710"}],"wp:attachment":[{"href":"https:\/\/www.4witness.org\/es\/wp-json\/wp\/v2\/media?parent=764"}],"curies":[{"name":"wp","href":"https:\/\/api.w.org\/{rel}","templated":true}]}}