{"id":761,"date":"2013-02-16T00:06:33","date_gmt":"2013-02-16T00:06:33","guid":{"rendered":"http:\/\/www.4witness.org\/?page_id=761"},"modified":"2014-03-28T04:02:34","modified_gmt":"2014-03-28T04:02:34","slug":"los-articulos-de-tammie","status":"publish","type":"page","link":"https:\/\/www.4witness.org\/es\/testimonios\/ex-testigos-de-jehova\/los-articulos-de-tammie\/","title":{"rendered":"Los art\u00edculos de Tammie"},"content":{"rendered":"<p><strong><img loading=\"lazy\" decoding=\"async\" class=\"alignleft\" style=\"margin: 10px;\" alt=\"tammie\" src=\"https:\/\/witforjesus.org\/images\/jwstories\/tammie.jpg\" width=\"205\" height=\"238\" \/><\/strong><strong><\/strong><\/p>\n<p>&nbsp;<\/p>\n<p><span style=\"font-size: medium;\"><strong>Tammie <\/strong><\/span><\/p>\n<p><span style=\"font-size: medium;\">&#8211; Al ser criada por padres testigos de Jehov\u00e1 (su padre era un anciano l\u00edder), Tammie se sent\u00eda confiada de que era parte de la \u00fanica religi\u00f3n verdadera. Haciendo la obra de precursora a sus 30 a\u00f1os de edad (invirtiendo por lo menos 90 horas al mes), reportaba un promedio de 10 \u201cestudios B\u00edblicos\u201d y distribu\u00eda mensualmente cientos de revistas y otros libros de la Watchtower. Como una persona experta en debatir, Tammie daba \u201ccharlas\u201d y \u201cdemostraciones\u201d frecuentes en la Escuela de Ministerio Teocr\u00e1tico desde los 7 a\u00f1os de edad. Su familia y amigos la consideraban como la \u201cTestigo\u201d modelo, hasta que el amor condicional que ella hab\u00eda adoptado fracas\u00f3 y todo en su vida se desmoron\u00f3. Tammie encontr\u00f3 \u00fanicamente en Cristo lo que hab\u00eda estado buscando. <a title=\"Tammie\" href=\"http:\/\/4jehovah.org\/es\/el-testimonio-de-tammie\/\"><strong>Lea la historia de la salida de Tammie de los testigos de Jehov\u00e1<strong><strong><b><b><strong><strong>.<\/strong><\/strong><\/b><\/b><\/strong><\/strong><\/strong><\/a><strong><strong><strong><b><b><strong><strong> <\/strong><\/strong><\/b><\/b><\/strong><\/strong><\/strong><a title=\"Tammie\" href=\"http:\/\/4jehovah.org\/es\/el-testimonio-de-tammie\/\"><strong><strong><strong><b><b><strong><strong><img loading=\"lazy\" decoding=\"async\" alt=\"bullets\" src=\"https:\/\/witforjesus.org\/images\/buttons\/read-more.jpg\" width=\"26\" height=\"12\" \/><\/strong><\/strong><\/b><\/b><\/strong><\/strong><\/strong><\/a><\/span><\/p>\n<p><img loading=\"lazy\" decoding=\"async\" alt=\"bullets\" src=\"https:\/\/witforjesus.org\/images\/bullets.jpg\" width=\"10\" height=\"9\" \/> <a title=\"Estoy herido y confundido, pero tengo miedo de salirme\u2026\" href=\"http:\/\/4jehovah.org\/es\/estoy-herido-y-confundido-pero-tengo-miedo-de-salirme\/\"><strong>Estoy herido y confundido, pero tengo miedo de salirme\u2026<\/strong><\/a><\/p>\n<p><img loading=\"lazy\" decoding=\"async\" alt=\"bullets\" src=\"https:\/\/witforjesus.org\/images\/bullets.jpg\" width=\"10\" height=\"9\" \/> <a title=\"Yo deseaba o saber m\u00e1s de la Biblia, as\u00ed que comenc\u00e9 a estudiar con los testigos de Jehov\u00e1\u2026\" href=\"http:\/\/4jehovah.org\/es\/yo-deseaba-o-saber-mas-de-la-biblia-asi-que-comence-a-estudiar-con-los-testigos-de-jehova\/\"><strong>Yo deseaba o saber m\u00e1s de la Biblia, as\u00ed que comenc\u00e9 a estudiar con los testigos de Jehov\u00e1\u2026<\/strong><\/a><\/p>\n<p><img loading=\"lazy\" decoding=\"async\" alt=\"bullets\" src=\"https:\/\/witforjesus.org\/images\/bullets.jpg\" width=\"10\" height=\"9\" \/> <a title=\"Nuestra familia, que pertenece a los testigos de Jehov\u00e1, nos est\u00e1 rogando que regresemos a la organizaci\u00f3n. \u00bfDeber\u00edamos regresar como cristianos encubiertos para alcanzar a nuestra familia?\" href=\"http:\/\/4jehovah.org\/es\/deberia-regresar-como-un-cristiano-secreto-para-alcanzar-a-mi-familia\/\"><strong>Nuestra familia, que pertenece a los testigos de Jehov\u00e1, nos est\u00e1 rogando que regresemos a la organizaci\u00f3n. \u00bfDeber\u00edamos regresar como cristianos encubiertos para alcanzar a nuestra familia?<\/strong><\/a><\/p>\n<p><img loading=\"lazy\" decoding=\"async\" alt=\"bullets\" src=\"https:\/\/witforjesus.org\/images\/bullets.jpg\" width=\"10\" height=\"9\" \/> <a title=\"\u00bfC\u00f3mo puedo sobreponerme al dolor de dejar a los testigos de Jehov\u00e1?\" href=\"http:\/\/4jehovah.org\/es\/como-puedo-sobreponerme-al-dolor-de-dejar-a-los-testigos-de-jehova\/\"><strong>\u00bfC\u00f3mo puedo sobreponerme al dolor de dejar a los testigos de Jehov\u00e1?<\/strong><\/a><\/p>\n<p>&nbsp;<\/p>\n","protected":false},"excerpt":{"rendered":"<p>&nbsp; Tammie &#8211; Al ser criada por padres testigos de Jehov\u00e1 (su padre era un anciano l\u00edder), Tammie se sent\u00eda confiada de que era parte de la \u00fanica religi\u00f3n verdadera. Haciendo la obra de precursora a sus 30 a\u00f1os de edad (invirtiendo por lo menos 90 horas al mes), reportaba un promedio de 10 \u201cestudios&#8230;<\/p>\n","protected":false},"author":2,"featured_media":14810,"parent":710,"menu_order":0,"comment_status":"closed","ping_status":"closed","template":"","meta":{"footnotes":""},"class_list":["post-761","page","type-page","status-publish","has-post-thumbnail","hentry"],"_links":{"self":[{"href":"https:\/\/www.4witness.org\/es\/wp-json\/wp\/v2\/pages\/761","targetHints":{"allow":["GET"]}}],"collection":[{"href":"https:\/\/www.4witness.org\/es\/wp-json\/wp\/v2\/pages"}],"about":[{"href":"https:\/\/www.4witness.org\/es\/wp-json\/wp\/v2\/types\/page"}],"author":[{"embeddable":true,"href":"https:\/\/www.4witness.org\/es\/wp-json\/wp\/v2\/users\/2"}],"replies":[{"embeddable":true,"href":"https:\/\/www.4witness.org\/es\/wp-json\/wp\/v2\/comments?post=761"}],"version-history":[{"count":11,"href":"https:\/\/www.4witness.org\/es\/wp-json\/wp\/v2\/pages\/761\/revisions"}],"predecessor-version":[{"id":4955,"href":"https:\/\/www.4witness.org\/es\/wp-json\/wp\/v2\/pages\/761\/revisions\/4955"}],"up":[{"embeddable":true,"href":"https:\/\/www.4witness.org\/es\/wp-json\/wp\/v2\/pages\/710"}],"wp:featuredmedia":[{"embeddable":true,"href":"https:\/\/www.4witness.org\/es\/wp-json\/wp\/v2\/media\/14810"}],"wp:attachment":[{"href":"https:\/\/www.4witness.org\/es\/wp-json\/wp\/v2\/media?parent=761"}],"curies":[{"name":"wp","href":"https:\/\/api.w.org\/{rel}","templated":true}]}}