{"id":759,"date":"2013-02-16T00:05:30","date_gmt":"2013-02-16T00:05:30","guid":{"rendered":"http:\/\/www.4witness.org\/?page_id=759"},"modified":"2014-03-28T02:56:35","modified_gmt":"2014-03-28T02:56:35","slug":"los-articulos-de-julie","status":"publish","type":"page","link":"https:\/\/www.4witness.org\/es\/testimonios\/ex-testigos-de-jehova\/los-articulos-de-julie\/","title":{"rendered":"Los art\u00edculos de Julie"},"content":{"rendered":"<p><strong><img loading=\"lazy\" decoding=\"async\" class=\"alignleft\" style=\"margin: 10px;\" alt=\"julie\" src=\"https:\/\/witforjesus.org\/images\/jwstories\/julie.jpg\" width=\"227\" height=\"331\" \/><\/strong><\/p>\n<div><\/div>\n<div><span style=\"font-size: medium;\"><strong>Julie<\/strong> <\/span><\/div>\n<div><\/div>\n<div><span style=\"font-size: medium;\">&#8211; Como una conversa de los testigos de Jehov\u00e1, Julie cre\u00eda que hab\u00eda encontrado \u201cla verdad,\u201d pero cuando se burlaron de ella por reportar a un \u201clobo\u201d vestido de oveja en la congregaci\u00f3n y le dijeron que \u201caquellos vers\u00edculos\u201d acerca de lobos \u201cs\u00f3lo eran para los cristianos del primer siglo y no para la Organizaci\u00f3n de Jehov\u00e1 en la actualidad, \u00a1sab\u00eda que algo estaba extremadamente mal! En esa instancia, cuando Julie vio la manera en que los ancianos son entrenados para encubrir sus fallas para hacer lucir bien a la organizaci\u00f3n, su fe en la Sociedad fue quebrantada. Fue \u201cexcomulgada\u201d por \u201capostas\u00eda\u201d cuando se neg\u00f3 a confiar en la organizaci\u00f3n por encima de Jes\u00fas como su \u00daNICO mediador, y en la actualidad, \u00a1Julie es libre para servir al <em>AUT\u00c9NTICO<\/em> Jehov\u00e1 Dios en gozo y verdad! <a title=\"Julie\" href=\"http:\/\/4jehovah.org\/es\/el-testimonio-de-julie\/\"><strong>Lee la historia de la salida de Julie de los testigos de Jehov\u00e1.<\/strong><\/a><strong>\u00a0 <\/strong><a title=\"Julie\" href=\"http:\/\/4jehovah.org\/es\/el-testimonio-de-julie\/\"><strong><strong><strong><strong><strong><strong><strong><b><b><strong><strong><img loading=\"lazy\" decoding=\"async\" alt=\"bullets\" src=\"https:\/\/witforjesus.org\/images\/buttons\/read-more.jpg\" width=\"26\" height=\"12\" \/><\/strong><\/strong><\/b><\/b><\/strong><\/strong><\/strong><\/strong><\/strong><\/strong><\/strong><\/a><\/span><\/div>\n<div><\/div>\n<p><span style=\"font-size: medium;\"><img loading=\"lazy\" decoding=\"async\" alt=\"bullets\" src=\"https:\/\/witforjesus.org\/images\/bullets.jpg\" width=\"10\" height=\"9\" \/> <a title=\"Vea los art\u00edculos en ingl\u00e9s\" href=\"http:\/\/www.4witness.org\/testimonies\/ex-jehovahs-witnesses\/julies-articles\/\"><strong>Vea los art\u00edculos en ingl\u00e9s<\/strong><\/a><\/span><\/p>\n","protected":false},"excerpt":{"rendered":"<p>Julie &#8211; Como una conversa de los testigos de Jehov\u00e1, Julie cre\u00eda que hab\u00eda encontrado \u201cla verdad,\u201d pero cuando se burlaron de ella por reportar a un \u201clobo\u201d vestido de oveja en la congregaci\u00f3n y le dijeron que \u201caquellos vers\u00edculos\u201d acerca de lobos \u201cs\u00f3lo eran para los cristianos del primer siglo y no para la&#8230;<\/p>\n","protected":false},"author":2,"featured_media":14790,"parent":710,"menu_order":0,"comment_status":"closed","ping_status":"closed","template":"","meta":{"footnotes":""},"class_list":["post-759","page","type-page","status-publish","has-post-thumbnail","hentry"],"_links":{"self":[{"href":"https:\/\/www.4witness.org\/es\/wp-json\/wp\/v2\/pages\/759","targetHints":{"allow":["GET"]}}],"collection":[{"href":"https:\/\/www.4witness.org\/es\/wp-json\/wp\/v2\/pages"}],"about":[{"href":"https:\/\/www.4witness.org\/es\/wp-json\/wp\/v2\/types\/page"}],"author":[{"embeddable":true,"href":"https:\/\/www.4witness.org\/es\/wp-json\/wp\/v2\/users\/2"}],"replies":[{"embeddable":true,"href":"https:\/\/www.4witness.org\/es\/wp-json\/wp\/v2\/comments?post=759"}],"version-history":[{"count":9,"href":"https:\/\/www.4witness.org\/es\/wp-json\/wp\/v2\/pages\/759\/revisions"}],"predecessor-version":[{"id":4923,"href":"https:\/\/www.4witness.org\/es\/wp-json\/wp\/v2\/pages\/759\/revisions\/4923"}],"up":[{"embeddable":true,"href":"https:\/\/www.4witness.org\/es\/wp-json\/wp\/v2\/pages\/710"}],"wp:featuredmedia":[{"embeddable":true,"href":"https:\/\/www.4witness.org\/es\/wp-json\/wp\/v2\/media\/14790"}],"wp:attachment":[{"href":"https:\/\/www.4witness.org\/es\/wp-json\/wp\/v2\/media?parent=759"}],"curies":[{"name":"wp","href":"https:\/\/api.w.org\/{rel}","templated":true}]}}