{"id":757,"date":"2013-02-16T00:03:53","date_gmt":"2013-02-16T00:03:53","guid":{"rendered":"http:\/\/www.4witness.org\/?page_id=757"},"modified":"2014-03-28T02:51:34","modified_gmt":"2014-03-28T02:51:34","slug":"los-articulos-de-jason","status":"publish","type":"page","link":"https:\/\/www.4witness.org\/es\/testimonios\/ex-testigos-de-jehova\/los-articulos-de-jason\/","title":{"rendered":"Los art\u00edculos de Jason"},"content":{"rendered":"<p><strong><img loading=\"lazy\" decoding=\"async\" class=\"alignleft\" style=\"margin: 10px;\" alt=\"jason_family\" src=\"https:\/\/witforjesus.org\/images\/jwstories\/jason_family.jpg\" width=\"305\" height=\"263\" \/><\/strong><span style=\"font-size: medium;\"><strong>Jason <\/strong>&#8211; <strong>C\u00f3mo Dios Nos Rescat\u00f3 a Mi Familia y a M\u00ed<\/strong> <\/span><\/p>\n<p><span style=\"font-size: medium;\">&#8211; La teolog\u00eda de la Watchtower de vivir para siempre en la tierra era lo m\u00e1s atractivo para Jason. \u00c9l y su esposa Jenny fueron bautizados como testigos de Jehov\u00e1 en 1994 y procedieron a criar a sus cuatro hijos bajo la estricta carrera de la actividad de la Watchtower. Habiendo sido testigos de muchas injusticias cometidas por los ancianos en contra de varios miembros de la congregaci\u00f3n, Jason y Jenny comenzaron a ver el control absoluto que la organizaci\u00f3n tiene sobre sus miembros. En medio de la presi\u00f3n, Jason ponder\u00f3 las palabras de Jes\u00fas en Mateo 11:28 y se pregunt\u00f3, \u201c\u00bfQu\u00e9 est\u00e1 mal en m\u00ed? No siento esa frescura prometida por Jes\u00fas.\u201d Buscando respuestas, ellos se volvieron hacia la Biblia y hacia testimonios de ex-testigos de Jehov\u00e1. \u00a1Habiendo encontrado la verdadera libertad en Cristo, Jason, Jenny y sus cuatro hijos son libres por fin! <a title=\"Jason\" href=\"http:\/\/4jehovah.org\/es\/el-testimonio-de-jason\/\"><strong>Lea la historia de la salida de Jason de los testigos de Jehov\u00e1<strong><strong><b><b><strong><strong><\/strong><\/strong><\/b><\/b><\/strong><\/strong><\/strong><\/a><strong><b><b><strong><strong><a title=\"Jason\" href=\"http:\/\/4jehovah.org\/es\/el-testimonio-de-jason\/\"><strong><\/strong>.<\/a><\/strong><\/strong><\/b><\/b><\/strong><strong><strong><strong><b><b><strong><strong> <\/strong><\/strong><\/b><\/b><\/strong><\/strong><\/strong><a title=\"Jason\" href=\"http:\/\/4jehovah.org\/es\/el-testimonio-de-jason\/\"><strong><strong><strong><b><b><strong><strong><img loading=\"lazy\" decoding=\"async\" alt=\"bullets\" src=\"https:\/\/witforjesus.org\/images\/buttons\/read-more.jpg\" width=\"26\" height=\"12\" \/><\/strong><\/strong><\/b><\/b><\/strong><\/strong><\/strong><\/a><\/span><\/p>\n<p><img loading=\"lazy\" decoding=\"async\" alt=\"bullets\" src=\"https:\/\/witforjesus.org\/images\/bullets.jpg\" width=\"10\" height=\"9\" \/> <a title=\"Vea los art\u00edculos en ingl\u00e9s\" href=\"http:\/\/www.4witness.org\/testimonies\/ex-jehovahs-witnesses\/jasons-articles\/\"><strong>Vea los art\u00edculos en ingl\u00e9s<\/strong><\/a><\/p>\n","protected":false},"excerpt":{"rendered":"<p>Jason &#8211; C\u00f3mo Dios Nos Rescat\u00f3 a Mi Familia y a M\u00ed &#8211; La teolog\u00eda de la Watchtower de vivir para siempre en la tierra era lo m\u00e1s atractivo para Jason. \u00c9l y su esposa Jenny fueron bautizados como testigos de Jehov\u00e1 en 1994 y procedieron a criar a sus cuatro hijos bajo la estricta&#8230;<\/p>\n","protected":false},"author":2,"featured_media":0,"parent":710,"menu_order":0,"comment_status":"closed","ping_status":"closed","template":"","meta":{"footnotes":""},"class_list":["post-757","page","type-page","status-publish","hentry"],"_links":{"self":[{"href":"https:\/\/www.4witness.org\/es\/wp-json\/wp\/v2\/pages\/757","targetHints":{"allow":["GET"]}}],"collection":[{"href":"https:\/\/www.4witness.org\/es\/wp-json\/wp\/v2\/pages"}],"about":[{"href":"https:\/\/www.4witness.org\/es\/wp-json\/wp\/v2\/types\/page"}],"author":[{"embeddable":true,"href":"https:\/\/www.4witness.org\/es\/wp-json\/wp\/v2\/users\/2"}],"replies":[{"embeddable":true,"href":"https:\/\/www.4witness.org\/es\/wp-json\/wp\/v2\/comments?post=757"}],"version-history":[{"count":10,"href":"https:\/\/www.4witness.org\/es\/wp-json\/wp\/v2\/pages\/757\/revisions"}],"predecessor-version":[{"id":4917,"href":"https:\/\/www.4witness.org\/es\/wp-json\/wp\/v2\/pages\/757\/revisions\/4917"}],"up":[{"embeddable":true,"href":"https:\/\/www.4witness.org\/es\/wp-json\/wp\/v2\/pages\/710"}],"wp:attachment":[{"href":"https:\/\/www.4witness.org\/es\/wp-json\/wp\/v2\/media?parent=757"}],"curies":[{"name":"wp","href":"https:\/\/api.w.org\/{rel}","templated":true}]}}