{"id":755,"date":"2013-02-16T00:01:48","date_gmt":"2013-02-16T00:01:48","guid":{"rendered":"http:\/\/www.4witness.org\/?page_id=755"},"modified":"2014-03-28T01:22:09","modified_gmt":"2014-03-28T01:22:09","slug":"los-articulos-de-dan","status":"publish","type":"page","link":"https:\/\/www.4witness.org\/es\/testimonios\/ex-testigos-de-jehova\/los-articulos-de-dan\/","title":{"rendered":"Los art\u00edculos de Dan"},"content":{"rendered":"<p><strong><strong><img loading=\"lazy\" decoding=\"async\" class=\"alignleft\" style=\"margin: 10px;\" alt=\"dan_kaci\" src=\"https:\/\/witforjesus.org\/images\/jwstories\/dan_kaci.jpg\" width=\"313\" height=\"272\" \/><\/strong><\/strong><\/p>\n<p>&nbsp;<\/p>\n<p><span style=\"font-size: medium;\"><strong>Dan<\/strong> <\/span><\/p>\n<p><span style=\"font-size: medium;\">&#8211; Fui criado como un testigo de Jehov\u00e1, pero nunca sent\u00ed que encajaba en el Sal\u00f3n del Reino. En el a\u00f1o 2008, cuando me encontraba en el proceso de trabajar para obtener la aceptaci\u00f3n de los testigos de Jehov\u00e1, mi hermano y hermana quienes hab\u00edan abandonado a los testigos de Jehov\u00e1 antes que yo, comenzaron a alcanzarme en amor utilizando los recursos de este sitio Web.\u00a0 Pronto entregu\u00e9 mi vida a Cristo y entonces fui capaz de guiar a mi esposa Kaci hacia Cristo tambi\u00e9n. En la actualidad, mi caminar con Jes\u00fas es grandioso. \u00a1Amo a mi Salvador!<strong> <strong><a title=\"Dan\" href=\"http:\/\/4jehovah.org\/es\/el-testimonio-de-dan\/\">Lea La historia de la salida de Dan de los testigos de Jehov<strong><strong><b><b><strong><strong><strong><strong><\/strong><\/strong><\/strong><\/strong><\/b><\/b><\/strong><\/strong><\/a><b><b><strong><strong><strong><a title=\"Dan\" href=\"http:\/\/4jehovah.org\/es\/el-testimonio-de-dan\/\">\u00e1<\/a>.<\/strong><\/strong><\/strong><\/b><\/b><\/strong><\/strong><strong><strong><b><b><strong><strong> <\/strong><\/strong><\/b><\/b><\/strong><\/strong><a title=\"Dan\" href=\"http:\/\/4jehovah.org\/es\/el-testimonio-de-dan\/\"><strong><strong><b><b><strong><strong><img loading=\"lazy\" decoding=\"async\" alt=\"bullets\" src=\"https:\/\/witforjesus.org\/images\/buttons\/read-more.jpg\" width=\"26\" height=\"12\" \/><\/strong><\/strong><\/b><\/b><\/strong><\/strong><\/a><\/span><\/p>\n<p><img loading=\"lazy\" decoding=\"async\" alt=\"bullets\" src=\"https:\/\/witforjesus.org\/images\/bullets.jpg\" width=\"10\" height=\"9\" \/>\u00a0<a href=\"http:\/\/www.4witness.org\/testimonies\/ex-jehovahs-witnesses\/dans-articles\/\"><strong>Vea los art\u00edculos en ingl\u00e9s<\/strong><\/a><\/p>\n","protected":false},"excerpt":{"rendered":"<p>&nbsp; Dan &#8211; Fui criado como un testigo de Jehov\u00e1, pero nunca sent\u00ed que encajaba en el Sal\u00f3n del Reino. En el a\u00f1o 2008, cuando me encontraba en el proceso de trabajar para obtener la aceptaci\u00f3n de los testigos de Jehov\u00e1, mi hermano y hermana quienes hab\u00edan abandonado a los testigos de Jehov\u00e1 antes que&#8230;<\/p>\n","protected":false},"author":2,"featured_media":14815,"parent":710,"menu_order":0,"comment_status":"closed","ping_status":"closed","template":"","meta":{"footnotes":""},"class_list":["post-755","page","type-page","status-publish","has-post-thumbnail","hentry"],"_links":{"self":[{"href":"https:\/\/www.4witness.org\/es\/wp-json\/wp\/v2\/pages\/755","targetHints":{"allow":["GET"]}}],"collection":[{"href":"https:\/\/www.4witness.org\/es\/wp-json\/wp\/v2\/pages"}],"about":[{"href":"https:\/\/www.4witness.org\/es\/wp-json\/wp\/v2\/types\/page"}],"author":[{"embeddable":true,"href":"https:\/\/www.4witness.org\/es\/wp-json\/wp\/v2\/users\/2"}],"replies":[{"embeddable":true,"href":"https:\/\/www.4witness.org\/es\/wp-json\/wp\/v2\/comments?post=755"}],"version-history":[{"count":7,"href":"https:\/\/www.4witness.org\/es\/wp-json\/wp\/v2\/pages\/755\/revisions"}],"predecessor-version":[{"id":4846,"href":"https:\/\/www.4witness.org\/es\/wp-json\/wp\/v2\/pages\/755\/revisions\/4846"}],"up":[{"embeddable":true,"href":"https:\/\/www.4witness.org\/es\/wp-json\/wp\/v2\/pages\/710"}],"wp:featuredmedia":[{"embeddable":true,"href":"https:\/\/www.4witness.org\/es\/wp-json\/wp\/v2\/media\/14815"}],"wp:attachment":[{"href":"https:\/\/www.4witness.org\/es\/wp-json\/wp\/v2\/media?parent=755"}],"curies":[{"name":"wp","href":"https:\/\/api.w.org\/{rel}","templated":true}]}}