{"id":742,"date":"2013-02-15T23:21:06","date_gmt":"2013-02-15T23:21:06","guid":{"rendered":"http:\/\/www.4witness.org\/?page_id=742"},"modified":"2019-06-01T16:33:49","modified_gmt":"2019-06-01T22:33:49","slug":"los-articulos-de-rob","status":"publish","type":"page","link":"https:\/\/www.4witness.org\/es\/testimonios\/ex-mormones\/los-articulos-de-rob\/","title":{"rendered":"Los art\u00edculos de Rob"},"content":{"rendered":"<p><strong><strong><img loading=\"lazy\" decoding=\"async\" class=\"alignleft\" style=\"margin: 10px;\" src=\"https:\/\/witforjesus.org\/images\/ldsstories\/rob.jpg\" alt=\"rob\" width=\"215\" height=\"200\" \/><\/strong><span style=\"font-size: medium;\">Rob B <\/span><\/strong><\/p>\n<p><span style=\"font-size: medium;\">\u2013 Nac\u00ed en un hogar morm\u00f3n y crec\u00ed en Salt Lake City, Utah.\u00a0 En mis a\u00f1os de adolescente, me desilusion\u00e9 por las inconsistencias que encontr\u00e9 dentro de la iglesia mormona. Por muchos a\u00f1os, cre\u00ed que no necesitaba a Dios en mi vida, pero a\u00fan me consideraba un morm\u00f3n. Finalmente, mi b\u00fasqueda de la verdad acerca de Dios y lo que \u00c9l tiene para ofrecer, me llev\u00f3 al VERDADERO Jes\u00fas de la Biblia. Despu\u00e9s de aceptar al Se\u00f1or, pude ayudar a guiar a Laura (en ese entonces mi futura esposa) al Se\u00f1or. <a href=\"http:\/\/4mormon.org\/es\/el-testimonio-de-rob\/\"><strong>Lee la historia de la salida de Rob del mormonismo<b><b><\/b><\/b><\/strong><\/a><strong><b><b><strong><strong><a href=\"http:\/\/4mormon.org\/es\/el-testimonio-de-rob\/\">.<\/a><\/strong><\/strong><\/b><\/b><\/strong><b><b> <\/b><\/b><a href=\"http:\/\/4mormon.org\/es\/el-testimonio-de-rob\/\"><strong><strong><strong><b><b><strong><strong><img loading=\"lazy\" decoding=\"async\" src=\"https:\/\/witforjesus.org\/images\/buttons\/read-more.jpg\" alt=\"bullets\" width=\"26\" height=\"12\" \/><\/strong><\/strong><\/b><\/b><\/strong><\/strong><\/strong><\/a><\/span><\/p>\n<p><a href=\"https:\/\/www.4witness.org\/es\/calculando-el-costo-con-mi-familia-la-experiencia-de-rob\/\" rel=\"bookmark\"><strong>Calculando el Costo con Mi Familia ~ La Experiencia de Rob<\/strong><\/a><\/p>\n<p><strong>DOUG E ROB EN UTAH<br \/>\n<\/strong><\/p>\n<p><strong><strong><img loading=\"lazy\" decoding=\"async\" src=\"https:\/\/witforjesus.org\/images\/long\/4witness\/rob-doug-manti.png\" alt=\"rob\" width=\"590\" height=\"422\" \/><\/strong><\/strong><\/p>\n<p class=\"post-title entry-title\">\n<p><img loading=\"lazy\" decoding=\"async\" src=\"https:\/\/witforjesus.org\/images\/bullets.jpg\" alt=\"bullets\" width=\"10\" height=\"9\" \/>\u00a0<a title=\" Vea los art\u00edculos en ingl\u00e9s\" href=\"http:\/\/www.4witness.org\/testimonies\/ex-mormons\/robs-articles\/\"><strong> Vea los art\u00edculos en ingl\u00e9s<\/strong><\/a><\/p>\n","protected":false},"excerpt":{"rendered":"<p>Rob B \u2013 Nac\u00ed en un hogar morm\u00f3n y crec\u00ed en Salt Lake City, Utah.\u00a0 En mis a\u00f1os de adolescente, me desilusion\u00e9 por las inconsistencias que encontr\u00e9 dentro de la iglesia mormona. Por muchos a\u00f1os, cre\u00ed que no necesitaba a Dios en mi vida, pero a\u00fan me consideraba un morm\u00f3n. Finalmente, mi b\u00fasqueda de la&#8230;<\/p>\n","protected":false},"author":2,"featured_media":0,"parent":727,"menu_order":0,"comment_status":"closed","ping_status":"closed","template":"","meta":{"footnotes":""},"class_list":["post-742","page","type-page","status-publish","hentry"],"_links":{"self":[{"href":"https:\/\/www.4witness.org\/es\/wp-json\/wp\/v2\/pages\/742","targetHints":{"allow":["GET"]}}],"collection":[{"href":"https:\/\/www.4witness.org\/es\/wp-json\/wp\/v2\/pages"}],"about":[{"href":"https:\/\/www.4witness.org\/es\/wp-json\/wp\/v2\/types\/page"}],"author":[{"embeddable":true,"href":"https:\/\/www.4witness.org\/es\/wp-json\/wp\/v2\/users\/2"}],"replies":[{"embeddable":true,"href":"https:\/\/www.4witness.org\/es\/wp-json\/wp\/v2\/comments?post=742"}],"version-history":[{"count":14,"href":"https:\/\/www.4witness.org\/es\/wp-json\/wp\/v2\/pages\/742\/revisions"}],"predecessor-version":[{"id":9942,"href":"https:\/\/www.4witness.org\/es\/wp-json\/wp\/v2\/pages\/742\/revisions\/9942"}],"up":[{"embeddable":true,"href":"https:\/\/www.4witness.org\/es\/wp-json\/wp\/v2\/pages\/727"}],"wp:attachment":[{"href":"https:\/\/www.4witness.org\/es\/wp-json\/wp\/v2\/media?parent=742"}],"curies":[{"name":"wp","href":"https:\/\/api.w.org\/{rel}","templated":true}]}}