{"id":736,"date":"2013-02-15T23:12:10","date_gmt":"2013-02-15T23:12:10","guid":{"rendered":"http:\/\/www.4witness.org\/?page_id=736"},"modified":"2014-04-16T22:24:38","modified_gmt":"2014-04-16T22:24:38","slug":"los-articulos-de-chuck","status":"publish","type":"page","link":"https:\/\/www.4witness.org\/es\/testimonios\/ex-mormones\/los-articulos-de-chuck\/","title":{"rendered":"Los art\u00edculos de Chuck"},"content":{"rendered":"<p><strong><img loading=\"lazy\" decoding=\"async\" class=\"alignleft\" style=\"margin: 10px;\" alt=\"chuck\" src=\"https:\/\/witforjesus.org\/images\/ldsstories\/chuck.jpg\" width=\"297\" height=\"250\" \/><\/strong><\/p>\n<div><span style=\"font-size: medium;\"><strong>Chuck<strong> &#8211;\u00a0Nosotros \u00c9ramos El Modelo Perfecto De Una Familia Mormona<\/strong><\/strong> <\/span><\/div>\n<div><img loading=\"lazy\" decoding=\"async\" alt=\"TRUE FREEDOM\" src=\"https:\/\/witforjesus.org\/images\/home\/space2.jpg\" width=\"103\" height=\"13\" \/><\/div>\n<div><span style=\"font-size: medium;\">&#8211; Mi esposa y yo fuimos miembros de toda la vida de la Iglesia mormona. Fuimos sellados como marido y mujer en el Templo de Seattle para siempre y por toda la eternidad. No transcurri\u00f3 mucho tiempo cuando comenzamos a formar una familia propia con 5 hijos&#8230; La salvaci\u00f3n eterna de nuestra familia depend\u00eda de nuestra habilidad para realizar y cumplir con todas las obligaciones requeridas y esperadas por la Iglesia. As\u00ed que todos seguimos adelante, mostrando aquellos rostros domingueros que escond\u00edan nuestros verdaderos sentimientos que pose\u00edamos a causa del desgaste, dando demasiado de nosotros en los llamados al servicio, y comprometiendo demasiado tiempo adicional que, eventualmente, nos llevar\u00eda a una locura absurda. \u00bfEs este el verdadero plan de Dios para la felicidad? <a href=\"http:\/\/4mormon.org\/es\/el-testimonio-de-chuck\/\"><strong>Lea la historia de Chuck y su salida del mormonismo<strong><strong><b><b><strong><strong><\/strong><\/strong><\/b><\/b><\/strong><\/strong><\/strong><\/a><strong><b><b><strong><strong><a href=\"http:\/\/4mormon.org\/es\/el-testimonio-de-chuck\/\"><strong>.<\/strong><\/a><\/strong><\/strong><\/b><\/b><\/strong><strong><strong><strong><b><b><strong><strong> <\/strong><\/strong><\/b><\/b><\/strong><\/strong><\/strong><a href=\"http:\/\/4mormon.org\/es\/el-testimonio-de-chuck\/\"><strong><strong><strong><b><b><strong><strong><img loading=\"lazy\" decoding=\"async\" alt=\"bullets\" src=\"https:\/\/witforjesus.org\/images\/buttons\/read-more.jpg\" width=\"26\" height=\"12\" \/><\/strong><\/strong><\/b><\/b><\/strong><\/strong><\/strong><\/a><\/span><\/div>\n<div><img loading=\"lazy\" decoding=\"async\" alt=\"TRUE FREEDOM\" src=\"https:\/\/witforjesus.org\/images\/home\/space2.jpg\" width=\"103\" height=\"13\" \/><\/div>\n<div><img loading=\"lazy\" decoding=\"async\" alt=\"bullets\" src=\"https:\/\/witforjesus.org\/images\/bullets.jpg\" width=\"10\" height=\"9\" \/> <strong><a title=\"Chuck Risponde:  \u00bfPor qu\u00e9 no obtienes tu propio testimonio de la Iglesia mormona?\" href=\"http:\/\/4mormon.org\/es\/por-que-no-obtienes-tu-propio-testimonio-de-la-iglesia-mormona\/\">Chuck Risponde:\u00a0 \u00bfPor qu\u00e9 no obtienes tu propio testimonio de la Iglesia mormona?<\/a><\/strong><\/div>\n<div><img loading=\"lazy\" decoding=\"async\" alt=\"TRUE FREEDOM\" src=\"https:\/\/witforjesus.org\/images\/home\/space2.jpg\" width=\"103\" height=\"13\" \/><\/div>\n<div><strong><img loading=\"lazy\" decoding=\"async\" alt=\"bullets\" src=\"https:\/\/witforjesus.org\/images\/bullets.jpg\" width=\"10\" height=\"9\" \/> <\/strong><a title=\"Chuck Risponde: \u00a1Necios ciegos! \u00a1\u00bfPor qu\u00e9 no vuelven todos a casa?!\" href=\"http:\/\/4mormon.org\/es\/necios-ciegos-por-que-no-vuelven-todos-a-casa\/\"><strong>Chuck Risponde:<\/strong> <strong>\u00a1Necios ciegos! \u00a1\u00bfPor qu\u00e9 no vuelven todos a casa?!<\/strong><\/a><\/div>\n<div>\n<div><img loading=\"lazy\" decoding=\"async\" alt=\"TRUE FREEDOM\" src=\"https:\/\/witforjesus.org\/images\/home\/space2.jpg\" width=\"103\" height=\"13\" \/><\/div>\n<\/div>\n<div><strong><strong><a title=\"God\u2019s Word is Passionate Promises \u2013 Trustworthy and True\" href=\"https:\/\/www.4witness.org\/gods-word-is-passionate-promises-trustworthy-and-true\/\"><img loading=\"lazy\" decoding=\"async\" alt=\"bullets\" src=\"https:\/\/witforjesus.org\/images\/bullets.jpg\" width=\"10\" height=\"9\" \/><\/a><\/strong><\/strong> <a title=\"Chuck Risponde: \u00a1El evangelio morm\u00f3n es tan sencillo! \u00bfPor qu\u00e9 intentan que los dem\u00e1s desistan de \u00e9l?\" href=\"http:\/\/4mormon.org\/es\/el-evangelio-mormon-es-tan-sencillo-por-que-intentan-que-los-demas-desistan-de-el\/\"><strong>Chuck Risponde: \u00a1El evangelio morm\u00f3n es tan sencillo! \u00bfPor qu\u00e9 intentan que los dem\u00e1s desistan de \u00e9l?<\/strong><\/a><\/div>\n<div><\/div>\n","protected":false},"excerpt":{"rendered":"<p>Chuck &#8211;\u00a0Nosotros \u00c9ramos El Modelo Perfecto De Una Familia Mormona &#8211; Mi esposa y yo fuimos miembros de toda la vida de la Iglesia mormona. Fuimos sellados como marido y mujer en el Templo de Seattle para siempre y por toda la eternidad. No transcurri\u00f3 mucho tiempo cuando comenzamos a formar una familia propia con&#8230;<\/p>\n","protected":false},"author":2,"featured_media":0,"parent":727,"menu_order":0,"comment_status":"closed","ping_status":"closed","template":"","meta":{"footnotes":""},"class_list":["post-736","page","type-page","status-publish","hentry"],"_links":{"self":[{"href":"https:\/\/www.4witness.org\/es\/wp-json\/wp\/v2\/pages\/736","targetHints":{"allow":["GET"]}}],"collection":[{"href":"https:\/\/www.4witness.org\/es\/wp-json\/wp\/v2\/pages"}],"about":[{"href":"https:\/\/www.4witness.org\/es\/wp-json\/wp\/v2\/types\/page"}],"author":[{"embeddable":true,"href":"https:\/\/www.4witness.org\/es\/wp-json\/wp\/v2\/users\/2"}],"replies":[{"embeddable":true,"href":"https:\/\/www.4witness.org\/es\/wp-json\/wp\/v2\/comments?post=736"}],"version-history":[{"count":14,"href":"https:\/\/www.4witness.org\/es\/wp-json\/wp\/v2\/pages\/736\/revisions"}],"predecessor-version":[{"id":5084,"href":"https:\/\/www.4witness.org\/es\/wp-json\/wp\/v2\/pages\/736\/revisions\/5084"}],"up":[{"embeddable":true,"href":"https:\/\/www.4witness.org\/es\/wp-json\/wp\/v2\/pages\/727"}],"wp:attachment":[{"href":"https:\/\/www.4witness.org\/es\/wp-json\/wp\/v2\/media?parent=736"}],"curies":[{"name":"wp","href":"https:\/\/api.w.org\/{rel}","templated":true}]}}