{"id":730,"date":"2013-02-15T23:05:51","date_gmt":"2013-02-15T23:05:51","guid":{"rendered":"http:\/\/www.4witness.org\/?page_id=730"},"modified":"2014-03-27T21:53:22","modified_gmt":"2014-03-27T21:53:22","slug":"los-articulos-de-bev","status":"publish","type":"page","link":"https:\/\/www.4witness.org\/es\/testimonios\/ex-mormones\/los-articulos-de-bev\/","title":{"rendered":"Los art\u00edculos de Bev"},"content":{"rendered":"<p><strong><img loading=\"lazy\" decoding=\"async\" class=\"alignleft\" style=\"margin: 10px;\" alt=\"bev\" src=\"https:\/\/witforjesus.org\/images\/ldsstories\/bev.jpg\" width=\"198\" height=\"205\" \/><\/strong><span style=\"font-size: medium;\"><strong>Bev &#8211; \u00a1Mi herencia mormona se remonta al Profeta Jos\u00e9 Smith!<br \/>\n<\/strong><\/span><\/p>\n<p><span style=\"font-size: medium;\"><strong><\/strong>\u2013 Yo nac\u00ed y crec\u00ed siendo mormona en el estado de Idaho. Mi herencia familiar se remonta al Profeta Jos\u00e9 Smith. Luch\u00e9 durante 40 a\u00f1os por encontrar respuestas a mis preguntas espirituales&#8230;Nadie pudo responder a mis preguntas de una manera que pareciera correcta y la Iglesia Mormona me dijo que yo no ten\u00eda suficiente \u201cfe\u201d \u00a1Mi viaje espiritual es incre\u00edble! Nadie, excepto Jes\u00fas, puede tomarte de la mano y ense\u00f1arte el camino. \u00a1Es una Relaci\u00f3n \u2014no una Religi\u00f3n, no una Iglesia\u2014 sino una Relaci\u00f3n con el Se\u00f1or que es el camino a la vida eterna con Dios! <a href=\"http:\/\/4mormon.org\/es\/el-testimonio-de-bev\/\"><strong>Lee la historia de Bev acerca de su salida del mormonismo<strong><strong><b><b><strong><strong><\/strong><\/strong><\/b><\/b><\/strong><\/strong><\/strong><\/a><strong><b><b><strong><strong><a href=\"http:\/\/4mormon.org\/es\/el-testimonio-de-bev\/\"><strong>.<\/strong><\/a><\/strong><\/strong><\/b><\/b><\/strong><strong><strong><strong><b><b><strong><strong> <\/strong><\/strong><\/b><\/b><\/strong><\/strong><\/strong><a href=\"http:\/\/4mormon.org\/es\/el-testimonio-de-bev\/\"><strong><strong><strong><b><b><strong><strong><img loading=\"lazy\" decoding=\"async\" alt=\"bullets\" src=\"https:\/\/witforjesus.org\/images\/buttons\/read-more.jpg\" width=\"26\" height=\"12\" \/><\/strong><\/strong><\/b><\/b><\/strong><\/strong><\/strong><\/a><\/span><strong><\/strong><\/p>\n<p><strong><strong><strong><strong><img loading=\"lazy\" decoding=\"async\" alt=\"bullets\" src=\"https:\/\/witforjesus.org\/images\/bullets.jpg\" width=\"10\" height=\"9\" \/><\/strong><\/strong><\/strong><\/strong>\u00a0<a title=\"Vea los art\u00edculos en ingl\u00e9s\" href=\"http:\/\/www.4witness.org\/testimonies\/ex-mormons\/bevs-articles\/\"><strong>Vea los art\u00edculos en ingl\u00e9s<\/strong><\/a><\/p>\n","protected":false},"excerpt":{"rendered":"<p>Bev &#8211; \u00a1Mi herencia mormona se remonta al Profeta Jos\u00e9 Smith! \u2013 Yo nac\u00ed y crec\u00ed siendo mormona en el estado de Idaho. Mi herencia familiar se remonta al Profeta Jos\u00e9 Smith. Luch\u00e9 durante 40 a\u00f1os por encontrar respuestas a mis preguntas espirituales&#8230;Nadie pudo responder a mis preguntas de una manera que pareciera correcta y&#8230;<\/p>\n","protected":false},"author":2,"featured_media":0,"parent":727,"menu_order":0,"comment_status":"closed","ping_status":"closed","template":"","meta":{"footnotes":""},"class_list":["post-730","page","type-page","status-publish","hentry"],"_links":{"self":[{"href":"https:\/\/www.4witness.org\/es\/wp-json\/wp\/v2\/pages\/730","targetHints":{"allow":["GET"]}}],"collection":[{"href":"https:\/\/www.4witness.org\/es\/wp-json\/wp\/v2\/pages"}],"about":[{"href":"https:\/\/www.4witness.org\/es\/wp-json\/wp\/v2\/types\/page"}],"author":[{"embeddable":true,"href":"https:\/\/www.4witness.org\/es\/wp-json\/wp\/v2\/users\/2"}],"replies":[{"embeddable":true,"href":"https:\/\/www.4witness.org\/es\/wp-json\/wp\/v2\/comments?post=730"}],"version-history":[{"count":11,"href":"https:\/\/www.4witness.org\/es\/wp-json\/wp\/v2\/pages\/730\/revisions"}],"predecessor-version":[{"id":4805,"href":"https:\/\/www.4witness.org\/es\/wp-json\/wp\/v2\/pages\/730\/revisions\/4805"}],"up":[{"embeddable":true,"href":"https:\/\/www.4witness.org\/es\/wp-json\/wp\/v2\/pages\/727"}],"wp:attachment":[{"href":"https:\/\/www.4witness.org\/es\/wp-json\/wp\/v2\/media?parent=730"}],"curies":[{"name":"wp","href":"https:\/\/api.w.org\/{rel}","templated":true}]}}