{"id":727,"date":"2013-02-15T21:57:46","date_gmt":"2013-02-15T21:57:46","guid":{"rendered":"http:\/\/www.4witness.org\/?page_id=727"},"modified":"2019-05-16T17:32:52","modified_gmt":"2019-05-16T23:32:52","slug":"ex-mormones","status":"publish","type":"page","link":"https:\/\/www.4witness.org\/es\/testimonios\/ex-mormones\/","title":{"rendered":"Ex-Mormones"},"content":{"rendered":"<p><strong>.:LAS EXPERIENCIAS DE LOS EX-MORMONES<\/strong><\/p>\n<blockquote><p><strong><strong><img loading=\"lazy\" decoding=\"async\" src=\"https:\/\/witforjesus.org\/images\/bullets.jpg\" alt=\"bullets\" width=\"10\" height=\"9\" \/><\/strong>\u00a0<a href=\"http:\/\/www.meetup.com\/exlds-worldwide\/\"><strong>Visita Nuestro Grupo de Apoyo Mundial en Internet de ex-mormones<\/strong> <\/a><\/strong><em>(S\u00f3lo en ingl\u00e9s \u2013 www.meetup.com)<\/em><\/p><\/blockquote>\n<p style=\"text-align: center;\"><a href=\"https:\/\/www.4witness.org\/es\/testimonios\/ex-mormones\/los-articulos-de-chuck\/\"><img loading=\"lazy\" decoding=\"async\" class=\"aligncenter\" src=\"https:\/\/witforjesus.org\/images\/ldsstories\/chuck.jpg\" alt=\"Chuck\" width=\"207\" height=\"180\" \/><\/a><\/p>\n<p style=\"text-align: center;\"><a title=\"Los art\u00edculos de Chuck\" href=\"https:\/\/www.4witness.org\/es\/testimonios\/ex-mormones\/los-articulos-de-chuck\/\"><strong>Los art\u00edculos de Chuck<\/strong><\/a><\/p>\n<p style=\"text-align: center;\"><a href=\"https:\/\/www.4witness.org\/es\/testimonios\/ex-mormones\/los-articulos-de-bev\/\"><img loading=\"lazy\" decoding=\"async\" class=\"aligncenter\" src=\"https:\/\/witforjesus.org\/images\/ldsstories\/bev.jpg\" alt=\"Bev\" width=\"204\" height=\"168\" \/><\/a><\/p>\n<p style=\"text-align: center;\"><a title=\"Los art\u00edculos de Bev\" href=\"https:\/\/www.4witness.org\/es\/testimonios\/ex-mormones\/los-articulos-de-bev\/\"><strong>Los art\u00edculos de Bev<\/strong><\/a><\/p>\n<p style=\"text-align: center;\"><a href=\"https:\/\/www.4witness.org\/es\/testimonios\/ex-mormones\/los-articulos-de-rob\/\"><img loading=\"lazy\" decoding=\"async\" class=\"aligncenter\" src=\"https:\/\/witforjesus.org\/images\/ldsstories\/rob.jpg\" alt=\"Rob\" width=\"219\" height=\"201\" \/><\/a><\/p>\n<p style=\"text-align: center;\"><a title=\"Los art\u00edculos de Rob\" href=\"https:\/\/www.4witness.org\/es\/testimonios\/ex-mormones\/los-articulos-de-rob\/\"><strong>Los art\u00edculos de Rob<\/strong><\/a><\/p>\n<p style=\"text-align: center;\"><a title=\"Rocky and Helen\u2019s Articles\" href=\"https:\/\/www.4witness.org\/es\/testimonios\/ex-mormones\/los-articulos-de-rocky\/\"><img loading=\"lazy\" decoding=\"async\" class=\"aligncenter\" src=\"https:\/\/witforjesus.org\/images\/ldsstories\/rocky-helen.jpg\" alt=\"Rocky and Helen\" width=\"215\" height=\"223\" \/><\/a><\/p>\n<p style=\"text-align: center;\"><a title=\"Los art\u00edculos de Rocky\" href=\"https:\/\/www.4witness.org\/es\/testimonios\/ex-mormones\/los-articulos-de-rocky\/\"><strong>Los art\u00edculos de Rocky y Helen<\/strong><\/a><\/p>\n<p><a href=\"http:\/\/www.4mormon.org\/es\/ex-mormones\/testimonios-ex-mormones\/\"><strong><img loading=\"lazy\" decoding=\"async\" class=\"aligncenter\" src=\"https:\/\/witforjesus.org\/images\/ldsstories\/ldsstories2.jpg\" alt=\"More Ex-Mormon Testimonies\" width=\"590\" height=\"153\" \/><\/strong><\/a><\/p>\n<h2 style=\"padding-left: 30px; text-align: center;\"><strong><strong>\u00a0\u00a0<a href=\"http:\/\/www.4mormon.org\/es\/ex-mormones\/testimonios-ex-mormones\/\">Leer m\u00e1s testimonios<\/a><\/strong><\/strong><\/h2>\n<p style=\"padding-left: 30px;\"><strong><img loading=\"lazy\" decoding=\"async\" src=\"https:\/\/witforjesus.org\/images\/bullets.jpg\" alt=\"bullets\" width=\"10\" height=\"9\" \/>\u00a0<a title=\"Ex-Mormon Testimony Videos\" href=\"http:\/\/4witness.org\/ex-mormon-testimony-videos\/\">Ver videos de Testimonios de ex-mormones<\/a><strong><strong> (en ingl\u00e9s)<\/strong><\/strong><\/strong><\/p>\n","protected":false},"excerpt":{"rendered":"<p>.:LAS EXPERIENCIAS DE LOS EX-MORMONES \u00a0Visita Nuestro Grupo de Apoyo Mundial en Internet de ex-mormones (S\u00f3lo en ingl\u00e9s \u2013 www.meetup.com) Los art\u00edculos de Chuck Los art\u00edculos de Bev Los art\u00edculos de Rob Los art\u00edculos de Rocky y Helen \u00a0\u00a0Leer m\u00e1s testimonios \u00a0Ver videos de Testimonios de ex-mormones (en ingl\u00e9s)<\/p>\n","protected":false},"author":2,"featured_media":0,"parent":2632,"menu_order":0,"comment_status":"closed","ping_status":"closed","template":"","meta":{"footnotes":""},"class_list":["post-727","page","type-page","status-publish","hentry"],"_links":{"self":[{"href":"https:\/\/www.4witness.org\/es\/wp-json\/wp\/v2\/pages\/727","targetHints":{"allow":["GET"]}}],"collection":[{"href":"https:\/\/www.4witness.org\/es\/wp-json\/wp\/v2\/pages"}],"about":[{"href":"https:\/\/www.4witness.org\/es\/wp-json\/wp\/v2\/types\/page"}],"author":[{"embeddable":true,"href":"https:\/\/www.4witness.org\/es\/wp-json\/wp\/v2\/users\/2"}],"replies":[{"embeddable":true,"href":"https:\/\/www.4witness.org\/es\/wp-json\/wp\/v2\/comments?post=727"}],"version-history":[{"count":14,"href":"https:\/\/www.4witness.org\/es\/wp-json\/wp\/v2\/pages\/727\/revisions"}],"predecessor-version":[{"id":9818,"href":"https:\/\/www.4witness.org\/es\/wp-json\/wp\/v2\/pages\/727\/revisions\/9818"}],"up":[{"embeddable":true,"href":"https:\/\/www.4witness.org\/es\/wp-json\/wp\/v2\/pages\/2632"}],"wp:attachment":[{"href":"https:\/\/www.4witness.org\/es\/wp-json\/wp\/v2\/media?parent=727"}],"curies":[{"name":"wp","href":"https:\/\/api.w.org\/{rel}","templated":true}]}}