{"id":537,"date":"2013-02-07T18:43:08","date_gmt":"2013-02-07T18:43:08","guid":{"rendered":"http:\/\/www.4witness.org\/?page_id=537"},"modified":"2013-09-10T16:42:59","modified_gmt":"2013-09-10T16:42:59","slug":"los-articulos-de-kevin","status":"publish","type":"page","link":"https:\/\/www.4witness.org\/es\/testimonios\/ex-testigos-de-jehova\/los-articulos-de-kevin\/","title":{"rendered":"Los art\u00edculos de Kevin"},"content":{"rendered":"<p style=\"text-align: justify;\"><img loading=\"lazy\" decoding=\"async\" class=\"alignleft\" style=\"margin: 10px;\" alt=\"kevin\" src=\"https:\/\/witforjesus.org\/images\/jwstories\/kevin.jpg\" width=\"200\" height=\"204\" \/><span style=\"font-size: medium;\"><strong>Kevin<\/strong> <\/span><\/p>\n<p style=\"text-align: justify;\"><span style=\"font-size: medium;\">&#8211; A una temprana edad, Kevin sab\u00eda que era diferente a otros ni\u00f1os. Cuando su madre le dijo que era una \u201cBESTIA\u201d y trat\u00f3 de matarlo, sus sentimientos de rechazo fueron confirmados. Kevin se preguntaba, \u201c\u00bfDe d\u00f3nde vienen estos sentimientos homosexuales? \u00bfNac\u00ed de esta manera?\u201d Cuando pidi\u00f3 la ayuda de un anciano de los testigos de Jehov\u00e1, este le dio un libro para que lo leyera y corrigiera sus sentimientos, \u00a1pero nada funcion\u00f3! Despu\u00e9s de mantener relaciones homosexuales con m\u00e1s de 100 hombres durante 15 a\u00f1os, Kevin clam\u00f3 a Dios por liberaci\u00f3n, y experiment\u00f3 el poder sobrenatural y transformador de vidas del perd\u00f3n de Jesucristo, el cual lo san\u00f3 de la homosexualidad y lo liber\u00f3 del enga\u00f1o de la ideolog\u00eda de los testigos de Jehov\u00e1. <a title=\"Kevin\" href=\"http:\/\/4jehovah.org\/es\/el-testimonio-de-kevin\/\"><strong>Lea la historia de la salida de Kevin de los testigos de Jehov\u00e1 y de la homosexualidad<strong><strong><b><b><strong><strong>.<\/strong><\/strong><\/b><\/b><\/strong><\/strong><\/strong><\/a><strong><strong><strong><b><b><strong><strong> <\/strong><\/strong><\/b><\/b><\/strong><\/strong><\/strong><a title=\"Kevin\" href=\"http:\/\/4jehovah.org\/es\/el-testimonio-de-kevin\/\"><strong><strong><strong><b><b><strong><strong><img loading=\"lazy\" decoding=\"async\" alt=\"bullets\" src=\"https:\/\/witforjesus.org\/images\/buttons\/read-more.jpg\" width=\"26\" height=\"12\" \/><\/strong><\/strong><\/b><\/b><\/strong><\/strong><\/strong><\/a><\/span><\/p>\n<p><strong><img loading=\"lazy\" decoding=\"async\" alt=\"bullets\" src=\"https:\/\/witforjesus.org\/images\/bullets.jpg\" width=\"10\" height=\"9\" \/> <a href=\"http:\/\/4jehovah.org\/es\/si-jehova-aborrece-a-los-homosexuales-por-que-me-creo-de-esta-manera\/\"><span style=\"font-size: medium;\">Si Jehov\u00e1 aborrece a los homosexuales, \u00bfPor qu\u00e9 me cre\u00f3 de esta manera?<\/span><\/a><\/strong><\/p>\n","protected":false},"excerpt":{"rendered":"<p>Kevin &#8211; A una temprana edad, Kevin sab\u00eda que era diferente a otros ni\u00f1os. Cuando su madre le dijo que era una \u201cBESTIA\u201d y trat\u00f3 de matarlo, sus sentimientos de rechazo fueron confirmados. Kevin se preguntaba, \u201c\u00bfDe d\u00f3nde vienen estos sentimientos homosexuales? \u00bfNac\u00ed de esta manera?\u201d Cuando pidi\u00f3 la ayuda de un anciano de los&#8230;<\/p>\n","protected":false},"author":2,"featured_media":0,"parent":710,"menu_order":0,"comment_status":"closed","ping_status":"closed","template":"","meta":{"footnotes":""},"class_list":["post-537","page","type-page","status-publish","hentry"],"_links":{"self":[{"href":"https:\/\/www.4witness.org\/es\/wp-json\/wp\/v2\/pages\/537","targetHints":{"allow":["GET"]}}],"collection":[{"href":"https:\/\/www.4witness.org\/es\/wp-json\/wp\/v2\/pages"}],"about":[{"href":"https:\/\/www.4witness.org\/es\/wp-json\/wp\/v2\/types\/page"}],"author":[{"embeddable":true,"href":"https:\/\/www.4witness.org\/es\/wp-json\/wp\/v2\/users\/2"}],"replies":[{"embeddable":true,"href":"https:\/\/www.4witness.org\/es\/wp-json\/wp\/v2\/comments?post=537"}],"version-history":[{"count":7,"href":"https:\/\/www.4witness.org\/es\/wp-json\/wp\/v2\/pages\/537\/revisions"}],"predecessor-version":[{"id":4189,"href":"https:\/\/www.4witness.org\/es\/wp-json\/wp\/v2\/pages\/537\/revisions\/4189"}],"up":[{"embeddable":true,"href":"https:\/\/www.4witness.org\/es\/wp-json\/wp\/v2\/pages\/710"}],"wp:attachment":[{"href":"https:\/\/www.4witness.org\/es\/wp-json\/wp\/v2\/media?parent=537"}],"curies":[{"name":"wp","href":"https:\/\/api.w.org\/{rel}","templated":true}]}}