{"id":5029,"date":"2014-04-03T18:30:57","date_gmt":"2014-04-03T18:30:57","guid":{"rendered":"http:\/\/www.4witness.org\/?page_id=5029"},"modified":"2014-04-03T21:24:39","modified_gmt":"2014-04-03T21:24:39","slug":"los-articulos-de-chris","status":"publish","type":"page","link":"https:\/\/www.4witness.org\/es\/testimonios\/ex-testigos-de-jehova\/los-articulos-de-chris\/","title":{"rendered":"Los art\u00edculos de Chris"},"content":{"rendered":"<p><strong><strong><b><img loading=\"lazy\" decoding=\"async\" class=\"alignleft\" style=\"margin: 10px;\" alt=\"chris\" src=\"https:\/\/witforjesus.org\/images\/jwstories\/chris.jpg\" width=\"200\" height=\"203\" \/><\/b><\/strong><\/strong><\/p>\n<p>&nbsp;<\/p>\n<p><strong><strong>Chris<\/strong>\u00a0\u2013\u00a0<\/strong>Al crecer como un testigo de Jehov\u00e1, Chris aspiraba servir en la sede principal de la rama canadiense de la Sociedad Watchtower, pero en un intento por solidificar su fe como un testigo de Jehov\u00e1 devoto, Chris investig\u00f3 la historia y las doctrinas de la Organizaci\u00f3n, s\u00f3lo para encontrar mayores discrepancias entre las afirmaciones de la Sociedad y la Biblia. Al haber perdido a su familia y a los \u00fanicos amigos que ten\u00eda en la Organizaci\u00f3n, \u00bfa d\u00f3nde pod\u00eda ir? Con la ayuda de VERDADEROS amigos cristianos, Chris encontr\u00f3 amor, aceptaci\u00f3n y seguridad eterna en Cristo.\u00a0 <a title=\"Lee la historia de la salida de Chris de los testigos de Jehov\u00e1.\" href=\"http:\/\/4jehovah.org\/es\/el-testimonio-de-chris\/\"><strong><strong>Lee la historia de la salida de Chris de los testigos de Jehov\u00e1<\/strong>.<\/strong><strong><strong> <strong><strong><strong><strong><strong><b><b><strong><strong><img loading=\"lazy\" decoding=\"async\" alt=\"bullets\" src=\"https:\/\/witforjesus.org\/images\/buttons\/read-more.jpg\" width=\"26\" height=\"12\" \/><\/strong><\/strong><\/b><\/b><\/strong><\/strong><\/strong><\/strong><\/strong><\/strong><\/strong><\/a><\/p>\n<p><img loading=\"lazy\" decoding=\"async\" alt=\"bullets\" src=\"https:\/\/witforjesus.org\/images\/bullets.jpg\" width=\"10\" height=\"9\" \/>\u00a0<a title=\"\u00bfC\u00f3mo puedo sacarme de la cabeza la manera de pensar de la Watchtower?\" href=\"http:\/\/4jehovah.org\/es\/como-puedo-sacarme-de-la-cabeza-la-manera-de-pensar-de-la-watchtower\/\"><strong>\u00a1SIENTO COMO SI ME ESTUVIERA VOLVIENDO LOCA!\u00a0<\/strong><strong>\u00bfC\u00d3MO PUEDO SACARME DE LA CABEZA LA MANERA DE PENSAR DE LA WATCHTOWER?<\/strong> <strong><\/strong><\/a>(4Jehovah.org)<\/p>\n<p>&nbsp;<\/p>\n","protected":false},"excerpt":{"rendered":"<p>&nbsp; Chris\u00a0\u2013\u00a0Al crecer como un testigo de Jehov\u00e1, Chris aspiraba servir en la sede principal de la rama canadiense de la Sociedad Watchtower, pero en un intento por solidificar su fe como un testigo de Jehov\u00e1 devoto, Chris investig\u00f3 la historia y las doctrinas de la Organizaci\u00f3n, s\u00f3lo para encontrar mayores discrepancias entre las afirmaciones&#8230;<\/p>\n","protected":false},"author":2,"featured_media":0,"parent":710,"menu_order":0,"comment_status":"closed","ping_status":"closed","template":"","meta":{"footnotes":""},"class_list":["post-5029","page","type-page","status-publish","hentry"],"_links":{"self":[{"href":"https:\/\/www.4witness.org\/es\/wp-json\/wp\/v2\/pages\/5029","targetHints":{"allow":["GET"]}}],"collection":[{"href":"https:\/\/www.4witness.org\/es\/wp-json\/wp\/v2\/pages"}],"about":[{"href":"https:\/\/www.4witness.org\/es\/wp-json\/wp\/v2\/types\/page"}],"author":[{"embeddable":true,"href":"https:\/\/www.4witness.org\/es\/wp-json\/wp\/v2\/users\/2"}],"replies":[{"embeddable":true,"href":"https:\/\/www.4witness.org\/es\/wp-json\/wp\/v2\/comments?post=5029"}],"version-history":[{"count":5,"href":"https:\/\/www.4witness.org\/es\/wp-json\/wp\/v2\/pages\/5029\/revisions"}],"predecessor-version":[{"id":5047,"href":"https:\/\/www.4witness.org\/es\/wp-json\/wp\/v2\/pages\/5029\/revisions\/5047"}],"up":[{"embeddable":true,"href":"https:\/\/www.4witness.org\/es\/wp-json\/wp\/v2\/pages\/710"}],"wp:attachment":[{"href":"https:\/\/www.4witness.org\/es\/wp-json\/wp\/v2\/media?parent=5029"}],"curies":[{"name":"wp","href":"https:\/\/api.w.org\/{rel}","templated":true}]}}