{"id":3863,"date":"2013-07-31T16:24:52","date_gmt":"2013-07-31T16:24:52","guid":{"rendered":"http:\/\/www.4witness.org\/?page_id=3863"},"modified":"2024-03-16T10:05:35","modified_gmt":"2024-03-16T16:05:35","slug":"audio-y-video","status":"publish","type":"page","link":"https:\/\/www.4witness.org\/es\/audio-y-video\/","title":{"rendered":"Audio y V\u00eddeo"},"content":{"rendered":"<p><a href=\"http:\/\/4jehovah.org\/carlene-ex-jehovahs-witness\/\"><img loading=\"lazy\" decoding=\"async\" src=\"https:\/\/witforjesus.org\/images\/long\/4witness\/christy-teaching.png\" alt=\"Carlene\" width=\"590\" height=\"264\" \/><\/a><\/p>\n<p><strong><a title=\"Libros acerca de los testigos de Jehov\u00e1\" href=\"https:\/\/www.4jehovah.org\/es\/tienda\/libros\/\"><b>LIBROS ACERCA DE LOS TESTIGOS DE JEHOV\u00c1<\/b><\/a><\/strong><\/p>\n<p style=\"padding-left: 30px;\"><strong><img loading=\"lazy\" decoding=\"async\" src=\"https:\/\/witforjesus.org\/images\/bullets.jpg\" alt=\"bullets\" width=\"10\" height=\"9\" \/><\/strong> \u00a0<a title=\"GOD the ONE and ONLY \u2013 Making Sense of the Trinity \u2013 3-Part Seminar\" href=\"https:\/\/www.4jehovah.org\/es\/tienda\/libros\/si-usted-deberia-creer-en-la-trinidad\/\"><strong>\u00a1S\u00ed, Usted Deber\u00eda Creer En La Trinidad!<\/strong><\/a><\/p>\n<p style=\"padding-left: 30px;\"><strong><img loading=\"lazy\" decoding=\"async\" src=\"https:\/\/witforjesus.org\/images\/bullets.jpg\" alt=\"bullets\" width=\"10\" height=\"9\" \/><\/strong> <a title=\"Libros acerca de los testigos de Jehov\u00e1\" href=\"https:\/\/www.4jehovah.org\/es\/tienda\/libros\/\"><b>LIBROS ACERCA DE LOS TESTIGOS DE JEHOV\u00c1<\/b><\/a><\/p>\n<h3 class=\"a-size-mini a-spacing-none a-color-base s-line-clamp-2\"><a class=\"a-link-normal s-underline-text s-underline-link-text s-link-style a-text-normal\" href=\"https:\/\/www.amazon.com\/Guiados-Mormonismo-Pero-Redimidos-Gracia\/dp\/B084DH8BVY\/ref=sr_1_1?crid=2S98DPHMY6PGK&amp;dib=eyJ2IjoiMSJ9.GgaDa11vcDYC_tTIfiDkiGc4IdpO3_yBv_oJd4SQzis.TagxV6QzP7cWqAdeHm7xYNTagxD_1qNt90fydTtDsVw&amp;dib_tag=se&amp;keywords=Mal+Guiados+Por+El+Mormonismo&amp;qid=1710605103&amp;s=books&amp;sprefix=mal+guiados+por+el+mormonismo%2Cstripbooks%2C130&amp;sr=1-1\"><span class=\"a-size-medium a-color-base a-text-normal\">Mal Guiados Por El Mormonismo Pero Redimidos Por La Gracia De Dios: Dejando la Iglesia de Jesucristo de los Santos de los \u00daltimos D\u00edas por el Cristianismo B\u00edblico<\/span><\/a><\/h3>\n<p><strong>VIDEOS SOBRE EL MORMONISMO<br \/>\n<\/strong><\/p>\n<p style=\"padding-left: 30px;\"><strong><img loading=\"lazy\" decoding=\"async\" src=\"https:\/\/witforjesus.org\/images\/bullets.jpg\" alt=\"bullets\" width=\"10\" height=\"9\" \/><\/strong>\u00a0<strong> <a title=\"Enlace permanente a Algunos mormones buscan en la web y encuentran a Doubt\" href=\"http:\/\/www.noticiaspc.com.mx\/2013\/07\/21\/algunos-mormones-buscan-en-la-web-y-encuentran-a-doubt\/#permalink\" rel=\"bookmark\">Algunos mormones buscan en la web y encuentran a Doubt &#8211; Hans Mattsson<\/a><\/strong><\/p>\n<p><strong>\u00a0<\/strong><\/p>\n<p>&nbsp;<\/p>\n","protected":false},"excerpt":{"rendered":"<p>LIBROS ACERCA DE LOS TESTIGOS DE JEHOV\u00c1 \u00a0\u00a1S\u00ed, Usted Deber\u00eda Creer En La Trinidad! LIBROS ACERCA DE LOS TESTIGOS DE JEHOV\u00c1 Mal Guiados Por El Mormonismo Pero Redimidos Por La Gracia De Dios: Dejando la Iglesia de Jesucristo de los Santos de los \u00daltimos D\u00edas por el Cristianismo B\u00edblico VIDEOS SOBRE EL MORMONISMO \u00a0 Algunos&#8230;<\/p>\n","protected":false},"author":2,"featured_media":0,"parent":0,"menu_order":0,"comment_status":"closed","ping_status":"closed","template":"","meta":{"footnotes":""},"class_list":["post-3863","page","type-page","status-publish","hentry"],"_links":{"self":[{"href":"https:\/\/www.4witness.org\/es\/wp-json\/wp\/v2\/pages\/3863","targetHints":{"allow":["GET"]}}],"collection":[{"href":"https:\/\/www.4witness.org\/es\/wp-json\/wp\/v2\/pages"}],"about":[{"href":"https:\/\/www.4witness.org\/es\/wp-json\/wp\/v2\/types\/page"}],"author":[{"embeddable":true,"href":"https:\/\/www.4witness.org\/es\/wp-json\/wp\/v2\/users\/2"}],"replies":[{"embeddable":true,"href":"https:\/\/www.4witness.org\/es\/wp-json\/wp\/v2\/comments?post=3863"}],"version-history":[{"count":6,"href":"https:\/\/www.4witness.org\/es\/wp-json\/wp\/v2\/pages\/3863\/revisions"}],"predecessor-version":[{"id":14077,"href":"https:\/\/www.4witness.org\/es\/wp-json\/wp\/v2\/pages\/3863\/revisions\/14077"}],"wp:attachment":[{"href":"https:\/\/www.4witness.org\/es\/wp-json\/wp\/v2\/media?parent=3863"}],"curies":[{"name":"wp","href":"https:\/\/api.w.org\/{rel}","templated":true}]}}