{"id":3335,"date":"2013-07-12T06:03:32","date_gmt":"2013-07-12T06:03:32","guid":{"rendered":"http:\/\/www.4witness.org\/?page_id=3335"},"modified":"2017-09-07T12:57:37","modified_gmt":"2017-09-07T18:57:37","slug":"cristiano-que-les-predica-a-amigos-testigos-de-jehova","status":"publish","type":"page","link":"https:\/\/www.4witness.org\/es\/lo-que-ofrecemos\/cristiano-que-les-predica-a-amigos-testigos-de-jehova\/","title":{"rendered":"Cristiano que les predica a amigos testigos de Jehov\u00e1"},"content":{"rendered":"<p><img loading=\"lazy\" decoding=\"async\" src=\"https:\/\/witforjesus.org\/images\/long\/4jehovah\/training.png\" alt=\"Who We Are\" width=\"590\" height=\"265\" \/><\/p>\n<p><strong><strong>HERRAMIENTAS DE ENTRENAMIENTO EVANGEL\u00cdSTICO PARA CRISTIANOS QUE TESTIFICAN A LOS TESTIGOS DE JEHOV\u00c1<\/strong><\/strong><\/p>\n<p><strong><strong><img loading=\"lazy\" decoding=\"async\" src=\"https:\/\/witforjesus.org\/images\/bullets.jpg\" alt=\"Link\" width=\"10\" height=\"9\" \/>\u00a0<strong>Por favor lea <strong><a title=\"Pol\u00edtica de Conducta para la Evangelizaci\u00f3n\" href=\"https:\/\/www.4witness.org\/es\/pagina-principal\/politica-de-conducta-para-la-evangelizacion\/\"><strong><b><strong>NUESTRA POL\u00cdTICA DE CONDUCTA PARA EVANGELIZAR<\/strong><\/b><\/strong><\/a><\/strong><\/strong><strong> y <a title=\"Pol\u00edtica de derechos reservados\" href=\"https:\/\/www.4witness.org\/es\/pagina-principal\/terminos-y-condiciones\/politica-de-derechos-reservados\/\"><strong><strong>NUESTRA POL\u00cdTICA DE DERECHOS RESERVADOS<\/strong><\/strong><\/a> <\/strong><strong>antes de utilizar nuestros recursos.<\/strong><\/strong><\/strong><\/p>\n<p><a href=\"http:\/\/www.4jehovah.org\/es\/tienda\/libros\/conversaciones-cristianas-con-testigos-de-jehova\/\"><img loading=\"lazy\" decoding=\"async\" class=\"alignnone\" src=\"https:\/\/www.witforjesus.org\/images\/jwbooks\/ccjw-sp.jpg\" alt=\"\" width=\"386\" height=\"500\" \/><\/a><\/p>\n<p><a title=\"Conversaciones cristianas con testigos de Jehov\u00e1\" href=\"http:\/\/www.4jehovah.org\/es\/tienda\/libros\/conversaciones-cristianas-con-testigos-de-jehova\/\"><strong>Conversaciones Cristianas con testigos de Jehov\u00e1 \u2014 Respuestas B\u00edblicas a preguntas que hacen los testigos de Jehov\u00e1<\/strong><\/a><\/p>\n<p><img loading=\"lazy\" decoding=\"async\" class=\"alignnone\" src=\"https:\/\/www.witforjesus.org\/images\/long\/4jehovah\/kingdom-hall.png\" alt=\"\" width=\"590\" height=\"268\" \/><\/p>\n<p><a title=\"Testigos de Jehov\u00e1 \u2013 historia y creencias\" href=\"http:\/\/4jehovah.org\/es\/testigos-de-jehova-creencias-y-historia\/\"><strong>\u00bfQUI\u00c9NES SON LOS TESTIGOS DE JEHOV\u00c1? \u2013 Su Historia, Sus Creencias y Sus Costumbres<\/strong><\/a><\/p>\n<p><a href=\"http:\/\/www.4jehovah.org\/es\/tienda\/libros\/hechos-documentados-que-la-sociedad-watchtower-no-desea-que-usted-conozca\/\"><img loading=\"lazy\" decoding=\"async\" class=\"alignnone\" src=\"https:\/\/www.witforjesus.org\/images\/jwbooks\/jwfacts-sp.jpg\" alt=\"\" width=\"446\" height=\"660\" \/><\/a><\/p>\n<p><a title=\"Hechos que la Sociedad Watchtower no que Usted Sepa\" href=\"http:\/\/www.4jehovah.org\/es\/tienda\/libros\/hechos-documentados-que-la-sociedad-watchtower-no-desea-que-usted-conozca\/\"><strong>Hechos que la Sociedad Watchtower no\u00a0Quiere que Usted Sepa<\/strong><\/a><\/p>\n<p><img loading=\"lazy\" decoding=\"async\" class=\"alignnone\" src=\"https:\/\/www.witforjesus.org\/images\/long\/4witness\/wnfj.png\" alt=\"\" width=\"590\" height=\"250\" \/><\/p>\n<p><a title=\"Evangelizing Jehovah\u2019s Witnesses\" href=\"https:\/\/www.4witness.org\/ministry-network\/ministries-to-jehovahs-witnesses\/\"><strong>Nuestros Socios en la Red \u2013 Ministerios Cristianos dirigidos a los Testigos de Jehov\u00e1 <\/strong><\/a><strong><br \/>\n(s\u00f3lo en Ingl\u00e9s)<\/strong><\/p>\n<p><img loading=\"lazy\" decoding=\"async\" class=\"alignnone\" src=\"https:\/\/www.witforjesus.org\/images\/long\/4witness\/exjw-support-picnic.png\" alt=\"\" width=\"590\" height=\"283\" \/><\/p>\n<p><a href=\"https:\/\/www.4witness.org\/es\/pagina-principal\/grupos-de-apoyo\/\"><strong>Grupo de apoyo y de encuentro en l\u00ednea a nivel mundial de testigos de Jehov\u00e1 <\/strong><\/a><strong>(s\u00f3lo en Ingl\u00e9s)<\/strong><\/p>\n<p><img loading=\"lazy\" decoding=\"async\" class=\"alignnone\" src=\"https:\/\/witforjesus.org\/images\/long\/4jehovah\/bible-answers.png\" alt=\"\" width=\"590\" height=\"241\" \/><\/p>\n<p><a title=\"Bible Answers\" href=\"http:\/\/4jehovah.org\/es\/respuestas-biblicas\/\"><span style=\"font-size: large;\"><strong>RESPUESTAS B\u00cdBLICAS<\/strong><\/span><\/a><\/p>\n<ul>\n<li><strong>Creencias y pr\u00e1cticas de los testigos de Jehov\u00e1<br \/>\n<\/strong><\/li>\n<li><strong>Historia y esc\u00e1ndalos de la Organizaci\u00f3n Watchtower<\/strong><\/li>\n<\/ul>\n<p><img loading=\"lazy\" decoding=\"async\" class=\"alignnone\" src=\"https:\/\/witforjesus.org\/images\/long\/4jehovah\/evangelism.png\" alt=\"\" width=\"590\" height=\"265\" \/><\/p>\n<p><a title=\"GU\u00cdAS DE ENTRENAMIENTO PARA EVANGELIZAR\" href=\"http:\/\/4jehovah.org\/es\/predicando-el-reino-de-dios\/manual-de-entrenamiento-lo-que-usted-necesita-saber\/\"><span style=\"font-size: medium;\"><strong>GU\u00cdAS DE ENTRENAMIENTO PARA EVANGELIZAR<\/strong><\/span><\/a><\/p>\n<ul>\n<li><strong>Lo que necesitas saber para poder rescatar a tu ser querido<br \/>\n<\/strong><\/li>\n<li><strong>C\u00f3mo testificar de manera efectiva<\/strong><\/li>\n<li><strong>Preguntas para los testigos de Jehov\u00e1<\/strong><\/li>\n<\/ul>\n<p><img loading=\"lazy\" decoding=\"async\" class=\"alignnone\" src=\"https:\/\/witforjesus.org\/images\/long\/4jehovah\/faq.png\" alt=\"\" width=\"590\" height=\"298\" \/><\/p>\n<p><span style=\"font-size: medium;\"><a title=\"Ayuda - Preguntas y respuestas\" href=\"http:\/\/4jehovah.org\/es\/ex-testigos-de-jehova\/\"><strong>AYUDA \u2013 Preguntas y Respuestas<\/strong><\/a><\/span><\/p>\n<ul>\n<li><strong><strong><strong>Alcanzando a los seres amados<\/strong><\/strong><\/strong><\/li>\n<li><strong><strong><strong>Abandonando la Watchtower<\/strong><\/strong><\/strong><\/li>\n<li><strong><strong><strong>Noviazgo y matrimonio<\/strong><\/strong><\/strong><\/li>\n<\/ul>\n<p><img loading=\"lazy\" decoding=\"async\" class=\"alignnone\" src=\"https:\/\/witforjesus.org\/images\/long\/4jehovah\/tracts.png\" alt=\"\" width=\"590\" height=\"276\" \/><\/p>\n<p><span style=\"font-size: small;\"><a title=\"Herramientas de entrenamiento evangel\u00edstico\" href=\"http:\/\/4jehovah.org\/es\/predicando-el-reino-de-dios\/\"><strong>HERRAMIENTAS DE ENTRENAMIENTO EVANGEL\u00cdSTICO<\/strong><\/a><\/span><\/p>\n<ul>\n<li><strong>Preguntas para testigos de Jehov\u00e1<\/strong><\/li>\n<li><strong>Tarjetas para testigos de Jehov\u00e1<\/strong><\/li>\n<li><strong>Tratados para testigos de Jehov\u00e1<\/strong><\/li>\n<\/ul>\n<p><span style=\"font-size: x-large;\"><a title=\"Ex-testigos de Jehov\u00e1\" href=\"https:\/\/www.4witness.org\/es\/testimonios\/ex-testigos-de-jehova\/\"><strong>TESTIMONIOS DE EX-TESTIGOS DE JEHOV\u00c1<\/strong><\/a><\/span><\/p>\n<p><a title=\"Ex-Jehovah\u2019s Witnesses\" href=\"https:\/\/www.4witness.org\/es\/testimonios\/ex-testigos-de-jehova\/\"><img loading=\"lazy\" decoding=\"async\" src=\"https:\/\/witforjesus.org\/images\/jwstories\/jwstories.jpg\" alt=\"TRUE FREEDOM\" width=\"590\" height=\"156\" \/><\/a><\/p>\n<p>&nbsp;<\/p>\n<p>&nbsp;<\/p>\n","protected":false},"excerpt":{"rendered":"<p>HERRAMIENTAS DE ENTRENAMIENTO EVANGEL\u00cdSTICO PARA CRISTIANOS QUE TESTIFICAN A LOS TESTIGOS DE JEHOV\u00c1 \u00a0Por favor lea NUESTRA POL\u00cdTICA DE CONDUCTA PARA EVANGELIZAR y NUESTRA POL\u00cdTICA DE DERECHOS RESERVADOS antes de utilizar nuestros recursos. Conversaciones Cristianas con testigos de Jehov\u00e1 \u2014 Respuestas B\u00edblicas a preguntas que hacen los testigos de Jehov\u00e1 \u00bfQUI\u00c9NES SON LOS TESTIGOS DE&#8230;<\/p>\n","protected":false},"author":2,"featured_media":0,"parent":2627,"menu_order":0,"comment_status":"closed","ping_status":"closed","template":"","meta":{"footnotes":""},"class_list":["post-3335","page","type-page","status-publish","hentry"],"_links":{"self":[{"href":"https:\/\/www.4witness.org\/es\/wp-json\/wp\/v2\/pages\/3335","targetHints":{"allow":["GET"]}}],"collection":[{"href":"https:\/\/www.4witness.org\/es\/wp-json\/wp\/v2\/pages"}],"about":[{"href":"https:\/\/www.4witness.org\/es\/wp-json\/wp\/v2\/types\/page"}],"author":[{"embeddable":true,"href":"https:\/\/www.4witness.org\/es\/wp-json\/wp\/v2\/users\/2"}],"replies":[{"embeddable":true,"href":"https:\/\/www.4witness.org\/es\/wp-json\/wp\/v2\/comments?post=3335"}],"version-history":[{"count":21,"href":"https:\/\/www.4witness.org\/es\/wp-json\/wp\/v2\/pages\/3335\/revisions"}],"predecessor-version":[{"id":8279,"href":"https:\/\/www.4witness.org\/es\/wp-json\/wp\/v2\/pages\/3335\/revisions\/8279"}],"up":[{"embeddable":true,"href":"https:\/\/www.4witness.org\/es\/wp-json\/wp\/v2\/pages\/2627"}],"wp:attachment":[{"href":"https:\/\/www.4witness.org\/es\/wp-json\/wp\/v2\/media?parent=3335"}],"curies":[{"name":"wp","href":"https:\/\/api.w.org\/{rel}","templated":true}]}}