{"id":2680,"date":"2013-06-18T21:09:24","date_gmt":"2013-06-18T21:09:24","guid":{"rendered":"http:\/\/www.4witness.org\/?page_id=2680"},"modified":"2013-07-19T02:37:04","modified_gmt":"2013-07-19T02:37:04","slug":"terminos-y-condiciones","status":"publish","type":"page","link":"https:\/\/www.4witness.org\/es\/pagina-principal\/terminos-y-condiciones\/","title":{"rendered":"T\u00e9rminos y condiciones"},"content":{"rendered":"<p><img loading=\"lazy\" decoding=\"async\" alt=\"Who We Are\" src=\"https:\/\/witforjesus.org\/images\/long\/4witness\/privacy-policy.png\" width=\"590\" height=\"206\" \/><\/p>\n<p><strong>T\u00c9RMINOS Y CONDICIONES de WITNESSES FOR JESUS INC<br \/>\n<\/strong><\/p>\n<p style=\"padding-left: 30px;\"><strong><strong><img loading=\"lazy\" decoding=\"async\" alt=\"bullets\" src=\"https:\/\/witforjesus.org\/images\/bullets.jpg\" width=\"10\" height=\"9\" \/> <a title=\"Aviso Legal\" href=\"https:\/\/www.4witness.org\/es\/pagina-principal\/terminos-y-condiciones\/aviso-legal\/\">AVISO LEGAL<\/a><\/strong><\/strong><\/p>\n<p style=\"padding-left: 30px;\"><strong><strong><strong><strong><img loading=\"lazy\" decoding=\"async\" alt=\"bullets\" src=\"https:\/\/witforjesus.org\/images\/bullets.jpg\" width=\"10\" height=\"9\" \/> <\/strong><\/strong><\/strong><\/strong><a title=\"Pol\u00edtica de Privacidad\" href=\"https:\/\/www.4witness.org\/es\/pagina-principal\/terminos-y-condiciones\/politica-de-privacidad\/\"><strong>POL\u00cdTICA DE PRIVACIDAD<\/strong><\/a><\/p>\n<p style=\"padding-left: 30px;\"><img loading=\"lazy\" decoding=\"async\" alt=\"bullets\" src=\"https:\/\/witforjesus.org\/images\/bullets.jpg\" width=\"10\" height=\"9\" \/> <a title=\"Pol\u00edtica de derechos reservados\" href=\"https:\/\/www.4witness.org\/es\/pagina-principal\/terminos-y-condiciones\/politica-de-derechos-reservados\/\"><strong>POL\u00cdTICA DE DERECHOS RESERVADOS<\/strong><\/a><\/p>\n<p style=\"padding-left: 30px;\"><strong><img loading=\"lazy\" decoding=\"async\" alt=\"bullets\" src=\"https:\/\/witforjesus.org\/images\/bullets.jpg\" width=\"10\" height=\"9\" \/><\/strong>\u00a0<a title=\"Pol\u00edtica de Conducta para la Evangelizaci\u00f3n\" href=\"https:\/\/www.4witness.org\/es\/pagina-principal\/politica-de-conducta-para-la-evangelizacion\/\"><strong>POL\u00cdTICA DE CONDUCTA PARA LA EVANGELIZACI\u00d3N<\/strong><\/a><\/p>\n<p>&nbsp;<\/p>\n<p>&nbsp;<\/p>\n","protected":false},"excerpt":{"rendered":"<p>T\u00c9RMINOS Y CONDICIONES de WITNESSES FOR JESUS INC AVISO LEGAL POL\u00cdTICA DE PRIVACIDAD POL\u00cdTICA DE DERECHOS RESERVADOS \u00a0POL\u00cdTICA DE CONDUCTA PARA LA EVANGELIZACI\u00d3N &nbsp; &nbsp;<\/p>\n","protected":false},"author":2,"featured_media":0,"parent":2156,"menu_order":0,"comment_status":"closed","ping_status":"closed","template":"","meta":{"footnotes":""},"class_list":["post-2680","page","type-page","status-publish","hentry"],"_links":{"self":[{"href":"https:\/\/www.4witness.org\/es\/wp-json\/wp\/v2\/pages\/2680","targetHints":{"allow":["GET"]}}],"collection":[{"href":"https:\/\/www.4witness.org\/es\/wp-json\/wp\/v2\/pages"}],"about":[{"href":"https:\/\/www.4witness.org\/es\/wp-json\/wp\/v2\/types\/page"}],"author":[{"embeddable":true,"href":"https:\/\/www.4witness.org\/es\/wp-json\/wp\/v2\/users\/2"}],"replies":[{"embeddable":true,"href":"https:\/\/www.4witness.org\/es\/wp-json\/wp\/v2\/comments?post=2680"}],"version-history":[{"count":6,"href":"https:\/\/www.4witness.org\/es\/wp-json\/wp\/v2\/pages\/2680\/revisions"}],"predecessor-version":[{"id":3486,"href":"https:\/\/www.4witness.org\/es\/wp-json\/wp\/v2\/pages\/2680\/revisions\/3486"}],"up":[{"embeddable":true,"href":"https:\/\/www.4witness.org\/es\/wp-json\/wp\/v2\/pages\/2156"}],"wp:attachment":[{"href":"https:\/\/www.4witness.org\/es\/wp-json\/wp\/v2\/media?parent=2680"}],"curies":[{"name":"wp","href":"https:\/\/api.w.org\/{rel}","templated":true}]}}