{"id":2377,"date":"2013-05-24T22:09:48","date_gmt":"2013-05-24T22:09:48","guid":{"rendered":"http:\/\/www.4witness.org\/?page_id=2377"},"modified":"2017-06-02T22:55:11","modified_gmt":"2017-06-03T04:55:11","slug":"como-ayudarnos","status":"publish","type":"page","link":"https:\/\/www.4witness.org\/es\/pagina-principal\/como-ayudarnos\/","title":{"rendered":"C\u00f3mo ayudarnos"},"content":{"rendered":"<div>\n<p><strong><strong><img loading=\"lazy\" decoding=\"async\" src=\"https:\/\/witforjesus.org\/images\/long\/4witness\/handing-tracts.png\" alt=\"Prayer Group\" width=\"590\" height=\"248\" \/><\/strong><\/strong><\/p>\n<\/div>\n<div><strong><strong><b>C\u00d3MO AYUDAR A NUESTRO MINISTERIO \u2013 WITNESSES FOR JESUS, INC. (TESTIGOS POR JES\u00daS)<\/b><\/strong><\/strong><\/div>\n<p><span style=\"font-size: large;\"><strong><a name=\"1a\"><\/a> <a href=\"#1b\">1.\u00a0<strong>DONA<\/strong><\/a><\/strong><\/span><\/p>\n<p><strong><span style=\"font-size: large;\"><a name=\"3a\"><\/a> <a href=\"#3b\">2. <strong>COMPARTE<\/strong><\/a><\/span><\/strong><\/p>\n<p><strong><span style=\"font-size: x-large;\"> <a href=\"#1a\">1. <strong>DONA<\/strong> &#8211; <span style=\"font-size: large;\">Convi\u00e9rtete en un Socio de Apoyo Financiero.<\/span><\/a> <\/span> <\/strong><\/p>\n<p><strong><strong><img loading=\"lazy\" decoding=\"async\" src=\"https:\/\/witforjesus.org\/images\/home\/donate.png\" alt=\"Copyright policy\" width=\"590\" height=\"261\" \/><\/strong><\/strong><\/p>\n<p><strong><strong><a title=\"C\u00f3mo hacer donaciones\" href=\"https:\/\/www.4witness.org\/es\/pagina-principal\/haga-una-donacion\/\"><img loading=\"lazy\" decoding=\"async\" title=\"Haz una Donaci\u00f3n\" src=\"https:\/\/witforjesus.org\/images\/buttons\/donate-sp.jpg\" alt=\"Haz una Donaci\u00f3n\" width=\"166\" height=\"23\" \/><\/a><\/strong><\/strong><\/p>\n<p><strong>Estamos agradecidos de haber obtenido el estatus sin fines de lucro <\/strong>501(c)3 con la IRS (Servicio de Impuestos Internos en USA) en el a\u00f1o 2004. Todas las donaciones a este ministerio son deducibles de impuestos. Al igual que con la mayor\u00eda de ministerios, las finanzas representan el mayor recurso para los alcances ministeriales. Si te sientes guiado por el Se\u00f1or para asociarte financieramente con nuestro ministerio, haz clic en el bot\u00f3n \u201cHaz una Donaci\u00f3n\u201d (arriba) para tener mayores detalles. Tu apoyo a nuestro ministerio va dirigido a respaldar los siguientes alcances enumerados en el siguiente enlace:<\/p>\n<p style=\"padding-left: 30px;\"><strong><img decoding=\"async\" src=\"https:\/\/witforjesus.org\/images\/bullets.jpg\" alt=\"bullets\" \/> <a title=\"C\u00f3mo hacer donaciones\" href=\"https:\/\/www.4witness.org\/es\/pagina-principal\/haga-una-donacion\/\"><strong>C\u00f3mo Apoyarnos Financieramente \u2013 C\u00f3mo Es Que Tu Donaci\u00f3n Afecta Vidas<\/strong><\/a><\/strong><\/p>\n<p><strong><span style=\"font-size: large;\"><a href=\"#3a\"><span style=\"font-size: x-large;\">2. <strong>COMPARTE<\/strong><\/span> \u2013 Publica nuestros sitios evangel\u00edsticos (4Jehovah y 4mormon.org) en Facebook y\/o Coloca Anuncios en Tu Peri\u00f3dico Local.<\/a> <\/span><\/strong><\/p>\n<p><a title=\"4Jehovah Banners and Stickers\" href=\"http:\/\/4jehovah.org\/es\/predicando-el-reino-de-dios\/afiches-y-autoadhesivos-de-4jehova\/\"><strong><img loading=\"lazy\" decoding=\"async\" src=\"https:\/\/witforjesus.org\/images\/stickers\/jw\/sp-4jehovah-main.jpg\" alt=\"4Jehovah.org Website Banner\" width=\"287\" height=\"105\" \/><\/strong><\/a><\/p>\n<p><a title=\"4Mormon Banners and Stickers\" href=\"http:\/\/4mormon.org\/es\/obra-misional\/afiches-y-autoadhesivos-de-4mormon\/\"><strong><img loading=\"lazy\" decoding=\"async\" src=\"https:\/\/witforjesus.org\/images\/stickers\/lds\/sp-4mormon-main.jpg\" alt=\"4Jehovah.org Website Banner\" width=\"295\" height=\"100\" \/><\/strong><\/a><\/p>\n<p><strong>3 MANERAS DE PUBLICITAR NUESTRO SITIO WEB<\/strong>:<\/p>\n<ul>\n<li>Coloca nuestros gr\u00e1ficos publicitarios de 4Jehovah y 4Mormon en tu Facebook o en tu blog.<\/li>\n<li>Imprime nuestros auto-adhesivos web de 4Jehovah para pegarlos en revistas de La Atalaya o Despertad y nuestros auto-adhesivos web de 4Mormon para pegarlos en Libros de Morm\u00f3n que encuentres en lugares p\u00fablicos.<\/li>\n<li>Coloca anuncios en tu peri\u00f3dico local y revistas de ahorro.<\/li>\n<\/ul>\n<p>Visita el siguiente enlace para obtener m\u00e1s im\u00e1genes para tu blog as\u00ed como sugerencias de textos de publicidad efectiva:<\/p>\n<p style=\"padding-left: 30px;\"><strong><strong><img decoding=\"async\" src=\"https:\/\/witforjesus.org\/images\/bullets.jpg\" alt=\"bullets\" \/> <a title=\"Afiches y Autoadhesivos de 4Jehova\" href=\"http:\/\/4jehovah.org\/es\/predicando-el-reino-de-dios\/afiches-y-autoadhesivos-de-4jehova\/\"><strong>Afiches y Auto-adhesivos de <\/strong>4Jehovah<br \/>\n<\/a><strong><strong><img decoding=\"async\" src=\"https:\/\/witforjesus.org\/images\/bullets.jpg\" alt=\"bullets\" \/> <\/strong><\/strong><a title=\"4mormon\" href=\"http:\/\/4mormon.org\/es\/obra-misional\/afiches-y-autoadhesivos-de-4mormon\/\"><strong><strong><strong>Afiches y Auto-adhesivos de <\/strong>4mormon<\/strong><\/strong><\/a><br \/>\n<\/strong> <\/strong><\/p>\n<p><img loading=\"lazy\" decoding=\"async\" src=\"https:\/\/witforjesus.org\/images\/bullets.jpg\" alt=\"Link\" width=\"10\" height=\"9\" \/>\u00a0<strong>NOTA<\/strong>: <strong>Por favor lea <strong><a title=\"Pol\u00edtica de Conducta para la Evangelizaci\u00f3n\" href=\"https:\/\/www.4witness.org\/es\/pagina-principal\/politica-de-conducta-para-la-evangelizacion\/\"><strong><b><strong>NUESTRA POL\u00cdTICA DE CONDUCTA PARA EVANGELIZAR<\/strong><\/b><\/strong><\/a><\/strong><\/strong> <strong><b>antes de promover nuestro sitio web.<\/b><\/strong><\/p>\n<p>&nbsp;<\/p>\n","protected":false},"excerpt":{"rendered":"<p>C\u00d3MO AYUDAR A NUESTRO MINISTERIO \u2013 WITNESSES FOR JESUS, INC. (TESTIGOS POR JES\u00daS) 1.\u00a0DONA 2. COMPARTE 1. DONA &#8211; Convi\u00e9rtete en un Socio de Apoyo Financiero. Estamos agradecidos de haber obtenido el estatus sin fines de lucro 501(c)3 con la IRS (Servicio de Impuestos Internos en USA) en el a\u00f1o 2004. Todas las donaciones a&#8230;<\/p>\n","protected":false},"author":2,"featured_media":0,"parent":2156,"menu_order":0,"comment_status":"closed","ping_status":"closed","template":"","meta":{"footnotes":""},"class_list":["post-2377","page","type-page","status-publish","hentry"],"_links":{"self":[{"href":"https:\/\/www.4witness.org\/es\/wp-json\/wp\/v2\/pages\/2377","targetHints":{"allow":["GET"]}}],"collection":[{"href":"https:\/\/www.4witness.org\/es\/wp-json\/wp\/v2\/pages"}],"about":[{"href":"https:\/\/www.4witness.org\/es\/wp-json\/wp\/v2\/types\/page"}],"author":[{"embeddable":true,"href":"https:\/\/www.4witness.org\/es\/wp-json\/wp\/v2\/users\/2"}],"replies":[{"embeddable":true,"href":"https:\/\/www.4witness.org\/es\/wp-json\/wp\/v2\/comments?post=2377"}],"version-history":[{"count":19,"href":"https:\/\/www.4witness.org\/es\/wp-json\/wp\/v2\/pages\/2377\/revisions"}],"predecessor-version":[{"id":8055,"href":"https:\/\/www.4witness.org\/es\/wp-json\/wp\/v2\/pages\/2377\/revisions\/8055"}],"up":[{"embeddable":true,"href":"https:\/\/www.4witness.org\/es\/wp-json\/wp\/v2\/pages\/2156"}],"wp:attachment":[{"href":"https:\/\/www.4witness.org\/es\/wp-json\/wp\/v2\/media?parent=2377"}],"curies":[{"name":"wp","href":"https:\/\/api.w.org\/{rel}","templated":true}]}}