{"id":2373,"date":"2013-05-24T07:19:34","date_gmt":"2013-05-24T07:19:34","guid":{"rendered":"http:\/\/www.4witness.org\/?page_id=2373"},"modified":"2013-07-20T23:27:50","modified_gmt":"2013-07-20T23:27:50","slug":"declaracion-de-fe","status":"publish","type":"page","link":"https:\/\/www.4witness.org\/es\/pagina-principal\/declaracion-de-fe\/","title":{"rendered":"Declaraci\u00f3n de fe"},"content":{"rendered":"<p><strong><strong><img loading=\"lazy\" decoding=\"async\" alt=\"Who We Are\" src=\"https:\/\/witforjesus.org\/images\/long\/4jehovah\/ocean-rocks.png\" width=\"590\" height=\"203\" \/><\/strong><\/strong><\/p>\n<p><strong>.:NUESTRA DECLARACI\u00d3N DE FE \u2013 MISI\u00d3N, VISI\u00d3N Y VALORES<!--more--><\/strong><\/p>\n<table style=\"width: 99%;\" border=\"0\" align=\"left\">\n<tbody>\n<tr>\n<td align=\"left\" valign=\"top\" width=\"72%\">\n<ol>\n<li>\n<div align=\"justify\">Creemos en la Biblia como la Palabra de Dios, divinamente inspirada en su totalidad, inerrante en sus escritos originales y la \u00fanica autoridad para las creencias y pr\u00e1cticas cristianas.<\/div>\n<\/li>\n<li>\n<div align=\"justify\">El \u00fanico Dios verdadero existe en tres personas coiguales y coeternas: el Padre, el Hijo y el Esp\u00edritu Santo.<\/div>\n<\/li>\n<li>\n<div align=\"justify\">Creemos en Jesucristo quien retuvo su Deidad mientras se convirti\u00f3 en hombre, siendo nacido de una virgen, vivi\u00f3 una vida sin pecado, e hizo expiaci\u00f3n por el pecado de los hombres a trav\u00e9s de su muerte y resurrecci\u00f3n corporal. Esperamos su regreso f\u00edsico y visible a la tierra por sus seguidores en su Segunda Venida.<\/div>\n<\/li>\n<li>\n<div align=\"justify\">Satan\u00e1s, siendo un \u00e1ngel ca\u00eddo en oposici\u00f3n total con Dios, ejerce su poder y autoridad sobre los no regenerados a trav\u00e9s de la manipulaci\u00f3n y decepci\u00f3n espiritual.<\/div>\n<\/li>\n<li>\n<div align=\"justify\">Cada ser humano est\u00e1 desesperadamente perdido en el pecado, separado de una aceptaci\u00f3n personal de la redenci\u00f3n espiritual ofrecida en la sangre de Jesucristo. Este regalo gratuito de salvaci\u00f3n se aplica al creyente individual separado de cualquier obra de justicia que \u00e9l o ella pueda realizar.<\/div>\n<\/li>\n<li>\n<div align=\"justify\">Las Buenas Nuevas del Evangelio por las cual somos salvos consisten en la muerte, el entierro y la resurrecci\u00f3n de nuestro Se\u00f1or Jesucristo.<\/div>\n<\/li>\n<li>\n<div align=\"justify\">El estado final de los incr\u00e9dulos que mueren rechazando el regalo de Dios es el castigo eterno apartados de la presencia de Dios por toda la eternidad. Los verdaderos creyentes que han nacido de nuevo a trav\u00e9s de la obra regeneradora del Esp\u00edritu Santo tienen seguridad de vida eterna en la presencia de Dios en el Cielo y en la Tierra nueva.<\/div>\n<\/li>\n<li>\n<div align=\"justify\">No reconocemos a ninguna organizaci\u00f3n humana o iglesia religiosa como la propietaria exclusiva de la instrucci\u00f3n espiritual. El Esp\u00edritu Santo, a trav\u00e9s de la Palabra de Dios, ense\u00f1a a cada uno de los que han puesto su confianza en la suficiencia de Cristo. Esta unidad de creyentes verdaderos nacidos de nuevo trasciende las barreras denominacionales y constituye el Cuerpo de Cristo, unido en el Esp\u00edritu Santo.<\/div>\n<\/li>\n<\/ol>\n<\/td>\n<td align=\"left\" valign=\"top\" width=\"2%\"><\/td>\n<td align=\"left\" valign=\"top\" width=\"184\"><img loading=\"lazy\" decoding=\"async\" alt=\"Lighthouse\" src=\"https:\/\/witforjesus.org\/images\/home\/lighthouse.jpg\" width=\"201\" height=\"158\" \/><\/p>\n<table style=\"width: 100%;\" border=\"0\" cellspacing=\"0\" cellpadding=\"0\">\n<tbody>\n<tr>\n<td><img loading=\"lazy\" decoding=\"async\" alt=\"window_mission\" src=\"https:\/\/witforjesus.org\/images\/home\/window_mission.jpg\" width=\"188\" height=\"25\" \/><\/td>\n<\/tr>\n<\/tbody>\n<\/table>\n<table style=\"width: 93.82%; height: 157px;\" border=\"0\" cellspacing=\"1\" cellpadding=\"9\" bgcolor=\"#a8a8a8\">\n<tbody>\n<tr>\n<td bgcolor=\"#ffffff\">\n<div align=\"center\">Impactar a los testigos de la Watchtower y de la iglesia mormona con la Verdad del Evangelio, con el fin de ayudarles a convertirse en Testigos de Jesucristo de todo coraz\u00f3n.<\/div>\n<\/td>\n<\/tr>\n<\/tbody>\n<\/table>\n<p>&nbsp;<\/p>\n<table style=\"width: 100%;\" border=\"0\" cellspacing=\"0\" cellpadding=\"0\">\n<tbody>\n<tr>\n<td><img loading=\"lazy\" decoding=\"async\" alt=\"window_vision\" src=\"https:\/\/witforjesus.org\/images\/home\/window_vision.jpg\" width=\"188\" height=\"25\" \/><\/td>\n<\/tr>\n<\/tbody>\n<\/table>\n<table style=\"width: 93.83%; height: 157px;\" border=\"0\" cellspacing=\"1\" cellpadding=\"9\" bgcolor=\"#a8a8a8\">\n<tbody>\n<tr>\n<td bgcolor=\"#ffffff\">\n<div align=\"center\">\n<p>Visualizamos a los testigos de Jehov\u00e1 y a los mormones, libres de la decepci\u00f3n de la religi\u00f3n falsa para poder experimentar una relaci\u00f3n viva y fuerte con el Se\u00f1or Jesucristo.<\/p>\n<\/div>\n<\/td>\n<\/tr>\n<\/tbody>\n<\/table>\n<p>&nbsp;<\/p>\n<table style=\"width: 100%;\" border=\"0\" cellspacing=\"0\" cellpadding=\"0\">\n<tbody>\n<tr>\n<td><img loading=\"lazy\" decoding=\"async\" alt=\"window_values\" src=\"https:\/\/witforjesus.org\/images\/home\/window_values.jpg\" width=\"189\" height=\"25\" \/><\/td>\n<\/tr>\n<\/tbody>\n<\/table>\n<table style=\"width: 94.27%; height: 138px;\" border=\"0\" cellspacing=\"1\" cellpadding=\"9\" bgcolor=\"#a8a8a8\">\n<tbody>\n<tr>\n<td bgcolor=\"#ffffff\">\n<div align=\"center\">Valoramos la verdad B\u00edblica orientada en la gracia y el amor que se comunica de manera ferviente y que se representa visiblemente en las vidas de los testigos de por vida del Se\u00f1or Jesucristo.<\/div>\n<\/td>\n<\/tr>\n<\/tbody>\n<\/table>\n<p align=\"left\">\n<\/td>\n<\/tr>\n<\/tbody>\n<\/table>\n","protected":false},"excerpt":{"rendered":"<p>.:NUESTRA DECLARACI\u00d3N DE FE \u2013 MISI\u00d3N, VISI\u00d3N Y VALORES<\/p>\n","protected":false},"author":2,"featured_media":0,"parent":2156,"menu_order":0,"comment_status":"closed","ping_status":"closed","template":"","meta":{"footnotes":""},"class_list":["post-2373","page","type-page","status-publish","hentry"],"_links":{"self":[{"href":"https:\/\/www.4witness.org\/es\/wp-json\/wp\/v2\/pages\/2373","targetHints":{"allow":["GET"]}}],"collection":[{"href":"https:\/\/www.4witness.org\/es\/wp-json\/wp\/v2\/pages"}],"about":[{"href":"https:\/\/www.4witness.org\/es\/wp-json\/wp\/v2\/types\/page"}],"author":[{"embeddable":true,"href":"https:\/\/www.4witness.org\/es\/wp-json\/wp\/v2\/users\/2"}],"replies":[{"embeddable":true,"href":"https:\/\/www.4witness.org\/es\/wp-json\/wp\/v2\/comments?post=2373"}],"version-history":[{"count":2,"href":"https:\/\/www.4witness.org\/es\/wp-json\/wp\/v2\/pages\/2373\/revisions"}],"predecessor-version":[{"id":3704,"href":"https:\/\/www.4witness.org\/es\/wp-json\/wp\/v2\/pages\/2373\/revisions\/3704"}],"up":[{"embeddable":true,"href":"https:\/\/www.4witness.org\/es\/wp-json\/wp\/v2\/pages\/2156"}],"wp:attachment":[{"href":"https:\/\/www.4witness.org\/es\/wp-json\/wp\/v2\/media?parent=2373"}],"curies":[{"name":"wp","href":"https:\/\/api.w.org\/{rel}","templated":true}]}}