{"id":2345,"date":"2013-05-24T06:03:08","date_gmt":"2013-05-24T06:03:08","guid":{"rendered":"http:\/\/www.4witness.org\/?page_id=2345"},"modified":"2015-01-02T06:29:47","modified_gmt":"2015-01-02T06:29:47","slug":"mark-y-loly-equipo-del-ministerio","status":"publish","type":"page","link":"https:\/\/www.4witness.org\/es\/pagina-principal\/contactanos\/amigos-en-el-ministerio\/mark-y-loly-equipo-del-ministerio\/","title":{"rendered":"Mark y Loly &#8211; Equipo del Ministerio"},"content":{"rendered":"<p><strong><img loading=\"lazy\" decoding=\"async\" class=\"alignleft\" style=\"margin: 10px;\" src=\"https:\/\/witforjesus.org\/images\/partners\/spanish\/mark-loly.jpg\" alt=\"mark-loly\" width=\"301\" height=\"261\" \/><\/strong><\/p>\n<p><strong><br \/>\nLA HISTORIA DE MARK Y LOLY<\/strong>:<\/p>\n<p><strong><img loading=\"lazy\" decoding=\"async\" src=\"https:\/\/witforjesus.org\/images\/bullets.jpg\" alt=\"bullets\" width=\"10\" height=\"9\" \/><\/strong> <strong><a title=\"Cont\u00e1ctanos\" href=\"https:\/\/www.4witness.org\/es\/pagina-principal\/contactanos\/#fn\">Cont\u00e1ctanos<\/a><\/strong><\/p>\n<p>Loly y yo nos conocimos en el 2005 mientras yo estaba en un viaje de misiones en Arica, Chile donde Loly naci\u00f3 y creci\u00f3. Nos casamos el 8 de Octubre del 2006 y vivimos en Arica, Chile durante nuestro primer a\u00f1o de matrimonio. Fuimos parte de una peque\u00f1a iglesia en Arica de aproximadamente 25 personas. Yo era el l\u00edder de j\u00f3venes y le ense\u00f1aba al liderazgo en la iglesia mientras Loly ayudaba a traducir para m\u00ed.<\/p>\n<p>Arica es una ciudad de aproximadamente 180.000 personas, y en Chile 10% son mormones. Nosotros vivimos muy cerca de una Capilla Mormona y de un Sal\u00f3n del Reino de los testigos de Jehov\u00e1. As\u00ed que para nosotros ver a los testigos de Jehov\u00e1 \u00a0o a los misioneros mormones caminando por las calles era totalmente normal. <a title=\"Mark y Loly\" href=\"https:\/\/www.4witness.org\/es\/mark-y-loly\/\"><strong>Leer m\u00e1s&#8230;<\/strong><\/a><\/p>\n<p><strong><img loading=\"lazy\" decoding=\"async\" src=\"https:\/\/witforjesus.org\/images\/bullets.jpg\" alt=\"bullets\" width=\"10\" height=\"9\" \/> <a title=\"Permanent Link to \u00bfAl morir, los malos van al \u2018castigo eterno\u2019 o al \u2018cortamiento eterno\u2019? \u2013 Mateo 25:46:\" href=\"https:\/\/www.4witness.org\/es\/castigo-eterno\/\" rel=\"bookmark\">\u00bfAl morir, los malos van al \u2018castigo eterno\u2019 o al \u2018cortamiento eterno\u2019? \u2013 Mateo 25:46<\/a><\/strong><\/p>\n<p><strong><img loading=\"lazy\" decoding=\"async\" src=\"https:\/\/witforjesus.org\/images\/bullets.jpg\" alt=\"bullets\" width=\"10\" height=\"9\" \/>\u00a0<a title=\"Permanent Link to El alma humana, \u00bfNo tiene conciencia despu\u00e9s de la muerte? \u2013 Eclesiast\u00e9s 9:5\" href=\"https:\/\/www.4witness.org\/es\/eclesiastes-9-5\/\" rel=\"bookmark\">El alma humana, \u00bfNo tiene conciencia despu\u00e9s de la muerte? \u2013 Eclesiast\u00e9s 9:5<\/a><\/strong><\/p>\n","protected":false},"excerpt":{"rendered":"<p>LA HISTORIA DE MARK Y LOLY: Cont\u00e1ctanos Loly y yo nos conocimos en el 2005 mientras yo estaba en un viaje de misiones en Arica, Chile donde Loly naci\u00f3 y creci\u00f3. Nos casamos el 8 de Octubre del 2006 y vivimos en Arica, Chile durante nuestro primer a\u00f1o de matrimonio. Fuimos parte de una peque\u00f1a&#8230;<\/p>\n","protected":false},"author":2,"featured_media":0,"parent":2024,"menu_order":0,"comment_status":"closed","ping_status":"closed","template":"","meta":{"footnotes":""},"class_list":["post-2345","page","type-page","status-publish","hentry"],"_links":{"self":[{"href":"https:\/\/www.4witness.org\/es\/wp-json\/wp\/v2\/pages\/2345","targetHints":{"allow":["GET"]}}],"collection":[{"href":"https:\/\/www.4witness.org\/es\/wp-json\/wp\/v2\/pages"}],"about":[{"href":"https:\/\/www.4witness.org\/es\/wp-json\/wp\/v2\/types\/page"}],"author":[{"embeddable":true,"href":"https:\/\/www.4witness.org\/es\/wp-json\/wp\/v2\/users\/2"}],"replies":[{"embeddable":true,"href":"https:\/\/www.4witness.org\/es\/wp-json\/wp\/v2\/comments?post=2345"}],"version-history":[{"count":8,"href":"https:\/\/www.4witness.org\/es\/wp-json\/wp\/v2\/pages\/2345\/revisions"}],"predecessor-version":[{"id":5847,"href":"https:\/\/www.4witness.org\/es\/wp-json\/wp\/v2\/pages\/2345\/revisions\/5847"}],"up":[{"embeddable":true,"href":"https:\/\/www.4witness.org\/es\/wp-json\/wp\/v2\/pages\/2024"}],"wp:attachment":[{"href":"https:\/\/www.4witness.org\/es\/wp-json\/wp\/v2\/media?parent=2345"}],"curies":[{"name":"wp","href":"https:\/\/api.w.org\/{rel}","templated":true}]}}