{"id":2310,"date":"2013-05-24T03:28:57","date_gmt":"2013-05-24T03:28:57","guid":{"rendered":"http:\/\/www.4witness.org\/?page_id=2310"},"modified":"2014-05-04T22:24:51","modified_gmt":"2014-05-04T22:24:51","slug":"haga-una-donacion","status":"publish","type":"page","link":"https:\/\/www.4witness.org\/es\/pagina-principal\/haga-una-donacion\/","title":{"rendered":"Haga una Donaci\u00f3n"},"content":{"rendered":"<p><strong><strong><img loading=\"lazy\" decoding=\"async\" src=\"https:\/\/witforjesus.org\/images\/home\/donate.png\" alt=\"Copyright policy\" width=\"590\" height=\"261\" \/><\/strong><\/strong><\/p>\n<p><strong><strong>C\u00d3MO HACER DONACIONES PARA APOYAR ECON\u00d3MICAMENTE A TESTIGOS POR JES\u00daS, INC.<\/strong><\/strong><\/p>\n<p style=\"text-align: justify;\">Testigos por Jes\u00fas, Inc. es una organizaci\u00f3n ben\u00e9fica 501(c)3 sin fines de lucro y que es financiada a trav\u00e9s de las contribuciones monetarias de los individuos que visitan nuestro sitio Web. Todas las donaciones a este ministerio son deducibles de impuestos.<!--more--><\/p>\n<p>Hemos sido bendecidos con muchas ofrendas donadas eventualmente y tambi\u00e9n de manera mensual por aquellos que desean apoyarnos. Nuestra cuenta general de misiones sostiene los siguientes alcances por medio de nuestro ministerio:<\/p>\n<ul>\n<li>Nuestro Ministerio Multiling\u00fce por la Web<\/li>\n<li><a title=\"Grupos de Apoyo (s\u00f3lo en ingl\u00e9s)\" href=\"https:\/\/www.4witness.org\/es\/pagina-principal\/grupos-de-apoyo\/\">Nuestros Grupos de Encuentro y Apoyo en L\u00ednea<\/a><\/li>\n<li>Desarrollo de <a title=\"Librer\u00eda\" href=\"https:\/\/www.4witness.org\/es\/libreria\/\">Libros y Recursos en DVD y MP3<\/a><\/li>\n<li><a title=\"Newsletters\" href=\"https:\/\/www.4witness.org\/home\/newsletters\/#current\">Viajes de Misiones y Conferencias<\/a><\/li>\n<li>Sostenimiento de Personal a Tiempo Parcial<\/li>\n<\/ul>\n<p><strong><b><b><strong><strong><img loading=\"lazy\" decoding=\"async\" src=\"https:\/\/witforjesus.org\/images\/bullets.jpg\" alt=\"bullets\" width=\"10\" height=\"9\" \/><\/strong><\/strong><\/b><\/b><\/strong>\u00a0<strong><a title=\"Testimonios sitio web\" href=\"https:\/\/www.4witness.org\/es\/testimonios-sitio-web\/\">LEA ALGUNOS TESTIMONIOS EN NUESTRO SITIO WEB \u2013 C\u00d3MO SUS DONACIONES TOCAN VIDAS <\/a><br \/>\n<\/strong><\/p>\n<p>As\u00ed como tengamos muchas oportunidades de ministerio, le damos la bienvenida a cualquier ayuda financiera, as\u00ed como usted sienta la gu\u00eda del Se\u00f1or. Si usted quiere apoyarnos, puede enviar un cheque u orden de dinero a nombre de Testigos por Jes\u00fas, Inc. (direcci\u00f3n abajo) o seleccione las siguientes opciones para donar en l\u00ednea a trav\u00e9s de PayPal. Testigos por Jes\u00fas, Inc inmediatamente le enviar\u00e1 un recibo deducible de impuesto.<\/p>\n<p style=\"text-align: center;\">Witnesses for Jesus, Inc.<br \/>\nPO Box 50911<br \/>\nColorado Springs, CO 80949 USA<\/p>\n<table style=\"width: 95%;\" border=\"1\" cellspacing=\"1\" cellpadding=\"1\">\n<tbody style=\"text-align: left;\">\n<tr style=\"text-align: left;\">\n<td style=\"text-align: left;\">\n<div style=\"text-align: center;\"><\/div>\n<div style=\"text-align: center;\">\n<div style=\"text-align: center;\"><\/div>\n<p class=\"style1\" style=\"text-align: center;\"><strong>Para hacer una \u00fanica donaci\u00f3n a Testigos por Jes\u00fas, haga click en este bot\u00f3n<\/strong><strong>:<\/strong><\/p>\n<div style=\"text-align: center;\">\n<form action=\"https:\/\/www.paypal.com\/cgi-bin\/webscr\" method=\"post\"><input name=\"cmd\" type=\"hidden\" value=\"_s-xclick\" \/> <input name=\"hosted_button_id\" type=\"hidden\" value=\"2S5RQ4NZZWGZU\" \/> <input alt=\"PayPal. La forma r\u00e1pida y segura de pagar en Internet.\" name=\"submit\" src=\"https:\/\/www.paypal.com\/es_XC\/i\/btn\/btn_donate_SM.gif\" type=\"image\" \/> <img loading=\"lazy\" decoding=\"async\" src=\"https:\/\/www.paypal.com\/es_XC\/i\/scr\/pixel.gif\" alt=\"\" width=\"1\" height=\"1\" border=\"0\" \/><\/form>\n<\/div>\n<\/div>\n<\/td>\n<\/tr>\n<\/tbody>\n<\/table>\n<p><img decoding=\"async\" src=\"https:\/\/witforjesus.org\/images\/bullets.jpg\" alt=\"bullets\" \/> <strong>Witnesses for Jesus Inc (Testigos para Jes\u00fas Inc) tambi\u00e9n se encuentra establecida como una organizaci\u00f3n ben\u00e9fica en Ebay. Si se encuentra Vendiendo o Comprando cualquier cosa en Ebay usted puede ayudar apoy\u00e1ndonos en el siguiente enlace:\u00a0<strong><a title=\"Ebay\" href=\"http:\/\/donations.ebay.com\/charity\/web.us\/charity.jsp?NP_ID=51924\"><strong><strong>Programa de Donaciones Ebay para Instituciones Ben\u00e9ficas<\/strong> &#8211; The Ebay Charity Giving Program<\/strong><\/a><\/strong><br \/>\n<\/strong><\/p>\n<p><img decoding=\"async\" src=\"https:\/\/witforjesus.org\/images\/bullets.jpg\" alt=\"bullets\" \/>\u00a0 <strong>Tambi\u00e9n estamos configurados en el sitio web <a title=\"https:\/\/smile.amazon.com\/ch\/20-0476177\" href=\"https:\/\/smile.amazon.com\/ch\/20-0476177\">smile.amazon.com<\/a>. \u00a0 Cuando usted seleccione nuestro ministerio\u00a0Witnesses for Jesus Inc\u00a0y realice alguna compra a trav\u00e9s del sitio de donaciones de amazon \u2013\u00a0<a title=\"https:\/\/smile.amazon.com\/ch\/20-0476177\" href=\"https:\/\/smile.amazon.com\/ch\/20-0476177\">smile.amazon.com<\/a>\u00a0\u2013 una parte de los ingresos por su compra ser\u00e1n donados a nuestro ministerio.<\/strong><\/p>\n<table style=\"width: 95%;\" border=\"1\" cellspacing=\"4\" cellpadding=\"5\">\n<tbody style=\"text-align: left;\">\n<tr style=\"text-align: left;\">\n<td style=\"text-align: left;\">\n<div style=\"text-align: center;\">\n<p class=\"style1\" style=\"text-align: center;\"><strong>Para convertirse en un compa\u00f1ero de apoyo mensual en l\u00ednea de Testigos por Jes\u00fas, Inc. seleccione el monto apropiado de subscripci\u00f3n abajo, luego haga click en el bot\u00f3n \u201cSubscribirse\u201d<\/strong><strong>: <\/strong><\/p>\n<p>&nbsp;<\/p>\n<form action=\"https:\/\/www.paypal.com\/cgi-bin\/webscr\" method=\"post\"><input name=\"cmd\" type=\"hidden\" value=\"_s-xclick\" \/><\/p>\n<div><select name=\"hosted_button_id\"><option selected=\"selected\" value=\"DDZUNG5TXJBSQ\">$ 5.00 cada mes<\/option><option value=\"W8YZT3EYVZCNE\">$ 10.00 cada mes<\/option><option value=\"DCL473MSZRAVE\">$ 15.00 cada mes<\/option><option value=\"ZKXNUYGFRBMRA\">$ 20.00 cada mes<\/option><option value=\"XZA6ZH2QDUD7C\">$ 25.00 cada mes<\/option><option value=\"B7MAJRJZJ22MC\">$ 30.00 cada mes<\/option><option value=\"PJ94CU3YQBAYE\">$ 35.00 cada mes<\/option><option value=\"KTJ3S237DSZFS\">$ 40.00 cada mes<\/option><option value=\"A7YH8SXWE87XA\">$ 45.00 cada mes<\/option><option value=\"W8UBH9WTLK88W\">$ 50.00 cada mes<\/option><option value=\"6GWLSWDP6EDW6\">$ 60.00 cada mes<\/option><option value=\"V4EERQAYLN6LN\">$ 75.00 cada mes<\/option><option value=\"34U9SQ3KCPYNY\">$100.00 cada mes<\/option><option value=\"BJEQQFBGS8RX2\">$150.00 cada mes<\/option><option value=\"CH733QSUJNQ98\">$200.00 cada mes<\/option><option value=\"FZEEAHDQ8UNN8\">$250.00 cada mes<\/option><\/select><input alt=\"PayPal. La forma r\u00e1pida y segura de pagar en Internet.\" name=\"submit\" src=\"https:\/\/www.paypal.com\/es_XC\/i\/btn\/btn_subscribe_SM.gif\" type=\"image\" \/> <img loading=\"lazy\" decoding=\"async\" src=\"https:\/\/www.paypal.com\/es_XC\/i\/scr\/pixel.gif\" alt=\"\" width=\"1\" height=\"1\" border=\"0\" \/><\/div>\n<\/form>\n<p style=\"text-align: justify;\">Al someter su compromiso, usted autoriza a PayPal para cobrar a su cuenta autom\u00e1ticamente, una vez al mes por el monto que usted seleccion\u00f3 hasta que cancele su compromiso. Usted puede discontinuar su compromiso mensual en cualquier momento al hacer click en el bot\u00f3n \u00abCancelar Subscripci\u00f3n\u00bb abajo. \u00a1Gracias por su apoyo!<\/p>\n<p style=\"text-align: center;\"><a href=\"https:\/\/www.paypal.com\/cgi-bin\/webscr?cmd=_subscr-find&amp;alias=CLLSAAH89ED96\"> <img decoding=\"async\" src=\"https:\/\/www.paypal.com\/en_US\/i\/btn\/btn_unsubscribe_SM.gif\" alt=\"\" border=\"0\" \/> <\/a><\/p>\n<\/div>\n<\/td>\n<\/tr>\n<\/tbody>\n<\/table>\n","protected":false},"excerpt":{"rendered":"<p>C\u00d3MO HACER DONACIONES PARA APOYAR ECON\u00d3MICAMENTE A TESTIGOS POR JES\u00daS, INC. Testigos por Jes\u00fas, Inc. es una organizaci\u00f3n ben\u00e9fica 501(c)3 sin fines de lucro y que es financiada a trav\u00e9s de las contribuciones monetarias de los individuos que visitan nuestro sitio Web. Todas las donaciones a este ministerio son deducibles de impuestos.<\/p>\n","protected":false},"author":2,"featured_media":0,"parent":2156,"menu_order":0,"comment_status":"closed","ping_status":"closed","template":"","meta":{"footnotes":""},"class_list":["post-2310","page","type-page","status-publish","hentry"],"_links":{"self":[{"href":"https:\/\/www.4witness.org\/es\/wp-json\/wp\/v2\/pages\/2310","targetHints":{"allow":["GET"]}}],"collection":[{"href":"https:\/\/www.4witness.org\/es\/wp-json\/wp\/v2\/pages"}],"about":[{"href":"https:\/\/www.4witness.org\/es\/wp-json\/wp\/v2\/types\/page"}],"author":[{"embeddable":true,"href":"https:\/\/www.4witness.org\/es\/wp-json\/wp\/v2\/users\/2"}],"replies":[{"embeddable":true,"href":"https:\/\/www.4witness.org\/es\/wp-json\/wp\/v2\/comments?post=2310"}],"version-history":[{"count":11,"href":"https:\/\/www.4witness.org\/es\/wp-json\/wp\/v2\/pages\/2310\/revisions"}],"predecessor-version":[{"id":5128,"href":"https:\/\/www.4witness.org\/es\/wp-json\/wp\/v2\/pages\/2310\/revisions\/5128"}],"up":[{"embeddable":true,"href":"https:\/\/www.4witness.org\/es\/wp-json\/wp\/v2\/pages\/2156"}],"wp:attachment":[{"href":"https:\/\/www.4witness.org\/es\/wp-json\/wp\/v2\/media?parent=2310"}],"curies":[{"name":"wp","href":"https:\/\/api.w.org\/{rel}","templated":true}]}}