{"id":2302,"date":"2013-05-24T00:38:12","date_gmt":"2013-05-24T00:38:12","guid":{"rendered":"http:\/\/www.4witness.org\/?page_id=2302"},"modified":"2016-02-09T12:31:04","modified_gmt":"2016-02-09T19:31:04","slug":"acerca-de-nostros","status":"publish","type":"page","link":"https:\/\/www.4witness.org\/es\/pagina-principal\/acerca-de-nostros\/","title":{"rendered":"Acerca de nostros"},"content":{"rendered":"<p><span class=\"style1\"><img loading=\"lazy\" decoding=\"async\" src=\"https:\/\/witforjesus.org\/images\/long\/4witness\/our-team.png\" alt=\"Who We Are\" width=\"590\" height=\"117\" \/><\/span><\/p>\n<p><strong><strong><strong>QUI\u00c9NES SOMOS \u2013 Cristianos Testificando a los Testigos de Jehov\u00e1 y a los Mormones<\/strong><\/strong><br \/>\n<\/strong><\/p>\n<p align=\"justify\">Testigos por Jes\u00fas (Witnesses for Jesus Inc.) es un ministerio cristiano sin fines de lucro que est\u00e1 dedicado a compartir las buenas nuevas de la salvaci\u00f3n eterna en Jesucristo con los testigos de Jehov\u00e1 y los Mormones (Santos de los \u00daltimos D\u00edas o SUD). Si est\u00e1s actualmente involucrado en uno de estos grupos o si tienes amigos o parientes involucrados, \u00a1nuestro ministerio es para ti!<\/p>\n<p align=\"justify\">Witnesses for Jesus, Inc. (Testigos por Jes\u00fas) <strong>no es una religi\u00f3n<\/strong>. Aunque creemos en las ense\u00f1anzas de la Biblia y buscamos presentar una perspectiva B\u00edblica acerca de los puntos de vista que mantienen los testigos de Jehov\u00e1 y los Mormones, no apoyamos a ninguna iglesia, organizaci\u00f3n religiosa o denominaci\u00f3n. Somos lo que la mayor\u00eda de la gente llamar\u00eda un ministerio evang\u00e9lico (enfocado a las buenas noticias), contra-culto que busca acompa\u00f1ar y apoyar al cuerpo de creyentes Cristianos alrededor del mundo.<\/p>\n<p align=\"justify\">Muchas de las personas involucradas en nuestro equipo ministerial de voluntarios asisten a varias congregaciones cristianas centradas en la Biblia, como Calvary Chapel, Iglesia Bautista, Nazarenos, Metodistas y Presbiterianos. No supervisamos el caminar cristiano personal de los que sirven en nuestro equipo ministerial. \u00danicamente requerimos que cada persona que est\u00e9 sirviendo en nuestro ministerio, concuerde con nuestra <a title=\"Declaraci\u00f3n de fe\" href=\"https:\/\/www.4witness.org\/es\/pagina-principal\/declaracion-de-fe\/\">Declaraci\u00f3n de Fe<\/a> y <a href=\"https:\/\/www.4witness.org\/es\/pagina-principal\/politica-de-conducta-para-la-evangelizacion\/\">Pol\u00edtica de Conducta para la Evangelizaci\u00f3n<\/a>, y se encuentre activa en su propia congregaci\u00f3n o comunidad cristiana.\u00a0 Este requerimiento es para que la misma cuente con un sistema de apoyo de responsabilidad espiritual por medio del cual pueda tener compa\u00f1erismo con creyentes tanto adentro como afuera de nuestro ministerio. Para mayor informaci\u00f3n acerca de nosotros v\u00e9ase:<\/p>\n<p align=\"justify\"><strong><img loading=\"lazy\" decoding=\"async\" src=\"https:\/\/witforjesus.org\/images\/home\/lighthouse.jpg\" alt=\"ExJW Meetup\" width=\"200\" height=\"133\" \/><\/strong><\/p>\n<p align=\"justify\"><a title=\"Declaraci\u00f3n de fe\" href=\"https:\/\/www.4witness.org\/es\/pagina-principal\/declaracion-de-fe\/\"><strong><b>NUESTRA DECLARACI\u00d3N DE FE \u2013 MISI\u00d3N, VISI\u00d3N Y VALORES<\/b><\/strong><\/a><\/p>\n<p align=\"justify\"><strong><img loading=\"lazy\" decoding=\"async\" src=\"https:\/\/witforjesus.org\/images\/events\/exjw-support.jpg\" alt=\"ExJW Meetup\" width=\"200\" height=\"150\" \/><\/strong><\/p>\n<p align=\"justify\"><strong><a title=\"Grupos de Apoyo (s\u00f3lo en ingl\u00e9s)\" href=\"https:\/\/www.4witness.org\/es\/pagina-principal\/grupos-de-apoyo\/\">GRUPOS DE APOYO<\/a> (s\u00f3lo en ingl\u00e9s)<\/strong><\/p>\n<p align=\"justify\"><strong><img loading=\"lazy\" decoding=\"async\" src=\"https:\/\/witforjesus.org\/images\/4warticles\/handing-tracts.jpg\" alt=\"ExJW Meetup\" width=\"200\" height=\"160\" \/><br \/>\n<\/strong><\/p>\n<p align=\"justify\"><a title=\"C\u00f3mo ayudarnos\" href=\"https:\/\/www.4witness.org\/es\/pagina-principal\/como-ayudarnos\/\"><strong>C\u00d3MO AYUDARNOS INVOLUCR\u00c1NDOTE CON NUESTRO MINISTERIO<\/strong><\/a><\/p>\n<p align=\"justify\"><strong><img loading=\"lazy\" decoding=\"async\" src=\"https:\/\/witforjesus.org\/images\/home\/code-of-conduct-view.jpg\" alt=\"ExJW Meetup\" width=\"200\" height=\"160\" \/><\/strong><\/p>\n<p align=\"justify\"><a title=\"Pol\u00edtica de Conducta para la Evangelizaci\u00f3n\" href=\"https:\/\/www.4witness.org\/es\/pagina-principal\/politica-de-conducta-para-la-evangelizacion\/\"><strong>POL\u00cdTICA DE CONDUCTA PARA LA EVANGELIZACI\u00d3N<\/strong><\/a><\/p>\n<p align=\"justify\"><img loading=\"lazy\" decoding=\"async\" src=\"https:\/\/witforjesus.org\/images\/4warticles\/tear-down.jpg\" alt=\"TRUE FREEDOM\" width=\"200\" height=\"150\" \/><\/p>\n<p align=\"justify\"><strong><a title=\"El Criticar Las Creencias De Otra Persona, \u00bfEs Un Acto Amoroso?\" href=\"https:\/\/www.4witness.org\/es\/el-criticar-las-creencias-de-otra-persona-es-un-acto-amoroso\/\">\u00bfES UN ACTO AMOROSO CRITICAR LAS CREENCIAS DE LOS DEM\u00c1S? \u2013Una Carta Abierta a Aquellos que se Oponen a Nuestro Ministerio<\/a><\/strong><\/p>\n<p align=\"justify\"><img loading=\"lazy\" decoding=\"async\" src=\"https:\/\/witforjesus.org\/images\/4warticles\/our-team.jpg\" alt=\"TRUE FREEDOM\" width=\"200\" height=\"200\" \/><\/p>\n<p align=\"justify\"><strong><a title=\"Newsletters\" href=\"https:\/\/www.4witness.org\/home\/newsletters\/\">NUESTROS REPORTES DE ALABANZA POR CARTA O POR CORREO ELECTR\u00d3NICO (\u00danicamente en Ingl\u00e9s)<\/a><\/strong><\/p>\n<p align=\"justify\"><strong><img loading=\"lazy\" decoding=\"async\" src=\"https:\/\/witforjesus.org\/images\/4warticles\/christy-zion.jpg\" alt=\"Is it loving to tare down someone else's beliefs?\" width=\"200\" height=\"142\" \/><\/strong><\/p>\n<p align=\"justify\"><a title=\"C\u00f3mo y por qu\u00e9 comenz\u00f3 Witnesses for Jesus Inc (testigos por Jesus)\" href=\"https:\/\/www.4witness.org\/es\/como-y-por-que-comenzo-witnesses-for-jesus-inc-testigos-por-jesus\/\"><strong>C\u00d3MO SE INICI\u00d3 ESTE MINISTERIO<\/strong><\/a><\/p>\n<p align=\"justify\"><strong><img loading=\"lazy\" decoding=\"async\" src=\"https:\/\/witforjesus.org\/images\/home\/donate2.jpg\" alt=\"ExJW Meetup\" width=\"200\" height=\"150\" \/><\/strong><\/p>\n<p align=\"justify\"><a title=\"C\u00f3mo hacer donaciones\" href=\"https:\/\/www.4witness.org\/es\/pagina-principal\/haga-una-donacion\/\"><strong>C\u00d3MO ES FINANCIADO ESTE MINISTERIO<\/strong><\/a><\/p>\n<p align=\"justify\"><strong><a title=\"What\u2019s New\" href=\"https:\/\/www.4witness.org\/es\/nuevo\/\"><img loading=\"lazy\" decoding=\"async\" src=\"https:\/\/witforjesus.org\/images\/home\/new.jpg\" alt=\"ExJW Meetup\" width=\"200\" height=\"150\" \/><\/a><\/strong><\/p>\n<p align=\"justify\"><a title=\"Nuevo\" href=\"https:\/\/www.4witness.org\/es\/nuevo\/\"><strong>QU\u00c9 HAY DE NUEVO<\/strong><\/a><\/p>\n<p align=\"justify\"><strong><img loading=\"lazy\" decoding=\"async\" src=\"https:\/\/witforjesus.org\/images\/4warticles\/privacy-policy.jpg\" alt=\"ExJW Meetup\" width=\"200\" height=\"150\" \/><\/strong><\/p>\n<p align=\"justify\"><strong><a title=\"T\u00e9rminos y condiciones\" href=\"https:\/\/www.4witness.org\/es\/pagina-principal\/terminos-y-condiciones\/\">NUESTRA T\u00c9RMINOS Y CONDICIONES<\/a><\/strong><\/p>\n<p align=\"justify\">\n","protected":false},"excerpt":{"rendered":"<p>QUI\u00c9NES SOMOS \u2013 Cristianos Testificando a los Testigos de Jehov\u00e1 y a los Mormones Testigos por Jes\u00fas (Witnesses for Jesus Inc.) es un ministerio cristiano sin fines de lucro que est\u00e1 dedicado a compartir las buenas nuevas de la salvaci\u00f3n eterna en Jesucristo con los testigos de Jehov\u00e1 y los Mormones (Santos de los \u00daltimos&#8230;<\/p>\n","protected":false},"author":2,"featured_media":0,"parent":2156,"menu_order":0,"comment_status":"closed","ping_status":"closed","template":"","meta":{"footnotes":""},"class_list":["post-2302","page","type-page","status-publish","hentry"],"_links":{"self":[{"href":"https:\/\/www.4witness.org\/es\/wp-json\/wp\/v2\/pages\/2302","targetHints":{"allow":["GET"]}}],"collection":[{"href":"https:\/\/www.4witness.org\/es\/wp-json\/wp\/v2\/pages"}],"about":[{"href":"https:\/\/www.4witness.org\/es\/wp-json\/wp\/v2\/types\/page"}],"author":[{"embeddable":true,"href":"https:\/\/www.4witness.org\/es\/wp-json\/wp\/v2\/users\/2"}],"replies":[{"embeddable":true,"href":"https:\/\/www.4witness.org\/es\/wp-json\/wp\/v2\/comments?post=2302"}],"version-history":[{"count":22,"href":"https:\/\/www.4witness.org\/es\/wp-json\/wp\/v2\/pages\/2302\/revisions"}],"predecessor-version":[{"id":7216,"href":"https:\/\/www.4witness.org\/es\/wp-json\/wp\/v2\/pages\/2302\/revisions\/7216"}],"up":[{"embeddable":true,"href":"https:\/\/www.4witness.org\/es\/wp-json\/wp\/v2\/pages\/2156"}],"wp:attachment":[{"href":"https:\/\/www.4witness.org\/es\/wp-json\/wp\/v2\/media?parent=2302"}],"curies":[{"name":"wp","href":"https:\/\/api.w.org\/{rel}","templated":true}]}}