{"id":2216,"date":"2013-05-10T17:03:30","date_gmt":"2013-05-10T17:03:30","guid":{"rendered":"http:\/\/www.4witness.org\/?page_id=2216"},"modified":"2016-10-21T23:08:49","modified_gmt":"2016-10-22T05:08:49","slug":"politica-de-conducta-para-la-evangelizacion","status":"publish","type":"page","link":"https:\/\/www.4witness.org\/es\/pagina-principal\/politica-de-conducta-para-la-evangelizacion\/","title":{"rendered":"Pol\u00edtica de Conducta para la Evangelizaci\u00f3n"},"content":{"rendered":"<p><strong><img loading=\"lazy\" decoding=\"async\" src=\"https:\/\/witforjesus.org\/images\/long\/4witness\/code-of-conduct.png\" alt=\"Appropriate Sign\" width=\"590\" height=\"242\" \/><\/strong><\/p>\n<p><strong><b>POL\u00cdTICA DE CONDUCTA PARA LA EVANGELIZACI\u00d3N-<b>para los Voluntarios que utilicen la Literatura de Witnesses for Jes\u00fas<\/b><\/b><\/strong><\/p>\n<p>Dado que nuestro ministerio es una organizaci\u00f3n cristiana sin fines de lucro que busca contrarrestar las falsas creencias religiosas de los testigos de Jehov\u00e1 y de los mormones con la verdad del evangelio b\u00edblico, hemos preparado muchos tratados y folletos evangelizadores que equipar\u00e1n a los cristianos para compartir la verdad en amor con los miembros de estos falsos movimientos religiosos. Y por cuanto la mayor parte de nuestra obra es realizada por cristianos voluntarios que incorporan los recursos que hemos desarrollado a sus estilos individuales para evangelizar, hemos adoptado esta Pol\u00edtica de Conducta para establecer cu\u00e1les m\u00e9todos de evangelismo son apropiados para nuestra misi\u00f3n, visi\u00f3n y valores.<\/p>\n<p><strong><img loading=\"lazy\" decoding=\"async\" class=\"alignright\" style=\"margin: 10px;\" src=\"https:\/\/witforjesus.org\/images\/home\/conduct-sign.jpg\" alt=\"Appropriate Sign\" width=\"300\" height=\"423\" \/><b>1.\u00a0 MOSTRANDO NUESTRO SITIO WEB EN SE\u00d1ALES, CAMISETAS, ETIQUETAS, FACEBOOK Y BLOGS:<\/b><br \/>\n<\/strong><\/p>\n<p align=\"justify\">Acogemos con agrado la publicaci\u00f3n de nuestros sitios Web en m\u00faltiples plataformas de comunicaci\u00f3n, siempre y cuando el texto publicado con la direcci\u00f3n del sitio Web sea <b>respetuoso <\/b>y consistente con el <b>texto aprobado <\/b>dado en nuestros <a title=\"Herramientas de entrenamiento evangel\u00edstico para cristianos que testifican a los mormones y los testigos de Jehov\u00e1\" href=\"https:\/\/www.4witness.org\/es\/herramientas-de-entrenamiento-evangelistico-para-cristianos-que-testifican-a-los-mormones-y-los-testigos-de-jehova\/\"><strong><b>Afiches, Autoadhesivos, Tarjetas o Tratados de nuestro sitio Web<\/b><\/strong><\/a>. <b>Cualquier otro texto que se publique junto a nuestro sitio Web no es aceptado.<\/b>\u00a0 Un buen ejemplo de lo que se puede poner a la vista en una demostraci\u00f3n p\u00fablica de una de nuestras Tarjetas con Preguntas para Mormones es el siguiente texto: \u00ab<a href=\"http:\/\/4mormon.org\/es\/el-jesus-de-los-mormones-es-el-mismo-de-la-biblia\/\"><b>\u00bfEs el Jes\u00fas Morm\u00f3n el Mismo Jes\u00fas de la Biblia?<\/b><\/a>\u00bb\u00a0 Publicar esta pregunta de alguno de nuestros recursos en tarjetas es una manera de lograr que los asistentes mormones de cualquier evento piensen en las diferencias entre creencias y, aquellos que desean estudiar este tema m\u00e1s adelante, con frecuencia visitan nuestro sitio Web y\/o conversan con la persona que muestra la pancarta y reparte nuestras Tarjetas de Preguntas a aquellos que las requieren.<\/p>\n<p><strong><b>2.\u00a0 DISTRIBUYENDO NUESTRO MATERIAL EN P\u00daBLICO:<\/b><\/strong><\/p>\n<p align=\"justify\">Los voluntarios son libres de distribuir nuestros tratados, tarjetas y folletos, y de mostrar pancartas con el sitio Web <b>S\u00d3LO en \u00e1reas p\u00fablicas. <\/b>Pedimos a todos los voluntarios que respeten las leyes de libertad de expresi\u00f3n del lugar y que, cuando repartan nuestros tratados, eviten bloquear \u00e1reas de libre tr\u00e1nsito. Tambi\u00e9n pedimos que todos los voluntarios se abstengan de distribuir nuestra literatura en edificios o lugares particulares de parqueo vehicular. Esta prohibici\u00f3n incluye la distribuci\u00f3n de nuestros tratados en autos estacionados en playas de estacionamiento privadas, como las de los Salones del Reino de los testigos de Jehov\u00e1 y edificios de la iglesia mormona.<\/p>\n<p><strong><b>3.\u00a0 EVANGELIZANDO EN EVENTOS DE MORMONES Y DE TESTIGOS DE JEHOV\u00c1:<\/b><\/strong><\/p>\n<p align=\"justify\">Bajo ninguna circunstancia nuestro ministerio aprueba interrumpir alg\u00fan evento de los testigos de Jehov\u00e1 o de los mormones. Si el evangelista desea asistir al evento, le pediremos que sea respetuoso en su comportamiento y que no haga mofa, de manera abierta, de las actividades que se celebren. Si se utilizaran pancartas para mostrar un punto, pedimos que las tales sean sostenidas en la v\u00eda p\u00fablica o aparcamientos en la parte exterior del evento y que el nivel del audio sea mantenido lo suficientemente bajo como para no interrumpir los servicios que se est\u00e9n dado dentro del evento de los testigos de Jehov\u00e1 o de los mormones.<\/p>\n<p><strong><b>4.\u00a0 UTILIZANDO LENGUAJE Y TONO DE VOZ RESPETUOSOS:<\/b><br \/>\n<\/strong><\/p>\n<p align=\"justify\">Ya que valoramos la verdad y el amor b\u00edblicos orientados hacia la gracia, no aprobamos el predicar en los eventos mormones o de los testigos de Jehov\u00e1 <b>donde el evangelista tenga que hablar alto<\/b><strong> o gritando<\/strong> a los asistentes para llamar su atenci\u00f3n. A\u00fan cuando tenemos amigos en el ministerio que utilizan esta manera de predicar en las calles en sus esfuerzos para evangelizar, nuestro ministerio no respalda esta actividad ya que crea una atm\u00f3sfera m\u00e1s de mayor confrontaci\u00f3n que, creemos, dificulta una verdadera comunicaci\u00f3n de coraz\u00f3n a coraz\u00f3n.<\/p>\n<p align=\"justify\">\n","protected":false},"excerpt":{"rendered":"<p>POL\u00cdTICA DE CONDUCTA PARA LA EVANGELIZACI\u00d3N-para los Voluntarios que utilicen la Literatura de Witnesses for Jes\u00fas Dado que nuestro ministerio es una organizaci\u00f3n cristiana sin fines de lucro que busca contrarrestar las falsas creencias religiosas de los testigos de Jehov\u00e1 y de los mormones con la verdad del evangelio b\u00edblico, hemos preparado muchos tratados y&#8230;<\/p>\n","protected":false},"author":2,"featured_media":0,"parent":2156,"menu_order":0,"comment_status":"closed","ping_status":"closed","template":"","meta":{"footnotes":""},"class_list":["post-2216","page","type-page","status-publish","hentry"],"_links":{"self":[{"href":"https:\/\/www.4witness.org\/es\/wp-json\/wp\/v2\/pages\/2216","targetHints":{"allow":["GET"]}}],"collection":[{"href":"https:\/\/www.4witness.org\/es\/wp-json\/wp\/v2\/pages"}],"about":[{"href":"https:\/\/www.4witness.org\/es\/wp-json\/wp\/v2\/types\/page"}],"author":[{"embeddable":true,"href":"https:\/\/www.4witness.org\/es\/wp-json\/wp\/v2\/users\/2"}],"replies":[{"embeddable":true,"href":"https:\/\/www.4witness.org\/es\/wp-json\/wp\/v2\/comments?post=2216"}],"version-history":[{"count":8,"href":"https:\/\/www.4witness.org\/es\/wp-json\/wp\/v2\/pages\/2216\/revisions"}],"predecessor-version":[{"id":7747,"href":"https:\/\/www.4witness.org\/es\/wp-json\/wp\/v2\/pages\/2216\/revisions\/7747"}],"up":[{"embeddable":true,"href":"https:\/\/www.4witness.org\/es\/wp-json\/wp\/v2\/pages\/2156"}],"wp:attachment":[{"href":"https:\/\/www.4witness.org\/es\/wp-json\/wp\/v2\/media?parent=2216"}],"curies":[{"name":"wp","href":"https:\/\/api.w.org\/{rel}","templated":true}]}}