{"id":2156,"date":"2013-05-06T23:34:40","date_gmt":"2013-05-06T23:34:40","guid":{"rendered":"http:\/\/www.4witness.org\/?page_id=2156"},"modified":"2019-05-24T16:07:47","modified_gmt":"2019-05-24T22:07:47","slug":"pagina-principal","status":"publish","type":"page","link":"https:\/\/www.4witness.org\/es\/","title":{"rendered":"P\u00e1gina Principal"},"content":{"rendered":"<p><strong><span style=\"font-size: x-large;\">\u00a1Bienvenidos Sean Testigos Cristianos para Jes\u00fas!<\/span><\/strong><\/p>\n<p><a title=\"Acerca de nostros\" href=\"https:\/\/www.4witness.org\/es\/pagina-principal\/acerca-de-nostros\/\"><strong>QUI\u00c9NES SOMOS \u2013 Cristianos Testificando a los Testigos de Jehov\u00e1 y a los Mormones<\/strong><\/a><\/p>\n<p>Somos un ministerio cristiano dedicado a compartir las buenas nuevas de la salvaci\u00f3n eterna en Jesucristo. Nuestra \u00e1rea de enfoque se encuentra especialmente en alcanzar los corazones y mentes de los testigos de Jehov\u00e1 y los mormones (Santos de los \u00daltimos D\u00edas o SUD).\u00a0 Ya sea que te encuentres actualmente involucrado en alguno de estos grupos o que tengas amigos o parientes que lo est\u00e9n, \u00a1nuestro sitio Web es para ti! Conoce m\u00e1s de nosotros aqu\u00ed.\u00a0 <a title=\"Acerca de nostros\" href=\"https:\/\/www.4witness.org\/es\/pagina-principal\/acerca-de-nostros\/\"><strong><strong><b><b><strong><strong><img loading=\"lazy\" decoding=\"async\" src=\"https:\/\/witforjesus.org\/images\/buttons\/read-more.jpg\" alt=\"bullets\" width=\"26\" height=\"12\" \/><\/strong><\/strong><\/b><\/b><\/strong><\/strong><\/a><\/p>\n<p><a title=\"Why Mormons and Jehovah\u2019s Witnesses are Not Christians\" href=\"https:\/\/www.4witness.org\/es\/por-que-los-mormones-y-los-testigos-de-jehova-no-son-cristianos\/\"><img loading=\"lazy\" decoding=\"async\" class=\"alignnone\" src=\"https:\/\/witforjesus.org\/images\/long\/4witness\/jw-lds.png\" alt=\"\" width=\"489\" height=\"315\" \/><\/a><\/p>\n<p><span style=\"font-size: medium;\"><a title=\"\u00bfPor qu\u00e9 los mormones y los testigos de Jehov\u00e1 no son cristianos?\" href=\"https:\/\/www.4witness.org\/es\/por-que-los-mormones-y-los-testigos-de-jehova-no-son-cristianos\/\"><strong>POR QU\u00c9 LOS MORMONES Y LOS TESTIGOS DE JEHOV\u00c1 NO SON CRISTIANOS<\/strong><\/a> <\/span><strong>Si ellos \u201ccreen en Jes\u00fas\u201d \u00bfpor qu\u00e9 decimos que no son cristianos? <\/strong><a title=\"\u00bfPor qu\u00e9 los mormones y los testigos de Jehov\u00e1 no son cristianos?\" href=\"https:\/\/www.4witness.org\/es\/por-que-los-mormones-y-los-testigos-de-jehova-no-son-cristianos\/\"><strong><strong><b><b><strong><strong><img loading=\"lazy\" decoding=\"async\" src=\"https:\/\/witforjesus.org\/images\/buttons\/read-more.jpg\" alt=\"bullets\" width=\"26\" height=\"12\" \/><\/strong><\/strong><\/b><\/b><\/strong><\/strong><\/a><\/p>\n<figure style=\"width: 590px\" class=\"wp-caption alignnone\"><a href=\"http:\/\/get.theapp.co\/d177\/\"><img loading=\"lazy\" decoding=\"async\" src=\"https:\/\/witforjesus.org\/images\/home\/app-long.jpg\" alt=\"\" width=\"590\" height=\"332\" \/><\/a><figcaption class=\"wp-caption-text\">Aplicacion de Witnesses for Jesus para m\u00f3viles y tabletas<\/figcaption><\/figure>\n<p><a href=\"https:\/\/www.4witness.org\/es\/lo-que-ofrecemos\/cristiano-que-les-predica-a-amigos-testigos-de-jehova\/\"><img loading=\"lazy\" decoding=\"async\" class=\"alignnone\" src=\"https:\/\/witforjesus.org\/images\/long\/4jehovah\/evangelism.png\" alt=\"\" width=\"590\" height=\"265\" \/><\/a><\/p>\n<p><a title=\"Cristiano que les predica a amigos testigos de Jehov\u00e1\" href=\"https:\/\/www.4witness.org\/es\/lo-que-ofrecemos\/cristiano-que-les-predica-a-amigos-testigos-de-jehova\/\"><span style=\"font-size: large;\"><strong><span class=\"style17\">HERRAMIENTAS DE ENTRENAMIENTO EVANGEL\u00cdSTICO PARA CRISTIANOS QUE TESTIFICAN A LOS TESTIGOS DE JEHOV\u00c1<\/span><\/strong><\/span><\/a><\/p>\n<p><img loading=\"lazy\" decoding=\"async\" class=\"alignnone\" src=\"https:\/\/witforjesus.org\/images\/long\/4mormon\/missionary-tools.png\" alt=\"\" width=\"590\" height=\"243\" \/><\/p>\n<p><a title=\"Cristiano que les predica a amigos mormones\" href=\"https:\/\/www.4witness.org\/es\/lo-que-ofrecemos\/cristiano-que-les-predica-a-amigos-mormones\/\"><span style=\"font-size: large;\"><strong><span class=\"style17\">HERRAMIENTAS DE ENTRENAMIENTO EVANGEL\u00cdSTICO PARA CRISTIANOS QUE TESTIFICAN A LOS MORMONES<\/span><\/strong><\/span><\/a><\/p>\n<p><strong><span style=\"font-size: large;\"><a title=\"Grupos de Apoyo (s\u00f3lo en ingl\u00e9s)\" href=\"https:\/\/www.4witness.org\/es\/pagina-principal\/grupos-de-apoyo\/\">\u00danete a nuestro Grupo de apoyo en l\u00ednea para ex-testigos de Jehov\u00e1 or ex-mormones.<\/a><\/span><\/strong><\/p>\n<p><a href=\"https:\/\/www.4witness.org\/es\/salvacion-que-se-necesita-para-tener-vida-eterna\/\"><img loading=\"lazy\" decoding=\"async\" class=\"alignnone\" src=\"https:\/\/www.witforjesus.org\/images\/long\/4witness\/prayer-young.png\" alt=\"\" width=\"590\" height=\"333\" \/><\/a><\/p>\n<p><a title=\"SALVACI\u00d3N \u2013 \u00bfQu\u00e9 Se Necesita Para Tener Vida Eterna?\" href=\"https:\/\/www.4witness.org\/es\/salvacion-que-se-necesita-para-tener-vida-eterna\/\"><strong><span style=\"font-size: large;\">SALVACI\u00d3N \u2013 \u00bfQu\u00e9 se requiere para tener vida eterna?<\/span><\/strong><\/a><\/p>\n<p><a href=\"https:\/\/www.4witness.org\/es\/yo-ore-para-recibir-a-jesus-ahora-que\/\"><img loading=\"lazy\" decoding=\"async\" class=\"alignnone\" src=\"https:\/\/www.witforjesus.org\/images\/long\/4witness\/mountain-stream.png\" alt=\"\" width=\"590\" height=\"310\" \/><\/a><\/p>\n<p><a title=\"Yo Or\u00e9 Para Recibir A Jes\u00fas. \u00bfAhora Qu\u00e9?\" href=\"https:\/\/www.4witness.org\/es\/yo-ore-para-recibir-a-jesus-ahora-que\/\"><strong><span style=\"font-size: large;\">HE ORADO PARA RECIBIR A JES\u00daS. \u00bfAHORA QU\u00c9 HAGO? \u00bfDebo Unirme A Una Iglesia? Si as\u00ed fuera, \u00bfc\u00f3mo puedo encontrar una buena iglesia?<\/span><\/strong><\/a><\/p>\n<p><a href=\"https:\/\/www.4witness.org\/es\/el-criticar-las-creencias-de-otra-persona-es-un-acto-amoroso\/\"><img loading=\"lazy\" decoding=\"async\" class=\"alignnone\" src=\"https:\/\/www.witforjesus.org\/images\/long\/4witness\/tear-down.png\" alt=\"\" width=\"590\" height=\"243\" \/><\/a><\/p>\n<p><a title=\"El Criticar Las Creencias De Otra Persona, \u00bfEs Un Acto Amoroso?\" href=\"https:\/\/www.4witness.org\/es\/el-criticar-las-creencias-de-otra-persona-es-un-acto-amoroso\/\"><span style=\"font-size: large;\"><strong>CRITICAR LAS CREENCIAS DE OTRAS PERSONAS, \u00bfES UN ACTO AMOROSO?\u00a0\u2013 Una Carta Abierta Para Aquellos Que Se Oponen A Nuestro Ministerio<\/strong><\/span><\/a><\/p>\n<p><img loading=\"lazy\" decoding=\"async\" class=\"alignnone\" src=\"https:\/\/www.witforjesus.org\/images\/long\/4witness\/cave.png\" alt=\"\" width=\"590\" height=\"282\" \/><\/p>\n<p><a title=\"\u00bfQu\u00e9 Es Una Secta?\" href=\"https:\/\/www.4witness.org\/es\/que-es-una-secta\/\"><span style=\"font-size: large;\"><strong><span class=\"style16\">\u00bfQU\u00c9 ES UNA SECTA? \u2013 Hechos Claves Que Deber\u00edas Conocer Acerca de las Sectas y el Control Mental<\/span><\/strong><\/span><\/a><\/p>\n<p><img loading=\"lazy\" decoding=\"async\" class=\"alignnone\" src=\"https:\/\/www.witforjesus.org\/images\/long\/4witness\/resurrection.png\" alt=\"\" width=\"590\" height=\"300\" \/><\/p>\n<p><a title=\"\u201cTodo Aquel Que Vive y Cree en M\u00ed, No Morir\u00e1 Eternamente. \u00bfCrees Esto?\u201d \u2013 Testimonio de Juan 11\" href=\"https:\/\/www.4witness.org\/es\/todo-aquel-que-vive-y-cree-en-mi-no-morira-eternamente-crees-esto-testimonio-de-juan-11\/\"><span style=\"font-size: large;\"><strong><span class=\"style17\">\u201cTODO EL QUE VIVE Y CREE EN M\u00cd, NO MORIR\u00c1 JAM\u00c1S. \u00bfCrees esto?\u201d \u2013 Un Testimonio de Juan 11<\/span><\/strong><\/span><\/a><\/p>\n<p>&nbsp;<\/p>\n<p><span style=\"font-size: small;\"><span style=\"font-size: medium;\"><strong><img loading=\"lazy\" decoding=\"async\" class=\"alignleft\" src=\"https:\/\/www.witforjesus.org\/images\/ldsblogs\/rob\/rob-doug.jpg\" width=\"210\" height=\"158\" \/><\/strong><\/span><a href=\"https:\/\/www.4witness.org\/es\/testimonios\/ex-mormones\/los-articulos-de-rob\/\"><strong>Hola yo soy Rob<\/strong><\/a>.\u00a0 Fui criado como un morm\u00f3n, y en esta foto, estoy con mi amigo Doug quien fue criado como un testigo de Jehov\u00e1. Ambos crecimos en religiones que ense\u00f1an un Jes\u00fas diferente del que la Biblia proclama. Cuando aprendimos la verdad acerca de QUIEN es Jesucristo y lo QUE \u00c9l ha hecho para salvarnos, nosotros dejamos la religi\u00f3n para recibir una relaci\u00f3n personal con Cristo, confiando solamente en SUS obras para la salvaci\u00f3n. El evangelio b\u00edblico de Cristo es simple. Todo lo que necesitas hacer es poner tu fe en Jesucristo como Dios y Se\u00f1or de tu vida, aceptar Su muerte de expiaci\u00f3n por el pecado y abrir tu coraz\u00f3n para recibir el regalo de Su Esp\u00edritu Santo quien trae regeneraci\u00f3n a tu vida y hace que vuelvas a nacer. <a title=\"Los art\u00edculos de Lee\" href=\"\/?page_id=740\"><strong><b><img loading=\"lazy\" decoding=\"async\" src=\"https:\/\/witforjesus.org\/images\/buttons\/read-more.jpg\" alt=\"bullets\" width=\"26\" height=\"12\" \/><\/b><\/strong><\/a><\/span><\/p>\n<p><a title=\"Ex-Mormones\" href=\"https:\/\/www.4witness.org\/es\/testimonios\/ex-mormones\/\"><span style=\"font-size: x-large;\"><strong>M\u00c1S TESTIMONIOS DE EX-MORMONES<\/strong><\/span><\/a><\/p>\n<p><a title=\"Ex-Mormones\" href=\"https:\/\/www.4witness.org\/es\/testimonios\/ex-mormones\/\"><img decoding=\"async\" src=\"https:\/\/witforjesus.org\/images\/ldsstories\/ldsstories.jpg\" alt=\"TRUE FREEDOM\" \/><\/a><\/p>\n<p><img loading=\"lazy\" decoding=\"async\" class=\" alignleft\" style=\"margin-right: 5px; margin-left: 5px;\" src=\"https:\/\/witforjesus.org\/images\/jwstories\/trish.jpg\" alt=\"Anne Marie\" width=\"150\" height=\"147\" \/><span style=\"font-size: small;\"><strong><a title=\"Los art\u00edculos de Trish\" href=\"https:\/\/www.4witness.org\/es\/testimonios\/ex-testigos-de-jehova\/los-articulos-de-trish\/\"><span style=\"font-size: medium;\">I Hola, soy Trish.<\/span><\/a><\/strong> Fui testigo de Jehov\u00e1 por 42 a\u00f1os. Estaba perdida y hambrienta de algo, pero no sabia de qu\u00e9\u2026.hasta que supe quien era Cristo realmente. En todos esos a\u00f1os yendo de puerta en puerta con mi Biblia, nunca nadie comparti\u00f3 de Cristo conmigo. Pienso que no sab\u00edan como. No creo que ellos supieran que pod\u00edan o que necesitaban hacerlo. S\u00f3lo estoy muy agradecida de que alguien finalmente lo hiciera. <a title=\"Los art\u00edculos de Trish\" href=\"https:\/\/www.4witness.org\/es\/testimonios\/ex-testigos-de-jehova\/los-articulos-de-trish\/\"><strong><b><img loading=\"lazy\" decoding=\"async\" src=\"https:\/\/witforjesus.org\/images\/buttons\/read-more.jpg\" alt=\"bullets\" width=\"26\" height=\"12\" \/><\/b><\/strong><\/a><\/span><\/p>\n<p><a title=\"Ex-testigos de Jehov\u00e1\" href=\"https:\/\/www.4witness.org\/es\/testimonios\/ex-testigos-de-jehova\/\"><span style=\"font-size: x-large;\"><strong>M\u00c1S TESTIMONIOS DE EX-TESTIGOS DE JEHOV\u00c1<\/strong><\/span><\/a><\/p>\n<p><a title=\"Ex-testigos de Jehov\u00e1\" href=\"https:\/\/www.4witness.org\/es\/testimonios\/ex-testigos-de-jehova\/\"><img loading=\"lazy\" decoding=\"async\" src=\"https:\/\/witforjesus.org\/images\/jwstories\/jwstories.jpg\" alt=\"TRUE FREEDOM\" width=\"590\" height=\"156\" \/><\/a><\/p>\n<p>&nbsp;<\/p>\n","protected":false},"excerpt":{"rendered":"<p>\u00a1Bienvenidos Sean Testigos Cristianos para Jes\u00fas! QUI\u00c9NES SOMOS \u2013 Cristianos Testificando a los Testigos de Jehov\u00e1 y a los Mormones Somos un ministerio cristiano dedicado a compartir las buenas nuevas de la salvaci\u00f3n eterna en Jesucristo. Nuestra \u00e1rea de enfoque se encuentra especialmente en alcanzar los corazones y mentes de los testigos de Jehov\u00e1 y&#8230;<\/p>\n","protected":false},"author":2,"featured_media":0,"parent":0,"menu_order":0,"comment_status":"closed","ping_status":"closed","template":"","meta":{"footnotes":""},"class_list":["post-2156","page","type-page","status-publish","hentry"],"_links":{"self":[{"href":"https:\/\/www.4witness.org\/es\/wp-json\/wp\/v2\/pages\/2156","targetHints":{"allow":["GET"]}}],"collection":[{"href":"https:\/\/www.4witness.org\/es\/wp-json\/wp\/v2\/pages"}],"about":[{"href":"https:\/\/www.4witness.org\/es\/wp-json\/wp\/v2\/types\/page"}],"author":[{"embeddable":true,"href":"https:\/\/www.4witness.org\/es\/wp-json\/wp\/v2\/users\/2"}],"replies":[{"embeddable":true,"href":"https:\/\/www.4witness.org\/es\/wp-json\/wp\/v2\/comments?post=2156"}],"version-history":[{"count":31,"href":"https:\/\/www.4witness.org\/es\/wp-json\/wp\/v2\/pages\/2156\/revisions"}],"predecessor-version":[{"id":9892,"href":"https:\/\/www.4witness.org\/es\/wp-json\/wp\/v2\/pages\/2156\/revisions\/9892"}],"wp:attachment":[{"href":"https:\/\/www.4witness.org\/es\/wp-json\/wp\/v2\/media?parent=2156"}],"curies":[{"name":"wp","href":"https:\/\/api.w.org\/{rel}","templated":true}]}}