{"id":1399,"date":"2013-04-10T04:28:41","date_gmt":"2013-04-10T04:28:41","guid":{"rendered":"http:\/\/www.4witness.org\/?page_id=1399"},"modified":"2014-03-28T02:21:52","modified_gmt":"2014-03-28T02:21:52","slug":"los-articulos-de-david","status":"publish","type":"page","link":"https:\/\/www.4witness.org\/es\/testimonios\/ex-testigos-de-jehova\/los-articulos-de-david\/","title":{"rendered":"Los art\u00edculos de David"},"content":{"rendered":"<p><strong><img loading=\"lazy\" decoding=\"async\" class=\"alignleft\" style=\"margin: 10px;\" alt=\"jason_family\" src=\"https:\/\/witforjesus.org\/images\/jwstories\/davidh.jpg\" width=\"213\" height=\"198\" \/><\/strong><span style=\"font-size: medium;\"><strong>David <\/strong><\/span><\/p>\n<p><span style=\"font-size: medium;\">&#8211; Desp\u00faes de haber crecido como testigos de Jehov\u00e1 en Inglaterra y haber pasado 49 a\u00f1os cautivos en la Watchtower, David y su esposa Christine abandonaron la organizaci\u00f3n para encontrar la verdadera libertad en Cristo. Al ir donde la \u201cnecesidad era mayor\u201d, David sirvi\u00f3 en varias \u00e1reas del liderazgo dentro de la organizaci\u00f3n s\u00f3lo para ver sus esfuerzos recompensados con un rechazo injustificado y una \u201cfalta de amor\u201d genuina entre los \u201chermanos\u201d y \u201chermanas\u201d de la congregaci\u00f3n. S\u00f3lo en una relaci\u00f3n personal con Jes\u00fas, encontraron ellos lo que hab\u00edan estado anhelando toda la vida. <a title=\"Los art\u00edculos de David\" href=\"http:\/\/dev.4jehovah.org\/es\/el-testimonio-de-david\/\"><strong>Lea la historia de la salida de David de los testigos de Jehov\u00e1.<\/strong><\/a><strong>\u00a0 <\/strong><a title=\"Los art\u00edculos de David\" href=\"http:\/\/dev.4jehovah.org\/es\/el-testimonio-de-david\/\"><strong><strong><strong><strong><strong><strong><strong><b><b><strong><strong><img loading=\"lazy\" decoding=\"async\" alt=\"bullets\" src=\"https:\/\/witforjesus.org\/images\/buttons\/read-more.jpg\" width=\"26\" height=\"12\" \/><\/strong><\/strong><\/b><\/b><\/strong><\/strong><\/strong><\/strong><\/strong><\/strong><\/strong><\/a><\/span><\/p>\n<p><strong>\u00a0<img loading=\"lazy\" decoding=\"async\" alt=\"bullets\" src=\"https:\/\/witforjesus.org\/images\/bullets.jpg\" width=\"10\" height=\"9\" \/> <a title=\"\u00bfHE DESPERDICIADO LOS \u00daLTIMOS 30 A\u00d1OS DE MI VIDA EN LA ORGANIZACI\u00d3N WATCHTOWER?\" href=\"http:\/\/4jehovah.org\/es\/he-desperdiciado-los-ultimos-30-anos-de-mi-vida-en-la-organizacion-watchtower\/\"><strong>\u00bfHE DESPERDICIADO LOS \u00daLTIMOS 30 A\u00d1OS DE MI VIDA EN LA ORGANIZACI\u00d3N WATCHTOWER?<\/strong> <\/a><\/strong>(4jehovah.org)<\/p>\n","protected":false},"excerpt":{"rendered":"<p>David &#8211; Desp\u00faes de haber crecido como testigos de Jehov\u00e1 en Inglaterra y haber pasado 49 a\u00f1os cautivos en la Watchtower, David y su esposa Christine abandonaron la organizaci\u00f3n para encontrar la verdadera libertad en Cristo. Al ir donde la \u201cnecesidad era mayor\u201d, David sirvi\u00f3 en varias \u00e1reas del liderazgo dentro de la organizaci\u00f3n s\u00f3lo&#8230;<\/p>\n","protected":false},"author":2,"featured_media":0,"parent":710,"menu_order":0,"comment_status":"closed","ping_status":"closed","template":"","meta":{"footnotes":""},"class_list":["post-1399","page","type-page","status-publish","hentry"],"_links":{"self":[{"href":"https:\/\/www.4witness.org\/es\/wp-json\/wp\/v2\/pages\/1399","targetHints":{"allow":["GET"]}}],"collection":[{"href":"https:\/\/www.4witness.org\/es\/wp-json\/wp\/v2\/pages"}],"about":[{"href":"https:\/\/www.4witness.org\/es\/wp-json\/wp\/v2\/types\/page"}],"author":[{"embeddable":true,"href":"https:\/\/www.4witness.org\/es\/wp-json\/wp\/v2\/users\/2"}],"replies":[{"embeddable":true,"href":"https:\/\/www.4witness.org\/es\/wp-json\/wp\/v2\/comments?post=1399"}],"version-history":[{"count":8,"href":"https:\/\/www.4witness.org\/es\/wp-json\/wp\/v2\/pages\/1399\/revisions"}],"predecessor-version":[{"id":4898,"href":"https:\/\/www.4witness.org\/es\/wp-json\/wp\/v2\/pages\/1399\/revisions\/4898"}],"up":[{"embeddable":true,"href":"https:\/\/www.4witness.org\/es\/wp-json\/wp\/v2\/pages\/710"}],"wp:attachment":[{"href":"https:\/\/www.4witness.org\/es\/wp-json\/wp\/v2\/media?parent=1399"}],"curies":[{"name":"wp","href":"https:\/\/api.w.org\/{rel}","templated":true}]}}